{"id":102,"date":"2018-05-08T09:14:57","date_gmt":"2018-05-08T09:14:57","guid":{"rendered":"https:\/\/kutsekoda-wp.loc.piksel.ee\/?page_id=102"},"modified":"2025-08-12T09:55:13","modified_gmt":"2025-08-12T07:55:13","slug":"kutse-andja-avalikul-konkursil-osalemise-dokumendid-ja-naidised","status":"publish","type":"page","link":"https:\/\/kutsekoda.ee\/en\/kutse-andja-avalikul-konkursil-osalemise-dokumendid-ja-naidised\/","title":{"rendered":"Kutse andja avalikul konkursil osalemise dokumendid ja n\u00e4idised"},"content":{"rendered":"<ul>\n<li><a href=\"http:\/\/kutsekoda.ee\/kutse-andja-juhend\/\">Kutse andja avalikul konkursil osalemise juhend<\/a><\/li>\n<li class=\"filelist\">\n<div class=\"file\"><a href=\"https:\/\/kutsekoda.ee\/wp-content\/uploads\/2025\/08\/KA-konkursi-hindamiskriteeriumid-08-2025.docx\" target=\"_blank\" rel=\"noopener\">Kutse andja avalikul konkursil osalemise hindamiskriteeriumid<\/a><\/div>\n<\/li>\n<li class=\"filelist\">\n<div class=\"file\"><a href=\"https:\/\/kutsekoda.ee\/wp-content\/uploads\/2025\/08\/Taotlus-kutse-andja-valimise-avalikul-konkursil-osalemiseks-1.docx\" target=\"_blank\" rel=\"noopener\">Kutse andja avalikul konkursil osalemise taotlus<\/a><\/div>\n<\/li>\n<li class=\"filelist\">\n<div class=\"file\"><a href=\"http:\/\/kutsekoda.ee\/wp-content\/uploads\/2022\/03\/Kutse_andmise_kord_03.2022.dotx\" target=\"_blank\" rel=\"noopener\">Kutse andmise kord<\/a><\/div>\n<\/li>\n<li class=\"filelist\">\n<div class=\"file\"><a href=\"http:\/\/kutsekoda.ee\/wp-content\/uploads\/2020\/05\/Kutse-andmise-ja-taast\u00f5endamise-kulude-kalkulatsioon_04.2020_.xlsx\">Kutse andmise ja taast\u00f5endamise tasu kalkulatsioon<\/a><\/div>\n<\/li>\n<li class=\"filelist\">\n<div class=\"file\"><a href=\"http:\/\/kutsekoda.ee\/wp-content\/uploads\/2019\/11\/Kutse%C3%B5ppe-taseme%C3%B5ppe-%C3%B5pilase-kutseeksami-l%C3%A4biviimisega-seotud-kulude-kalk_03.01.2019.xlsx\">Kutse\u00f5ppe taseme\u00f5ppe \u00f5pilase kutseeksami l\u00e4biviimisega seotud kulude kalkulatsioon<\/a><\/div>\n<\/li>\n<li class=\"filelist\">\n<div class=\"file\"><a href=\"http:\/\/kutsekoda.ee\/wp-content\/uploads\/2019\/11\/Kutse-andmise-kulude-kalk-koos-kutsekomisjoni-kuluga_11.2019.xlsx\">Kutse andmise kulude kalkulatsioon, kui sama eksamit korraldatakse nii kutse\u00f5ppe l\u00f5petajatele kui t\u00f6\u00f6maailma taotlejatele<\/a><\/div>\n<\/li>\n<li class=\"filelist\">\n<div class=\"file\"><a href=\"http:\/\/kutsekoda.ee\/wp-content\/uploads\/2020\/04\/Kutse-andmise-tasu-muutmise-selgitus_04.2020.docx\">Kutse andmise tasu muutmise selgitus<\/a><\/div>\n<\/li>\n<li class=\"filelist\">\n<div class=\"file\"><a href=\"http:\/\/kutsekoda.ee\/wp-content\/uploads\/2019\/KS\/KA_konkurss\/Kutsekomisjoni-liikme-nimetamine.docx\">N\u00f5usoleku kinnitus esindaja nimetamiseks kutsekomisjoni koosseisu<\/a><\/div>\n<\/li>\n<\/ul>\n\n\n<p><\/p>\n","protected":false},"excerpt":{"rendered":"<p>Kutse andja avalikul konkursil osalemise juhend Kutse andja avalikul konkursil osalemise hindamiskriteeriumid Kutse andja avalikul konkursil osalemise taotlus Kutse andmise kord Kutse andmise ja taast\u00f5endamise tasu kalkulatsioon Kutse\u00f5ppe taseme\u00f5ppe \u00f5pilase&hellip;&nbsp;<a href=\"https:\/\/kutsekoda.ee\/en\/kutse-andja-avalikul-konkursil-osalemise-dokumendid-ja-naidised\/\" class=\"\" rel=\"bookmark\">Read More &raquo;<span class=\"screen-reader-text\">Kutse andja avalikul konkursil osalemise dokumendid ja n\u00e4idised<\/span><\/a><\/p>\n","protected":false},"author":1,"featured_media":0,"parent":0,"menu_order":0,"comment_status":"closed","ping_status":"closed","template":"","meta":{"inline_featured_image":false,"neve_meta_sidebar":"","neve_meta_container":"","neve_meta_enable_content_width":"","neve_meta_content_width":0,"neve_meta_title_alignment":"","neve_meta_author_avatar":"","neve_post_elements_order":"","neve_meta_disable_header":"","neve_meta_disable_footer":"","neve_meta_disable_title":"","_themeisle_gutenberg_block_has_review":false,"_FSMCFIC_featured_image_caption":"","_FSMCFIC_featured_image_nocaption":"","_FSMCFIC_featured_image_hide":"","footnotes":""},"class_list":["post-102","page","type-page","status-publish","hentry"],"yoast_head":"<!-- This site is optimized with the Yoast SEO plugin v27.2 - https:\/\/yoast.com\/product\/yoast-seo-wordpress\/ -->\n<title>Kutse andja avalikul konkursil osalemise dokumendid ja n\u00e4idised - Kutsekoda<\/title>\n<meta name=\"robots\" content=\"index, follow, max-snippet:-1, max-image-preview:large, max-video-preview:-1\" \/>\n<link rel=\"canonical\" href=\"https:\/\/kutsekoda.ee\/kutse-andja-avalikul-konkursil-osalemise-dokumendid-ja-naidised\/\" \/>\n<meta property=\"og:locale\" content=\"en_US\" \/>\n<meta property=\"og:type\" content=\"article\" \/>\n<meta property=\"og:title\" content=\"Kutse andja avalikul konkursil osalemise dokumendid ja n\u00e4idised - Kutsekoda\" \/>\n<meta property=\"og:description\" content=\"Kutse andja avalikul konkursil osalemise juhend Kutse andja avalikul konkursil osalemise hindamiskriteeriumid Kutse andja avalikul konkursil osalemise taotlus Kutse andmise kord Kutse andmise ja taast\u00f5endamise tasu kalkulatsioon Kutse\u00f5ppe taseme\u00f5ppe \u00f5pilase&hellip;&nbsp;Read More &raquo;Kutse andja avalikul konkursil osalemise dokumendid ja n\u00e4idised\" \/>\n<meta property=\"og:url\" content=\"https:\/\/kutsekoda.ee\/kutse-andja-avalikul-konkursil-osalemise-dokumendid-ja-naidised\/\" \/>\n<meta property=\"og:site_name\" content=\"Kutsekoda\" \/>\n<meta property=\"article:modified_time\" content=\"2025-08-12T07:55:13+00:00\" \/>\n<meta name=\"twitter:card\" content=\"summary_large_image\" \/>\n<meta name=\"twitter:label1\" content=\"Est. reading time\" \/>\n\t<meta name=\"twitter:data1\" content=\"1 minute\" \/>\n<script type=\"application\/ld+json\" class=\"yoast-schema-graph\">{\"@context\":\"https:\/\/schema.org\",\"@graph\":[{\"@type\":\"WebPage\",\"@id\":\"https:\/\/kutsekoda.ee\/kutse-andja-avalikul-konkursil-osalemise-dokumendid-ja-naidised\/\",\"url\":\"https:\/\/kutsekoda.ee\/kutse-andja-avalikul-konkursil-osalemise-dokumendid-ja-naidised\/\",\"name\":\"Kutse andja avalikul konkursil osalemise dokumendid ja n\u00e4idised - Kutsekoda\",\"isPartOf\":{\"@id\":\"https:\/\/kutsekoda.ee\/#website\"},\"datePublished\":\"2018-05-08T09:14:57+00:00\",\"dateModified\":\"2025-08-12T07:55:13+00:00\",\"breadcrumb\":{\"@id\":\"https:\/\/kutsekoda.ee\/kutse-andja-avalikul-konkursil-osalemise-dokumendid-ja-naidised\/#breadcrumb\"},\"inLanguage\":\"en-US\",\"potentialAction\":[{\"@type\":\"ReadAction\",\"target\":[\"https:\/\/kutsekoda.ee\/kutse-andja-avalikul-konkursil-osalemise-dokumendid-ja-naidised\/\"]}]},{\"@type\":\"BreadcrumbList\",\"@id\":\"https:\/\/kutsekoda.ee\/kutse-andja-avalikul-konkursil-osalemise-dokumendid-ja-naidised\/#breadcrumb\",\"itemListElement\":[{\"@type\":\"ListItem\",\"position\":1,\"name\":\"Frontpage\",\"item\":\"https:\/\/kutsekoda.ee\/en\/\"},{\"@type\":\"ListItem\",\"position\":2,\"name\":\"Kutse andja avalikul konkursil osalemise dokumendid ja n\u00e4idised\"}]},{\"@type\":\"WebSite\",\"@id\":\"https:\/\/kutsekoda.ee\/#website\",\"url\":\"https:\/\/kutsekoda.ee\/\",\"name\":\"Kutsekoda\",\"description\":\"\",\"potentialAction\":[{\"@type\":\"SearchAction\",\"target\":{\"@type\":\"EntryPoint\",\"urlTemplate\":\"https:\/\/kutsekoda.ee\/?s={search_term_string}\"},\"query-input\":{\"@type\":\"PropertyValueSpecification\",\"valueRequired\":true,\"valueName\":\"search_term_string\"}}],\"inLanguage\":\"en-US\"}]}<\/script>\n<!-- \/ Yoast SEO plugin. -->","yoast_head_json":{"title":"Kutse andja avalikul konkursil osalemise dokumendid ja n\u00e4idised - Kutsekoda","robots":{"index":"index","follow":"follow","max-snippet":"max-snippet:-1","max-image-preview":"max-image-preview:large","max-video-preview":"max-video-preview:-1"},"canonical":"https:\/\/kutsekoda.ee\/kutse-andja-avalikul-konkursil-osalemise-dokumendid-ja-naidised\/","og_locale":"en_US","og_type":"article","og_title":"Kutse andja avalikul konkursil osalemise dokumendid ja n\u00e4idised - Kutsekoda","og_description":"Kutse andja avalikul konkursil osalemise juhend Kutse andja avalikul konkursil osalemise hindamiskriteeriumid Kutse andja avalikul konkursil osalemise taotlus Kutse andmise kord Kutse andmise ja taast\u00f5endamise tasu kalkulatsioon Kutse\u00f5ppe taseme\u00f5ppe \u00f5pilase&hellip;&nbsp;Read More &raquo;Kutse andja avalikul konkursil osalemise dokumendid ja n\u00e4idised","og_url":"https:\/\/kutsekoda.ee\/kutse-andja-avalikul-konkursil-osalemise-dokumendid-ja-naidised\/","og_site_name":"Kutsekoda","article_modified_time":"2025-08-12T07:55:13+00:00","twitter_card":"summary_large_image","twitter_misc":{"Est. reading time":"1 minute"},"schema":{"@context":"https:\/\/schema.org","@graph":[{"@type":"WebPage","@id":"https:\/\/kutsekoda.ee\/kutse-andja-avalikul-konkursil-osalemise-dokumendid-ja-naidised\/","url":"https:\/\/kutsekoda.ee\/kutse-andja-avalikul-konkursil-osalemise-dokumendid-ja-naidised\/","name":"Kutse andja avalikul konkursil osalemise dokumendid ja n\u00e4idised - Kutsekoda","isPartOf":{"@id":"https:\/\/kutsekoda.ee\/#website"},"datePublished":"2018-05-08T09:14:57+00:00","dateModified":"2025-08-12T07:55:13+00:00","breadcrumb":{"@id":"https:\/\/kutsekoda.ee\/kutse-andja-avalikul-konkursil-osalemise-dokumendid-ja-naidised\/#breadcrumb"},"inLanguage":"en-US","potentialAction":[{"@type":"ReadAction","target":["https:\/\/kutsekoda.ee\/kutse-andja-avalikul-konkursil-osalemise-dokumendid-ja-naidised\/"]}]},{"@type":"BreadcrumbList","@id":"https:\/\/kutsekoda.ee\/kutse-andja-avalikul-konkursil-osalemise-dokumendid-ja-naidised\/#breadcrumb","itemListElement":[{"@type":"ListItem","position":1,"name":"Frontpage","item":"https:\/\/kutsekoda.ee\/en\/"},{"@type":"ListItem","position":2,"name":"Kutse andja avalikul konkursil osalemise dokumendid ja n\u00e4idised"}]},{"@type":"WebSite","@id":"https:\/\/kutsekoda.ee\/#website","url":"https:\/\/kutsekoda.ee\/","name":"Kutsekoda","description":"","potentialAction":[{"@type":"SearchAction","target":{"@type":"EntryPoint","urlTemplate":"https:\/\/kutsekoda.ee\/?s={search_term_string}"},"query-input":{"@type":"PropertyValueSpecification","valueRequired":true,"valueName":"search_term_string"}}],"inLanguage":"en-US"}]}},"publishpress_future_action":{"enabled":false,"date":"2026-04-17 04:29:29","action":"change-status","newStatus":"draft","terms":[],"taxonomy":"translation_priority","extraData":[]},"publishpress_future_workflow_manual_trigger":{"enabledWorkflows":[]},"_links":{"self":[{"href":"https:\/\/kutsekoda.ee\/en\/wp-json\/wp\/v2\/pages\/102","targetHints":{"allow":["GET"]}}],"collection":[{"href":"https:\/\/kutsekoda.ee\/en\/wp-json\/wp\/v2\/pages"}],"about":[{"href":"https:\/\/kutsekoda.ee\/en\/wp-json\/wp\/v2\/types\/page"}],"author":[{"embeddable":true,"href":"https:\/\/kutsekoda.ee\/en\/wp-json\/wp\/v2\/users\/1"}],"replies":[{"embeddable":true,"href":"https:\/\/kutsekoda.ee\/en\/wp-json\/wp\/v2\/comments?post=102"}],"version-history":[{"count":5,"href":"https:\/\/kutsekoda.ee\/en\/wp-json\/wp\/v2\/pages\/102\/revisions"}],"predecessor-version":[{"id":49364,"href":"https:\/\/kutsekoda.ee\/en\/wp-json\/wp\/v2\/pages\/102\/revisions\/49364"}],"wp:attachment":[{"href":"https:\/\/kutsekoda.ee\/en\/wp-json\/wp\/v2\/media?parent=102"}],"curies":[{"name":"wp","href":"https:\/\/api.w.org\/{rel}","templated":true}]}}