{"id":135,"date":"2018-05-08T09:29:46","date_gmt":"2018-05-08T07:29:46","guid":{"rendered":"https:\/\/kutsekoda-wp.loc.piksel.ee\/?page_id=135"},"modified":"2025-02-11T14:55:30","modified_gmt":"2025-02-11T12:55:30","slug":"kvalifikatsiooniraamistiku-tasemekirjeldused","status":"publish","type":"page","link":"https:\/\/kutsekoda.ee\/en\/kvalifikatsiooniraamistiku-tasemekirjeldused\/","title":{"rendered":"Kvalifikatsiooniraamistiku tasemekirjeldused"},"content":{"rendered":"\t\t<div data-elementor-type=\"wp-post\" data-elementor-id=\"135\" class=\"elementor elementor-135\">\n\t\t\t\t\t\t<section class=\"elementor-section elementor-top-section elementor-element elementor-element-34d3fdc elementor-section-boxed elementor-section-height-default elementor-section-height-default\" data-id=\"34d3fdc\" data-element_type=\"section\" data-e-type=\"section\">\n\t\t\t\t\t\t<div class=\"elementor-container elementor-column-gap-default\">\n\t\t\t\t\t<div class=\"elementor-column elementor-col-100 elementor-top-column elementor-element elementor-element-5f8a0cf\" data-id=\"5f8a0cf\" data-element_type=\"column\" data-e-type=\"column\">\n\t\t\t<div class=\"elementor-widget-wrap elementor-element-populated\">\n\t\t\t\t\t\t<div class=\"elementor-element elementor-element-2e51aab elementor-widget elementor-widget-text-editor\" data-id=\"2e51aab\" data-element_type=\"widget\" data-e-type=\"widget\" data-widget_type=\"text-editor.default\">\n\t\t\t\t<div class=\"elementor-widget-container\">\n\t\t\t\t\t\t\t\t\t<p>Kvalifikatsiooniraamistiku tase <strong>m\u00e4\u00e4ratleb n\u00f5uded<\/strong> koolihariduse \u00f5pitulemustele ja kutses\u00fcsteemi erinevatele tasemetele.<\/p><p>Tabelis on n\u00e4ha, millised teadmised ja oskused mis kvalifikatsioonitasemele vastavad.<\/p>\t\t\t\t\t\t\t\t<\/div>\n\t\t\t\t<\/div>\n\t\t\t\t\t<\/div>\n\t\t<\/div>\n\t\t\t\t\t<\/div>\n\t\t<\/section>\n\t\t\t\t<section class=\"elementor-section elementor-top-section elementor-element elementor-element-8b639a7 elementor-section-boxed elementor-section-height-default elementor-section-height-default\" data-id=\"8b639a7\" data-element_type=\"section\" data-e-type=\"section\">\n\t\t\t\t\t\t<div class=\"elementor-container elementor-column-gap-default\">\n\t\t\t\t\t<div class=\"elementor-column elementor-col-100 elementor-top-column elementor-element elementor-element-08cc6f5\" data-id=\"08cc6f5\" data-element_type=\"column\" data-e-type=\"column\">\n\t\t\t<div class=\"elementor-widget-wrap elementor-element-populated\">\n\t\t\t\t\t\t<div class=\"elementor-element elementor-element-b87f9a1 elementor-widget elementor-widget-html\" data-id=\"b87f9a1\" data-element_type=\"widget\" data-e-type=\"widget\" data-widget_type=\"html.default\">\n\t\t\t\t<div class=\"elementor-widget-container\">\n\t\t\t\t\t<style>table, th, td {\n    border: 1px solid #E9E9E9;\n    \n}\ntable th {\n    color:#ffffff!important;\n    background-color:#005A8C;\n    text-align:left;\n    line-height: 24px;\n    padding:10px 15px;\n}\ntable td {\n   line-height: 24px;\n   padding:5px 15px;\n}\n<\/style>\n<table cellspacing=\"0\" cellpadding=\"0\" border=\"1\">\n  <tbody>\n        <\/tr>\n    <tr>\n      <th width=\"40\" valign=\"top\"><strong>\u00a0<\/strong><\/th>\n      <th align=\"left\" valign=\"top\"><strong>Teadmised<br><br>Eristatakse teoreetilisi teadmisi ja faktiteadmisi<\/em><\/strong><\/th>\n      <th align=\"left\" valign=\"top\"><strong>Oskused<br><br>Eristatakse kognitiivseid oskusi (nt loogilise, intuitiivse ja loova m\u00f5tlemise kasutamine) ning praktilisi oskusi (nt k\u00e4elised oskused, meetodite, materjalide, t\u00f6\u00f6riistade ja vahendite kasutamine)<\/em><\/strong><\/th>\n      <th align=\"left\" valign=\"top\"><strong>Vastutuse ja iseseisva tegutsemise ulatus<\/strong>      <\/th>\n    <\/tr>\n    <tr>\n      <td width=\"80\" valign=\"top\">1. tase\n          \u00a0<\/td>\n      <td valign=\"top\">\u00a0\u00dcldteadmised<\/td>\n      <td valign=\"top\">P\u00f5hioskused lihtsamate (t\u00f6\u00f6)\u00fclesannete t\u00e4itmiseks<\/td>\n      <td valign=\"top\">T\u00f6\u00f6tab v\u00f5i \u00f5pib otsesel juhendamisel piiritletud situatsioonis<\/td>\n    <\/tr>\n    <tr>\n      <td width=\"80\" valign=\"top\">2. tase\n          \u00a0<\/td>\n      <td valign=\"top\">P\u00f5hilised t\u00f6\u00f6alased v\u00f5i \u00f5ppesuunaalased faktiteadmised\n          \u00a0<\/td>\n      <td valign=\"top\">P\u00f5hilised kognitiivsed ja praktilised oskused vastava teabe kasutamiseks, et t\u00e4ita (t\u00f6\u00f6)\u00fclesandeid ning lahendada tavalisi probleeme, kasutades lihtsaid reegleid ja t\u00f6\u00f6vahendeid<\/td>\n      <td valign=\"top\">T\u00f6\u00f6tab ja \u00f5pib juhendamisel, kuid m\u00f5ningase iseseisvusega<\/td>\n    <\/tr>\n    <tr>\n      <td width=\"80\" valign=\"top\">3. tase\n          \u00a0<\/td>\n      <td valign=\"top\">Teadmised t\u00f6\u00f6alaste v\u00f5i \u00f5ppesuunaalaste faktide, p\u00f5him\u00f5tete, protsesside ja \u00fcldiste m\u00f5istete kohta<\/td>\n      <td valign=\"top\">Kognitiivsed ja praktilised oskused (t\u00f6\u00f6)\u00fclesannete t\u00e4itmiseks ja probleemide lahendamiseks, valides ja rakendades p\u00f5himeetodeid, t\u00f6\u00f6vahendeid, materjale ja teavet<\/td>\n      <td valign=\"top\">Vastutab t\u00f6\u00f6- v\u00f5i \u00f5ppe\u00fclesannete t\u00e4itmise eest.<br>Kohandab probleemide lahendamisel enda k\u00e4itumist vastavalt olukorrale<\/td>\n    <\/tr>\n    <tr>\n      <td width=\"80\" valign=\"top\">4. tase\n          \u00a0<\/td>\n      <td valign=\"top\">T\u00f6\u00f6alased v\u00f5i \u00f5ppesuunaalased laiaulatuslikud fakti- ja teooriate teadmised<\/td>\n      <td valign=\"top\">T\u00f6\u00f6alased v\u00f5i \u00f5ppesuunaalased kognitiivsed ja praktilised oskused konkreetsetele probleemidele lahenduse leidmiseks<\/td>\n      <td valign=\"top\">Juhib ise oma t\u00f6\u00f6d ja \u00f5ppimist vastavalt juhtn\u00f6\u00f6ridele situatsioonides, mida saab tavaliselt ette n\u00e4ha, kuid mis v\u00f5ivad muutuda. Juhendab kaaslaste tavat\u00f6\u00f6d. <br> V\u00f5tab m\u00f5ningase vastutuse t\u00f6\u00f6 ja \u00f5ppet\u00f6\u00f6 hindamise ning edendamise eest<\/td>\n    <\/tr>\n    <tr>\n      <td width=\"80\" valign=\"top\">5. tase\n          \u00a0<\/td>\n      <td valign=\"top\">T\u00f6\u00f6alased v\u00f5i \u00f5ppesuunaalased p\u00f5hjalikud, spetsialiseeritud, faktilised ja teoreetilised teadmised ning teadlikkus oma teadmiste piiridest\n          \u00a0<\/td>\n      <td valign=\"top\">Igak\u00fclgsed kognitiivsed ja praktilised oskused abstraktsetele k\u00fcsimustele loovate lahenduste leidmiseks\n          \u00a0<\/td>\n      <td valign=\"top\">Juhib ja juhendab t\u00f6\u00f6- ja \u00f5ppesituatsioone, kus v\u00f5ivad juhtuda ettearvamatud muutused. <br> Kontrollib ja arendab enda ja teiste tegevust<\/td>\n    <\/tr>\n    <tr>\n      <td width=\"80\" valign=\"top\">6. tase\n          \u00a0<\/td>\n      <td valign=\"top\">T\u00f6\u00f6alased v\u00f5i \u00f5ppesuunaalased s\u00fcvateadmised, sh kriitiline arusaam teooriatest ja printsiipidest\n          \u00a0<\/td>\n      <td valign=\"top\">Meisterlikkust ja novaatorlikkust demonstreerivad arenenud oskused konkreetsete t\u00f6\u00f6alaste v\u00f5i \u00f5ppesuunaalaste keeruliste ja ettearvamatute probleemide lahendamiseks<\/td>\n      <td valign=\"top\">Juhatab keerulisi tehnilisi v\u00f5i kutsealaseid tegevusi v\u00f5i projekte. <br>V\u00f5tab vastutuse otsuste langetamise eest ettearvamatutes t\u00f6\u00f6- v\u00f5i \u00f5ppesituatsioonides. <br>Vastutab \u00fcksikisikute ja r\u00fchmade kutsealase arendamise juhtimise eest\n        \u00a0<\/td>\n    <\/tr>\n    <tr>\n      <td width=\"80\" valign=\"top\">7. tase\n          \u00a0<\/td>\n      <td valign=\"top\">V\u00e4ga spetsialiseeritud, osaliselt t\u00f6\u00f6alaste v\u00f5i \u00f5ppesuunaalaste teadmiste esirinnas olevad teadmised, millel rajaneb originaalne m\u00f5tlemine. <br>\n          Kriitiline teadlikkus t\u00f6\u00f6alastest v\u00f5i \u00f5ppesuunaalastest ja eri valdkondade vahelistest probleemidest<\/td>\n      <td valign=\"top\">Spetsialiseeritud probleemilahendamise oskused, mis on vajalikud teadus- ja\/v\u00f5i innovatsioonitegevuses, selleks et luua uusi teadmisi ja protseduure ning siduda eri valdkondade teadmisi<\/td>\n      <td valign=\"top\">Juhib ja muudab t\u00f6\u00f6- v\u00f5i \u00f5ppesituatsioone, mis on keerukad, ettearvamatud ja n\u00f5uavad uut strateegilist k\u00e4sitlust. <br>\n          V\u00f5tab vastutuse kutseteadmistesse ja -tegevusse panuse andmise eest ja\/v\u00f5i kontrollib meeskondade strateegilist tegutsemist<\/td>\n    <\/tr>\n    <tr>\n      <td width=\"80\" valign=\"top\">8. tase\n          \u00a0<\/td>\n      <td valign=\"top\">Teadmised, mis on t\u00f6\u00f6alaste v\u00f5i \u00f5ppesuunaalaste ja valdkondadevaheliste teadmiste esirinnas<\/td>\n      <td valign=\"top\">Eriti arenenud ja spetsialiseeritud oskused ja tehnikad, kaasa arvatud s\u00fcntees ja hindamine, mis on vajalikud kriitiliste k\u00fcsimuste lahendamiseks teadus- ja\/v\u00f5i innovatsioonitegevuses ning olemasolevate teadmiste v\u00f5i kutseoskuste t\u00e4iendamiseks ja uuesti m\u00e4\u00e4ratlemiseks<\/td>\n      <td valign=\"top\">Omab autoriteeti ja demonstreerib oma novaatorlikkust, iseseisvust, teadus- ja kutsealast meisterlikkust ning pidevat p\u00fchendumust uute ideede v\u00f5i protsesside arendamisel t\u00f6\u00f6- v\u00f5i \u00f5ppesituatsioonide, sh teadust\u00f6\u00f6, esirinnas<\/td>\n    <\/tr>\n  <\/tbody>\n<\/table>\t\t\t\t<\/div>\n\t\t\t\t<\/div>\n\t\t\t\t\t<\/div>\n\t\t<\/div>\n\t\t\t\t\t<\/div>\n\t\t<\/section>\n\t\t\t\t<section class=\"elementor-section elementor-top-section elementor-element elementor-element-f880aca elementor-section-boxed elementor-section-height-default elementor-section-height-default\" data-id=\"f880aca\" data-element_type=\"section\" data-e-type=\"section\">\n\t\t\t\t\t\t<div class=\"elementor-container elementor-column-gap-default\">\n\t\t\t\t\t<div class=\"elementor-column elementor-col-100 elementor-top-column elementor-element elementor-element-2c66ad6\" data-id=\"2c66ad6\" data-element_type=\"column\" data-e-type=\"column\">\n\t\t\t<div class=\"elementor-widget-wrap\">\n\t\t\t\t\t\t\t<\/div>\n\t\t<\/div>\n\t\t\t\t\t<\/div>\n\t\t<\/section>\n\t\t\t\t<\/div>\n\t\t","protected":false},"excerpt":{"rendered":"<p>Kvalifikatsiooniraamistiku tase m\u00e4\u00e4ratleb n\u00f5uded koolihariduse \u00f5pitulemustele ja kutses\u00fcsteemi erinevatele tasemetele. Tabelis on n\u00e4ha, millised teadmised ja oskused mis kvalifikatsioonitasemele vastavad. \u00a0 Teadmised Eristatakse teoreetilisi teadmisi ja faktiteadmisi Oskused Eristatakse kognitiivseid&hellip;&nbsp;<a href=\"https:\/\/kutsekoda.ee\/en\/kvalifikatsiooniraamistiku-tasemekirjeldused\/\" class=\"\" rel=\"bookmark\">Read More &raquo;<span class=\"screen-reader-text\">Kvalifikatsiooniraamistiku tasemekirjeldused<\/span><\/a><\/p>\n","protected":false},"author":1,"featured_media":0,"parent":0,"menu_order":0,"comment_status":"closed","ping_status":"closed","template":"","meta":{"inline_featured_image":false,"neve_meta_sidebar":"","neve_meta_container":"","neve_meta_enable_content_width":"","neve_meta_content_width":0,"neve_meta_title_alignment":"","neve_meta_author_avatar":"","neve_post_elements_order":"","neve_meta_disable_header":"","neve_meta_disable_footer":"","neve_meta_disable_title":"","_themeisle_gutenberg_block_has_review":false,"_FSMCFIC_featured_image_caption":"","_FSMCFIC_featured_image_nocaption":"","_FSMCFIC_featured_image_hide":"","footnotes":""},"class_list":["post-135","page","type-page","status-publish","hentry"],"yoast_head":"<!-- This site is optimized with the Yoast SEO plugin v27.2 - https:\/\/yoast.com\/product\/yoast-seo-wordpress\/ -->\n<title>Kvalifikatsiooniraamistiku tasemekirjeldused - Kutsekoda<\/title>\n<meta name=\"robots\" content=\"index, follow, max-snippet:-1, max-image-preview:large, max-video-preview:-1\" \/>\n<link rel=\"canonical\" href=\"https:\/\/kutsekoda.ee\/kvalifikatsiooniraamistiku-tasemekirjeldused\/\" \/>\n<meta property=\"og:locale\" content=\"en_US\" \/>\n<meta property=\"og:type\" content=\"article\" \/>\n<meta property=\"og:title\" content=\"Kvalifikatsiooniraamistiku tasemekirjeldused - Kutsekoda\" \/>\n<meta property=\"og:description\" content=\"Kvalifikatsiooniraamistiku tase m\u00e4\u00e4ratleb n\u00f5uded koolihariduse \u00f5pitulemustele ja kutses\u00fcsteemi erinevatele tasemetele. Tabelis on n\u00e4ha, millised teadmised ja oskused mis kvalifikatsioonitasemele vastavad. \u00a0 Teadmised Eristatakse teoreetilisi teadmisi ja faktiteadmisi Oskused Eristatakse kognitiivseid&hellip;&nbsp;Read More &raquo;Kvalifikatsiooniraamistiku tasemekirjeldused\" \/>\n<meta property=\"og:url\" content=\"https:\/\/kutsekoda.ee\/kvalifikatsiooniraamistiku-tasemekirjeldused\/\" \/>\n<meta property=\"og:site_name\" content=\"Kutsekoda\" \/>\n<meta property=\"article:modified_time\" content=\"2025-02-11T12:55:30+00:00\" \/>\n<meta name=\"twitter:card\" content=\"summary_large_image\" \/>\n<script type=\"application\/ld+json\" class=\"yoast-schema-graph\">{\"@context\":\"https:\/\/schema.org\",\"@graph\":[{\"@type\":\"WebPage\",\"@id\":\"https:\/\/kutsekoda.ee\/kvalifikatsiooniraamistiku-tasemekirjeldused\/\",\"url\":\"https:\/\/kutsekoda.ee\/kvalifikatsiooniraamistiku-tasemekirjeldused\/\",\"name\":\"Kvalifikatsiooniraamistiku tasemekirjeldused - Kutsekoda\",\"isPartOf\":{\"@id\":\"https:\/\/kutsekoda.ee\/#website\"},\"datePublished\":\"2018-05-08T07:29:46+00:00\",\"dateModified\":\"2025-02-11T12:55:30+00:00\",\"breadcrumb\":{\"@id\":\"https:\/\/kutsekoda.ee\/kvalifikatsiooniraamistiku-tasemekirjeldused\/#breadcrumb\"},\"inLanguage\":\"en-US\",\"potentialAction\":[{\"@type\":\"ReadAction\",\"target\":[\"https:\/\/kutsekoda.ee\/kvalifikatsiooniraamistiku-tasemekirjeldused\/\"]}]},{\"@type\":\"BreadcrumbList\",\"@id\":\"https:\/\/kutsekoda.ee\/kvalifikatsiooniraamistiku-tasemekirjeldused\/#breadcrumb\",\"itemListElement\":[{\"@type\":\"ListItem\",\"position\":1,\"name\":\"Frontpage\",\"item\":\"https:\/\/kutsekoda.ee\/en\/\"},{\"@type\":\"ListItem\",\"position\":2,\"name\":\"Kvalifikatsiooniraamistiku tasemekirjeldused\"}]},{\"@type\":\"WebSite\",\"@id\":\"https:\/\/kutsekoda.ee\/#website\",\"url\":\"https:\/\/kutsekoda.ee\/\",\"name\":\"Kutsekoda\",\"description\":\"\",\"potentialAction\":[{\"@type\":\"SearchAction\",\"target\":{\"@type\":\"EntryPoint\",\"urlTemplate\":\"https:\/\/kutsekoda.ee\/?s={search_term_string}\"},\"query-input\":{\"@type\":\"PropertyValueSpecification\",\"valueRequired\":true,\"valueName\":\"search_term_string\"}}],\"inLanguage\":\"en-US\"}]}<\/script>\n<!-- \/ Yoast SEO plugin. -->","yoast_head_json":{"title":"Kvalifikatsiooniraamistiku tasemekirjeldused - Kutsekoda","robots":{"index":"index","follow":"follow","max-snippet":"max-snippet:-1","max-image-preview":"max-image-preview:large","max-video-preview":"max-video-preview:-1"},"canonical":"https:\/\/kutsekoda.ee\/kvalifikatsiooniraamistiku-tasemekirjeldused\/","og_locale":"en_US","og_type":"article","og_title":"Kvalifikatsiooniraamistiku tasemekirjeldused - Kutsekoda","og_description":"Kvalifikatsiooniraamistiku tase m\u00e4\u00e4ratleb n\u00f5uded koolihariduse \u00f5pitulemustele ja kutses\u00fcsteemi erinevatele tasemetele. Tabelis on n\u00e4ha, millised teadmised ja oskused mis kvalifikatsioonitasemele vastavad. \u00a0 Teadmised Eristatakse teoreetilisi teadmisi ja faktiteadmisi Oskused Eristatakse kognitiivseid&hellip;&nbsp;Read More &raquo;Kvalifikatsiooniraamistiku tasemekirjeldused","og_url":"https:\/\/kutsekoda.ee\/kvalifikatsiooniraamistiku-tasemekirjeldused\/","og_site_name":"Kutsekoda","article_modified_time":"2025-02-11T12:55:30+00:00","twitter_card":"summary_large_image","schema":{"@context":"https:\/\/schema.org","@graph":[{"@type":"WebPage","@id":"https:\/\/kutsekoda.ee\/kvalifikatsiooniraamistiku-tasemekirjeldused\/","url":"https:\/\/kutsekoda.ee\/kvalifikatsiooniraamistiku-tasemekirjeldused\/","name":"Kvalifikatsiooniraamistiku tasemekirjeldused - Kutsekoda","isPartOf":{"@id":"https:\/\/kutsekoda.ee\/#website"},"datePublished":"2018-05-08T07:29:46+00:00","dateModified":"2025-02-11T12:55:30+00:00","breadcrumb":{"@id":"https:\/\/kutsekoda.ee\/kvalifikatsiooniraamistiku-tasemekirjeldused\/#breadcrumb"},"inLanguage":"en-US","potentialAction":[{"@type":"ReadAction","target":["https:\/\/kutsekoda.ee\/kvalifikatsiooniraamistiku-tasemekirjeldused\/"]}]},{"@type":"BreadcrumbList","@id":"https:\/\/kutsekoda.ee\/kvalifikatsiooniraamistiku-tasemekirjeldused\/#breadcrumb","itemListElement":[{"@type":"ListItem","position":1,"name":"Frontpage","item":"https:\/\/kutsekoda.ee\/en\/"},{"@type":"ListItem","position":2,"name":"Kvalifikatsiooniraamistiku tasemekirjeldused"}]},{"@type":"WebSite","@id":"https:\/\/kutsekoda.ee\/#website","url":"https:\/\/kutsekoda.ee\/","name":"Kutsekoda","description":"","potentialAction":[{"@type":"SearchAction","target":{"@type":"EntryPoint","urlTemplate":"https:\/\/kutsekoda.ee\/?s={search_term_string}"},"query-input":{"@type":"PropertyValueSpecification","valueRequired":true,"valueName":"search_term_string"}}],"inLanguage":"en-US"}]}},"publishpress_future_action":{"enabled":false,"date":"2026-04-14 06:53:34","action":"change-status","newStatus":"draft","terms":[],"taxonomy":"translation_priority","extraData":[]},"publishpress_future_workflow_manual_trigger":{"enabledWorkflows":[]},"_links":{"self":[{"href":"https:\/\/kutsekoda.ee\/en\/wp-json\/wp\/v2\/pages\/135","targetHints":{"allow":["GET"]}}],"collection":[{"href":"https:\/\/kutsekoda.ee\/en\/wp-json\/wp\/v2\/pages"}],"about":[{"href":"https:\/\/kutsekoda.ee\/en\/wp-json\/wp\/v2\/types\/page"}],"author":[{"embeddable":true,"href":"https:\/\/kutsekoda.ee\/en\/wp-json\/wp\/v2\/users\/1"}],"replies":[{"embeddable":true,"href":"https:\/\/kutsekoda.ee\/en\/wp-json\/wp\/v2\/comments?post=135"}],"version-history":[{"count":5,"href":"https:\/\/kutsekoda.ee\/en\/wp-json\/wp\/v2\/pages\/135\/revisions"}],"predecessor-version":[{"id":47155,"href":"https:\/\/kutsekoda.ee\/en\/wp-json\/wp\/v2\/pages\/135\/revisions\/47155"}],"wp:attachment":[{"href":"https:\/\/kutsekoda.ee\/en\/wp-json\/wp\/v2\/media?parent=135"}],"curies":[{"name":"wp","href":"https:\/\/api.w.org\/{rel}","templated":true}]}}