{"id":14797,"date":"2020-02-17T15:48:14","date_gmt":"2020-02-17T13:48:14","guid":{"rendered":"http:\/\/kutsekoda.ee\/?page_id=14797"},"modified":"2024-08-28T08:10:15","modified_gmt":"2024-08-28T06:10:15","slug":"kutse-andmise-tasu","status":"publish","type":"page","link":"https:\/\/kutsekoda.ee\/en\/kutse-andmise-tasu\/","title":{"rendered":"Kutse andmise tasu"},"content":{"rendered":"\n<p class=\"has-neve-link-color-color has-text-color has-medium-font-size\">Kutse andmise ja taast\u00f5endamisega seotud tasu suuruse&nbsp;<strong>arvutab ja esitab<\/strong>&nbsp;kutsen\u00f5ukogule kinnitamiseks&nbsp;<strong>kutse andja<\/strong>, koosk\u00f5lastades selle enne kutsekomisjoniga. Tasu suuruse&nbsp;<strong>kinnitab kutsen\u00f5ukogu<\/strong>.<\/p>\n\n\n\n<hr class=\"wp-block-separator has-text-color has-alpha-channel-opacity has-background is-style-dots\" style=\"background-color:#f8d823;color:#f8d823\"\/>\n\n\n\n<p>Kutse andmise kinnitatud tasud leiab kutseregistrist <a href=\"https:\/\/www.kutseregister.ee\/kutset_andvad_organid\/?\" target=\"_blank\" rel=\"noreferrer noopener\">kutse andja jaotisest<\/a>.<\/p>\n\n\n\n<p>Kutse andmise eest tasub \u00fcks j\u00e4rgmistest:<\/p>\n\n\n\n<ul class=\"wp-block-list\">\n<li>kutse taotleja,<\/li>\n\n\n\n<li>kutse taotleja t\u00f6\u00f6andja t\u00e4ienduskoolituseks etten\u00e4htud vahenditest,<\/li>\n\n\n\n<li><a href=\"https:\/\/www.tootukassa.ee\/et\/teenused\/karjaar-ja-koolitamine\/sertifikaadi-voi-kutsetunnistuse-kulude-huvitamine\" target=\"_blank\" rel=\"noreferrer noopener\">Eesti T\u00f6\u00f6tukassa<\/a> t\u00f6\u00f6turuteenuste ja -toetuste sihtkapitalist,<\/li>\n\n\n\n<li>riik kutse\u00f5ppe taseme\u00f5ppe l\u00f5petajate kutseeksamite eest.<\/li>\n<\/ul>\n\n\n\n<h2 class=\"wp-block-heading has-neve-link-color-color has-text-color\" style=\"font-size:25px;font-style:normal;font-weight:200\">Kutse\u00f5ppe taseme\u00f5ppe l\u00f5petajate kutse andmisega seotud kulud<\/h2>\n\n\n\n<p>Kutsekoja kaudu <strong>rahastatakse kutse\u00f5ppe l\u00f5petajate kutse andmisega seotud kulud <\/strong>juhul, kui \u00f5ppija on taseme\u00f5ppes haridus- ja teadusministeeriumi riigieelarvelisel \u00f5ppekohal.<\/p>\n\n\n\n<p>Siia hulka loetakse ka k\u00f5ik ministeeriumi kaudu Euroopa Sotsiaalfondi programmidest ja projektidest (nt t\u00f6\u00f6kohap\u00f5hine \u00f5pe) rahastatud taseme\u00f5ppe \u00f5ppekohad.<\/p>\n\n\n\n<p>Kulude katmine toimub Kutsekoja kinnitatud korra j\u00e4rgi (vt allpoolt).<\/p>\n\n\n\n<p>Kutsekoja kaudu <strong>ei rahastata kutse\u00f5ppe l\u00f5petajate kutseeksami kulusid juhul<\/strong>, kui \u00f5pingute ja kutseeksami eest maksab kolmas osaline (nt Eesti T\u00f6\u00f6tukassa, t\u00f6\u00f6andja, m\u00f5ni teine ministeerium v\u00f5i \u00f5pilane ise). Sel juhul toimub kulude katmine kutse andja ja kooli vahel arve alusel. Kutseeksami kulu peab olema samas m\u00e4\u00e4ras riigieelarvelisel kohal \u00f5ppija omaga.<\/p>\n\n\n\n<h2 class=\"wp-block-heading has-neve-link-color-color has-text-color\" style=\"font-size:25px;font-style:normal;font-weight:200\">Korrad<strong> <\/strong><\/h2>\n\n\n\n<ul class=\"wp-block-list\">\n<li><a href=\"https:\/\/www.riigiteataja.ee\/akt\/106042021007?leiaKehtiv\" target=\"_blank\" rel=\"noreferrer noopener\">Kutse\u00f5ppe taseme\u00f5ppe \u00f5pilaste kutseeksami kulude \u00fclemm\u00e4\u00e4rade m\u00e4\u00e4rus<\/a>&nbsp;ja<a href=\"http:\/\/kutsekoda.ee\/wp-content\/uploads\/2020\/10\/kutseeksami-tasude-\u00fclemm\u00e4\u00e4rade-m\u00e4\u00e4ruse-lisa.pdf\">&nbsp;<\/a><a href=\"https:\/\/www.riigiteataja.ee\/aktilisa\/1060\/4202\/1007\/HTM_m5_lisa.pdf\" target=\"_blank\" rel=\"noreferrer noopener\">kehtestatud tasu m\u00e4\u00e4rade lisa<\/a>&nbsp;<\/li>\n\n\n\n<li><a href=\"http:\/\/kutsekoda.ee\/wp-content\/uploads\/2024\/08\/Oppekavad_kutsestandardid_veebis_2024.pdf\" target=\"_blank\" rel=\"noreferrer noopener\">\u00d5ppekavar\u00fchmade ja kutsestandardite vastavustabel<\/a><\/li>\n\n\n\n<li><a href=\"http:\/\/kutsekoda.ee\/wp-content\/uploads\/2021\/04\/Lisa-1-Kutseeksami-kulude-katmise-kord-01.01.2021.pdf\" target=\"_blank\" rel=\"noreferrer noopener\">Kutseeksami kulude katmise kord konkursiga valitud kutse andjale<\/a><\/li>\n\n\n\n<li><a href=\"http:\/\/kutsekoda.ee\/wp-content\/uploads\/2021\/04\/Lisa-2-Kaetavad-summad-taotlemine-ja-valjamaksmine-01.01.2021.pdf\" target=\"_blank\" rel=\"noreferrer noopener\">Kaetavad summad, taotlemine ja v\u00e4ljamaksmine konkursiga kutse andjale<\/a><\/li>\n\n\n\n<li><a href=\"http:\/\/kutsekoda.ee\/wp-content\/uploads\/2020\/Kutse_andmise_tasu\/Kool-kui-kutse-andja_Kutseeksami-l\u00e4biviimise-kulude-katmine.pdf\" target=\"_blank\" rel=\"noreferrer noopener\">Kooli kui kutse andja kutseeksami kulude katmise kord<\/a><\/li>\n<\/ul>\n\n\n\n<h1 class=\"wp-block-heading\">Vaata lisaks <\/h1>\n\n\n\n<div class=\"wp-block-columns is-layout-flex wp-container-core-columns-is-layout-9d6595d7 wp-block-columns-is-layout-flex\">\n<div class=\"wp-block-column is-layout-flow wp-block-column-is-layout-flow\">\n<p class=\"has-medium-font-size\"><a href=\"https:\/\/www.youtube.com\/watch?v=EcxZOMby4Sw\" target=\"_blank\" rel=\"noreferrer noopener lightbox-video-0\">Kutse andmise tasude infotund<\/a><\/p>\n<\/div>\n\n\n\n<div class=\"wp-block-column is-layout-flow wp-block-column-is-layout-flow\">\n<p class=\"has-medium-font-size\"><a href=\"https:\/\/www.tootukassa.ee\/et\/teenused\/karjaar-ja-koolitamine\/sertifikaadi-voi-kutsetunnistuse-kulude-huvitamine\" target=\"_blank\" rel=\"noreferrer noopener\">Kutsetunnistuse kulude h\u00fcvitamine T\u00f6\u00f6tukassa poolt<\/a><\/p>\n<\/div>\n\n\n\n<div class=\"wp-block-column is-layout-flow wp-block-column-is-layout-flow\">\n<p class=\"has-medium-font-size\"><\/p>\n<\/div>\n<\/div>\n","protected":false},"excerpt":{"rendered":"<p>Kutse andmise ja taast\u00f5endamisega seotud tasu suuruse&nbsp;arvutab ja esitab&nbsp;kutsen\u00f5ukogule kinnitamiseks&nbsp;kutse andja, koosk\u00f5lastades selle enne kutsekomisjoniga. Tasu suuruse&nbsp;kinnitab kutsen\u00f5ukogu. Kutse andmise kinnitatud tasud leiab kutseregistrist kutse andja jaotisest. Kutse andmise eest&hellip;&nbsp;<a href=\"https:\/\/kutsekoda.ee\/en\/kutse-andmise-tasu\/\" class=\"\" rel=\"bookmark\">Read More &raquo;<span class=\"screen-reader-text\">Kutse andmise tasu<\/span><\/a><\/p>\n","protected":false},"author":11,"featured_media":0,"parent":0,"menu_order":0,"comment_status":"closed","ping_status":"closed","template":"","meta":{"inline_featured_image":false,"neve_meta_sidebar":"","neve_meta_container":"","neve_meta_enable_content_width":"","neve_meta_content_width":0,"neve_meta_title_alignment":"","neve_meta_author_avatar":"","neve_post_elements_order":"","neve_meta_disable_header":"","neve_meta_disable_footer":"","neve_meta_disable_title":"","_themeisle_gutenberg_block_has_review":false,"_FSMCFIC_featured_image_caption":"","_FSMCFIC_featured_image_nocaption":"","_FSMCFIC_featured_image_hide":"","footnotes":""},"class_list":["post-14797","page","type-page","status-publish","hentry"],"yoast_head":"<!-- This site is optimized with the Yoast SEO plugin v27.2 - https:\/\/yoast.com\/product\/yoast-seo-wordpress\/ -->\n<title>Kutse andmise tasu - Kutsekoda<\/title>\n<meta name=\"description\" content=\"Kutse andmise ja taast\u00f5endamisega seotud tasu suuruse\u00a0arvutab ja esitab\u00a0kutsen\u00f5ukogule kinnitamiseks\u00a0kutse andja, koosk\u00f5lastades selle enne kutsekomisjoniga. Tasu suuruse\u00a0kinnitab kutsen\u00f5ukogu.\" \/>\n<meta name=\"robots\" content=\"index, follow, max-snippet:-1, max-image-preview:large, max-video-preview:-1\" \/>\n<link rel=\"canonical\" href=\"https:\/\/kutsekoda.ee\/kutse-andmise-tasu\/\" \/>\n<meta property=\"og:locale\" content=\"en_US\" \/>\n<meta property=\"og:type\" content=\"article\" \/>\n<meta property=\"og:title\" content=\"Kutse andmise tasu - Kutsekoda\" \/>\n<meta property=\"og:description\" content=\"Kutse andmise ja taast\u00f5endamisega seotud tasu suuruse\u00a0arvutab ja esitab\u00a0kutsen\u00f5ukogule kinnitamiseks\u00a0kutse andja, koosk\u00f5lastades selle enne kutsekomisjoniga. Tasu suuruse\u00a0kinnitab kutsen\u00f5ukogu.\" \/>\n<meta property=\"og:url\" content=\"https:\/\/kutsekoda.ee\/kutse-andmise-tasu\/\" \/>\n<meta property=\"og:site_name\" content=\"Kutsekoda\" \/>\n<meta property=\"article:modified_time\" content=\"2024-08-28T06:10:15+00:00\" \/>\n<meta name=\"twitter:card\" content=\"summary_large_image\" \/>\n<meta name=\"twitter:label1\" content=\"Est. reading time\" \/>\n\t<meta name=\"twitter:data1\" content=\"2 minutes\" \/>\n<script type=\"application\/ld+json\" class=\"yoast-schema-graph\">{\"@context\":\"https:\/\/schema.org\",\"@graph\":[{\"@type\":\"WebPage\",\"@id\":\"https:\/\/kutsekoda.ee\/kutse-andmise-tasu\/\",\"url\":\"https:\/\/kutsekoda.ee\/kutse-andmise-tasu\/\",\"name\":\"Kutse andmise tasu - Kutsekoda\",\"isPartOf\":{\"@id\":\"https:\/\/kutsekoda.ee\/#website\"},\"datePublished\":\"2020-02-17T13:48:14+00:00\",\"dateModified\":\"2024-08-28T06:10:15+00:00\",\"description\":\"Kutse andmise ja taast\u00f5endamisega seotud tasu suuruse\u00a0arvutab ja esitab\u00a0kutsen\u00f5ukogule kinnitamiseks\u00a0kutse andja, koosk\u00f5lastades selle enne kutsekomisjoniga. Tasu suuruse\u00a0kinnitab kutsen\u00f5ukogu.\",\"breadcrumb\":{\"@id\":\"https:\/\/kutsekoda.ee\/kutse-andmise-tasu\/#breadcrumb\"},\"inLanguage\":\"en-US\",\"potentialAction\":[{\"@type\":\"ReadAction\",\"target\":[\"https:\/\/kutsekoda.ee\/kutse-andmise-tasu\/\"]}]},{\"@type\":\"BreadcrumbList\",\"@id\":\"https:\/\/kutsekoda.ee\/kutse-andmise-tasu\/#breadcrumb\",\"itemListElement\":[{\"@type\":\"ListItem\",\"position\":1,\"name\":\"Frontpage\",\"item\":\"https:\/\/kutsekoda.ee\/en\/\"},{\"@type\":\"ListItem\",\"position\":2,\"name\":\"Kutse andmise tasu\"}]},{\"@type\":\"WebSite\",\"@id\":\"https:\/\/kutsekoda.ee\/#website\",\"url\":\"https:\/\/kutsekoda.ee\/\",\"name\":\"Kutsekoda\",\"description\":\"\",\"potentialAction\":[{\"@type\":\"SearchAction\",\"target\":{\"@type\":\"EntryPoint\",\"urlTemplate\":\"https:\/\/kutsekoda.ee\/?s={search_term_string}\"},\"query-input\":{\"@type\":\"PropertyValueSpecification\",\"valueRequired\":true,\"valueName\":\"search_term_string\"}}],\"inLanguage\":\"en-US\"}]}<\/script>\n<!-- \/ Yoast SEO plugin. -->","yoast_head_json":{"title":"Kutse andmise tasu - Kutsekoda","description":"Kutse andmise ja taast\u00f5endamisega seotud tasu suuruse\u00a0arvutab ja esitab\u00a0kutsen\u00f5ukogule kinnitamiseks\u00a0kutse andja, koosk\u00f5lastades selle enne kutsekomisjoniga. Tasu suuruse\u00a0kinnitab kutsen\u00f5ukogu.","robots":{"index":"index","follow":"follow","max-snippet":"max-snippet:-1","max-image-preview":"max-image-preview:large","max-video-preview":"max-video-preview:-1"},"canonical":"https:\/\/kutsekoda.ee\/kutse-andmise-tasu\/","og_locale":"en_US","og_type":"article","og_title":"Kutse andmise tasu - Kutsekoda","og_description":"Kutse andmise ja taast\u00f5endamisega seotud tasu suuruse\u00a0arvutab ja esitab\u00a0kutsen\u00f5ukogule kinnitamiseks\u00a0kutse andja, koosk\u00f5lastades selle enne kutsekomisjoniga. Tasu suuruse\u00a0kinnitab kutsen\u00f5ukogu.","og_url":"https:\/\/kutsekoda.ee\/kutse-andmise-tasu\/","og_site_name":"Kutsekoda","article_modified_time":"2024-08-28T06:10:15+00:00","twitter_card":"summary_large_image","twitter_misc":{"Est. reading time":"2 minutes"},"schema":{"@context":"https:\/\/schema.org","@graph":[{"@type":"WebPage","@id":"https:\/\/kutsekoda.ee\/kutse-andmise-tasu\/","url":"https:\/\/kutsekoda.ee\/kutse-andmise-tasu\/","name":"Kutse andmise tasu - Kutsekoda","isPartOf":{"@id":"https:\/\/kutsekoda.ee\/#website"},"datePublished":"2020-02-17T13:48:14+00:00","dateModified":"2024-08-28T06:10:15+00:00","description":"Kutse andmise ja taast\u00f5endamisega seotud tasu suuruse\u00a0arvutab ja esitab\u00a0kutsen\u00f5ukogule kinnitamiseks\u00a0kutse andja, koosk\u00f5lastades selle enne kutsekomisjoniga. Tasu suuruse\u00a0kinnitab kutsen\u00f5ukogu.","breadcrumb":{"@id":"https:\/\/kutsekoda.ee\/kutse-andmise-tasu\/#breadcrumb"},"inLanguage":"en-US","potentialAction":[{"@type":"ReadAction","target":["https:\/\/kutsekoda.ee\/kutse-andmise-tasu\/"]}]},{"@type":"BreadcrumbList","@id":"https:\/\/kutsekoda.ee\/kutse-andmise-tasu\/#breadcrumb","itemListElement":[{"@type":"ListItem","position":1,"name":"Frontpage","item":"https:\/\/kutsekoda.ee\/en\/"},{"@type":"ListItem","position":2,"name":"Kutse andmise tasu"}]},{"@type":"WebSite","@id":"https:\/\/kutsekoda.ee\/#website","url":"https:\/\/kutsekoda.ee\/","name":"Kutsekoda","description":"","potentialAction":[{"@type":"SearchAction","target":{"@type":"EntryPoint","urlTemplate":"https:\/\/kutsekoda.ee\/?s={search_term_string}"},"query-input":{"@type":"PropertyValueSpecification","valueRequired":true,"valueName":"search_term_string"}}],"inLanguage":"en-US"}]}},"publishpress_future_action":{"enabled":false,"date":"2026-04-21 23:43:10","action":"change-status","newStatus":"draft","terms":[],"taxonomy":"translation_priority","extraData":[]},"publishpress_future_workflow_manual_trigger":{"enabledWorkflows":[]},"_links":{"self":[{"href":"https:\/\/kutsekoda.ee\/en\/wp-json\/wp\/v2\/pages\/14797","targetHints":{"allow":["GET"]}}],"collection":[{"href":"https:\/\/kutsekoda.ee\/en\/wp-json\/wp\/v2\/pages"}],"about":[{"href":"https:\/\/kutsekoda.ee\/en\/wp-json\/wp\/v2\/types\/page"}],"author":[{"embeddable":true,"href":"https:\/\/kutsekoda.ee\/en\/wp-json\/wp\/v2\/users\/11"}],"replies":[{"embeddable":true,"href":"https:\/\/kutsekoda.ee\/en\/wp-json\/wp\/v2\/comments?post=14797"}],"version-history":[{"count":5,"href":"https:\/\/kutsekoda.ee\/en\/wp-json\/wp\/v2\/pages\/14797\/revisions"}],"predecessor-version":[{"id":44113,"href":"https:\/\/kutsekoda.ee\/en\/wp-json\/wp\/v2\/pages\/14797\/revisions\/44113"}],"wp:attachment":[{"href":"https:\/\/kutsekoda.ee\/en\/wp-json\/wp\/v2\/media?parent=14797"}],"curies":[{"name":"wp","href":"https:\/\/api.w.org\/{rel}","templated":true}]}}