{"id":17164,"date":"2021-11-23T13:12:27","date_gmt":"2021-11-23T11:12:27","guid":{"rendered":"http:\/\/kutsekoda.ee\/?page_id=17164"},"modified":"2023-12-07T15:20:58","modified_gmt":"2023-12-07T13:20:58","slug":"kutse-andjate-tunnustamine","status":"publish","type":"page","link":"https:\/\/kutsekoda.ee\/en\/kutse-andjate-tunnustamine\/","title":{"rendered":"Kutse andjate tunnustamine"},"content":{"rendered":"\n<div class=\"wp-block-columns is-layout-flex wp-container-core-columns-is-layout-9d6595d7 wp-block-columns-is-layout-flex\">\n<div class=\"wp-block-column is-layout-flow wp-block-column-is-layout-flow\">\n<p class=\"has-neve-link-color-color has-text-color has-link-color has-medium-font-size wp-elements-013b3c5da447227f6a2f295be92d213f\">Kutsekoda annab kvaliteedim\u00e4rki v\u00e4lja selleks, et v\u00e4\u00e4rtustada<strong> <\/strong>kutse andmise tegevust ning motiveerida kutse andjaid kutsealase tegevuse arendamisel.<\/p>\n\n\n\n<p>Kvaliteedim\u00e4rgiga t\u00f5stame esile neid, kelle tegevust valitud kategoorias saab seada eeskujuks. L\u00e4bi tunnustamise saame jagada ka kutse andjate parimaid kogemusi ning t\u00f5sta kutses\u00fcsteemi usaldusv\u00e4\u00e4rsust, kvaliteeti ja mainet.<\/p>\n\n\n\n<p>Kutsekoda algatas kutse andjate tunnustamise traditsiooni 2016. aastal. Igal aastal valitakse tunnustamisel v\u00e4lja erinev aspekt kutse andmise protsessis.<\/p>\n\n\n\n<p>Tunnustatud organisatsioonid saavad kutse andja kvaliteedim\u00e4rki kasutada oma kodulehel ning muudes materjalides. <\/p>\n\n\n\n<p><a href=\"http:\/\/kutsekoda.ee\/tunnustatud-kutse-andja-kvaliteedimargi-statuut-2\/\" target=\"_blank\" rel=\"noreferrer noopener\"><strong>Tunnustatud kutse andja kvaliteedim\u00e4rgi statuut<\/strong><\/a><\/p>\n<\/div>\n\n\n\n<div class=\"wp-block-column is-layout-flow wp-block-column-is-layout-flow\">\n<figure class=\"wp-block-image size-large is-resized\"><img fetchpriority=\"high\" decoding=\"async\" width=\"1024\" height=\"895\" src=\"http:\/\/kutsekoda.ee\/wp-content\/uploads\/2023\/12\/veebi-pilt-1024x895.png\" alt=\"\" class=\"wp-image-40985\" style=\"width:529px;height:auto\" srcset=\"https:\/\/kutsekoda.ee\/wp-content\/uploads\/2023\/12\/veebi-pilt-1024x895.png 1024w, https:\/\/kutsekoda.ee\/wp-content\/uploads\/2023\/12\/veebi-pilt-300x262.png 300w, https:\/\/kutsekoda.ee\/wp-content\/uploads\/2023\/12\/veebi-pilt-768x671.png 768w, https:\/\/kutsekoda.ee\/wp-content\/uploads\/2023\/12\/veebi-pilt-24x21.png 24w, https:\/\/kutsekoda.ee\/wp-content\/uploads\/2023\/12\/veebi-pilt-36x31.png 36w, https:\/\/kutsekoda.ee\/wp-content\/uploads\/2023\/12\/veebi-pilt-48x42.png 48w, https:\/\/kutsekoda.ee\/wp-content\/uploads\/2023\/12\/veebi-pilt.png 1030w\" sizes=\"(max-width: 1024px) 100vw, 1024px\" \/><\/figure>\n<\/div>\n<\/div>\n\n\n\n<h2 class=\"wp-block-heading has-neve-text-color-color has-text-color has-link-color wp-elements-070b5f17ae2a8eae650ab0cea314310f\" style=\"font-style:normal;font-weight:200\">Tunnustuse saajad<\/h2>\n\n\n\n<div id=\"wp-block-themeisle-blocks-accordion-39384e42\" class=\"wp-block-themeisle-blocks-accordion exclusive icon-first  is-style-default\">\n<details class=\"wp-block-themeisle-blocks-accordion-item\"><summary class=\"wp-block-themeisle-blocks-accordion-item__title\"><div><strong>2023  &#8211; &#8220;V\u00e4ljapaistev kutseoskuste hindajate koolitaja&#8221;<\/strong><\/div><\/summary><div class=\"wp-block-themeisle-blocks-accordion-item__content\">\n<ul class=\"wp-block-list\">\n<li>Puhastusekspert O\u00dc<\/li>\n\n\n\n<li>Eesti Noorsoot\u00f6\u00f6tajate Kogu<\/li>\n\n\n\n<li>Eesti Metsa- ja Puidut\u00f6\u00f6stuse Liit<\/li>\n\n\n\n<li>Eesti Arboristide \u00dching<\/li>\n<\/ul>\n\n\n\n<p><a href=\"http:\/\/kutsekoda.ee\/kutsekoja-kvaliteedimargi-palvis-neli-kutse-andjat\/\" target=\"_blank\" rel=\"noreferrer noopener\">Loe l\u00e4hemalt<\/a><\/p>\n<\/div><\/details>\n\n\n\n<details class=\"wp-block-themeisle-blocks-accordion-item\"><summary class=\"wp-block-themeisle-blocks-accordion-item__title\"><div><strong>2021 &#8211; &#8220;Digip\u00f6\u00f6raja&#8221; <\/strong><\/div><\/summary><div class=\"wp-block-themeisle-blocks-accordion-item__content\">\n<div class=\"wp-block-columns is-layout-flex wp-container-core-columns-is-layout-9d6595d7 wp-block-columns-is-layout-flex\">\n<div class=\"wp-block-column is-layout-flow wp-block-column-is-layout-flow\">\n<ul class=\"wp-block-list\">\n<li>Autokutse\u00f5ppe Liit<\/li>\n\n\n\n<li>Eesti Ehitusinseneride Liit<\/li>\n\n\n\n<li>Eesti Karj\u00e4\u00e4rin\u00f5ustajate \u00dching<\/li>\n\n\n\n<li>Eesti Turvaettev\u00f5tete Liit<\/li>\n\n\n\n<li>Haridus- ja Noorteamet<\/li>\n\n\n\n<li>Tallinna \u00dclikool<\/li>\n<\/ul>\n<\/div>\n\n\n\n<div class=\"wp-block-column is-layout-flow wp-block-column-is-layout-flow\"><div class=\"wp-block-image\">\n<figure class=\"alignright size-large is-resized\"><img decoding=\"async\" width=\"647\" height=\"1024\" src=\"http:\/\/kutsekoda.ee\/wp-content\/uploads\/2021\/11\/Kutsekoja-kvaliteedimark-2021-647x1024.png\" alt=\"tunnustatud kutse andja\" class=\"wp-image-17181\" style=\"width:324px;height:512px\" srcset=\"https:\/\/kutsekoda.ee\/wp-content\/uploads\/2021\/11\/Kutsekoja-kvaliteedimark-2021-647x1024.png 647w, https:\/\/kutsekoda.ee\/wp-content\/uploads\/2021\/11\/Kutsekoja-kvaliteedimark-2021-189x300.png 189w, https:\/\/kutsekoda.ee\/wp-content\/uploads\/2021\/11\/Kutsekoja-kvaliteedimark-2021-768x1216.png 768w, https:\/\/kutsekoda.ee\/wp-content\/uploads\/2021\/11\/Kutsekoja-kvaliteedimark-2021-970x1536.png 970w, https:\/\/kutsekoda.ee\/wp-content\/uploads\/2021\/11\/Kutsekoja-kvaliteedimark-2021-1293x2048.png 1293w\" sizes=\"(max-width: 647px) 100vw, 647px\" \/><\/figure>\n<\/div><\/div>\n<\/div>\n<\/div><\/details>\n\n\n\n<details class=\"wp-block-themeisle-blocks-accordion-item\"><summary class=\"wp-block-themeisle-blocks-accordion-item__title\"><div><strong>2019 &#8211; \u201cEeskujulik hindamise korraldaja\u201d<\/strong><\/div><\/summary><div class=\"wp-block-themeisle-blocks-accordion-item__content\">\n<div class=\"wp-block-columns is-layout-flex wp-container-core-columns-is-layout-9d6595d7 wp-block-columns-is-layout-flex\">\n<div class=\"wp-block-column is-layout-flow wp-block-column-is-layout-flow\">\n<ul class=\"wp-block-list\">\n<li>Eesti K\u00fctte- ja Ventilatsiooniinseneride \u00dchendus<\/li>\n\n\n\n<li>Eesti Noorsoot\u00f6\u00f6 Keskus<\/li>\n\n\n\n<li>Eesti Rahvakunsti ja K\u00e4sit\u00f6\u00f6 Liit<\/li>\n\n\n\n<li>Eesti Spaaliit<\/li>\n\n\n\n<li>Eesti Turvaettev\u00f5tete Liit<\/li>\n\n\n\n<li>Eesti T\u00e4iskasvanute Koolitajate Assotsiatsioon Andras<\/li>\n\n\n\n<li>Kutseliste Juuksurite Vabariiklik \u00dchendus<\/li>\n<\/ul>\n<\/div>\n\n\n\n<div class=\"wp-block-column is-layout-flow wp-block-column-is-layout-flow\">\n<p class=\"has-text-align-left\"> <figure class=\"wp-block-image alignright size-large is-resized\"><img decoding=\"async\" width=\"647\" height=\"1024\" class=\"wp-image-13258\" style=\"width:324px;height:512px\" src=\"http:\/\/kutsekoda.ee\/wp-content\/uploads\/2019\/02\/Kutsekoja-kvaliteedim\u00e4rk-2019-647x1024.png\" alt=\"Tunnustatud kutse andja kvaliteedim\u00e4rk\" srcset=\"https:\/\/kutsekoda.ee\/wp-content\/uploads\/2019\/02\/Kutsekoja-kvaliteedim\u00e4rk-2019-647x1024.png 647w, https:\/\/kutsekoda.ee\/wp-content\/uploads\/2019\/02\/Kutsekoja-kvaliteedim\u00e4rk-2019-189x300.png 189w, https:\/\/kutsekoda.ee\/wp-content\/uploads\/2019\/02\/Kutsekoja-kvaliteedim\u00e4rk-2019-768x1216.png 768w\" sizes=\"(max-width: 647px) 100vw, 647px\" \/><\/figure> <\/p>\n<\/div>\n<\/div>\n<\/div><\/details>\n\n\n\n<details class=\"wp-block-themeisle-blocks-accordion-item\"><summary class=\"wp-block-themeisle-blocks-accordion-item__title\"><div><strong>2018 &#8211; \u201cSilmapaistev kutsetunnistuse populariseerija\u201d<\/strong><\/div><\/summary><div class=\"wp-block-themeisle-blocks-accordion-item__content\">\n<ul class=\"wp-block-list\">\n<li>Eesti Ehitusinseneride Liit<\/li>\n\n\n\n<li>Eesti Hotellide ja Restoranide Liit<\/li>\n\n\n\n<li>Eesti Kinnisvaramaaklerite Koda<\/li>\n\n\n\n<li>Eesti Noorsoot\u00f6\u00f6 Keskus<\/li>\n\n\n\n<li>Eesti Personalijuhtimise \u00dching PARE<\/li>\n\n\n\n<li>Eesti Turvaettev\u00f5tete Liit<\/li>\n<\/ul>\n<\/div><\/details>\n\n\n\n<details class=\"wp-block-themeisle-blocks-accordion-item\"><summary class=\"wp-block-themeisle-blocks-accordion-item__title\"><div><strong>2017 &#8211; \u201cSelges\u00f5naline teejuht kutse taotlejale\u201d<\/strong><\/div><\/summary><div class=\"wp-block-themeisle-blocks-accordion-item__content\">\n<ul class=\"wp-block-list\">\n<li>Eesti Eripedagoogide Liit<\/li>\n\n\n\n<li>Eesti Hotellide ja Restoranide Liit<\/li>\n\n\n\n<li>Eesti Kaupmeeste Liit<\/li>\n\n\n\n<li>Eesti Noorsoot\u00f6\u00f6 Keskus<\/li>\n\n\n\n<li>Eesti Personalijuhtimise \u00dching PARE<\/li>\n\n\n\n<li>Eesti Planeerijate \u00dching<\/li>\n\n\n\n<li>Eesti Projektijuhtimise Assotsiatsioon<\/li>\n\n\n\n<li>Eesti Sotsiaalt\u00f6\u00f6 Assotsiatsioon<\/li>\n\n\n\n<li>Eesti Tervisedenduse \u00dching<\/li>\n\n\n\n<li>Eesti Turvaettev\u00f5tete Liit<\/li>\n\n\n\n<li>Eesti \u00d5petajate Liit<\/li>\n\n\n\n<li>Ida-Virumaa Kutsehariduskeskus<\/li>\n\n\n\n<li>MT\u00dc Eesti Pottsepad<\/li>\n\n\n\n<li>O\u00dc Puhastusekspert<\/li>\n\n\n\n<li>SA Eesti Vaba\u00f5humuuseum<\/li>\n<\/ul>\n<\/div><\/details>\n\n\n\n<details class=\"wp-block-themeisle-blocks-accordion-item\"><summary class=\"wp-block-themeisle-blocks-accordion-item__title\"><div><strong>2016 &#8211; \u201cTaotlejas\u00f5bralik info jagaja\u201d<\/strong><\/div><\/summary><div class=\"wp-block-themeisle-blocks-accordion-item__content\">\n<ul class=\"wp-block-list\">\n<li>Eesti Folkloorin\u00f5ukogu<\/li>\n\n\n\n<li>Eesti Kinnisvaramaaklerite Koda<\/li>\n\n\n\n<li>Eesti Kohtuekspertiisi Instituut<\/li>\n\n\n\n<li>Eesti Mehaanikainseneride Liit<\/li>\n\n\n\n<li>Eesti Noorsoot\u00f6\u00f6 Keskus<\/li>\n\n\n\n<li>Eesti P\u00f5llumeeste Keskliit<\/li>\n\n\n\n<li>Eesti Raamatupidajate Kogu<\/li>\n\n\n\n<li>Eesti Sotsiaalt\u00f6\u00f6 Assotsiatsioon<\/li>\n\n\n\n<li>Eesti Soojustehnikainseneride Selts<\/li>\n\n\n\n<li>Eesti Tehnikahariduskeskus<\/li>\n\n\n\n<li>O\u00dc Puhastusekspert<\/li>\n<\/ul>\n<\/div><\/details>\n<\/div>\n","protected":false},"excerpt":{"rendered":"<p>Kutsekoda annab kvaliteedim\u00e4rki v\u00e4lja selleks, et v\u00e4\u00e4rtustada kutse andmise tegevust ning motiveerida kutse andjaid kutsealase tegevuse arendamisel. Kvaliteedim\u00e4rgiga t\u00f5stame esile neid, kelle tegevust valitud kategoorias saab seada eeskujuks. L\u00e4bi tunnustamise&hellip;&nbsp;<a href=\"https:\/\/kutsekoda.ee\/en\/kutse-andjate-tunnustamine\/\" class=\"\" rel=\"bookmark\">Read More &raquo;<span class=\"screen-reader-text\">Kutse andjate tunnustamine<\/span><\/a><\/p>\n","protected":false},"author":11,"featured_media":0,"parent":0,"menu_order":0,"comment_status":"closed","ping_status":"closed","template":"","meta":{"inline_featured_image":false,"neve_meta_sidebar":"","neve_meta_container":"","neve_meta_enable_content_width":"","neve_meta_content_width":0,"neve_meta_title_alignment":"","neve_meta_author_avatar":"","neve_post_elements_order":"","neve_meta_disable_header":"","neve_meta_disable_footer":"","neve_meta_disable_title":"","_themeisle_gutenberg_block_has_review":false,"_FSMCFIC_featured_image_caption":"","_FSMCFIC_featured_image_nocaption":"","_FSMCFIC_featured_image_hide":"","footnotes":""},"class_list":["post-17164","page","type-page","status-publish","hentry"],"yoast_head":"<!-- This site is optimized with the Yoast SEO plugin v27.2 - https:\/\/yoast.com\/product\/yoast-seo-wordpress\/ -->\n<title>Kutse andjate tunnustamine - Kutsekoda<\/title>\n<meta name=\"robots\" content=\"index, follow, max-snippet:-1, max-image-preview:large, max-video-preview:-1\" \/>\n<link rel=\"canonical\" href=\"https:\/\/kutsekoda.ee\/kutse-andjate-tunnustamine\/\" \/>\n<meta property=\"og:locale\" content=\"en_US\" \/>\n<meta property=\"og:type\" content=\"article\" \/>\n<meta property=\"og:title\" content=\"Kutse andjate tunnustamine - Kutsekoda\" \/>\n<meta property=\"og:description\" content=\"Kutsekoda annab kvaliteedim\u00e4rki v\u00e4lja selleks, et v\u00e4\u00e4rtustada kutse andmise tegevust ning motiveerida kutse andjaid kutsealase tegevuse arendamisel. Kvaliteedim\u00e4rgiga t\u00f5stame esile neid, kelle tegevust valitud kategoorias saab seada eeskujuks. L\u00e4bi tunnustamise&hellip;&nbsp;Read More &raquo;Kutse andjate tunnustamine\" \/>\n<meta property=\"og:url\" content=\"https:\/\/kutsekoda.ee\/kutse-andjate-tunnustamine\/\" \/>\n<meta property=\"og:site_name\" content=\"Kutsekoda\" \/>\n<meta property=\"article:modified_time\" content=\"2023-12-07T13:20:58+00:00\" \/>\n<meta property=\"og:image\" content=\"http:\/\/kutsekoda.ee\/wp-content\/uploads\/2023\/12\/veebi-pilt-1024x895.png\" \/>\n<meta name=\"twitter:card\" content=\"summary_large_image\" \/>\n<meta name=\"twitter:label1\" content=\"Est. reading time\" \/>\n\t<meta name=\"twitter:data1\" content=\"3 minutes\" \/>\n<script type=\"application\/ld+json\" class=\"yoast-schema-graph\">{\"@context\":\"https:\/\/schema.org\",\"@graph\":[{\"@type\":\"WebPage\",\"@id\":\"https:\/\/kutsekoda.ee\/kutse-andjate-tunnustamine\/\",\"url\":\"https:\/\/kutsekoda.ee\/kutse-andjate-tunnustamine\/\",\"name\":\"Kutse andjate tunnustamine - Kutsekoda\",\"isPartOf\":{\"@id\":\"https:\/\/kutsekoda.ee\/#website\"},\"primaryImageOfPage\":{\"@id\":\"https:\/\/kutsekoda.ee\/kutse-andjate-tunnustamine\/#primaryimage\"},\"image\":{\"@id\":\"https:\/\/kutsekoda.ee\/kutse-andjate-tunnustamine\/#primaryimage\"},\"thumbnailUrl\":\"http:\/\/kutsekoda.ee\/wp-content\/uploads\/2023\/12\/veebi-pilt-1024x895.png\",\"datePublished\":\"2021-11-23T11:12:27+00:00\",\"dateModified\":\"2023-12-07T13:20:58+00:00\",\"breadcrumb\":{\"@id\":\"https:\/\/kutsekoda.ee\/kutse-andjate-tunnustamine\/#breadcrumb\"},\"inLanguage\":\"en-US\",\"potentialAction\":[{\"@type\":\"ReadAction\",\"target\":[\"https:\/\/kutsekoda.ee\/kutse-andjate-tunnustamine\/\"]}]},{\"@type\":\"ImageObject\",\"inLanguage\":\"en-US\",\"@id\":\"https:\/\/kutsekoda.ee\/kutse-andjate-tunnustamine\/#primaryimage\",\"url\":\"http:\/\/kutsekoda.ee\/wp-content\/uploads\/2023\/12\/veebi-pilt-1024x895.png\",\"contentUrl\":\"http:\/\/kutsekoda.ee\/wp-content\/uploads\/2023\/12\/veebi-pilt-1024x895.png\"},{\"@type\":\"BreadcrumbList\",\"@id\":\"https:\/\/kutsekoda.ee\/kutse-andjate-tunnustamine\/#breadcrumb\",\"itemListElement\":[{\"@type\":\"ListItem\",\"position\":1,\"name\":\"Frontpage\",\"item\":\"https:\/\/kutsekoda.ee\/en\/\"},{\"@type\":\"ListItem\",\"position\":2,\"name\":\"Kutse andjate tunnustamine\"}]},{\"@type\":\"WebSite\",\"@id\":\"https:\/\/kutsekoda.ee\/#website\",\"url\":\"https:\/\/kutsekoda.ee\/\",\"name\":\"Kutsekoda\",\"description\":\"\",\"potentialAction\":[{\"@type\":\"SearchAction\",\"target\":{\"@type\":\"EntryPoint\",\"urlTemplate\":\"https:\/\/kutsekoda.ee\/?s={search_term_string}\"},\"query-input\":{\"@type\":\"PropertyValueSpecification\",\"valueRequired\":true,\"valueName\":\"search_term_string\"}}],\"inLanguage\":\"en-US\"}]}<\/script>\n<!-- \/ Yoast SEO plugin. -->","yoast_head_json":{"title":"Kutse andjate tunnustamine - Kutsekoda","robots":{"index":"index","follow":"follow","max-snippet":"max-snippet:-1","max-image-preview":"max-image-preview:large","max-video-preview":"max-video-preview:-1"},"canonical":"https:\/\/kutsekoda.ee\/kutse-andjate-tunnustamine\/","og_locale":"en_US","og_type":"article","og_title":"Kutse andjate tunnustamine - Kutsekoda","og_description":"Kutsekoda annab kvaliteedim\u00e4rki v\u00e4lja selleks, et v\u00e4\u00e4rtustada kutse andmise tegevust ning motiveerida kutse andjaid kutsealase tegevuse arendamisel. Kvaliteedim\u00e4rgiga t\u00f5stame esile neid, kelle tegevust valitud kategoorias saab seada eeskujuks. L\u00e4bi tunnustamise&hellip;&nbsp;Read More &raquo;Kutse andjate tunnustamine","og_url":"https:\/\/kutsekoda.ee\/kutse-andjate-tunnustamine\/","og_site_name":"Kutsekoda","article_modified_time":"2023-12-07T13:20:58+00:00","og_image":[{"url":"http:\/\/kutsekoda.ee\/wp-content\/uploads\/2023\/12\/veebi-pilt-1024x895.png","type":"","width":"","height":""}],"twitter_card":"summary_large_image","twitter_misc":{"Est. reading time":"3 minutes"},"schema":{"@context":"https:\/\/schema.org","@graph":[{"@type":"WebPage","@id":"https:\/\/kutsekoda.ee\/kutse-andjate-tunnustamine\/","url":"https:\/\/kutsekoda.ee\/kutse-andjate-tunnustamine\/","name":"Kutse andjate tunnustamine - Kutsekoda","isPartOf":{"@id":"https:\/\/kutsekoda.ee\/#website"},"primaryImageOfPage":{"@id":"https:\/\/kutsekoda.ee\/kutse-andjate-tunnustamine\/#primaryimage"},"image":{"@id":"https:\/\/kutsekoda.ee\/kutse-andjate-tunnustamine\/#primaryimage"},"thumbnailUrl":"http:\/\/kutsekoda.ee\/wp-content\/uploads\/2023\/12\/veebi-pilt-1024x895.png","datePublished":"2021-11-23T11:12:27+00:00","dateModified":"2023-12-07T13:20:58+00:00","breadcrumb":{"@id":"https:\/\/kutsekoda.ee\/kutse-andjate-tunnustamine\/#breadcrumb"},"inLanguage":"en-US","potentialAction":[{"@type":"ReadAction","target":["https:\/\/kutsekoda.ee\/kutse-andjate-tunnustamine\/"]}]},{"@type":"ImageObject","inLanguage":"en-US","@id":"https:\/\/kutsekoda.ee\/kutse-andjate-tunnustamine\/#primaryimage","url":"http:\/\/kutsekoda.ee\/wp-content\/uploads\/2023\/12\/veebi-pilt-1024x895.png","contentUrl":"http:\/\/kutsekoda.ee\/wp-content\/uploads\/2023\/12\/veebi-pilt-1024x895.png"},{"@type":"BreadcrumbList","@id":"https:\/\/kutsekoda.ee\/kutse-andjate-tunnustamine\/#breadcrumb","itemListElement":[{"@type":"ListItem","position":1,"name":"Frontpage","item":"https:\/\/kutsekoda.ee\/en\/"},{"@type":"ListItem","position":2,"name":"Kutse andjate tunnustamine"}]},{"@type":"WebSite","@id":"https:\/\/kutsekoda.ee\/#website","url":"https:\/\/kutsekoda.ee\/","name":"Kutsekoda","description":"","potentialAction":[{"@type":"SearchAction","target":{"@type":"EntryPoint","urlTemplate":"https:\/\/kutsekoda.ee\/?s={search_term_string}"},"query-input":{"@type":"PropertyValueSpecification","valueRequired":true,"valueName":"search_term_string"}}],"inLanguage":"en-US"}]}},"publishpress_future_action":{"enabled":false,"date":"2026-04-22 02:38:19","action":"change-status","newStatus":"draft","terms":[],"taxonomy":"translation_priority","extraData":[]},"publishpress_future_workflow_manual_trigger":{"enabledWorkflows":[]},"_links":{"self":[{"href":"https:\/\/kutsekoda.ee\/en\/wp-json\/wp\/v2\/pages\/17164","targetHints":{"allow":["GET"]}}],"collection":[{"href":"https:\/\/kutsekoda.ee\/en\/wp-json\/wp\/v2\/pages"}],"about":[{"href":"https:\/\/kutsekoda.ee\/en\/wp-json\/wp\/v2\/types\/page"}],"author":[{"embeddable":true,"href":"https:\/\/kutsekoda.ee\/en\/wp-json\/wp\/v2\/users\/11"}],"replies":[{"embeddable":true,"href":"https:\/\/kutsekoda.ee\/en\/wp-json\/wp\/v2\/comments?post=17164"}],"version-history":[{"count":5,"href":"https:\/\/kutsekoda.ee\/en\/wp-json\/wp\/v2\/pages\/17164\/revisions"}],"predecessor-version":[{"id":40990,"href":"https:\/\/kutsekoda.ee\/en\/wp-json\/wp\/v2\/pages\/17164\/revisions\/40990"}],"wp:attachment":[{"href":"https:\/\/kutsekoda.ee\/en\/wp-json\/wp\/v2\/media?parent=17164"}],"curies":[{"name":"wp","href":"https:\/\/api.w.org\/{rel}","templated":true}]}}