{"id":17169,"date":"2021-11-24T11:30:49","date_gmt":"2021-11-24T09:30:49","guid":{"rendered":"http:\/\/kutsekoda.ee\/?page_id=17169"},"modified":"2022-02-02T16:43:25","modified_gmt":"2022-02-02T14:43:25","slug":"tunnustatud-kutse-andja-kvaliteedimargi-statuut-2","status":"publish","type":"page","link":"https:\/\/kutsekoda.ee\/en\/tunnustatud-kutse-andja-kvaliteedimargi-statuut-2\/","title":{"rendered":"Tunnustatud kutse andja kvaliteedim\u00e4rgi statuut"},"content":{"rendered":"\n<div class=\"wp-block-image\"><figure class=\"alignright size-medium is-resized\"><img fetchpriority=\"high\" decoding=\"async\" src=\"http:\/\/kutsekoda.ee\/wp-content\/uploads\/2021\/11\/Kutsekoja-kvaliteedimark-2021-189x300.png\" alt=\"tunnustatud kutse andja\" class=\"wp-image-17181\" width=\"220\" height=\"300\"\/><\/figure><\/div>\n\n\n\n<p>&#8220;Tunnustatud kutse andja&#8221; on kvaliteedim\u00e4rk, millega Sihtasutus Kutsekoda tunnustab kutse andjaid. <\/p>\n\n\n\n<p>Kvaliteedim\u00e4rk antakse v\u00e4lja \u00fches kategoorias, mille valib v\u00e4lja Kutsekoda.<\/p>\n\n\n\n<h2 class=\"wp-block-heading\"><strong>Kvaliteedim\u00e4rgi andmise eesm\u00e4rgid<\/strong> <\/h2>\n\n\n\n<ul class=\"wp-block-list\"><li>V\u00e4\u00e4rtustada kutse andmise tegevust.<\/li><li>Motiveerida kutse andjaid kutsealase tegevuse arendamisel.<\/li><li>T\u00f5sta esile kutse andjaid, kelle tegevust valitud kategoorias saab seada eeskujuks.<\/li><li>Jagada kutse andjate parimaid kogemusi.<\/li><li>T\u00f5sta kutses\u00fcsteemi usaldusv\u00e4\u00e4rsust, kvaliteeti ja mainet.<\/li><\/ul>\n\n\n\n<h2 class=\"wp-block-heading\"><strong>Kvaliteedim\u00e4rgi saamise eeldused<\/strong><\/h2>\n\n\n\n<ul class=\"wp-block-list\"><li>Kutse andja on kutseid andnud v\u00e4hemalt \u00fche aasta arvates kutse andja \u00f5iguste saamisest.<\/li><li>Kutse andja tegevus v\u00e4ljaantavas kategoorias on olnud eeskuju v\u00e4\u00e4riv.<br><\/li><\/ul>\n\n\n\n<h2 class=\"wp-block-heading\"><strong>Kvaliteedim\u00e4rgi v\u00e4ljaandmine<\/strong><\/h2>\n\n\n\n<ul class=\"wp-block-list\"><li>Kriteeriumid vastava kategooria hindamiseks t\u00f6\u00f6tatakse v\u00e4lja Kutsekoja eestvedamisel. Kategooria nimetus lisatakse kvaliteedim\u00e4rgile.<\/li><li>Kvaliteedim\u00e4rgi saajad nimetab komisjon, kuhu kuuluvad Kutsekoja juhatuse liikmed, kvaliteedijuht, kommunikatsioonijuht, kutsen\u00f5ukogude koordinaatorid ning kutseregistri t\u00f6\u00f6tajad.<\/li><li>Kutse andjatele v\u00e4ljastatakse virtuaalne kvaliteedim\u00e4rk, mida kutse andja saab eksponeerida oma kodulehel.<\/li><li>Tunnustatud kutse andjate nimekirja avaldab Kutsekoda oma kodulehel: <a rel=\"noreferrer noopener\" href=\"http:\/\/kutsekoda.ee\/kutse-andjate-tunnustamine\/\" target=\"_blank\">http:\/\/kutsekoda.ee\/kutse-andjate-tunnustamine\/<\/a>.<\/li><\/ul>\n","protected":false},"excerpt":{"rendered":"<p>&#8220;Tunnustatud kutse andja&#8221; on kvaliteedim\u00e4rk, millega Sihtasutus Kutsekoda tunnustab kutse andjaid. Kvaliteedim\u00e4rk antakse v\u00e4lja \u00fches kategoorias, mille valib v\u00e4lja Kutsekoda. Kvaliteedim\u00e4rgi andmise eesm\u00e4rgid V\u00e4\u00e4rtustada kutse andmise tegevust. Motiveerida kutse andjaid&hellip;&nbsp;<a href=\"https:\/\/kutsekoda.ee\/en\/tunnustatud-kutse-andja-kvaliteedimargi-statuut-2\/\" class=\"\" rel=\"bookmark\">Read More &raquo;<span class=\"screen-reader-text\">Tunnustatud kutse andja kvaliteedim\u00e4rgi statuut<\/span><\/a><\/p>\n","protected":false},"author":11,"featured_media":0,"parent":0,"menu_order":0,"comment_status":"closed","ping_status":"closed","template":"","meta":{"inline_featured_image":false,"neve_meta_sidebar":"","neve_meta_container":"","neve_meta_enable_content_width":"","neve_meta_content_width":0,"neve_meta_title_alignment":"","neve_meta_author_avatar":"","neve_post_elements_order":"","neve_meta_disable_header":"","neve_meta_disable_footer":"","neve_meta_disable_title":"","_themeisle_gutenberg_block_has_review":false,"_FSMCFIC_featured_image_caption":"","_FSMCFIC_featured_image_nocaption":"","_FSMCFIC_featured_image_hide":"","footnotes":""},"class_list":["post-17169","page","type-page","status-publish","hentry"],"yoast_head":"<!-- This site is optimized with the Yoast SEO plugin v27.2 - https:\/\/yoast.com\/product\/yoast-seo-wordpress\/ -->\n<title>Tunnustatud kutse andja kvaliteedim\u00e4rgi statuut - Kutsekoda<\/title>\n<meta name=\"robots\" content=\"index, follow, max-snippet:-1, max-image-preview:large, max-video-preview:-1\" \/>\n<link rel=\"canonical\" href=\"https:\/\/kutsekoda.ee\/tunnustatud-kutse-andja-kvaliteedimargi-statuut-2\/\" \/>\n<meta property=\"og:locale\" content=\"en_US\" \/>\n<meta property=\"og:type\" content=\"article\" \/>\n<meta property=\"og:title\" content=\"Tunnustatud kutse andja kvaliteedim\u00e4rgi statuut - Kutsekoda\" \/>\n<meta property=\"og:description\" content=\"&#8220;Tunnustatud kutse andja&#8221; on kvaliteedim\u00e4rk, millega Sihtasutus Kutsekoda tunnustab kutse andjaid. Kvaliteedim\u00e4rk antakse v\u00e4lja \u00fches kategoorias, mille valib v\u00e4lja Kutsekoda. Kvaliteedim\u00e4rgi andmise eesm\u00e4rgid V\u00e4\u00e4rtustada kutse andmise tegevust. Motiveerida kutse andjaid&hellip;&nbsp;Read More &raquo;Tunnustatud kutse andja kvaliteedim\u00e4rgi statuut\" \/>\n<meta property=\"og:url\" content=\"https:\/\/kutsekoda.ee\/tunnustatud-kutse-andja-kvaliteedimargi-statuut-2\/\" \/>\n<meta property=\"og:site_name\" content=\"Kutsekoda\" \/>\n<meta property=\"article:modified_time\" content=\"2022-02-02T14:43:25+00:00\" \/>\n<meta property=\"og:image\" content=\"http:\/\/kutsekoda.ee\/wp-content\/uploads\/2021\/11\/Kutsekoja-kvaliteedimark-2021-189x300.png\" \/>\n<meta name=\"twitter:card\" content=\"summary_large_image\" \/>\n<meta name=\"twitter:label1\" content=\"Est. reading time\" \/>\n\t<meta name=\"twitter:data1\" content=\"1 minute\" \/>\n<script type=\"application\/ld+json\" class=\"yoast-schema-graph\">{\"@context\":\"https:\/\/schema.org\",\"@graph\":[{\"@type\":\"WebPage\",\"@id\":\"https:\/\/kutsekoda.ee\/tunnustatud-kutse-andja-kvaliteedimargi-statuut-2\/\",\"url\":\"https:\/\/kutsekoda.ee\/tunnustatud-kutse-andja-kvaliteedimargi-statuut-2\/\",\"name\":\"Tunnustatud kutse andja kvaliteedim\u00e4rgi statuut - Kutsekoda\",\"isPartOf\":{\"@id\":\"https:\/\/kutsekoda.ee\/#website\"},\"primaryImageOfPage\":{\"@id\":\"https:\/\/kutsekoda.ee\/tunnustatud-kutse-andja-kvaliteedimargi-statuut-2\/#primaryimage\"},\"image\":{\"@id\":\"https:\/\/kutsekoda.ee\/tunnustatud-kutse-andja-kvaliteedimargi-statuut-2\/#primaryimage\"},\"thumbnailUrl\":\"http:\/\/kutsekoda.ee\/wp-content\/uploads\/2021\/11\/Kutsekoja-kvaliteedimark-2021-189x300.png\",\"datePublished\":\"2021-11-24T09:30:49+00:00\",\"dateModified\":\"2022-02-02T14:43:25+00:00\",\"breadcrumb\":{\"@id\":\"https:\/\/kutsekoda.ee\/tunnustatud-kutse-andja-kvaliteedimargi-statuut-2\/#breadcrumb\"},\"inLanguage\":\"en-US\",\"potentialAction\":[{\"@type\":\"ReadAction\",\"target\":[\"https:\/\/kutsekoda.ee\/tunnustatud-kutse-andja-kvaliteedimargi-statuut-2\/\"]}]},{\"@type\":\"ImageObject\",\"inLanguage\":\"en-US\",\"@id\":\"https:\/\/kutsekoda.ee\/tunnustatud-kutse-andja-kvaliteedimargi-statuut-2\/#primaryimage\",\"url\":\"http:\/\/kutsekoda.ee\/wp-content\/uploads\/2021\/11\/Kutsekoja-kvaliteedimark-2021-189x300.png\",\"contentUrl\":\"http:\/\/kutsekoda.ee\/wp-content\/uploads\/2021\/11\/Kutsekoja-kvaliteedimark-2021-189x300.png\"},{\"@type\":\"BreadcrumbList\",\"@id\":\"https:\/\/kutsekoda.ee\/tunnustatud-kutse-andja-kvaliteedimargi-statuut-2\/#breadcrumb\",\"itemListElement\":[{\"@type\":\"ListItem\",\"position\":1,\"name\":\"Frontpage\",\"item\":\"https:\/\/kutsekoda.ee\/en\/\"},{\"@type\":\"ListItem\",\"position\":2,\"name\":\"Tunnustatud kutse andja kvaliteedim\u00e4rgi statuut\"}]},{\"@type\":\"WebSite\",\"@id\":\"https:\/\/kutsekoda.ee\/#website\",\"url\":\"https:\/\/kutsekoda.ee\/\",\"name\":\"Kutsekoda\",\"description\":\"\",\"potentialAction\":[{\"@type\":\"SearchAction\",\"target\":{\"@type\":\"EntryPoint\",\"urlTemplate\":\"https:\/\/kutsekoda.ee\/?s={search_term_string}\"},\"query-input\":{\"@type\":\"PropertyValueSpecification\",\"valueRequired\":true,\"valueName\":\"search_term_string\"}}],\"inLanguage\":\"en-US\"}]}<\/script>\n<!-- \/ Yoast SEO plugin. -->","yoast_head_json":{"title":"Tunnustatud kutse andja kvaliteedim\u00e4rgi statuut - Kutsekoda","robots":{"index":"index","follow":"follow","max-snippet":"max-snippet:-1","max-image-preview":"max-image-preview:large","max-video-preview":"max-video-preview:-1"},"canonical":"https:\/\/kutsekoda.ee\/tunnustatud-kutse-andja-kvaliteedimargi-statuut-2\/","og_locale":"en_US","og_type":"article","og_title":"Tunnustatud kutse andja kvaliteedim\u00e4rgi statuut - Kutsekoda","og_description":"&#8220;Tunnustatud kutse andja&#8221; on kvaliteedim\u00e4rk, millega Sihtasutus Kutsekoda tunnustab kutse andjaid. Kvaliteedim\u00e4rk antakse v\u00e4lja \u00fches kategoorias, mille valib v\u00e4lja Kutsekoda. Kvaliteedim\u00e4rgi andmise eesm\u00e4rgid V\u00e4\u00e4rtustada kutse andmise tegevust. Motiveerida kutse andjaid&hellip;&nbsp;Read More &raquo;Tunnustatud kutse andja kvaliteedim\u00e4rgi statuut","og_url":"https:\/\/kutsekoda.ee\/tunnustatud-kutse-andja-kvaliteedimargi-statuut-2\/","og_site_name":"Kutsekoda","article_modified_time":"2022-02-02T14:43:25+00:00","og_image":[{"url":"http:\/\/kutsekoda.ee\/wp-content\/uploads\/2021\/11\/Kutsekoja-kvaliteedimark-2021-189x300.png","type":"","width":"","height":""}],"twitter_card":"summary_large_image","twitter_misc":{"Est. reading time":"1 minute"},"schema":{"@context":"https:\/\/schema.org","@graph":[{"@type":"WebPage","@id":"https:\/\/kutsekoda.ee\/tunnustatud-kutse-andja-kvaliteedimargi-statuut-2\/","url":"https:\/\/kutsekoda.ee\/tunnustatud-kutse-andja-kvaliteedimargi-statuut-2\/","name":"Tunnustatud kutse andja kvaliteedim\u00e4rgi statuut - Kutsekoda","isPartOf":{"@id":"https:\/\/kutsekoda.ee\/#website"},"primaryImageOfPage":{"@id":"https:\/\/kutsekoda.ee\/tunnustatud-kutse-andja-kvaliteedimargi-statuut-2\/#primaryimage"},"image":{"@id":"https:\/\/kutsekoda.ee\/tunnustatud-kutse-andja-kvaliteedimargi-statuut-2\/#primaryimage"},"thumbnailUrl":"http:\/\/kutsekoda.ee\/wp-content\/uploads\/2021\/11\/Kutsekoja-kvaliteedimark-2021-189x300.png","datePublished":"2021-11-24T09:30:49+00:00","dateModified":"2022-02-02T14:43:25+00:00","breadcrumb":{"@id":"https:\/\/kutsekoda.ee\/tunnustatud-kutse-andja-kvaliteedimargi-statuut-2\/#breadcrumb"},"inLanguage":"en-US","potentialAction":[{"@type":"ReadAction","target":["https:\/\/kutsekoda.ee\/tunnustatud-kutse-andja-kvaliteedimargi-statuut-2\/"]}]},{"@type":"ImageObject","inLanguage":"en-US","@id":"https:\/\/kutsekoda.ee\/tunnustatud-kutse-andja-kvaliteedimargi-statuut-2\/#primaryimage","url":"http:\/\/kutsekoda.ee\/wp-content\/uploads\/2021\/11\/Kutsekoja-kvaliteedimark-2021-189x300.png","contentUrl":"http:\/\/kutsekoda.ee\/wp-content\/uploads\/2021\/11\/Kutsekoja-kvaliteedimark-2021-189x300.png"},{"@type":"BreadcrumbList","@id":"https:\/\/kutsekoda.ee\/tunnustatud-kutse-andja-kvaliteedimargi-statuut-2\/#breadcrumb","itemListElement":[{"@type":"ListItem","position":1,"name":"Frontpage","item":"https:\/\/kutsekoda.ee\/en\/"},{"@type":"ListItem","position":2,"name":"Tunnustatud kutse andja kvaliteedim\u00e4rgi statuut"}]},{"@type":"WebSite","@id":"https:\/\/kutsekoda.ee\/#website","url":"https:\/\/kutsekoda.ee\/","name":"Kutsekoda","description":"","potentialAction":[{"@type":"SearchAction","target":{"@type":"EntryPoint","urlTemplate":"https:\/\/kutsekoda.ee\/?s={search_term_string}"},"query-input":{"@type":"PropertyValueSpecification","valueRequired":true,"valueName":"search_term_string"}}],"inLanguage":"en-US"}]}},"publishpress_future_action":{"enabled":false,"date":"2026-04-22 04:02:10","action":"change-status","newStatus":"draft","terms":[],"taxonomy":"translation_priority","extraData":[]},"publishpress_future_workflow_manual_trigger":{"enabledWorkflows":[]},"_links":{"self":[{"href":"https:\/\/kutsekoda.ee\/en\/wp-json\/wp\/v2\/pages\/17169","targetHints":{"allow":["GET"]}}],"collection":[{"href":"https:\/\/kutsekoda.ee\/en\/wp-json\/wp\/v2\/pages"}],"about":[{"href":"https:\/\/kutsekoda.ee\/en\/wp-json\/wp\/v2\/types\/page"}],"author":[{"embeddable":true,"href":"https:\/\/kutsekoda.ee\/en\/wp-json\/wp\/v2\/users\/11"}],"replies":[{"embeddable":true,"href":"https:\/\/kutsekoda.ee\/en\/wp-json\/wp\/v2\/comments?post=17169"}],"version-history":[{"count":5,"href":"https:\/\/kutsekoda.ee\/en\/wp-json\/wp\/v2\/pages\/17169\/revisions"}],"predecessor-version":[{"id":18285,"href":"https:\/\/kutsekoda.ee\/en\/wp-json\/wp\/v2\/pages\/17169\/revisions\/18285"}],"wp:attachment":[{"href":"https:\/\/kutsekoda.ee\/en\/wp-json\/wp\/v2\/media?parent=17169"}],"curies":[{"name":"wp","href":"https:\/\/api.w.org\/{rel}","templated":true}]}}