{"id":2506,"date":"2018-10-03T13:34:16","date_gmt":"2018-10-03T11:34:16","guid":{"rendered":"https:\/\/kutsekoda-wp.loc.piksel.ee\/?page_id=2506"},"modified":"2025-02-05T10:38:21","modified_gmt":"2025-02-05T08:38:21","slug":"reguleeritud-kutsed","status":"publish","type":"page","link":"https:\/\/kutsekoda.ee\/en\/reguleeritud-kutsed\/","title":{"rendered":"Reguleeritud kutsed"},"content":{"rendered":"\n<p class=\"has-text-align-left has-neve-link-color-color has-text-color has-medium-font-size\">Kutsekoda on kaardistanud<strong>&nbsp;Eestis&nbsp;eri seadustega reguleeritud ametid ja kutsed<\/strong>,&nbsp;mis eeldavad&nbsp;kutseseaduse alusel v\u00e4lja antud&nbsp;kutsetunnistuse&nbsp;omamist.<\/p>\n\n\n\n<hr class=\"wp-block-separator has-text-color has-alpha-channel-opacity has-background is-style-dots\" style=\"background-color:#f8d823;color:#f8d823\"\/>\n\n\n\n<p class=\"has-text-align-left has-neve-link-color-color has-text-color\"><strong>Reguleeritud kutsed jagunevad kaheks:<\/strong><\/p>\n\n\n\n<figure class=\"wp-block-table is-style-regular\" style=\"font-size:18px\"><table class=\"has-nv-light-bg-background-color has-background has-fixed-layout\"><tbody><tr><td>Ametid, millel ei saa ilma kutsetunnistuseta t\u00f6\u00f6tada:<br><a href=\"http:\/\/kutsekoda.ee\/wp-content\/uploads\/2024\/02\/Reguleeritud-kutsed_22.02.2024.xls\" target=\"_blank\" rel=\"noreferrer noopener\"><strong>reguleeritud kutsed<\/strong> <\/a>(seisuga 22.02.2024)<\/td><td>Ametid v\u00f5i spetsiifilised t\u00f6\u00f6\u00fclesanded, mille puhul kutsetunnistus on kohustuslik vaid teatud tingimustel: <br><strong><a href=\"http:\/\/kutsekoda.ee\/kutsetunnistus\/\"><\/a><\/strong><a href=\"http:\/\/kutsekoda.ee\/wp-content\/uploads\/2025\/02\/Osaliselt-reguleeritud-kutsed_05.02.2025.xlsx\"><strong>osaliselt reguleeritud kutsed<\/strong><\/a>\u00a0(seisuga 05.02.2025)<\/td><\/tr><\/tbody><\/table><\/figure>\n\n\n\n<p class=\"has-text-align-left\">Kuna esitatud andmed muutuvad ajas, tuleb seda teavet pidevalt t\u00e4iendada. <strong>Kui m\u00e4rkate tabelis infot, mis ei vasta tegelikkusele<\/strong>, palun andke sellest teada meiliaadressile <a>kutsekoda@kutsekoda.ee<\/a>.<\/p>\n\n\n\n<p class=\"has-text-align-left\">Lisaks neile on&nbsp;Eestis&nbsp;hulgaliselt&nbsp;ameteid ja kutseid, millel t\u00f6\u00f6tamine eeldab seadusega v\u00f5i seaduse alusel m\u00e4\u00e4ratud kvalifikatsiooni omamist (siin: dokumentaalselt t\u00f5estatud haridus, t\u00f6\u00f6kogemus) ja\/v\u00f5i erialasele ettevalmistusele esitatud n\u00f5uete t\u00e4itmist. <\/p>\n\n\n\n<p class=\"has-text-align-left\"><strong>T\u00e4psema informatsiooni leiate ENIC\/NARIC Keskuse <a href=\"https:\/\/harno.ee\/arenguvoimalused-ja-kvalifikatsioonid\/valisriigi-kvalifikatsioonide-tunnustamine\/kutsealane\" target=\"_blank\" rel=\"noreferrer noopener\">kodulehelt &gt;<\/a>.<\/strong><\/p>\n\n\n\n<p><strong>Teises Euroopa Liidu riigis reguleeritud<\/strong>&nbsp;<strong>kutsealal<\/strong> t\u00f6\u00f6tamiseks on vajalik eelnevalt&nbsp;l\u00e4bida kutsekvalifikatsiooni tunnustamine vastavalt ELi direktiivile 2005\/36.&nbsp;Tunnustamisel teises EL riigis aitab vastava ala kutsetunnistus ning&nbsp;teatud oludes ka Haridus- ja Teadusministeeriumi t\u00f5end l\u00e4bitud hariduse (diplomi)&nbsp;kohta.&nbsp;<\/p>\n\n\n\n<p>ELi kutsekvalifikatsiooni tunnustamise Eesti koordinaator on Haridus- ja Teadusministeeriumi n\u00f5unik:&nbsp;<\/p>\n\n\n\n<div class=\"wp-block-group\"><div class=\"wp-block-group__inner-container is-layout-constrained wp-block-group-is-layout-constrained\">\n<div class=\"wp-block-group has-nv-light-bg-background-color has-background is-vertical is-layout-flex wp-container-core-group-is-layout-8cf370e7 wp-block-group-is-layout-flex\">\n<p><strong>Tiia Raudma<\/strong><\/p>\n\n\n\n<p>E-post: <a href=\"mailto:tiia.raudma@hm.ee\">tiia.raudma@hm.ee<\/a><\/p>\n\n\n\n<p>Tel: 5649 9163&nbsp;<\/p>\n<\/div>\n\n\n\n<p><\/p>\n\n\n\n<p>Infot kutsekvalifikatsiooni tunnustamise kohta Euroopas leiate <strong><a href=\"https:\/\/harno.ee\/arenguvoimalused-ja-kvalifikatsioonid\/valisriigi-kvalifikatsioonide-tunnustamine\/kutsealane\">siit<\/a><\/strong>.&nbsp;<\/p>\n\n\n\n<h1 class=\"wp-block-heading\">Kasulikud lingid<\/h1>\n\n\n\n<figure class=\"wp-block-table is-style-regular has-medium-font-size\"><table class=\"has-nv-light-bg-background-color has-background has-fixed-layout\"><tbody><tr><td><a href=\"http:\/\/ec.europa.eu\/growth\/tools-databases\/regprof\/\" target=\"_blank\" rel=\"noreferrer noopener\"><strong>Euroopa reguleeritud kutsete andmebaas &gt;<\/strong><\/a><\/td><td><strong><a href=\"https:\/\/www.oph.fi\/en\/services\/regulated-professions-finland\" target=\"_blank\" rel=\"noreferrer noopener\">Reguleeritud kutsed Soomes &gt;<\/a><\/strong><\/td><\/tr><\/tbody><\/table><\/figure>\n\n\n\n<p class=\"has-text-align-left\"><br><br><\/p>\n<\/div><\/div>\n","protected":false},"excerpt":{"rendered":"<p>Kutsekoda on kaardistanud&nbsp;Eestis&nbsp;eri seadustega reguleeritud ametid ja kutsed,&nbsp;mis eeldavad&nbsp;kutseseaduse alusel v\u00e4lja antud&nbsp;kutsetunnistuse&nbsp;omamist. Reguleeritud kutsed jagunevad kaheks: Ametid, millel ei saa ilma kutsetunnistuseta t\u00f6\u00f6tada:reguleeritud kutsed (seisuga 22.02.2024) Ametid v\u00f5i spetsiifilised t\u00f6\u00f6\u00fclesanded,&hellip;&nbsp;<a href=\"https:\/\/kutsekoda.ee\/en\/reguleeritud-kutsed\/\" class=\"\" rel=\"bookmark\">Read More &raquo;<span class=\"screen-reader-text\">Reguleeritud kutsed<\/span><\/a><\/p>\n","protected":false},"author":1,"featured_media":0,"parent":0,"menu_order":0,"comment_status":"closed","ping_status":"closed","template":"","meta":{"inline_featured_image":false,"neve_meta_sidebar":"","neve_meta_container":"","neve_meta_enable_content_width":"","neve_meta_content_width":0,"neve_meta_title_alignment":"","neve_meta_author_avatar":"","neve_post_elements_order":"","neve_meta_disable_header":"","neve_meta_disable_footer":"","neve_meta_disable_title":"","_themeisle_gutenberg_block_has_review":false,"_FSMCFIC_featured_image_caption":"","_FSMCFIC_featured_image_nocaption":"","_FSMCFIC_featured_image_hide":"","footnotes":""},"class_list":["post-2506","page","type-page","status-publish","hentry"],"yoast_head":"<!-- This site is optimized with the Yoast SEO plugin v27.2 - https:\/\/yoast.com\/product\/yoast-seo-wordpress\/ -->\n<title>Reguleeritud kutsed - Kutsekoda<\/title>\n<meta name=\"robots\" content=\"index, follow, max-snippet:-1, max-image-preview:large, max-video-preview:-1\" \/>\n<link rel=\"canonical\" href=\"https:\/\/kutsekoda.ee\/reguleeritud-kutsed\/\" \/>\n<meta property=\"og:locale\" content=\"en_US\" \/>\n<meta property=\"og:type\" content=\"article\" \/>\n<meta property=\"og:title\" content=\"Reguleeritud kutsed - Kutsekoda\" \/>\n<meta property=\"og:description\" content=\"Kutsekoda on kaardistanud&nbsp;Eestis&nbsp;eri seadustega reguleeritud ametid ja kutsed,&nbsp;mis eeldavad&nbsp;kutseseaduse alusel v\u00e4lja antud&nbsp;kutsetunnistuse&nbsp;omamist. Reguleeritud kutsed jagunevad kaheks: Ametid, millel ei saa ilma kutsetunnistuseta t\u00f6\u00f6tada:reguleeritud kutsed (seisuga 22.02.2024) Ametid v\u00f5i spetsiifilised t\u00f6\u00f6\u00fclesanded,&hellip;&nbsp;Read More &raquo;Reguleeritud kutsed\" \/>\n<meta property=\"og:url\" content=\"https:\/\/kutsekoda.ee\/reguleeritud-kutsed\/\" \/>\n<meta property=\"og:site_name\" content=\"Kutsekoda\" \/>\n<meta property=\"article:modified_time\" content=\"2025-02-05T08:38:21+00:00\" \/>\n<meta name=\"twitter:card\" content=\"summary_large_image\" \/>\n<meta name=\"twitter:label1\" content=\"Est. reading time\" \/>\n\t<meta name=\"twitter:data1\" content=\"1 minute\" \/>\n<script type=\"application\/ld+json\" class=\"yoast-schema-graph\">{\"@context\":\"https:\/\/schema.org\",\"@graph\":[{\"@type\":\"WebPage\",\"@id\":\"https:\/\/kutsekoda.ee\/reguleeritud-kutsed\/\",\"url\":\"https:\/\/kutsekoda.ee\/reguleeritud-kutsed\/\",\"name\":\"Reguleeritud kutsed - Kutsekoda\",\"isPartOf\":{\"@id\":\"https:\/\/kutsekoda.ee\/#website\"},\"datePublished\":\"2018-10-03T11:34:16+00:00\",\"dateModified\":\"2025-02-05T08:38:21+00:00\",\"breadcrumb\":{\"@id\":\"https:\/\/kutsekoda.ee\/reguleeritud-kutsed\/#breadcrumb\"},\"inLanguage\":\"en-US\",\"potentialAction\":[{\"@type\":\"ReadAction\",\"target\":[\"https:\/\/kutsekoda.ee\/reguleeritud-kutsed\/\"]}]},{\"@type\":\"BreadcrumbList\",\"@id\":\"https:\/\/kutsekoda.ee\/reguleeritud-kutsed\/#breadcrumb\",\"itemListElement\":[{\"@type\":\"ListItem\",\"position\":1,\"name\":\"Frontpage\",\"item\":\"https:\/\/kutsekoda.ee\/en\/\"},{\"@type\":\"ListItem\",\"position\":2,\"name\":\"Reguleeritud kutsed\"}]},{\"@type\":\"WebSite\",\"@id\":\"https:\/\/kutsekoda.ee\/#website\",\"url\":\"https:\/\/kutsekoda.ee\/\",\"name\":\"Kutsekoda\",\"description\":\"\",\"potentialAction\":[{\"@type\":\"SearchAction\",\"target\":{\"@type\":\"EntryPoint\",\"urlTemplate\":\"https:\/\/kutsekoda.ee\/?s={search_term_string}\"},\"query-input\":{\"@type\":\"PropertyValueSpecification\",\"valueRequired\":true,\"valueName\":\"search_term_string\"}}],\"inLanguage\":\"en-US\"}]}<\/script>\n<!-- \/ Yoast SEO plugin. -->","yoast_head_json":{"title":"Reguleeritud kutsed - Kutsekoda","robots":{"index":"index","follow":"follow","max-snippet":"max-snippet:-1","max-image-preview":"max-image-preview:large","max-video-preview":"max-video-preview:-1"},"canonical":"https:\/\/kutsekoda.ee\/reguleeritud-kutsed\/","og_locale":"en_US","og_type":"article","og_title":"Reguleeritud kutsed - Kutsekoda","og_description":"Kutsekoda on kaardistanud&nbsp;Eestis&nbsp;eri seadustega reguleeritud ametid ja kutsed,&nbsp;mis eeldavad&nbsp;kutseseaduse alusel v\u00e4lja antud&nbsp;kutsetunnistuse&nbsp;omamist. Reguleeritud kutsed jagunevad kaheks: Ametid, millel ei saa ilma kutsetunnistuseta t\u00f6\u00f6tada:reguleeritud kutsed (seisuga 22.02.2024) Ametid v\u00f5i spetsiifilised t\u00f6\u00f6\u00fclesanded,&hellip;&nbsp;Read More &raquo;Reguleeritud kutsed","og_url":"https:\/\/kutsekoda.ee\/reguleeritud-kutsed\/","og_site_name":"Kutsekoda","article_modified_time":"2025-02-05T08:38:21+00:00","twitter_card":"summary_large_image","twitter_misc":{"Est. reading time":"1 minute"},"schema":{"@context":"https:\/\/schema.org","@graph":[{"@type":"WebPage","@id":"https:\/\/kutsekoda.ee\/reguleeritud-kutsed\/","url":"https:\/\/kutsekoda.ee\/reguleeritud-kutsed\/","name":"Reguleeritud kutsed - Kutsekoda","isPartOf":{"@id":"https:\/\/kutsekoda.ee\/#website"},"datePublished":"2018-10-03T11:34:16+00:00","dateModified":"2025-02-05T08:38:21+00:00","breadcrumb":{"@id":"https:\/\/kutsekoda.ee\/reguleeritud-kutsed\/#breadcrumb"},"inLanguage":"en-US","potentialAction":[{"@type":"ReadAction","target":["https:\/\/kutsekoda.ee\/reguleeritud-kutsed\/"]}]},{"@type":"BreadcrumbList","@id":"https:\/\/kutsekoda.ee\/reguleeritud-kutsed\/#breadcrumb","itemListElement":[{"@type":"ListItem","position":1,"name":"Frontpage","item":"https:\/\/kutsekoda.ee\/en\/"},{"@type":"ListItem","position":2,"name":"Reguleeritud kutsed"}]},{"@type":"WebSite","@id":"https:\/\/kutsekoda.ee\/#website","url":"https:\/\/kutsekoda.ee\/","name":"Kutsekoda","description":"","potentialAction":[{"@type":"SearchAction","target":{"@type":"EntryPoint","urlTemplate":"https:\/\/kutsekoda.ee\/?s={search_term_string}"},"query-input":{"@type":"PropertyValueSpecification","valueRequired":true,"valueName":"search_term_string"}}],"inLanguage":"en-US"}]}},"publishpress_future_action":{"enabled":false,"date":"2026-04-15 19:27:33","action":"change-status","newStatus":"draft","terms":[],"taxonomy":"translation_priority","extraData":[]},"publishpress_future_workflow_manual_trigger":{"enabledWorkflows":[]},"_links":{"self":[{"href":"https:\/\/kutsekoda.ee\/en\/wp-json\/wp\/v2\/pages\/2506","targetHints":{"allow":["GET"]}}],"collection":[{"href":"https:\/\/kutsekoda.ee\/en\/wp-json\/wp\/v2\/pages"}],"about":[{"href":"https:\/\/kutsekoda.ee\/en\/wp-json\/wp\/v2\/types\/page"}],"author":[{"embeddable":true,"href":"https:\/\/kutsekoda.ee\/en\/wp-json\/wp\/v2\/users\/1"}],"replies":[{"embeddable":true,"href":"https:\/\/kutsekoda.ee\/en\/wp-json\/wp\/v2\/comments?post=2506"}],"version-history":[{"count":5,"href":"https:\/\/kutsekoda.ee\/en\/wp-json\/wp\/v2\/pages\/2506\/revisions"}],"predecessor-version":[{"id":46936,"href":"https:\/\/kutsekoda.ee\/en\/wp-json\/wp\/v2\/pages\/2506\/revisions\/46936"}],"wp:attachment":[{"href":"https:\/\/kutsekoda.ee\/en\/wp-json\/wp\/v2\/media?parent=2506"}],"curies":[{"name":"wp","href":"https:\/\/api.w.org\/{rel}","templated":true}]}}