{"id":38138,"date":"2023-04-10T13:46:19","date_gmt":"2023-04-10T11:46:19","guid":{"rendered":"http:\/\/kutsekoda.ee\/?page_id=38138"},"modified":"2023-04-10T13:46:21","modified_gmt":"2023-04-10T11:46:21","slug":"koolitused-2023","status":"publish","type":"page","link":"https:\/\/kutsekoda.ee\/en\/koolitused-2023\/","title":{"rendered":"Koolitused 2023"},"content":{"rendered":"\n<div class=\"forminator-guttenberg\"><div class=\"forminator-ui forminator-custom-form forminator-custom-form-38135 forminator-design--default  forminator_ajax\" data-forminator-render=\"0\" data-form=\"forminator-module-38135\" data-uid=\"69df051354d66\"><br\/><\/div><form\n\t\t\t\tid=\"forminator-module-38135\"\n\t\t\t\tclass=\"forminator-ui forminator-custom-form forminator-custom-form-38135 forminator-design--default  forminator_ajax\"\n\t\t\t\tmethod=\"post\"\n\t\t\t\tdata-forminator-render=\"0\"\n\t\t\t\tdata-form-id=\"38135\"\n\t\t\t\t data-color-option=\"default\" data-design=\"default\" data-grid=\"open\" style=\"display: none;\"\n\t\t\t\tdata-uid=\"69df051354d66\"\n\t\t\t><div role=\"alert\" aria-live=\"polite\" class=\"forminator-response-message forminator-error\" aria-hidden=\"true\"><\/div><div class=\"forminator-row\"><div id=\"radio-1\" class=\"forminator-field-radio forminator-col forminator-col-12 \"><div role=\"radiogroup\" class=\"forminator-field\" aria-labelledby=\"forminator-radiogroup-radio-1-69df051354d66-label\"><span id=\"forminator-radiogroup-radio-1-69df051354d66-label\" class=\"forminator-label\">Sinu tiim<\/span><label id=\"forminator-field-radio-1-label-1\" for=\"forminator-field-radio-1-1-69df051354d66\" class=\"forminator-radio\" title=\"OSKA\"><input type=\"radio\" name=\"radio-1\" value=\"one\" id=\"forminator-field-radio-1-1-69df051354d66\" aria-labelledby=\"forminator-field-radio-1-label-1\" data-calculation=\"0\"  \/><span class=\"forminator-radio-bullet\" aria-hidden=\"true\"><\/span><span class=\"forminator-radio-label\">OSKA<\/span><\/label><label id=\"forminator-field-radio-1-label-2\" for=\"forminator-field-radio-1-2-69df051354d66\" class=\"forminator-radio\" title=\"Kutses\u00fcsteem\"><input type=\"radio\" name=\"radio-1\" value=\"two\" id=\"forminator-field-radio-1-2-69df051354d66\" aria-labelledby=\"forminator-field-radio-1-label-2\" data-calculation=\"0\"  \/><span class=\"forminator-radio-bullet\" aria-hidden=\"true\"><\/span><span class=\"forminator-radio-label\">Kutses\u00fcsteem<\/span><\/label><label id=\"forminator-field-radio-1-label-3\" for=\"forminator-field-radio-1-3-69df051354d66\" class=\"forminator-radio\" title=\"Kutseregister\"><input type=\"radio\" name=\"radio-1\" value=\"Kutseregister\" id=\"forminator-field-radio-1-3-69df051354d66\" aria-labelledby=\"forminator-field-radio-1-label-3\" data-calculation=\"0\"  \/><span class=\"forminator-radio-bullet\" aria-hidden=\"true\"><\/span><span class=\"forminator-radio-label\">Kutseregister<\/span><\/label><label id=\"forminator-field-radio-1-label-4\" for=\"forminator-field-radio-1-4-69df051354d66\" class=\"forminator-radio\" title=\"OsKuS\"><input type=\"radio\" name=\"radio-1\" value=\"OsKuS\" id=\"forminator-field-radio-1-4-69df051354d66\" aria-labelledby=\"forminator-field-radio-1-label-4\" data-calculation=\"0\"  \/><span class=\"forminator-radio-bullet\" aria-hidden=\"true\"><\/span><span class=\"forminator-radio-label\">OsKuS<\/span><\/label><label id=\"forminator-field-radio-1-label-5\" for=\"forminator-field-radio-1-5-69df051354d66\" class=\"forminator-radio\" title=\"Muu\"><input type=\"radio\" name=\"radio-1\" value=\"Juhatus-ja-kommunikatsioon\" id=\"forminator-field-radio-1-5-69df051354d66\" aria-labelledby=\"forminator-field-radio-1-label-5\" data-calculation=\"0\"  \/><span class=\"forminator-radio-bullet\" aria-hidden=\"true\"><\/span><span class=\"forminator-radio-label\">Muu<\/span><\/label><\/div><\/div><\/div><div class=\"forminator-row\"><div id=\"checkbox-1\" class=\"forminator-field-checkbox forminator-col forminator-col-12 \"><div role=\"group\" class=\"forminator-field\" aria-labelledby=\"forminator-checkbox-group-forminator-field-checkbox-1-69df051354d66-label\"><span id=\"forminator-checkbox-group-forminator-field-checkbox-1-69df051354d66-label\" class=\"forminator-label\">T\u00f6\u00f6ks vajalik v\u00f5i kasulik koolitus<\/span><label id=\"forminator-field-checkbox-1-1-69df051354d66-label\" for=\"forminator-field-checkbox-1-1-69df051354d66\" class=\"forminator-checkbox\" title=\"Kaamerakoolitus\"><input type=\"checkbox\" name=\"checkbox-1[]\" value=\"one\" id=\"forminator-field-checkbox-1-1-69df051354d66\" aria-labelledby=\"forminator-field-checkbox-1-1-69df051354d66-label\" data-calculation=\"0\"   aria-describedby=\"forminator-field-checkbox-1-69df051354d66-description\"\/><span class=\"forminator-checkbox-box\" aria-hidden=\"true\"><\/span><span class=\"forminator-checkbox-label\">Kaamerakoolitus<\/span><\/label><label id=\"forminator-field-checkbox-1-2-69df051354d66-label\" for=\"forminator-field-checkbox-1-2-69df051354d66\" class=\"forminator-checkbox\" title=\"Meediakoolitus (intervjuud, intrigeerivad teemad, kiuslikud k\u00fcsimused jmt)\"><input type=\"checkbox\" name=\"checkbox-1[]\" value=\"Meediakoolitus-(intervjuud,-intrigeerivad-teemad,-kiuslikud-k\u00fcsimused-jmt)\" id=\"forminator-field-checkbox-1-2-69df051354d66\" aria-labelledby=\"forminator-field-checkbox-1-2-69df051354d66-label\" data-calculation=\"0\"   aria-describedby=\"forminator-field-checkbox-1-69df051354d66-description\"\/><span class=\"forminator-checkbox-box\" aria-hidden=\"true\"><\/span><span class=\"forminator-checkbox-label\">Meediakoolitus (intervjuud, intrigeerivad teemad, kiuslikud k\u00fcsimused jmt)<\/span><\/label><label id=\"forminator-field-checkbox-1-3-69df051354d66-label\" for=\"forminator-field-checkbox-1-3-69df051354d66\" class=\"forminator-checkbox\" title=\"Inimeste juhtimine\"><input type=\"checkbox\" name=\"checkbox-1[]\" value=\"Inimeste-juhtimine\" id=\"forminator-field-checkbox-1-3-69df051354d66\" aria-labelledby=\"forminator-field-checkbox-1-3-69df051354d66-label\" data-calculation=\"0\"   aria-describedby=\"forminator-field-checkbox-1-69df051354d66-description\"\/><span class=\"forminator-checkbox-box\" aria-hidden=\"true\"><\/span><span class=\"forminator-checkbox-label\">Inimeste juhtimine<\/span><\/label><label id=\"forminator-field-checkbox-1-4-69df051354d66-label\" for=\"forminator-field-checkbox-1-4-69df051354d66\" class=\"forminator-checkbox\" title=\"T\u00f6\u00f6r\u00fchma l\u00e4biviimine\"><input type=\"checkbox\" name=\"checkbox-1[]\" value=\"T\u00f6\u00f6r\u00fchma-l\u00e4biviimine\" id=\"forminator-field-checkbox-1-4-69df051354d66\" aria-labelledby=\"forminator-field-checkbox-1-4-69df051354d66-label\" data-calculation=\"0\"   aria-describedby=\"forminator-field-checkbox-1-69df051354d66-description\"\/><span class=\"forminator-checkbox-box\" aria-hidden=\"true\"><\/span><span class=\"forminator-checkbox-label\">T\u00f6\u00f6r\u00fchma l\u00e4biviimine<\/span><\/label><label id=\"forminator-field-checkbox-1-5-69df051354d66-label\" for=\"forminator-field-checkbox-1-5-69df051354d66\" class=\"forminator-checkbox\" title=\"Eesti keel (s\u00f5navara, stilistika)\"><input type=\"checkbox\" name=\"checkbox-1[]\" value=\"Eesti-keel-(s\u00f5navara,-stilistika)\" id=\"forminator-field-checkbox-1-5-69df051354d66\" aria-labelledby=\"forminator-field-checkbox-1-5-69df051354d66-label\" data-calculation=\"0\"   aria-describedby=\"forminator-field-checkbox-1-69df051354d66-description\"\/><span class=\"forminator-checkbox-box\" aria-hidden=\"true\"><\/span><span class=\"forminator-checkbox-label\">Eesti keel (s\u00f5navara, stilistika)<\/span><\/label><span id=\"forminator-field-checkbox-1-69df051354d66-description\" class=\"forminator-description\">Siin on valik koolitusi, mis on erinevatel aruteludel s\u00f5elale j\u00e4\u00e4nud. M\u00e4rgi, millisel osalemist pead enda jaoks vajalikuks.<\/span><\/div><\/div><\/div><div class=\"forminator-row\"><div id=\"text-5\" class=\"forminator-field-text forminator-col forminator-col-12 \"><div class=\"forminator-field\"><label for=\"forminator-field-text-5_69df051354d66\" id=\"forminator-field-text-5_69df051354d66-label\" class=\"forminator-label\">Millist koolitust tunned, et vajaksid, aga mida ei ole loetelus?<\/label><input type=\"text\" name=\"text-5\" value=\"\" placeholder=\"\" id=\"forminator-field-text-5_69df051354d66\" class=\"forminator-input forminator-name--field\" data-required=\"\" \/><\/div><\/div><\/div><div class=\"forminator-row\"><div id=\"text-6\" class=\"forminator-field-text forminator-col forminator-col-12 \"><div class=\"forminator-field\"><label for=\"forminator-field-text-6_69df051354d66\" id=\"forminator-field-text-6_69df051354d66-label\" class=\"forminator-label\">Kellelt v\u00f5i mille kohta meie maja sees sooviksid rohkem teada saada \u2013 nn kolleegilt kolleegile?<\/label><input type=\"text\" name=\"text-6\" value=\"\" placeholder=\"\" id=\"forminator-field-text-6_69df051354d66\" class=\"forminator-input forminator-name--field\" data-required=\"\" aria-describedby=\"forminator-field-text-6_69df051354d66-description\" \/><span id=\"forminator-field-text-6_69df051354d66-description\" class=\"forminator-description\">Georgi on end juba \u00fcles andnud. Teda v\u00f5iksime kuulata suveakadeemia raames.<\/span><\/div><\/div><\/div><div class=\"forminator-row\"><div id=\"radio-2\" class=\"forminator-field-radio forminator-col forminator-col-12 \"><div role=\"radiogroup\" class=\"forminator-field\" aria-labelledby=\"forminator-radiogroup-radio-2-69df051354d66-label\"><span id=\"forminator-radiogroup-radio-2-69df051354d66-label\" class=\"forminator-label\">Kuhu v\u00f5iks liigituda suveakadeemia teine koolitus?<\/span><label id=\"forminator-field-radio-2-label-1\" for=\"forminator-field-radio-2-1-69df051354d66\" class=\"forminator-radio\" title=\"T\u00f6\u00f6 tegemist toetav (enesejuhtimine, m\u00e4lutehnikad, tiimit\u00f6\u00f6 vmt)\"><input type=\"radio\" name=\"radio-2\" value=\"one\" id=\"forminator-field-radio-2-1-69df051354d66\" aria-labelledby=\"forminator-field-radio-2-label-1\" data-calculation=\"0\"  \/><span class=\"forminator-radio-bullet\" aria-hidden=\"true\"><\/span><span class=\"forminator-radio-label\">T\u00f6\u00f6 tegemist toetav (enesejuhtimine, m\u00e4lutehnikad, tiimit\u00f6\u00f6 vmt)<\/span><\/label><label id=\"forminator-field-radio-2-label-2\" for=\"forminator-field-radio-2-2-69df051354d66\" class=\"forminator-radio\" title=\"Kehale ja\/v\u00f5i vaimule (stressiga toimetulek, tervislik uni, pingete maandamise tehnikad vmt)\"><input type=\"radio\" name=\"radio-2\" value=\"two\" id=\"forminator-field-radio-2-2-69df051354d66\" aria-labelledby=\"forminator-field-radio-2-label-2\" data-calculation=\"0\"  \/><span class=\"forminator-radio-bullet\" aria-hidden=\"true\"><\/span><span class=\"forminator-radio-label\">Kehale ja\/v\u00f5i vaimule (stressiga toimetulek, tervislik uni, pingete maandamise tehnikad vmt)<\/span><\/label><label id=\"forminator-field-radio-2-label-3\" for=\"forminator-field-radio-2-3-69df051354d66\" class=\"forminator-radio\" title=\"P\u00f5neva, aga kasuliku oskuse t\u00f6\u00f6tuba (maailma ilusaimate graafikute tegemine, t\u00f6\u00f6alaua feng shui vmt)\"><input type=\"radio\" name=\"radio-2\" value=\"P\u00f5neva,-aga-kasuliku-oskuse-t\u00f6\u00f6tuba\" id=\"forminator-field-radio-2-3-69df051354d66\" aria-labelledby=\"forminator-field-radio-2-label-3\" data-calculation=\"0\"  \/><span class=\"forminator-radio-bullet\" aria-hidden=\"true\"><\/span><span class=\"forminator-radio-label\">P\u00f5neva, aga kasuliku oskuse t\u00f6\u00f6tuba (maailma ilusaimate graafikute tegemine, t\u00f6\u00f6alaua feng shui vmt)<\/span><\/label><\/div><\/div><\/div><div class=\"forminator-row\"><div id=\"text-2\" class=\"forminator-field-text forminator-col forminator-col-12 \"><div class=\"forminator-field\"><label for=\"forminator-field-text-2_69df051354d66\" id=\"forminator-field-text-2_69df051354d66-label\" class=\"forminator-label\">Midagi konkreetset, millest oled juba m\u00f5elnud?<\/label><input type=\"text\" name=\"text-2\" value=\"\" placeholder=\"\" id=\"forminator-field-text-2_69df051354d66\" class=\"forminator-input forminator-name--field\" data-required=\"\" \/><\/div><\/div><\/div><input type=\"hidden\" name=\"referer_url\" value=\"\" \/><div class=\"forminator-row forminator-row-last\"><div class=\"forminator-col\"><div class=\"forminator-field\"><button class=\"forminator-button forminator-button-submit\">Saada &auml;ra<\/button><\/div><\/div><\/div><input type=\"hidden\" id=\"forminator_nonce\" name=\"forminator_nonce\" value=\"3c022b3fea\" \/><input type=\"hidden\" name=\"_wp_http_referer\" value=\"\/en\/wp-json\/wp\/v2\/pages\/38138\" \/><input type=\"hidden\" name=\"form_id\" value=\"38135\"><input type=\"hidden\" name=\"page_id\" value=\"38138\"><input type=\"hidden\" name=\"form_type\" value=\"default\"><input type=\"hidden\" name=\"current_url\" value=\"https:\/\/kutsekoda.ee\/en\/koolitused-2023\/\"><input type=\"hidden\" name=\"render_id\" value=\"0\"><input type=\"hidden\" name=\"action\" value=\"forminator_submit_form_custom-forms\"><\/form><\/div>\n","protected":false},"excerpt":{"rendered":"","protected":false},"author":19,"featured_media":0,"parent":0,"menu_order":0,"comment_status":"closed","ping_status":"closed","template":"","meta":{"inline_featured_image":false,"neve_meta_sidebar":"","neve_meta_container":"","neve_meta_enable_content_width":"","neve_meta_content_width":0,"neve_meta_title_alignment":"","neve_meta_author_avatar":"","neve_post_elements_order":"","neve_meta_disable_header":"","neve_meta_disable_footer":"","neve_meta_disable_title":"","_themeisle_gutenberg_block_has_review":false,"_FSMCFIC_featured_image_caption":"","_FSMCFIC_featured_image_nocaption":"","_FSMCFIC_featured_image_hide":"","footnotes":""},"class_list":["post-38138","page","type-page","status-publish","hentry"],"yoast_head":"<!-- This site is optimized with the Yoast SEO plugin v27.2 - https:\/\/yoast.com\/product\/yoast-seo-wordpress\/ -->\n<title>Koolitused 2023 - Kutsekoda<\/title>\n<meta name=\"robots\" content=\"index, follow, max-snippet:-1, max-image-preview:large, max-video-preview:-1\" \/>\n<link rel=\"canonical\" href=\"https:\/\/kutsekoda.ee\/koolitused-2023\/\" \/>\n<meta property=\"og:locale\" content=\"en_US\" \/>\n<meta property=\"og:type\" content=\"article\" \/>\n<meta property=\"og:title\" content=\"Koolitused 2023 - Kutsekoda\" \/>\n<meta property=\"og:url\" content=\"https:\/\/kutsekoda.ee\/koolitused-2023\/\" \/>\n<meta property=\"og:site_name\" content=\"Kutsekoda\" \/>\n<meta property=\"article:modified_time\" content=\"2023-04-10T11:46:21+00:00\" \/>\n<meta name=\"twitter:card\" content=\"summary_large_image\" \/>\n<meta name=\"twitter:label1\" content=\"Est. reading time\" \/>\n\t<meta name=\"twitter:data1\" content=\"1 minute\" \/>\n<script type=\"application\/ld+json\" class=\"yoast-schema-graph\">{\"@context\":\"https:\/\/schema.org\",\"@graph\":[{\"@type\":\"WebPage\",\"@id\":\"https:\/\/kutsekoda.ee\/koolitused-2023\/\",\"url\":\"https:\/\/kutsekoda.ee\/koolitused-2023\/\",\"name\":\"Koolitused 2023 - Kutsekoda\",\"isPartOf\":{\"@id\":\"https:\/\/kutsekoda.ee\/#website\"},\"datePublished\":\"2023-04-10T11:46:19+00:00\",\"dateModified\":\"2023-04-10T11:46:21+00:00\",\"breadcrumb\":{\"@id\":\"https:\/\/kutsekoda.ee\/koolitused-2023\/#breadcrumb\"},\"inLanguage\":\"en-US\",\"potentialAction\":[{\"@type\":\"ReadAction\",\"target\":[\"https:\/\/kutsekoda.ee\/koolitused-2023\/\"]}]},{\"@type\":\"BreadcrumbList\",\"@id\":\"https:\/\/kutsekoda.ee\/koolitused-2023\/#breadcrumb\",\"itemListElement\":[{\"@type\":\"ListItem\",\"position\":1,\"name\":\"Frontpage\",\"item\":\"https:\/\/kutsekoda.ee\/en\/\"},{\"@type\":\"ListItem\",\"position\":2,\"name\":\"Koolitused 2023\"}]},{\"@type\":\"WebSite\",\"@id\":\"https:\/\/kutsekoda.ee\/#website\",\"url\":\"https:\/\/kutsekoda.ee\/\",\"name\":\"Kutsekoda\",\"description\":\"\",\"potentialAction\":[{\"@type\":\"SearchAction\",\"target\":{\"@type\":\"EntryPoint\",\"urlTemplate\":\"https:\/\/kutsekoda.ee\/?s={search_term_string}\"},\"query-input\":{\"@type\":\"PropertyValueSpecification\",\"valueRequired\":true,\"valueName\":\"search_term_string\"}}],\"inLanguage\":\"en-US\"}]}<\/script>\n<!-- \/ Yoast SEO plugin. -->","yoast_head_json":{"title":"Koolitused 2023 - Kutsekoda","robots":{"index":"index","follow":"follow","max-snippet":"max-snippet:-1","max-image-preview":"max-image-preview:large","max-video-preview":"max-video-preview:-1"},"canonical":"https:\/\/kutsekoda.ee\/koolitused-2023\/","og_locale":"en_US","og_type":"article","og_title":"Koolitused 2023 - Kutsekoda","og_url":"https:\/\/kutsekoda.ee\/koolitused-2023\/","og_site_name":"Kutsekoda","article_modified_time":"2023-04-10T11:46:21+00:00","twitter_card":"summary_large_image","twitter_misc":{"Est. reading time":"1 minute"},"schema":{"@context":"https:\/\/schema.org","@graph":[{"@type":"WebPage","@id":"https:\/\/kutsekoda.ee\/koolitused-2023\/","url":"https:\/\/kutsekoda.ee\/koolitused-2023\/","name":"Koolitused 2023 - Kutsekoda","isPartOf":{"@id":"https:\/\/kutsekoda.ee\/#website"},"datePublished":"2023-04-10T11:46:19+00:00","dateModified":"2023-04-10T11:46:21+00:00","breadcrumb":{"@id":"https:\/\/kutsekoda.ee\/koolitused-2023\/#breadcrumb"},"inLanguage":"en-US","potentialAction":[{"@type":"ReadAction","target":["https:\/\/kutsekoda.ee\/koolitused-2023\/"]}]},{"@type":"BreadcrumbList","@id":"https:\/\/kutsekoda.ee\/koolitused-2023\/#breadcrumb","itemListElement":[{"@type":"ListItem","position":1,"name":"Frontpage","item":"https:\/\/kutsekoda.ee\/en\/"},{"@type":"ListItem","position":2,"name":"Koolitused 2023"}]},{"@type":"WebSite","@id":"https:\/\/kutsekoda.ee\/#website","url":"https:\/\/kutsekoda.ee\/","name":"Kutsekoda","description":"","potentialAction":[{"@type":"SearchAction","target":{"@type":"EntryPoint","urlTemplate":"https:\/\/kutsekoda.ee\/?s={search_term_string}"},"query-input":{"@type":"PropertyValueSpecification","valueRequired":true,"valueName":"search_term_string"}}],"inLanguage":"en-US"}]}},"publishpress_future_action":{"enabled":false,"date":"2026-04-22 05:25:07","action":"change-status","newStatus":"draft","terms":[],"taxonomy":"translation_priority","extraData":[]},"publishpress_future_workflow_manual_trigger":{"enabledWorkflows":[]},"_links":{"self":[{"href":"https:\/\/kutsekoda.ee\/en\/wp-json\/wp\/v2\/pages\/38138","targetHints":{"allow":["GET"]}}],"collection":[{"href":"https:\/\/kutsekoda.ee\/en\/wp-json\/wp\/v2\/pages"}],"about":[{"href":"https:\/\/kutsekoda.ee\/en\/wp-json\/wp\/v2\/types\/page"}],"author":[{"embeddable":true,"href":"https:\/\/kutsekoda.ee\/en\/wp-json\/wp\/v2\/users\/19"}],"replies":[{"embeddable":true,"href":"https:\/\/kutsekoda.ee\/en\/wp-json\/wp\/v2\/comments?post=38138"}],"version-history":[{"count":2,"href":"https:\/\/kutsekoda.ee\/en\/wp-json\/wp\/v2\/pages\/38138\/revisions"}],"predecessor-version":[{"id":38140,"href":"https:\/\/kutsekoda.ee\/en\/wp-json\/wp\/v2\/pages\/38138\/revisions\/38140"}],"wp:attachment":[{"href":"https:\/\/kutsekoda.ee\/en\/wp-json\/wp\/v2\/media?parent=38138"}],"curies":[{"name":"wp","href":"https:\/\/api.w.org\/{rel}","templated":true}]}}