{"id":39606,"date":"2023-08-28T14:29:07","date_gmt":"2023-08-28T12:29:07","guid":{"rendered":"http:\/\/kutsekoda.ee\/?page_id=39606"},"modified":"2025-11-13T11:30:46","modified_gmt":"2025-11-13T09:30:46","slug":"tunnustatud-kutse-andja-2025-konkurss-koduleht-kui-teeviit-kutseni","status":"publish","type":"page","link":"https:\/\/kutsekoda.ee\/en\/tunnustatud-kutse-andja-2025-konkurss-koduleht-kui-teeviit-kutseni\/","title":{"rendered":"Tunnustatud kutse andja 2025 konkurss \u201eKoduleht kui teeviit kutseni\u201c"},"content":{"rendered":"\n<p>Kvaliteedim\u00e4rgile \u201eTunnustatud kutse andja\u201c saavad t\u00e4navu kandideerida kutse andjad, kes on panustanud oma kodulehe asja- ja ajakohasusse ning kasutajamugavusse. V\u00e4ljapaistvad kandidaadid saavad kutse t\u00e4nuvastuv\u00f5tule, mis toimub Kutses\u00fcsteemi Reformi arengute tutvustamise seminari raames 10. detsembril Kultuurikatlas.<\/p>\n\n\n\n<p>Kvaliteedim\u00e4rgile kandideerinud kutse andjate kodulehti saavad hinnata ka kutse andjad, keda teavitatakse infoga eraldi meili teel. <\/p>\n\n\n\n<p>Loe rohkem: <a href=\"https:\/\/kutsekoda.ee\/tunnustatud-kutse-andja-konkursi-fookuses-on-kodulehtede-kasutajamugavus\/\" target=\"_blank\" rel=\"noreferrer noopener\">Tunnustatud kutse andja konkursi fookuses on kodulehtede kasutajamugavus<\/a><\/p>\n\n\n\n<hr class=\"wp-block-separator has-alpha-channel-opacity\"\/>\n\n\n\n<div id=\"wp-block-themeisle-blocks-advanced-columns-9a675127\" class=\"wp-block-themeisle-blocks-advanced-columns has-1-columns has-desktop-equal-layout has-tablet-equal-layout has-mobile-equal-layout has-vertical-unset\"><div class=\"wp-block-themeisle-blocks-advanced-columns-overlay\"><\/div><div class=\"innerblocks-wrap\">\n<div id=\"wp-block-themeisle-blocks-advanced-column-0cac516b\" class=\"wp-block-themeisle-blocks-advanced-column has-light-bg ticss-0cac516b\">\n<p>Oma kandidatuuri esitas 15 kutse andjat:<\/p>\n\n\n\n<ul class=\"wp-block-list\">\n<li>Eesti Personalijuhtimise \u00dching PARE<\/li>\n\n\n\n<li>Eesti Toitumisn\u00f5ustajate ja -terapeutide \u00dchendus<\/li>\n\n\n\n<li>SA Raudteekutsed<\/li>\n\n\n\n<li>MT\u00dc Eesti Peakokkade \u00dchendus<\/li>\n\n\n\n<li>Eesti Leivaliit MT\u00dc<\/li>\n\n\n\n<li>Eesti Meigikunstnike \u00dchendus<\/li>\n\n\n\n<li>Eesti Tantsukunsti ja Tantsuhariduse Liit<\/li>\n\n\n\n<li>Eesti Kinnisvaramaaklerite Koda MT\u00dc<\/li>\n\n\n\n<li>Eesti Masinat\u00f6\u00f6stuse Liit<\/li>\n\n\n\n<li>Eesti Ehitusinseneride Liit MT\u00dc<\/li>\n\n\n\n<li>Eesti Kvaliteedi\u00fching<\/li>\n\n\n\n<li>Eesti Noorsoot\u00f6\u00f6tajate Kogu<\/li>\n\n\n\n<li>MT\u00dc EEsti Kinnisvara Korrashoiu Liit<\/li>\n\n\n\n<li>Puhastusekspert<\/li>\n\n\n\n<li>Eesti Elektrit\u00f6\u00f6de Ettev\u00f5tjate Liit (EETEL)<\/li>\n<\/ul>\n\n\n\n<p>Hindamine toimus ajavahemikus 24.10-7.11, milles osalesid nii Kutsekoja t\u00f6\u00f6tajad kui ka kutse andjad.<\/p>\n<\/div>\n<\/div><\/div>\n\n\n\n<div id=\"wp-block-themeisle-blocks-advanced-columns-847b7a51\" class=\"wp-block-themeisle-blocks-advanced-columns has-1-columns has-desktop-equal-layout has-tablet-equal-layout has-mobile-equal-layout has-vertical-unset\"><div class=\"wp-block-themeisle-blocks-advanced-columns-overlay\"><\/div><div class=\"innerblocks-wrap\">\n<div id=\"wp-block-themeisle-blocks-advanced-column-d151273e\" class=\"wp-block-themeisle-blocks-advanced-column\"><\/div>\n<\/div><\/div>\n\n\n\n<p><\/p>\n","protected":false},"excerpt":{"rendered":"<p>Kvaliteedim\u00e4rgile \u201eTunnustatud kutse andja\u201c saavad t\u00e4navu kandideerida kutse andjad, kes on panustanud oma kodulehe asja- ja ajakohasusse ning kasutajamugavusse. V\u00e4ljapaistvad kandidaadid saavad kutse t\u00e4nuvastuv\u00f5tule, mis toimub Kutses\u00fcsteemi Reformi arengute tutvustamise&hellip;&nbsp;<a href=\"https:\/\/kutsekoda.ee\/en\/tunnustatud-kutse-andja-2025-konkurss-koduleht-kui-teeviit-kutseni\/\" class=\"\" rel=\"bookmark\">Read More &raquo;<span class=\"screen-reader-text\">Tunnustatud kutse andja 2025 konkurss \u201eKoduleht kui teeviit kutseni\u201c<\/span><\/a><\/p>\n","protected":false},"author":11,"featured_media":0,"parent":0,"menu_order":0,"comment_status":"closed","ping_status":"closed","template":"","meta":{"inline_featured_image":false,"neve_meta_sidebar":"","neve_meta_container":"","neve_meta_enable_content_width":"","neve_meta_content_width":0,"neve_meta_title_alignment":"","neve_meta_author_avatar":"","neve_post_elements_order":"","neve_meta_disable_header":"","neve_meta_disable_footer":"","neve_meta_disable_title":"","_themeisle_gutenberg_block_has_review":false,"_FSMCFIC_featured_image_caption":"","_FSMCFIC_featured_image_nocaption":"","_FSMCFIC_featured_image_hide":"","footnotes":""},"class_list":["post-39606","page","type-page","status-publish","hentry"],"yoast_head":"<!-- This site is optimized with the Yoast SEO plugin v27.2 - https:\/\/yoast.com\/product\/yoast-seo-wordpress\/ -->\n<title>Tunnustatud kutse andja 2025 konkurss \u201eKoduleht kui teeviit kutseni\u201c - Kutsekoda<\/title>\n<meta name=\"robots\" content=\"index, follow, max-snippet:-1, max-image-preview:large, max-video-preview:-1\" \/>\n<link rel=\"canonical\" href=\"https:\/\/kutsekoda.ee\/tunnustatud-kutse-andja-2025-konkurss-koduleht-kui-teeviit-kutseni\/\" \/>\n<meta property=\"og:locale\" content=\"en_US\" \/>\n<meta property=\"og:type\" content=\"article\" \/>\n<meta property=\"og:title\" content=\"Tunnustatud kutse andja 2025 konkurss \u201eKoduleht kui teeviit kutseni\u201c - Kutsekoda\" \/>\n<meta property=\"og:description\" content=\"Kvaliteedim\u00e4rgile \u201eTunnustatud kutse andja\u201c saavad t\u00e4navu kandideerida kutse andjad, kes on panustanud oma kodulehe asja- ja ajakohasusse ning kasutajamugavusse. V\u00e4ljapaistvad kandidaadid saavad kutse t\u00e4nuvastuv\u00f5tule, mis toimub Kutses\u00fcsteemi Reformi arengute tutvustamise&hellip;&nbsp;Read More &raquo;Tunnustatud kutse andja 2025 konkurss \u201eKoduleht kui teeviit kutseni\u201c\" \/>\n<meta property=\"og:url\" content=\"https:\/\/kutsekoda.ee\/tunnustatud-kutse-andja-2025-konkurss-koduleht-kui-teeviit-kutseni\/\" \/>\n<meta property=\"og:site_name\" content=\"Kutsekoda\" \/>\n<meta property=\"article:modified_time\" content=\"2025-11-13T09:30:46+00:00\" \/>\n<meta name=\"twitter:card\" content=\"summary_large_image\" \/>\n<meta name=\"twitter:label1\" content=\"Est. reading time\" \/>\n\t<meta name=\"twitter:data1\" content=\"1 minute\" \/>\n<script type=\"application\/ld+json\" class=\"yoast-schema-graph\">{\"@context\":\"https:\/\/schema.org\",\"@graph\":[{\"@type\":\"WebPage\",\"@id\":\"https:\/\/kutsekoda.ee\/tunnustatud-kutse-andja-2025-konkurss-koduleht-kui-teeviit-kutseni\/\",\"url\":\"https:\/\/kutsekoda.ee\/tunnustatud-kutse-andja-2025-konkurss-koduleht-kui-teeviit-kutseni\/\",\"name\":\"Tunnustatud kutse andja 2025 konkurss \u201eKoduleht kui teeviit kutseni\u201c - Kutsekoda\",\"isPartOf\":{\"@id\":\"https:\/\/kutsekoda.ee\/#website\"},\"datePublished\":\"2023-08-28T12:29:07+00:00\",\"dateModified\":\"2025-11-13T09:30:46+00:00\",\"breadcrumb\":{\"@id\":\"https:\/\/kutsekoda.ee\/tunnustatud-kutse-andja-2025-konkurss-koduleht-kui-teeviit-kutseni\/#breadcrumb\"},\"inLanguage\":\"en-US\",\"potentialAction\":[{\"@type\":\"ReadAction\",\"target\":[\"https:\/\/kutsekoda.ee\/tunnustatud-kutse-andja-2025-konkurss-koduleht-kui-teeviit-kutseni\/\"]}]},{\"@type\":\"BreadcrumbList\",\"@id\":\"https:\/\/kutsekoda.ee\/tunnustatud-kutse-andja-2025-konkurss-koduleht-kui-teeviit-kutseni\/#breadcrumb\",\"itemListElement\":[{\"@type\":\"ListItem\",\"position\":1,\"name\":\"Frontpage\",\"item\":\"https:\/\/kutsekoda.ee\/en\/\"},{\"@type\":\"ListItem\",\"position\":2,\"name\":\"Tunnustatud kutse andja 2025 konkurss \u201eKoduleht kui teeviit kutseni\u201c\"}]},{\"@type\":\"WebSite\",\"@id\":\"https:\/\/kutsekoda.ee\/#website\",\"url\":\"https:\/\/kutsekoda.ee\/\",\"name\":\"Kutsekoda\",\"description\":\"\",\"potentialAction\":[{\"@type\":\"SearchAction\",\"target\":{\"@type\":\"EntryPoint\",\"urlTemplate\":\"https:\/\/kutsekoda.ee\/?s={search_term_string}\"},\"query-input\":{\"@type\":\"PropertyValueSpecification\",\"valueRequired\":true,\"valueName\":\"search_term_string\"}}],\"inLanguage\":\"en-US\"}]}<\/script>\n<!-- \/ Yoast SEO plugin. -->","yoast_head_json":{"title":"Tunnustatud kutse andja 2025 konkurss \u201eKoduleht kui teeviit kutseni\u201c - Kutsekoda","robots":{"index":"index","follow":"follow","max-snippet":"max-snippet:-1","max-image-preview":"max-image-preview:large","max-video-preview":"max-video-preview:-1"},"canonical":"https:\/\/kutsekoda.ee\/tunnustatud-kutse-andja-2025-konkurss-koduleht-kui-teeviit-kutseni\/","og_locale":"en_US","og_type":"article","og_title":"Tunnustatud kutse andja 2025 konkurss \u201eKoduleht kui teeviit kutseni\u201c - Kutsekoda","og_description":"Kvaliteedim\u00e4rgile \u201eTunnustatud kutse andja\u201c saavad t\u00e4navu kandideerida kutse andjad, kes on panustanud oma kodulehe asja- ja ajakohasusse ning kasutajamugavusse. V\u00e4ljapaistvad kandidaadid saavad kutse t\u00e4nuvastuv\u00f5tule, mis toimub Kutses\u00fcsteemi Reformi arengute tutvustamise&hellip;&nbsp;Read More &raquo;Tunnustatud kutse andja 2025 konkurss \u201eKoduleht kui teeviit kutseni\u201c","og_url":"https:\/\/kutsekoda.ee\/tunnustatud-kutse-andja-2025-konkurss-koduleht-kui-teeviit-kutseni\/","og_site_name":"Kutsekoda","article_modified_time":"2025-11-13T09:30:46+00:00","twitter_card":"summary_large_image","twitter_misc":{"Est. reading time":"1 minute"},"schema":{"@context":"https:\/\/schema.org","@graph":[{"@type":"WebPage","@id":"https:\/\/kutsekoda.ee\/tunnustatud-kutse-andja-2025-konkurss-koduleht-kui-teeviit-kutseni\/","url":"https:\/\/kutsekoda.ee\/tunnustatud-kutse-andja-2025-konkurss-koduleht-kui-teeviit-kutseni\/","name":"Tunnustatud kutse andja 2025 konkurss \u201eKoduleht kui teeviit kutseni\u201c - Kutsekoda","isPartOf":{"@id":"https:\/\/kutsekoda.ee\/#website"},"datePublished":"2023-08-28T12:29:07+00:00","dateModified":"2025-11-13T09:30:46+00:00","breadcrumb":{"@id":"https:\/\/kutsekoda.ee\/tunnustatud-kutse-andja-2025-konkurss-koduleht-kui-teeviit-kutseni\/#breadcrumb"},"inLanguage":"en-US","potentialAction":[{"@type":"ReadAction","target":["https:\/\/kutsekoda.ee\/tunnustatud-kutse-andja-2025-konkurss-koduleht-kui-teeviit-kutseni\/"]}]},{"@type":"BreadcrumbList","@id":"https:\/\/kutsekoda.ee\/tunnustatud-kutse-andja-2025-konkurss-koduleht-kui-teeviit-kutseni\/#breadcrumb","itemListElement":[{"@type":"ListItem","position":1,"name":"Frontpage","item":"https:\/\/kutsekoda.ee\/en\/"},{"@type":"ListItem","position":2,"name":"Tunnustatud kutse andja 2025 konkurss \u201eKoduleht kui teeviit kutseni\u201c"}]},{"@type":"WebSite","@id":"https:\/\/kutsekoda.ee\/#website","url":"https:\/\/kutsekoda.ee\/","name":"Kutsekoda","description":"","potentialAction":[{"@type":"SearchAction","target":{"@type":"EntryPoint","urlTemplate":"https:\/\/kutsekoda.ee\/?s={search_term_string}"},"query-input":{"@type":"PropertyValueSpecification","valueRequired":true,"valueName":"search_term_string"}}],"inLanguage":"en-US"}]}},"publishpress_future_action":{"enabled":false,"date":"2026-04-16 02:42:10","action":"change-status","newStatus":"draft","terms":[],"taxonomy":"translation_priority","extraData":[]},"publishpress_future_workflow_manual_trigger":{"enabledWorkflows":[]},"_links":{"self":[{"href":"https:\/\/kutsekoda.ee\/en\/wp-json\/wp\/v2\/pages\/39606","targetHints":{"allow":["GET"]}}],"collection":[{"href":"https:\/\/kutsekoda.ee\/en\/wp-json\/wp\/v2\/pages"}],"about":[{"href":"https:\/\/kutsekoda.ee\/en\/wp-json\/wp\/v2\/types\/page"}],"author":[{"embeddable":true,"href":"https:\/\/kutsekoda.ee\/en\/wp-json\/wp\/v2\/users\/11"}],"replies":[{"embeddable":true,"href":"https:\/\/kutsekoda.ee\/en\/wp-json\/wp\/v2\/comments?post=39606"}],"version-history":[{"count":5,"href":"https:\/\/kutsekoda.ee\/en\/wp-json\/wp\/v2\/pages\/39606\/revisions"}],"predecessor-version":[{"id":50904,"href":"https:\/\/kutsekoda.ee\/en\/wp-json\/wp\/v2\/pages\/39606\/revisions\/50904"}],"wp:attachment":[{"href":"https:\/\/kutsekoda.ee\/en\/wp-json\/wp\/v2\/media?parent=39606"}],"curies":[{"name":"wp","href":"https:\/\/api.w.org\/{rel}","templated":true}]}}