{"id":40582,"date":"2023-11-03T07:54:01","date_gmt":"2023-11-03T05:54:01","guid":{"rendered":"http:\/\/kutsekoda.ee\/?page_id=40582"},"modified":"2023-11-03T07:54:03","modified_gmt":"2023-11-03T05:54:03","slug":"kutsesusteemi-25-aastapaeva-vastuvotul-osalemise-registreerimine","status":"publish","type":"page","link":"https:\/\/kutsekoda.ee\/en\/kutsesusteemi-25-aastapaeva-vastuvotul-osalemise-registreerimine\/","title":{"rendered":"Kutses\u00fcsteemi 25. aastap\u00e4eva vastuv\u00f5tul osalemise registreerimine"},"content":{"rendered":"<div class=\"wp-block-image is-style-default\">\n<figure class=\"aligncenter size-large is-resized\"><img fetchpriority=\"high\" decoding=\"async\" src=\"http:\/\/kutsekoda.ee\/wp-content\/uploads\/2023\/11\/Copy-of-Copy-of-Untitled-Design-1-1024x576.png\" alt=\"\" class=\"wp-image-40583\" width=\"768\" height=\"432\" srcset=\"https:\/\/kutsekoda.ee\/wp-content\/uploads\/2023\/11\/Copy-of-Copy-of-Untitled-Design-1-1024x576.png 1024w, https:\/\/kutsekoda.ee\/wp-content\/uploads\/2023\/11\/Copy-of-Copy-of-Untitled-Design-1-300x169.png 300w, https:\/\/kutsekoda.ee\/wp-content\/uploads\/2023\/11\/Copy-of-Copy-of-Untitled-Design-1-768x432.png 768w, https:\/\/kutsekoda.ee\/wp-content\/uploads\/2023\/11\/Copy-of-Copy-of-Untitled-Design-1-1536x864.png 1536w, https:\/\/kutsekoda.ee\/wp-content\/uploads\/2023\/11\/Copy-of-Copy-of-Untitled-Design-1-24x14.png 24w, https:\/\/kutsekoda.ee\/wp-content\/uploads\/2023\/11\/Copy-of-Copy-of-Untitled-Design-1-36x20.png 36w, https:\/\/kutsekoda.ee\/wp-content\/uploads\/2023\/11\/Copy-of-Copy-of-Untitled-Design-1-48x27.png 48w, https:\/\/kutsekoda.ee\/wp-content\/uploads\/2023\/11\/Copy-of-Copy-of-Untitled-Design-1.png 1600w\" sizes=\"(max-width: 768px) 100vw, 768px\" \/><\/figure>\n<\/div>\n\n\n<div class=\"wp-block-columns is-layout-flex wp-container-core-columns-is-layout-9d6595d7 wp-block-columns-is-layout-flex\">\n<div class=\"wp-block-column is-layout-flow wp-block-column-is-layout-flow\" style=\"flex-basis:25%\"><\/div>\n\n\n\n<div class=\"wp-block-column is-layout-flow wp-block-column-is-layout-flow\" style=\"flex-basis:50%\">\n<div style=\"height:89px\" aria-hidden=\"true\" class=\"wp-block-spacer\"><\/div>\n\n\n\n<div class=\"forminator-guttenberg\"><div class=\"forminator-ui forminator-custom-form forminator-custom-form-40577 forminator-design--default  forminator_ajax\" data-forminator-render=\"0\" data-form=\"forminator-module-40577\" data-uid=\"69e14d7a6aca4\"><br\/><\/div><form\n\t\t\t\tid=\"forminator-module-40577\"\n\t\t\t\tclass=\"forminator-ui forminator-custom-form forminator-custom-form-40577 forminator-design--default  forminator_ajax\"\n\t\t\t\tmethod=\"post\"\n\t\t\t\tdata-forminator-render=\"0\"\n\t\t\t\tdata-form-id=\"40577\"\n\t\t\t\t data-color-option=\"default\" data-design=\"default\" data-grid=\"open\" style=\"display: none;\"\n\t\t\t\tdata-uid=\"69e14d7a6aca4\"\n\t\t\t><div role=\"alert\" aria-live=\"polite\" class=\"forminator-response-message forminator-error\" aria-hidden=\"true\"><\/div><div class=\"forminator-row\"><div id=\"name-1\" class=\"forminator-field-name forminator-col forminator-col-12 \"><div class=\"forminator-field\"><label for=\"forminator-field-name-1_69e14d7a6aca4\" id=\"forminator-field-name-1_69e14d7a6aca4-label\" class=\"forminator-label\">Nimi <span class=\"forminator-required\">*<\/span><\/label><input type=\"text\" name=\"name-1\" value=\"\" placeholder=\"Sisestage palun ees- ja perenimi\" id=\"forminator-field-name-1_69e14d7a6aca4\" class=\"forminator-input forminator-name--field\" aria-required=\"true\" autocomplete=\"name\" \/><\/div><\/div><\/div><div class=\"forminator-row\"><div id=\"checkbox-1\" class=\"forminator-field-checkbox forminator-col forminator-col-12 \"><div role=\"group\" class=\"forminator-field required\" aria-labelledby=\"forminator-checkbox-group-forminator-field-checkbox-1-69e14d7a6aca4-label\"><span id=\"forminator-checkbox-group-forminator-field-checkbox-1-69e14d7a6aca4-label\" class=\"forminator-label\">Kas osalete vastuv\u00f5tul? <span class=\"forminator-required\">*<\/span><\/span><label id=\"forminator-field-checkbox-1-1-69e14d7a6aca4-label\" for=\"forminator-field-checkbox-1-1-69e14d7a6aca4\" class=\"forminator-checkbox\" title=\"Jah\"><input type=\"checkbox\" name=\"checkbox-1[]\" value=\"one\" id=\"forminator-field-checkbox-1-1-69e14d7a6aca4\" aria-labelledby=\"forminator-field-checkbox-1-1-69e14d7a6aca4-label\" data-calculation=\"0\"   data-hidden-behavior=\"zero\"\/><span class=\"forminator-checkbox-box\" aria-hidden=\"true\"><\/span><span class=\"forminator-checkbox-label\">Jah<\/span><\/label><label id=\"forminator-field-checkbox-1-2-69e14d7a6aca4-label\" for=\"forminator-field-checkbox-1-2-69e14d7a6aca4\" class=\"forminator-checkbox\" title=\"Ei\"><input type=\"checkbox\" name=\"checkbox-1[]\" value=\"two\" id=\"forminator-field-checkbox-1-2-69e14d7a6aca4\" aria-labelledby=\"forminator-field-checkbox-1-2-69e14d7a6aca4-label\" data-calculation=\"0\"   data-hidden-behavior=\"zero\"\/><span class=\"forminator-checkbox-box\" aria-hidden=\"true\"><\/span><span class=\"forminator-checkbox-label\">Ei<\/span><\/label><\/div><\/div><\/div><input type=\"hidden\" name=\"referer_url\" value=\"\" \/><div class=\"forminator-row forminator-row-last\"><div class=\"forminator-col\"><div class=\"forminator-field\"><button class=\"forminator-button forminator-button-submit\">Saada<\/button><\/div><\/div><\/div><input type=\"hidden\" id=\"forminator_nonce\" name=\"forminator_nonce\" value=\"9e328191ee\" \/><input type=\"hidden\" name=\"_wp_http_referer\" value=\"\/en\/wp-json\/wp\/v2\/pages\/40582\" \/><input type=\"hidden\" name=\"form_id\" value=\"40577\"><input type=\"hidden\" name=\"page_id\" value=\"40582\"><input type=\"hidden\" name=\"form_type\" value=\"default\"><input type=\"hidden\" name=\"current_url\" value=\"https:\/\/kutsekoda.ee\/en\/kutsesusteemi-25-aastapaeva-vastuvotul-osalemise-registreerimine\/\"><input type=\"hidden\" name=\"render_id\" value=\"0\"><input type=\"hidden\" name=\"action\" value=\"forminator_submit_form_custom-forms\"><\/form><\/div>\n<\/div>\n\n\n\n<div class=\"wp-block-column is-layout-flow wp-block-column-is-layout-flow\" style=\"flex-basis:25%\"><\/div>\n<\/div>\n\n\n\n<div class=\"wp-block-columns is-layout-flex wp-container-core-columns-is-layout-9d6595d7 wp-block-columns-is-layout-flex\"><\/div>\n","protected":false},"excerpt":{"rendered":"","protected":false},"author":19,"featured_media":0,"parent":0,"menu_order":0,"comment_status":"closed","ping_status":"closed","template":"","meta":{"inline_featured_image":false,"neve_meta_sidebar":"","neve_meta_container":"","neve_meta_enable_content_width":"","neve_meta_content_width":0,"neve_meta_title_alignment":"","neve_meta_author_avatar":"","neve_post_elements_order":"","neve_meta_disable_header":"","neve_meta_disable_footer":"","neve_meta_disable_title":"","_themeisle_gutenberg_block_has_review":false,"_FSMCFIC_featured_image_caption":"","_FSMCFIC_featured_image_nocaption":"","_FSMCFIC_featured_image_hide":"","footnotes":""},"class_list":["post-40582","page","type-page","status-publish","hentry"],"yoast_head":"<!-- This site is optimized with the Yoast SEO plugin v27.2 - https:\/\/yoast.com\/product\/yoast-seo-wordpress\/ -->\n<title>Kutses\u00fcsteemi 25. aastap\u00e4eva vastuv\u00f5tul osalemise registreerimine - Kutsekoda<\/title>\n<meta name=\"robots\" content=\"index, follow, max-snippet:-1, max-image-preview:large, max-video-preview:-1\" \/>\n<link rel=\"canonical\" href=\"https:\/\/kutsekoda.ee\/kutsesusteemi-25-aastapaeva-vastuvotul-osalemise-registreerimine\/\" \/>\n<meta property=\"og:locale\" content=\"en_US\" \/>\n<meta property=\"og:type\" content=\"article\" \/>\n<meta property=\"og:title\" content=\"Kutses\u00fcsteemi 25. aastap\u00e4eva vastuv\u00f5tul osalemise registreerimine - Kutsekoda\" \/>\n<meta property=\"og:url\" content=\"https:\/\/kutsekoda.ee\/kutsesusteemi-25-aastapaeva-vastuvotul-osalemise-registreerimine\/\" \/>\n<meta property=\"og:site_name\" content=\"Kutsekoda\" \/>\n<meta property=\"article:modified_time\" content=\"2023-11-03T05:54:03+00:00\" \/>\n<meta property=\"og:image\" content=\"http:\/\/kutsekoda.ee\/wp-content\/uploads\/2023\/11\/Copy-of-Copy-of-Untitled-Design-1-1024x576.png\" \/>\n<meta name=\"twitter:card\" content=\"summary_large_image\" \/>\n<meta name=\"twitter:label1\" content=\"Est. reading time\" \/>\n\t<meta name=\"twitter:data1\" content=\"1 minute\" \/>\n<script type=\"application\/ld+json\" class=\"yoast-schema-graph\">{\"@context\":\"https:\/\/schema.org\",\"@graph\":[{\"@type\":\"WebPage\",\"@id\":\"https:\/\/kutsekoda.ee\/kutsesusteemi-25-aastapaeva-vastuvotul-osalemise-registreerimine\/\",\"url\":\"https:\/\/kutsekoda.ee\/kutsesusteemi-25-aastapaeva-vastuvotul-osalemise-registreerimine\/\",\"name\":\"Kutses\u00fcsteemi 25. aastap\u00e4eva vastuv\u00f5tul osalemise registreerimine - Kutsekoda\",\"isPartOf\":{\"@id\":\"https:\/\/kutsekoda.ee\/#website\"},\"primaryImageOfPage\":{\"@id\":\"https:\/\/kutsekoda.ee\/kutsesusteemi-25-aastapaeva-vastuvotul-osalemise-registreerimine\/#primaryimage\"},\"image\":{\"@id\":\"https:\/\/kutsekoda.ee\/kutsesusteemi-25-aastapaeva-vastuvotul-osalemise-registreerimine\/#primaryimage\"},\"thumbnailUrl\":\"http:\/\/kutsekoda.ee\/wp-content\/uploads\/2023\/11\/Copy-of-Copy-of-Untitled-Design-1-1024x576.png\",\"datePublished\":\"2023-11-03T05:54:01+00:00\",\"dateModified\":\"2023-11-03T05:54:03+00:00\",\"breadcrumb\":{\"@id\":\"https:\/\/kutsekoda.ee\/kutsesusteemi-25-aastapaeva-vastuvotul-osalemise-registreerimine\/#breadcrumb\"},\"inLanguage\":\"en-US\",\"potentialAction\":[{\"@type\":\"ReadAction\",\"target\":[\"https:\/\/kutsekoda.ee\/kutsesusteemi-25-aastapaeva-vastuvotul-osalemise-registreerimine\/\"]}]},{\"@type\":\"ImageObject\",\"inLanguage\":\"en-US\",\"@id\":\"https:\/\/kutsekoda.ee\/kutsesusteemi-25-aastapaeva-vastuvotul-osalemise-registreerimine\/#primaryimage\",\"url\":\"http:\/\/kutsekoda.ee\/wp-content\/uploads\/2023\/11\/Copy-of-Copy-of-Untitled-Design-1-1024x576.png\",\"contentUrl\":\"http:\/\/kutsekoda.ee\/wp-content\/uploads\/2023\/11\/Copy-of-Copy-of-Untitled-Design-1-1024x576.png\"},{\"@type\":\"BreadcrumbList\",\"@id\":\"https:\/\/kutsekoda.ee\/kutsesusteemi-25-aastapaeva-vastuvotul-osalemise-registreerimine\/#breadcrumb\",\"itemListElement\":[{\"@type\":\"ListItem\",\"position\":1,\"name\":\"Frontpage\",\"item\":\"https:\/\/kutsekoda.ee\/en\/\"},{\"@type\":\"ListItem\",\"position\":2,\"name\":\"Kutses\u00fcsteemi 25. aastap\u00e4eva vastuv\u00f5tul osalemise registreerimine\"}]},{\"@type\":\"WebSite\",\"@id\":\"https:\/\/kutsekoda.ee\/#website\",\"url\":\"https:\/\/kutsekoda.ee\/\",\"name\":\"Kutsekoda\",\"description\":\"\",\"potentialAction\":[{\"@type\":\"SearchAction\",\"target\":{\"@type\":\"EntryPoint\",\"urlTemplate\":\"https:\/\/kutsekoda.ee\/?s={search_term_string}\"},\"query-input\":{\"@type\":\"PropertyValueSpecification\",\"valueRequired\":true,\"valueName\":\"search_term_string\"}}],\"inLanguage\":\"en-US\"}]}<\/script>\n<!-- \/ Yoast SEO plugin. -->","yoast_head_json":{"title":"Kutses\u00fcsteemi 25. aastap\u00e4eva vastuv\u00f5tul osalemise registreerimine - Kutsekoda","robots":{"index":"index","follow":"follow","max-snippet":"max-snippet:-1","max-image-preview":"max-image-preview:large","max-video-preview":"max-video-preview:-1"},"canonical":"https:\/\/kutsekoda.ee\/kutsesusteemi-25-aastapaeva-vastuvotul-osalemise-registreerimine\/","og_locale":"en_US","og_type":"article","og_title":"Kutses\u00fcsteemi 25. aastap\u00e4eva vastuv\u00f5tul osalemise registreerimine - Kutsekoda","og_url":"https:\/\/kutsekoda.ee\/kutsesusteemi-25-aastapaeva-vastuvotul-osalemise-registreerimine\/","og_site_name":"Kutsekoda","article_modified_time":"2023-11-03T05:54:03+00:00","og_image":[{"url":"http:\/\/kutsekoda.ee\/wp-content\/uploads\/2023\/11\/Copy-of-Copy-of-Untitled-Design-1-1024x576.png","type":"","width":"","height":""}],"twitter_card":"summary_large_image","twitter_misc":{"Est. reading time":"1 minute"},"schema":{"@context":"https:\/\/schema.org","@graph":[{"@type":"WebPage","@id":"https:\/\/kutsekoda.ee\/kutsesusteemi-25-aastapaeva-vastuvotul-osalemise-registreerimine\/","url":"https:\/\/kutsekoda.ee\/kutsesusteemi-25-aastapaeva-vastuvotul-osalemise-registreerimine\/","name":"Kutses\u00fcsteemi 25. aastap\u00e4eva vastuv\u00f5tul osalemise registreerimine - Kutsekoda","isPartOf":{"@id":"https:\/\/kutsekoda.ee\/#website"},"primaryImageOfPage":{"@id":"https:\/\/kutsekoda.ee\/kutsesusteemi-25-aastapaeva-vastuvotul-osalemise-registreerimine\/#primaryimage"},"image":{"@id":"https:\/\/kutsekoda.ee\/kutsesusteemi-25-aastapaeva-vastuvotul-osalemise-registreerimine\/#primaryimage"},"thumbnailUrl":"http:\/\/kutsekoda.ee\/wp-content\/uploads\/2023\/11\/Copy-of-Copy-of-Untitled-Design-1-1024x576.png","datePublished":"2023-11-03T05:54:01+00:00","dateModified":"2023-11-03T05:54:03+00:00","breadcrumb":{"@id":"https:\/\/kutsekoda.ee\/kutsesusteemi-25-aastapaeva-vastuvotul-osalemise-registreerimine\/#breadcrumb"},"inLanguage":"en-US","potentialAction":[{"@type":"ReadAction","target":["https:\/\/kutsekoda.ee\/kutsesusteemi-25-aastapaeva-vastuvotul-osalemise-registreerimine\/"]}]},{"@type":"ImageObject","inLanguage":"en-US","@id":"https:\/\/kutsekoda.ee\/kutsesusteemi-25-aastapaeva-vastuvotul-osalemise-registreerimine\/#primaryimage","url":"http:\/\/kutsekoda.ee\/wp-content\/uploads\/2023\/11\/Copy-of-Copy-of-Untitled-Design-1-1024x576.png","contentUrl":"http:\/\/kutsekoda.ee\/wp-content\/uploads\/2023\/11\/Copy-of-Copy-of-Untitled-Design-1-1024x576.png"},{"@type":"BreadcrumbList","@id":"https:\/\/kutsekoda.ee\/kutsesusteemi-25-aastapaeva-vastuvotul-osalemise-registreerimine\/#breadcrumb","itemListElement":[{"@type":"ListItem","position":1,"name":"Frontpage","item":"https:\/\/kutsekoda.ee\/en\/"},{"@type":"ListItem","position":2,"name":"Kutses\u00fcsteemi 25. aastap\u00e4eva vastuv\u00f5tul osalemise registreerimine"}]},{"@type":"WebSite","@id":"https:\/\/kutsekoda.ee\/#website","url":"https:\/\/kutsekoda.ee\/","name":"Kutsekoda","description":"","potentialAction":[{"@type":"SearchAction","target":{"@type":"EntryPoint","urlTemplate":"https:\/\/kutsekoda.ee\/?s={search_term_string}"},"query-input":{"@type":"PropertyValueSpecification","valueRequired":true,"valueName":"search_term_string"}}],"inLanguage":"en-US"}]}},"publishpress_future_action":{"enabled":false,"date":"2026-04-23 22:58:34","action":"change-status","newStatus":"draft","terms":[],"taxonomy":"translation_priority","extraData":[]},"publishpress_future_workflow_manual_trigger":{"enabledWorkflows":[]},"_links":{"self":[{"href":"https:\/\/kutsekoda.ee\/en\/wp-json\/wp\/v2\/pages\/40582","targetHints":{"allow":["GET"]}}],"collection":[{"href":"https:\/\/kutsekoda.ee\/en\/wp-json\/wp\/v2\/pages"}],"about":[{"href":"https:\/\/kutsekoda.ee\/en\/wp-json\/wp\/v2\/types\/page"}],"author":[{"embeddable":true,"href":"https:\/\/kutsekoda.ee\/en\/wp-json\/wp\/v2\/users\/19"}],"replies":[{"embeddable":true,"href":"https:\/\/kutsekoda.ee\/en\/wp-json\/wp\/v2\/comments?post=40582"}],"version-history":[{"count":5,"href":"https:\/\/kutsekoda.ee\/en\/wp-json\/wp\/v2\/pages\/40582\/revisions"}],"predecessor-version":[{"id":40603,"href":"https:\/\/kutsekoda.ee\/en\/wp-json\/wp\/v2\/pages\/40582\/revisions\/40603"}],"wp:attachment":[{"href":"https:\/\/kutsekoda.ee\/en\/wp-json\/wp\/v2\/media?parent=40582"}],"curies":[{"name":"wp","href":"https:\/\/api.w.org\/{rel}","templated":true}]}}