{"id":40670,"date":"2023-11-15T12:33:59","date_gmt":"2023-11-15T10:33:59","guid":{"rendered":"http:\/\/kutsekoda.ee\/?page_id=40670"},"modified":"2025-11-13T13:49:49","modified_gmt":"2025-11-13T11:49:49","slug":"reformi-seminar","status":"publish","type":"page","link":"https:\/\/kutsekoda.ee\/en\/reformi-seminar\/","title":{"rendered":"Kutses\u00fcsteemi Reformi arengute tutvustamise seminar, tunnustamine ja t\u00e4nuvastuv\u00f5tt"},"content":{"rendered":"\n<p>Hea koost\u00f6\u00f6partner <\/p>\n\n\n\n<p>Kutsume Sind Kutses\u00fcsteemi Reformi arengute tutvustamise seminarile, mis toimub 10. detsembril Kultuurikatla Katelde saalis. \u00dchtlasi kuulutame v\u00e4lja ja tunnustame Kutsekoja kvaliteedim\u00e4rgi p\u00e4lvinud kutse andjaid ning tunnustame teisi partnereid. P\u00e4eva l\u00f5petame t\u00e4nuvastuv\u00f5tuga.<\/p>\n\n\n\n<p><strong>P\u00e4evakava<\/strong><\/p>\n\n\n\n<p>13.00 Tervituskohv ja kogunemine<br>13.30 Kutses\u00fcsteemi arengute tutvustus \u2013 suuremad muudatused kutseseaduses ja eeln\u00f5u menetluse t\u00f6\u00f6j\u00e4rg. K\u00fclli All, HTM<br>14.00 Kompetentsiprofiilide tutvustus. Aimi P\u00fc\u00fca, Kutsekoda<br>14.30 Oskuste Kompassi teenuste keskkonna t\u00f6\u00f6j\u00e4rg. Kerli Po\u017eogina ja Otto J\u00f5eleht, Kutsekoda<br>15.00 Meelelahutuslik vahepala<br>15.20 Tunnustamise tseremoonia<br>16.00\u201318.00 T\u00e4nuvastuv\u00f5tt ja v\u00f5rgustumine<\/p>\n\n\n\n<p>Kuna kohtade arv on piiratud, palume kutse andjail osaleda kuni kahe esindajaga (registreerida individuaalselt). <\/p>\n\n\n\n<p>Kohtade t\u00e4itumise korral on v\u00f5imalik end registreerida ootenimekirja. Vabanenud kohast teavitatakse hiljemalt n\u00e4dal enne s\u00fcndmust.<\/p>\n\n\n\n<div class=\"wp-block-columns is-layout-flex wp-container-core-columns-is-layout-9d6595d7 wp-block-columns-is-layout-flex\">\n<div class=\"wp-block-column is-layout-flow wp-block-column-is-layout-flow\" style=\"flex-basis:50%\"><p>\t\t\t\t<div class=\"forminator-custom-form\">\n\t\t\t\t\t\t\t\t\t\t\t<label class=\"forminator-label--info\"><span>Registreerimine on l\u00f5ppenud<\/span><\/label>\n\t\t\t\t\t\t\t\t\t<\/div>\n\t\t\t\t<\/p>\n<\/div>\n\n\n\n<div class=\"wp-block-column is-layout-flow wp-block-column-is-layout-flow\" style=\"flex-basis:25%\"><\/div>\n\n\n\n<div class=\"wp-block-column is-layout-flow wp-block-column-is-layout-flow\" style=\"flex-basis:25%\"><\/div>\n<\/div>\n\n\n\n<p><\/p>\n","protected":false},"excerpt":{"rendered":"<p>Hea koost\u00f6\u00f6partner Kutsume Sind Kutses\u00fcsteemi Reformi arengute tutvustamise seminarile, mis toimub 10. detsembril Kultuurikatla Katelde saalis. \u00dchtlasi kuulutame v\u00e4lja ja tunnustame Kutsekoja kvaliteedim\u00e4rgi p\u00e4lvinud kutse andjaid ning tunnustame teisi partnereid.&hellip;&nbsp;<a href=\"https:\/\/kutsekoda.ee\/en\/reformi-seminar\/\" class=\"\" rel=\"bookmark\">Read More &raquo;<span class=\"screen-reader-text\">Kutses\u00fcsteemi Reformi arengute tutvustamise seminar, tunnustamine ja t\u00e4nuvastuv\u00f5tt<\/span><\/a><\/p>\n","protected":false},"author":19,"featured_media":0,"parent":0,"menu_order":0,"comment_status":"closed","ping_status":"closed","template":"","meta":{"inline_featured_image":false,"neve_meta_sidebar":"","neve_meta_container":"","neve_meta_enable_content_width":"","neve_meta_content_width":0,"neve_meta_title_alignment":"","neve_meta_author_avatar":"","neve_post_elements_order":"","neve_meta_disable_header":"","neve_meta_disable_footer":"","neve_meta_disable_title":"","_themeisle_gutenberg_block_has_review":false,"_FSMCFIC_featured_image_caption":"","_FSMCFIC_featured_image_nocaption":"","_FSMCFIC_featured_image_hide":"","footnotes":""},"class_list":["post-40670","page","type-page","status-publish","hentry"],"yoast_head":"<!-- This site is optimized with the Yoast SEO plugin v27.5 - https:\/\/yoast.com\/product\/yoast-seo-wordpress\/ -->\n<title>Kutses\u00fcsteemi Reformi arengute tutvustamise seminar, tunnustamine ja t\u00e4nuvastuv\u00f5tt - Kutsekoda<\/title>\n<meta name=\"robots\" content=\"index, follow, max-snippet:-1, max-image-preview:large, max-video-preview:-1\" \/>\n<link rel=\"canonical\" href=\"https:\/\/kutsekoda.ee\/reformi-seminar\/\" \/>\n<meta property=\"og:locale\" content=\"en_US\" \/>\n<meta property=\"og:type\" content=\"article\" \/>\n<meta property=\"og:title\" content=\"Kutses\u00fcsteemi Reformi arengute tutvustamise seminar, tunnustamine ja t\u00e4nuvastuv\u00f5tt - Kutsekoda\" \/>\n<meta property=\"og:description\" content=\"Hea koost\u00f6\u00f6partner Kutsume Sind Kutses\u00fcsteemi Reformi arengute tutvustamise seminarile, mis toimub 10. detsembril Kultuurikatla Katelde saalis. \u00dchtlasi kuulutame v\u00e4lja ja tunnustame Kutsekoja kvaliteedim\u00e4rgi p\u00e4lvinud kutse andjaid ning tunnustame teisi partnereid.&hellip;&nbsp;Read More &raquo;Kutses\u00fcsteemi Reformi arengute tutvustamise seminar, tunnustamine ja t\u00e4nuvastuv\u00f5tt\" \/>\n<meta property=\"og:url\" content=\"https:\/\/kutsekoda.ee\/reformi-seminar\/\" \/>\n<meta property=\"og:site_name\" content=\"Kutsekoda\" \/>\n<meta property=\"article:modified_time\" content=\"2025-11-13T11:49:49+00:00\" \/>\n<meta name=\"twitter:card\" content=\"summary_large_image\" \/>\n<script type=\"application\/ld+json\" class=\"yoast-schema-graph\">{\"@context\":\"https:\\\/\\\/schema.org\",\"@graph\":[{\"@type\":\"WebPage\",\"@id\":\"https:\\\/\\\/kutsekoda.ee\\\/reformi-seminar\\\/\",\"url\":\"https:\\\/\\\/kutsekoda.ee\\\/reformi-seminar\\\/\",\"name\":\"Kutses\u00fcsteemi Reformi arengute tutvustamise seminar, tunnustamine ja t\u00e4nuvastuv\u00f5tt - Kutsekoda\",\"isPartOf\":{\"@id\":\"https:\\\/\\\/kutsekoda.ee\\\/#website\"},\"datePublished\":\"2023-11-15T10:33:59+00:00\",\"dateModified\":\"2025-11-13T11:49:49+00:00\",\"breadcrumb\":{\"@id\":\"https:\\\/\\\/kutsekoda.ee\\\/reformi-seminar\\\/#breadcrumb\"},\"inLanguage\":\"en-US\",\"potentialAction\":[{\"@type\":\"ReadAction\",\"target\":[\"https:\\\/\\\/kutsekoda.ee\\\/reformi-seminar\\\/\"]}]},{\"@type\":\"BreadcrumbList\",\"@id\":\"https:\\\/\\\/kutsekoda.ee\\\/reformi-seminar\\\/#breadcrumb\",\"itemListElement\":[{\"@type\":\"ListItem\",\"position\":1,\"name\":\"Frontpage\",\"item\":\"https:\\\/\\\/kutsekoda.ee\\\/en\\\/\"},{\"@type\":\"ListItem\",\"position\":2,\"name\":\"Kutses\u00fcsteemi Reformi arengute tutvustamise seminar, tunnustamine ja t\u00e4nuvastuv\u00f5tt\"}]},{\"@type\":\"WebSite\",\"@id\":\"https:\\\/\\\/kutsekoda.ee\\\/#website\",\"url\":\"https:\\\/\\\/kutsekoda.ee\\\/\",\"name\":\"Kutsekoda\",\"description\":\"\",\"publisher\":{\"@id\":\"https:\\\/\\\/kutsekoda.ee\\\/#organization\"},\"potentialAction\":[{\"@type\":\"SearchAction\",\"target\":{\"@type\":\"EntryPoint\",\"urlTemplate\":\"https:\\\/\\\/kutsekoda.ee\\\/?s={search_term_string}\"},\"query-input\":{\"@type\":\"PropertyValueSpecification\",\"valueRequired\":true,\"valueName\":\"search_term_string\"}}],\"inLanguage\":\"en-US\"},{\"@type\":\"Organization\",\"@id\":\"https:\\\/\\\/kutsekoda.ee\\\/#organization\",\"name\":\"Sihtasutus Kutsekoda\",\"url\":\"https:\\\/\\\/kutsekoda.ee\\\/\",\"logo\":{\"@type\":\"ImageObject\",\"inLanguage\":\"en-US\",\"@id\":\"https:\\\/\\\/kutsekoda.ee\\\/#\\\/schema\\\/logo\\\/image\\\/\",\"url\":\"https:\\\/\\\/kutsekoda.ee\\\/wp-content\\\/uploads\\\/2023\\\/02\\\/cropped-kutsekoda-logo-et-1.png\",\"contentUrl\":\"https:\\\/\\\/kutsekoda.ee\\\/wp-content\\\/uploads\\\/2023\\\/02\\\/cropped-kutsekoda-logo-et-1.png\",\"width\":200,\"height\":72,\"caption\":\"Sihtasutus Kutsekoda\"},\"image\":{\"@id\":\"https:\\\/\\\/kutsekoda.ee\\\/#\\\/schema\\\/logo\\\/image\\\/\"}}]}<\/script>\n<!-- \/ Yoast SEO plugin. -->","yoast_head_json":{"title":"Kutses\u00fcsteemi Reformi arengute tutvustamise seminar, tunnustamine ja t\u00e4nuvastuv\u00f5tt - Kutsekoda","robots":{"index":"index","follow":"follow","max-snippet":"max-snippet:-1","max-image-preview":"max-image-preview:large","max-video-preview":"max-video-preview:-1"},"canonical":"https:\/\/kutsekoda.ee\/reformi-seminar\/","og_locale":"en_US","og_type":"article","og_title":"Kutses\u00fcsteemi Reformi arengute tutvustamise seminar, tunnustamine ja t\u00e4nuvastuv\u00f5tt - Kutsekoda","og_description":"Hea koost\u00f6\u00f6partner Kutsume Sind Kutses\u00fcsteemi Reformi arengute tutvustamise seminarile, mis toimub 10. detsembril Kultuurikatla Katelde saalis. \u00dchtlasi kuulutame v\u00e4lja ja tunnustame Kutsekoja kvaliteedim\u00e4rgi p\u00e4lvinud kutse andjaid ning tunnustame teisi partnereid.&hellip;&nbsp;Read More &raquo;Kutses\u00fcsteemi Reformi arengute tutvustamise seminar, tunnustamine ja t\u00e4nuvastuv\u00f5tt","og_url":"https:\/\/kutsekoda.ee\/reformi-seminar\/","og_site_name":"Kutsekoda","article_modified_time":"2025-11-13T11:49:49+00:00","twitter_card":"summary_large_image","schema":{"@context":"https:\/\/schema.org","@graph":[{"@type":"WebPage","@id":"https:\/\/kutsekoda.ee\/reformi-seminar\/","url":"https:\/\/kutsekoda.ee\/reformi-seminar\/","name":"Kutses\u00fcsteemi Reformi arengute tutvustamise seminar, tunnustamine ja t\u00e4nuvastuv\u00f5tt - Kutsekoda","isPartOf":{"@id":"https:\/\/kutsekoda.ee\/#website"},"datePublished":"2023-11-15T10:33:59+00:00","dateModified":"2025-11-13T11:49:49+00:00","breadcrumb":{"@id":"https:\/\/kutsekoda.ee\/reformi-seminar\/#breadcrumb"},"inLanguage":"en-US","potentialAction":[{"@type":"ReadAction","target":["https:\/\/kutsekoda.ee\/reformi-seminar\/"]}]},{"@type":"BreadcrumbList","@id":"https:\/\/kutsekoda.ee\/reformi-seminar\/#breadcrumb","itemListElement":[{"@type":"ListItem","position":1,"name":"Frontpage","item":"https:\/\/kutsekoda.ee\/en\/"},{"@type":"ListItem","position":2,"name":"Kutses\u00fcsteemi Reformi arengute tutvustamise seminar, tunnustamine ja t\u00e4nuvastuv\u00f5tt"}]},{"@type":"WebSite","@id":"https:\/\/kutsekoda.ee\/#website","url":"https:\/\/kutsekoda.ee\/","name":"Kutsekoda","description":"","publisher":{"@id":"https:\/\/kutsekoda.ee\/#organization"},"potentialAction":[{"@type":"SearchAction","target":{"@type":"EntryPoint","urlTemplate":"https:\/\/kutsekoda.ee\/?s={search_term_string}"},"query-input":{"@type":"PropertyValueSpecification","valueRequired":true,"valueName":"search_term_string"}}],"inLanguage":"en-US"},{"@type":"Organization","@id":"https:\/\/kutsekoda.ee\/#organization","name":"Sihtasutus Kutsekoda","url":"https:\/\/kutsekoda.ee\/","logo":{"@type":"ImageObject","inLanguage":"en-US","@id":"https:\/\/kutsekoda.ee\/#\/schema\/logo\/image\/","url":"https:\/\/kutsekoda.ee\/wp-content\/uploads\/2023\/02\/cropped-kutsekoda-logo-et-1.png","contentUrl":"https:\/\/kutsekoda.ee\/wp-content\/uploads\/2023\/02\/cropped-kutsekoda-logo-et-1.png","width":200,"height":72,"caption":"Sihtasutus Kutsekoda"},"image":{"@id":"https:\/\/kutsekoda.ee\/#\/schema\/logo\/image\/"}}]}},"publishpress_future_action":{"enabled":false,"date":"2026-05-08 12:39:11","action":"change-status","newStatus":"draft","terms":[],"taxonomy":"translation_priority","extraData":[]},"publishpress_future_workflow_manual_trigger":{"enabledWorkflows":[]},"_links":{"self":[{"href":"https:\/\/kutsekoda.ee\/en\/wp-json\/wp\/v2\/pages\/40670","targetHints":{"allow":["GET"]}}],"collection":[{"href":"https:\/\/kutsekoda.ee\/en\/wp-json\/wp\/v2\/pages"}],"about":[{"href":"https:\/\/kutsekoda.ee\/en\/wp-json\/wp\/v2\/types\/page"}],"author":[{"embeddable":true,"href":"https:\/\/kutsekoda.ee\/en\/wp-json\/wp\/v2\/users\/19"}],"replies":[{"embeddable":true,"href":"https:\/\/kutsekoda.ee\/en\/wp-json\/wp\/v2\/comments?post=40670"}],"version-history":[{"count":5,"href":"https:\/\/kutsekoda.ee\/en\/wp-json\/wp\/v2\/pages\/40670\/revisions"}],"predecessor-version":[{"id":50919,"href":"https:\/\/kutsekoda.ee\/en\/wp-json\/wp\/v2\/pages\/40670\/revisions\/50919"}],"wp:attachment":[{"href":"https:\/\/kutsekoda.ee\/en\/wp-json\/wp\/v2\/media?parent=40670"}],"curies":[{"name":"wp","href":"https:\/\/api.w.org\/{rel}","templated":true}]}}