{"id":41888,"date":"2024-02-16T10:27:01","date_gmt":"2024-02-16T08:27:01","guid":{"rendered":"http:\/\/kutsekoda.ee\/?page_id=41888"},"modified":"2024-02-16T14:27:40","modified_gmt":"2024-02-16T12:27:40","slug":"infotund-13-03","status":"publish","type":"page","link":"https:\/\/kutsekoda.ee\/en\/infotund-13-03\/","title":{"rendered":"Infotund 13.03 kell 13-14"},"content":{"rendered":"\n<p>Infotunniga saab liituda Zoomi vahendusel. Link saadetakse peale registreerimist. Infotund salvestatakse v\u00e4hemalt osaliselt ning juhul, kui k\u00f5ik osalejad sellega n\u00f5ustuvad.<\/p>\n\n\n\n<p>Infotunnis tutvustame:<\/p>\n\n\n\n<ul class=\"wp-block-list\">\n<li>kutses\u00fcsteemi 2023. aasta tulemusi;<\/li>\n\n\n\n<li>Kutsekoja ja kutses\u00fcsteemi 2024. aasta suuremaid tegemisi;<\/li>\n\n\n\n<li>OsKus s\u00fcsteemi uuendusp\u00f5him\u00f5tteid;<\/li>\n\n\n\n<li>kompetentsuse kontseptuaalset mudelit.<\/li>\n<\/ul>\n\n\n\n<div class=\"forminator-guttenberg\">\t\t\t<div class=\"forminator-custom-form\">\n\t\t\t\t\t\t\t\t\t<label class=\"forminator-label--info\"><span>Registreerimine on suletud<\/span><\/label>\n\t\t\t\t\t\t\t<\/div>\n\t\t\t<\/div>\n","protected":false},"excerpt":{"rendered":"<p>Infotunniga saab liituda Zoomi vahendusel. Link saadetakse peale registreerimist. Infotund salvestatakse v\u00e4hemalt osaliselt ning juhul, kui k\u00f5ik osalejad sellega n\u00f5ustuvad. Infotunnis tutvustame:<\/p>\n","protected":false},"author":19,"featured_media":0,"parent":0,"menu_order":0,"comment_status":"closed","ping_status":"closed","template":"","meta":{"inline_featured_image":false,"neve_meta_sidebar":"","neve_meta_container":"","neve_meta_enable_content_width":"","neve_meta_content_width":0,"neve_meta_title_alignment":"","neve_meta_author_avatar":"","neve_post_elements_order":"","neve_meta_disable_header":"","neve_meta_disable_footer":"","neve_meta_disable_title":"","_themeisle_gutenberg_block_has_review":false,"_FSMCFIC_featured_image_caption":"","_FSMCFIC_featured_image_nocaption":"","_FSMCFIC_featured_image_hide":"","footnotes":""},"class_list":["post-41888","page","type-page","status-publish","hentry"],"yoast_head":"<!-- This site is optimized with the Yoast SEO plugin v27.2 - https:\/\/yoast.com\/product\/yoast-seo-wordpress\/ -->\n<title>Infotund 13.03 kell 13-14 - Kutsekoda<\/title>\n<meta name=\"robots\" content=\"index, follow, max-snippet:-1, max-image-preview:large, max-video-preview:-1\" \/>\n<link rel=\"canonical\" href=\"https:\/\/kutsekoda.ee\/infotund-13-03\/\" \/>\n<meta property=\"og:locale\" content=\"en_US\" \/>\n<meta property=\"og:type\" content=\"article\" \/>\n<meta property=\"og:title\" content=\"Infotund 13.03 kell 13-14 - Kutsekoda\" \/>\n<meta property=\"og:description\" content=\"Infotunniga saab liituda Zoomi vahendusel. Link saadetakse peale registreerimist. Infotund salvestatakse v\u00e4hemalt osaliselt ning juhul, kui k\u00f5ik osalejad sellega n\u00f5ustuvad. Infotunnis tutvustame:\" \/>\n<meta property=\"og:url\" content=\"https:\/\/kutsekoda.ee\/infotund-13-03\/\" \/>\n<meta property=\"og:site_name\" content=\"Kutsekoda\" \/>\n<meta property=\"article:modified_time\" content=\"2024-02-16T12:27:40+00:00\" \/>\n<meta name=\"twitter:card\" content=\"summary_large_image\" \/>\n<meta name=\"twitter:label1\" content=\"Est. reading time\" \/>\n\t<meta name=\"twitter:data1\" content=\"1 minute\" \/>\n<script type=\"application\/ld+json\" class=\"yoast-schema-graph\">{\"@context\":\"https:\/\/schema.org\",\"@graph\":[{\"@type\":\"WebPage\",\"@id\":\"https:\/\/kutsekoda.ee\/infotund-13-03\/\",\"url\":\"https:\/\/kutsekoda.ee\/infotund-13-03\/\",\"name\":\"Infotund 13.03 kell 13-14 - Kutsekoda\",\"isPartOf\":{\"@id\":\"https:\/\/kutsekoda.ee\/#website\"},\"datePublished\":\"2024-02-16T08:27:01+00:00\",\"dateModified\":\"2024-02-16T12:27:40+00:00\",\"breadcrumb\":{\"@id\":\"https:\/\/kutsekoda.ee\/infotund-13-03\/#breadcrumb\"},\"inLanguage\":\"en-US\",\"potentialAction\":[{\"@type\":\"ReadAction\",\"target\":[\"https:\/\/kutsekoda.ee\/infotund-13-03\/\"]}]},{\"@type\":\"BreadcrumbList\",\"@id\":\"https:\/\/kutsekoda.ee\/infotund-13-03\/#breadcrumb\",\"itemListElement\":[{\"@type\":\"ListItem\",\"position\":1,\"name\":\"Frontpage\",\"item\":\"https:\/\/kutsekoda.ee\/en\/\"},{\"@type\":\"ListItem\",\"position\":2,\"name\":\"Infotund 13.03 kell 13-14\"}]},{\"@type\":\"WebSite\",\"@id\":\"https:\/\/kutsekoda.ee\/#website\",\"url\":\"https:\/\/kutsekoda.ee\/\",\"name\":\"Kutsekoda\",\"description\":\"\",\"potentialAction\":[{\"@type\":\"SearchAction\",\"target\":{\"@type\":\"EntryPoint\",\"urlTemplate\":\"https:\/\/kutsekoda.ee\/?s={search_term_string}\"},\"query-input\":{\"@type\":\"PropertyValueSpecification\",\"valueRequired\":true,\"valueName\":\"search_term_string\"}}],\"inLanguage\":\"en-US\"}]}<\/script>\n<!-- \/ Yoast SEO plugin. -->","yoast_head_json":{"title":"Infotund 13.03 kell 13-14 - Kutsekoda","robots":{"index":"index","follow":"follow","max-snippet":"max-snippet:-1","max-image-preview":"max-image-preview:large","max-video-preview":"max-video-preview:-1"},"canonical":"https:\/\/kutsekoda.ee\/infotund-13-03\/","og_locale":"en_US","og_type":"article","og_title":"Infotund 13.03 kell 13-14 - Kutsekoda","og_description":"Infotunniga saab liituda Zoomi vahendusel. Link saadetakse peale registreerimist. Infotund salvestatakse v\u00e4hemalt osaliselt ning juhul, kui k\u00f5ik osalejad sellega n\u00f5ustuvad. Infotunnis tutvustame:","og_url":"https:\/\/kutsekoda.ee\/infotund-13-03\/","og_site_name":"Kutsekoda","article_modified_time":"2024-02-16T12:27:40+00:00","twitter_card":"summary_large_image","twitter_misc":{"Est. reading time":"1 minute"},"schema":{"@context":"https:\/\/schema.org","@graph":[{"@type":"WebPage","@id":"https:\/\/kutsekoda.ee\/infotund-13-03\/","url":"https:\/\/kutsekoda.ee\/infotund-13-03\/","name":"Infotund 13.03 kell 13-14 - Kutsekoda","isPartOf":{"@id":"https:\/\/kutsekoda.ee\/#website"},"datePublished":"2024-02-16T08:27:01+00:00","dateModified":"2024-02-16T12:27:40+00:00","breadcrumb":{"@id":"https:\/\/kutsekoda.ee\/infotund-13-03\/#breadcrumb"},"inLanguage":"en-US","potentialAction":[{"@type":"ReadAction","target":["https:\/\/kutsekoda.ee\/infotund-13-03\/"]}]},{"@type":"BreadcrumbList","@id":"https:\/\/kutsekoda.ee\/infotund-13-03\/#breadcrumb","itemListElement":[{"@type":"ListItem","position":1,"name":"Frontpage","item":"https:\/\/kutsekoda.ee\/en\/"},{"@type":"ListItem","position":2,"name":"Infotund 13.03 kell 13-14"}]},{"@type":"WebSite","@id":"https:\/\/kutsekoda.ee\/#website","url":"https:\/\/kutsekoda.ee\/","name":"Kutsekoda","description":"","potentialAction":[{"@type":"SearchAction","target":{"@type":"EntryPoint","urlTemplate":"https:\/\/kutsekoda.ee\/?s={search_term_string}"},"query-input":{"@type":"PropertyValueSpecification","valueRequired":true,"valueName":"search_term_string"}}],"inLanguage":"en-US"}]}},"publishpress_future_action":{"enabled":false,"date":"2026-04-23 00:36:29","action":"change-status","newStatus":"draft","terms":[],"taxonomy":"translation_priority","extraData":[]},"publishpress_future_workflow_manual_trigger":{"enabledWorkflows":[]},"_links":{"self":[{"href":"https:\/\/kutsekoda.ee\/en\/wp-json\/wp\/v2\/pages\/41888","targetHints":{"allow":["GET"]}}],"collection":[{"href":"https:\/\/kutsekoda.ee\/en\/wp-json\/wp\/v2\/pages"}],"about":[{"href":"https:\/\/kutsekoda.ee\/en\/wp-json\/wp\/v2\/types\/page"}],"author":[{"embeddable":true,"href":"https:\/\/kutsekoda.ee\/en\/wp-json\/wp\/v2\/users\/19"}],"replies":[{"embeddable":true,"href":"https:\/\/kutsekoda.ee\/en\/wp-json\/wp\/v2\/comments?post=41888"}],"version-history":[{"count":3,"href":"https:\/\/kutsekoda.ee\/en\/wp-json\/wp\/v2\/pages\/41888\/revisions"}],"predecessor-version":[{"id":41893,"href":"https:\/\/kutsekoda.ee\/en\/wp-json\/wp\/v2\/pages\/41888\/revisions\/41893"}],"wp:attachment":[{"href":"https:\/\/kutsekoda.ee\/en\/wp-json\/wp\/v2\/media?parent=41888"}],"curies":[{"name":"wp","href":"https:\/\/api.w.org\/{rel}","templated":true}]}}