{"id":44993,"date":"2024-10-03T08:25:17","date_gmt":"2024-10-03T06:25:17","guid":{"rendered":"http:\/\/kutsekoda.ee\/?page_id=44993"},"modified":"2025-03-06T14:10:59","modified_gmt":"2025-03-06T12:10:59","slug":"koordinaatorite-koda","status":"publish","type":"page","link":"https:\/\/kutsekoda.ee\/en\/koordinaatorite-koda\/","title":{"rendered":"koordinaatorite koda"},"content":{"rendered":"\n<div style=\"height:25px\" aria-hidden=\"true\" class=\"wp-block-spacer\"><\/div>\n\n\n\n<p class=\"has-text-align-center has-nv-c-2-color has-text-color has-link-color wp-elements-79fee82510b4fd9a0715504ca87256b6\"><i class=\"fas fa-circle-exclamation\"><\/i> <strong>Tegemist on fiktiivse organisatsiooni ja alamlehega, mis on loodud \u00f5ppematerjaliks.<\/strong><\/p>\n\n\n\n<div id=\"wp-block-themeisle-blocks-advanced-columns-14131364\" class=\"wp-block-themeisle-blocks-advanced-columns has-1-columns has-desktop-equal-layout has-tablet-equal-layout has-mobile-equal-layout has-vertical-unset\"><div class=\"wp-block-themeisle-blocks-advanced-columns-overlay\"><\/div><div class=\"innerblocks-wrap\">\n<div id=\"wp-block-themeisle-blocks-advanced-column-e981c3f2\" class=\"wp-block-themeisle-blocks-advanced-column has-dark-bg ticss-e981c3f2\">\n<div class=\"wp-block-columns alignwide is-layout-flex wp-container-core-columns-is-layout-9d6595d7 wp-block-columns-is-layout-flex\">\n<div class=\"wp-block-column is-vertically-aligned-center is-layout-flow wp-block-column-is-layout-flow\" style=\"flex-basis:100%\">\n<div style=\"height:30px\" aria-hidden=\"true\" class=\"wp-block-spacer\"><\/div>\n\n\n<div class=\"wp-block-image\">\n<figure class=\"aligncenter size-full is-resized\"><img fetchpriority=\"high\" decoding=\"async\" width=\"800\" height=\"233\" src=\"http:\/\/kutsekoda.ee\/wp-content\/uploads\/2024\/10\/MTU-Koordinaatorite-Koda-valge-5.png\" alt=\"\" class=\"wp-image-45116\" style=\"width:300px\" srcset=\"https:\/\/kutsekoda.ee\/wp-content\/uploads\/2024\/10\/MTU-Koordinaatorite-Koda-valge-5.png 800w, https:\/\/kutsekoda.ee\/wp-content\/uploads\/2024\/10\/MTU-Koordinaatorite-Koda-valge-5-300x87.png 300w, https:\/\/kutsekoda.ee\/wp-content\/uploads\/2024\/10\/MTU-Koordinaatorite-Koda-valge-5-768x224.png 768w, https:\/\/kutsekoda.ee\/wp-content\/uploads\/2024\/10\/MTU-Koordinaatorite-Koda-valge-5-24x7.png 24w, https:\/\/kutsekoda.ee\/wp-content\/uploads\/2024\/10\/MTU-Koordinaatorite-Koda-valge-5-36x10.png 36w, https:\/\/kutsekoda.ee\/wp-content\/uploads\/2024\/10\/MTU-Koordinaatorite-Koda-valge-5-48x14.png 48w\" sizes=\"(max-width: 800px) 100vw, 800px\" \/><\/figure>\n<\/div><\/div>\n<\/div>\n<\/div>\n<\/div><\/div>\n\n\n\n<div style=\"height:60px\" aria-hidden=\"true\" class=\"wp-block-spacer\"><\/div>\n\n\n\n<div class=\"wp-block-columns alignfull ticss-bc5231fd is-layout-flex wp-container-core-columns-is-layout-9d6595d7 wp-block-columns-is-layout-flex\">\n<div class=\"wp-block-column ticss-5f1a0275 is-layout-flow wp-block-column-is-layout-flow\" style=\"flex-basis:15%\"><\/div>\n\n\n\n<div class=\"wp-block-column ticss-eee0d313 is-layout-flow wp-block-column-is-layout-flow\" style=\"flex-basis:35%\">\n<h2 class=\"wp-block-heading\">Taotletavad kutsed<\/h2>\n<\/div>\n\n\n\n<div class=\"wp-block-column ticss-eee0d313 is-layout-flow wp-block-column-is-layout-flow\" style=\"flex-basis:35%\"><\/div>\n\n\n\n<div class=\"wp-block-column is-layout-flow wp-block-column-is-layout-flow\" style=\"flex-basis:15%\"><\/div>\n<\/div>\n\n\n\n<div class=\"wp-block-columns alignfull is-layout-flex wp-container-core-columns-is-layout-9d6595d7 wp-block-columns-is-layout-flex\">\n<div class=\"wp-block-column is-layout-flow wp-block-column-is-layout-flow\" style=\"flex-basis:15%\"><\/div>\n\n\n\n<div class=\"wp-block-column ticss-eee0d313 is-layout-flow wp-block-column-is-layout-flow\" style=\"flex-basis:35%\">\n<p><strong>Koordinaator, tase 6<\/strong><\/p>\n\n\n\n<p>Koordinaatori t\u00f6\u00f6 eesm\u00e4rgiks on osalemine kutsete s\u00fcsteemi rakendamisel ja arendamisel, kutsen\u00f5ukogude t\u00f6\u00f6 koordineerimine ning kutse andjate n\u00f5ustamine kutse andmise protsessis. <\/p>\n\n\n\n<p>N\u00f5uded kutse taotlemiseks:<\/p>\n\n\n\n<ul class=\"wp-block-list\">\n<li>K\u00f5rgharidus&nbsp;<\/li>\n\n\n\n<li>T\u00f6\u00f6kogemus suhtlemist ja koost\u00f6\u00f6d eeldavatel ametikohtadel<\/li>\n<\/ul>\n\n\n\n<p>\u00d5ppekavade koostamise ja kutse andmise aluseks on kutsestandard. Tutvu <a href=\"http:\/\/kutsekoda.ee\/wp-content\/uploads\/2024\/10\/Koordinaator-tase-6-KS-1.pdf\" target=\"_blank\" rel=\"noreferrer noopener\">koordinaatori kutsestandardiga <i class=\"fas fa-file-pdf\"><\/i><\/a><\/p>\n<\/div>\n\n\n\n<div class=\"wp-block-column ticss-eee0d313 is-layout-flow wp-block-column-is-layout-flow\" style=\"flex-basis:35%\">\n<p><strong>Kutseeksamid<\/strong><\/p>\n\n\n\n<p>J\u00e4rgmine kutseeksam toimub 10.10.2024<\/p>\n\n\n\n<p>Avalduse ja dokumentide esitamise t\u00e4htaeg on 10.09.2024. Esitatavad dokumendid:<\/p>\n\n\n\n<ul class=\"wp-block-list\">\n<li>Kutse andja <a href=\"http:\/\/kutsekoda.ee\/wp-content\/uploads\/2024\/10\/Avalduse_vorm.docx\" rel=\"nofollow\"> <\/a><a href=\"http:\/\/kutsekoda.ee\/wp-content\/uploads\/2024\/10\/Avalduse_vorm.docx\">vormil <i class=\"fas fa-file-word\"><\/i><\/a> kinnitatud avaldus<\/li>\n\n\n\n<li>CV, nt Europassi CV<\/li>\n\n\n\n<li>Haridust t\u00f5endavad dokumendid<\/li>\n\n\n\n<li>Portfoolio, vt <a href=\"http:\/\/kutsekoda.ee\/wp-content\/uploads\/2024\/10\/Portfoolio-koostamise-juhend.pdf\" target=\"_blank\" rel=\"noreferrer noopener\">juhendit <i class=\"fas fa-file-pdf\"><\/i><\/a><\/li>\n\n\n\n<li>Maksekorralduse koopia<\/li>\n<\/ul>\n\n\n\n<p>Digiallkirjastatud dokumendid tuleb saata aadressile <a href=\"mailto:mirel.pohl@koordinaatorid.ee\">mirel.pohl@koordinaatorid.ee<\/a>.<\/p>\n\n\n\n<p><strong>Koordinaatori kutse taotlemise tasu on 124 eurot.<\/strong><\/p>\n\n\n\n<div id=\"wp-block-themeisle-blocks-accordion-6b0e407a\" class=\"wp-block-themeisle-blocks-accordion exclusive\">\n<details class=\"wp-block-themeisle-blocks-accordion-item\"><summary class=\"wp-block-themeisle-blocks-accordion-item__title\"><div>Vaata lisaks<\/div><\/summary><div class=\"wp-block-themeisle-blocks-accordion-item__content\">\n<ul class=\"wp-block-list\">\n<li><a href=\"http:\/\/kutsekoda.ee\/wp-content\/uploads\/2024\/10\/Isikuandmete_tootlemine.pdf\" target=\"_blank\" rel=\"noreferrer noopener\">Isikuandmete t\u00f6\u00f6tlemine <i class=\"fas fa-file-pdf\"><\/i><\/a><\/li>\n\n\n\n<li><a href=\"http:\/\/kutsekoda.ee\/wp-content\/uploads\/2024\/10\/Hindamisleht-hindajatele.docx\">Hindamisleht hindajatele <i class=\"fas fa-file-word\"><\/i><\/a><\/li>\n\n\n\n<li><a href=\"http:\/\/kutsekoda.ee\/wp-content\/uploads\/2024\/10\/Hindamisstandard-koordinaatori-kutseeksamiks.docx\">Hindamisstandard <i class=\"fas fa-file-word\"><\/i><\/a><\/li>\n\n\n\n<li><a href=\"http:\/\/kutsekoda.ee\/wp-content\/uploads\/2024\/10\/Kutse-andmise-kord-1.pdf\" target=\"_blank\" rel=\"noreferrer noopener\">Kutse andmise kord <i class=\"fas fa-file-pdf\"><\/i><\/a><\/li>\n<\/ul>\n<\/div><\/details>\n<\/div>\n<\/div>\n\n\n\n<div class=\"wp-block-column is-layout-flow wp-block-column-is-layout-flow\" style=\"flex-basis:15%\"><\/div>\n<\/div>\n\n\n\n<div class=\"wp-block-columns is-layout-flex wp-container-core-columns-is-layout-9d6595d7 wp-block-columns-is-layout-flex\">\n<div class=\"wp-block-column is-layout-flow wp-block-column-is-layout-flow\"><\/div>\n<\/div>\n\n\n\n<div class=\"wp-block-columns alignfull ticss-bc5231fd is-layout-flex wp-container-core-columns-is-layout-9d6595d7 wp-block-columns-is-layout-flex\">\n<div class=\"wp-block-column is-layout-flow wp-block-column-is-layout-flow\" style=\"flex-basis:15%\"><\/div>\n\n\n\n<div class=\"wp-block-column is-layout-flow wp-block-column-is-layout-flow\" style=\"flex-basis:35%\">\n<h2 class=\"wp-block-heading\">Kutsekomisjoni koosseis<\/h2>\n<\/div>\n\n\n\n<div class=\"wp-block-column ticss-eee0d313 is-layout-flow wp-block-column-is-layout-flow\" style=\"flex-basis:35%\">\n<p><\/p>\n<\/div>\n\n\n\n<div class=\"wp-block-column is-layout-flow wp-block-column-is-layout-flow\" style=\"flex-basis:15%\"><\/div>\n<\/div>\n\n\n\n<div class=\"wp-block-columns alignfull is-layout-flex wp-container-core-columns-is-layout-9d6595d7 wp-block-columns-is-layout-flex\">\n<div class=\"wp-block-column is-layout-flow wp-block-column-is-layout-flow\" style=\"flex-basis:15%\"><\/div>\n\n\n\n<div class=\"wp-block-column ticss-8067fa91 is-layout-flow wp-block-column-is-layout-flow\" style=\"flex-basis:35%\">\n<p><strong>T\u00f6\u00f6andjad&nbsp;<\/strong><\/p>\n\n\n\n<ul class=\"wp-block-list\">\n<li>Mari Maasikas \u2013 SA Kutsekoda&nbsp;<\/li>\n\n\n\n<li>Sander Kull \u2013 Haridus- ja Teadusministeerium&nbsp;<\/li>\n<\/ul>\n\n\n\n<p><strong>T\u00f6\u00f6tajad\/spetsialistid&nbsp;&nbsp;<\/strong><\/p>\n\n\n\n<ul class=\"wp-block-list\">\n<li>Siiri S\u00f5star \u2013 koordinaator&nbsp;<\/li>\n<\/ul>\n\n\n\n<p><strong>Koolitajad&nbsp;<\/strong><\/p>\n\n\n\n<ul class=\"wp-block-list\">\n<li>Riina Roots \u2013 MT\u00dc Sabat\u00e4ht&nbsp;&nbsp;<\/li>\n<\/ul>\n\n\n\n<p><strong>Muud osapooled&nbsp;&nbsp;<\/strong><\/p>\n\n\n\n<ul class=\"wp-block-list\">\n<li>Tiit Kupar \u2013 Kutse Andjate \u00dching&nbsp;<\/li>\n\n\n\n<li>Enel T\u00e4ht \u2013 Eesti Kaubandus- ja T\u00f6\u00f6stuskoda<\/li>\n<\/ul>\n\n\n\n<div class=\"wp-block-buttons is-layout-flex wp-block-buttons-is-layout-flex\">\n<div class=\"wp-block-button\"><a class=\"wp-block-button__link wp-element-button\" href=\"http:\/\/kutsekoda.ee\/wp-content\/uploads\/2024\/10\/Kutsekomisjoni-tookord.pdf\">Kutsekomisjoni t\u00f6\u00f6kord<\/a><\/div>\n<\/div>\n<\/div>\n\n\n\n<div class=\"wp-block-column ticss-eee0d313 is-layout-flow wp-block-column-is-layout-flow\" style=\"flex-basis:35%\">\n<p>Kutse andja kontkatisik n\u00f5ustamise ja lisainfo saamiseks on Mirel Pohl.<\/p>\n\n\n\n<p><i class=\"fas fa-envelope\"><\/i> <a href=\"mailto:mirel.pohl@koordinaatorid.ee\" target=\"_blank\" rel=\"noreferrer noopener\">mirel.pohl@koordinaatorid.ee<\/a><\/p>\n\n\n\n<p><i class=\"fas fa-phone-flip\"><\/i> 5298756&nbsp;<\/p>\n<\/div>\n\n\n\n<div class=\"wp-block-column is-layout-flow wp-block-column-is-layout-flow\" style=\"flex-basis:15%\"><\/div>\n<\/div>\n\n\n\n<div class=\"wp-block-columns has-neve-link-color-background-color has-background is-layout-flex wp-container-core-columns-is-layout-9d6595d7 wp-block-columns-is-layout-flex\">\n<div class=\"wp-block-column is-layout-flow wp-block-column-is-layout-flow\"><\/div>\n\n\n\n<div class=\"wp-block-column is-layout-flow wp-block-column-is-layout-flow\">\n<div style=\"height:30px\" aria-hidden=\"true\" class=\"wp-block-spacer\"><\/div>\n\n\n\n<div class=\"wp-block-buttons is-content-justification-center is-layout-flex wp-container-core-buttons-is-layout-16018d1d wp-block-buttons-is-layout-flex\">\n<div class=\"wp-block-button is-style-secondary\"><a class=\"wp-block-button__link wp-element-button\" href=\"http:\/\/kutsekoda.ee\/oppematerjalid\/\" target=\"_blank\" rel=\"noreferrer noopener\">N\u00e4idised ja juhendid<\/a><\/div>\n<\/div>\n\n\n\n<div style=\"height:60px\" aria-hidden=\"true\" class=\"wp-block-spacer\"><\/div>\n<\/div>\n\n\n\n<div class=\"wp-block-column is-layout-flow wp-block-column-is-layout-flow\"><\/div>\n<\/div>\n\n\n\n<p><\/p>\n","protected":false},"excerpt":{"rendered":"<p>Tegemist on fiktiivse organisatsiooni ja alamlehega, mis on loodud \u00f5ppematerjaliks. Taotletavad kutsed Koordinaator, tase 6 Koordinaatori t\u00f6\u00f6 eesm\u00e4rgiks on osalemine kutsete s\u00fcsteemi rakendamisel ja arendamisel, kutsen\u00f5ukogude t\u00f6\u00f6 koordineerimine ning kutse&hellip;&nbsp;<a href=\"https:\/\/kutsekoda.ee\/en\/koordinaatorite-koda\/\" class=\"\" rel=\"bookmark\">Read More &raquo;<span class=\"screen-reader-text\">koordinaatorite koda<\/span><\/a><\/p>\n","protected":false},"author":19,"featured_media":0,"parent":0,"menu_order":0,"comment_status":"closed","ping_status":"closed","template":"","meta":{"inline_featured_image":false,"neve_meta_sidebar":"full-width","neve_meta_container":"full-width","neve_meta_enable_content_width":"on","neve_meta_content_width":100,"neve_meta_title_alignment":"center","neve_meta_author_avatar":"","neve_post_elements_order":"","neve_meta_disable_header":"on","neve_meta_disable_footer":"on","neve_meta_disable_title":"on","_themeisle_gutenberg_block_has_review":false,"_FSMCFIC_featured_image_caption":"","_FSMCFIC_featured_image_nocaption":"1","_FSMCFIC_featured_image_hide":"1","footnotes":""},"class_list":["post-44993","page","type-page","status-publish","hentry"],"yoast_head":"<!-- This site is optimized with the Yoast SEO plugin v27.2 - https:\/\/yoast.com\/product\/yoast-seo-wordpress\/ -->\n<title>koordinaatorite koda - Kutsekoda<\/title>\n<meta name=\"robots\" content=\"index, follow, max-snippet:-1, max-image-preview:large, max-video-preview:-1\" \/>\n<link rel=\"canonical\" href=\"https:\/\/kutsekoda.ee\/koordinaatorite-koda\/\" \/>\n<meta property=\"og:locale\" content=\"en_US\" \/>\n<meta property=\"og:type\" content=\"article\" \/>\n<meta property=\"og:title\" content=\"koordinaatorite koda - Kutsekoda\" \/>\n<meta property=\"og:description\" content=\"Tegemist on fiktiivse organisatsiooni ja alamlehega, mis on loodud \u00f5ppematerjaliks. Taotletavad kutsed Koordinaator, tase 6 Koordinaatori t\u00f6\u00f6 eesm\u00e4rgiks on osalemine kutsete s\u00fcsteemi rakendamisel ja arendamisel, kutsen\u00f5ukogude t\u00f6\u00f6 koordineerimine ning kutse&hellip;&nbsp;Read More &raquo;koordinaatorite koda\" \/>\n<meta property=\"og:url\" content=\"https:\/\/kutsekoda.ee\/koordinaatorite-koda\/\" \/>\n<meta property=\"og:site_name\" content=\"Kutsekoda\" \/>\n<meta property=\"article:modified_time\" content=\"2025-03-06T12:10:59+00:00\" \/>\n<meta property=\"og:image\" content=\"http:\/\/kutsekoda.ee\/wp-content\/uploads\/2024\/10\/MTU-Koordinaatorite-Koda-valge-5.png\" \/>\n<meta name=\"twitter:card\" content=\"summary_large_image\" \/>\n<meta name=\"twitter:label1\" content=\"Est. reading time\" \/>\n\t<meta name=\"twitter:data1\" content=\"2 minutes\" \/>\n<script type=\"application\/ld+json\" class=\"yoast-schema-graph\">{\"@context\":\"https:\/\/schema.org\",\"@graph\":[{\"@type\":\"WebPage\",\"@id\":\"https:\/\/kutsekoda.ee\/koordinaatorite-koda\/\",\"url\":\"https:\/\/kutsekoda.ee\/koordinaatorite-koda\/\",\"name\":\"koordinaatorite koda - Kutsekoda\",\"isPartOf\":{\"@id\":\"https:\/\/kutsekoda.ee\/#website\"},\"primaryImageOfPage\":{\"@id\":\"https:\/\/kutsekoda.ee\/koordinaatorite-koda\/#primaryimage\"},\"image\":{\"@id\":\"https:\/\/kutsekoda.ee\/koordinaatorite-koda\/#primaryimage\"},\"thumbnailUrl\":\"http:\/\/kutsekoda.ee\/wp-content\/uploads\/2024\/10\/MTU-Koordinaatorite-Koda-valge-5.png\",\"datePublished\":\"2024-10-03T06:25:17+00:00\",\"dateModified\":\"2025-03-06T12:10:59+00:00\",\"breadcrumb\":{\"@id\":\"https:\/\/kutsekoda.ee\/koordinaatorite-koda\/#breadcrumb\"},\"inLanguage\":\"en-US\",\"potentialAction\":[{\"@type\":\"ReadAction\",\"target\":[\"https:\/\/kutsekoda.ee\/koordinaatorite-koda\/\"]}]},{\"@type\":\"ImageObject\",\"inLanguage\":\"en-US\",\"@id\":\"https:\/\/kutsekoda.ee\/koordinaatorite-koda\/#primaryimage\",\"url\":\"http:\/\/kutsekoda.ee\/wp-content\/uploads\/2024\/10\/MTU-Koordinaatorite-Koda-valge-5.png\",\"contentUrl\":\"http:\/\/kutsekoda.ee\/wp-content\/uploads\/2024\/10\/MTU-Koordinaatorite-Koda-valge-5.png\"},{\"@type\":\"BreadcrumbList\",\"@id\":\"https:\/\/kutsekoda.ee\/koordinaatorite-koda\/#breadcrumb\",\"itemListElement\":[{\"@type\":\"ListItem\",\"position\":1,\"name\":\"Frontpage\",\"item\":\"https:\/\/kutsekoda.ee\/en\/\"},{\"@type\":\"ListItem\",\"position\":2,\"name\":\"koordinaatorite koda\"}]},{\"@type\":\"WebSite\",\"@id\":\"https:\/\/kutsekoda.ee\/#website\",\"url\":\"https:\/\/kutsekoda.ee\/\",\"name\":\"Kutsekoda\",\"description\":\"\",\"potentialAction\":[{\"@type\":\"SearchAction\",\"target\":{\"@type\":\"EntryPoint\",\"urlTemplate\":\"https:\/\/kutsekoda.ee\/?s={search_term_string}\"},\"query-input\":{\"@type\":\"PropertyValueSpecification\",\"valueRequired\":true,\"valueName\":\"search_term_string\"}}],\"inLanguage\":\"en-US\"}]}<\/script>\n<!-- \/ Yoast SEO plugin. -->","yoast_head_json":{"title":"koordinaatorite koda - Kutsekoda","robots":{"index":"index","follow":"follow","max-snippet":"max-snippet:-1","max-image-preview":"max-image-preview:large","max-video-preview":"max-video-preview:-1"},"canonical":"https:\/\/kutsekoda.ee\/koordinaatorite-koda\/","og_locale":"en_US","og_type":"article","og_title":"koordinaatorite koda - Kutsekoda","og_description":"Tegemist on fiktiivse organisatsiooni ja alamlehega, mis on loodud \u00f5ppematerjaliks. Taotletavad kutsed Koordinaator, tase 6 Koordinaatori t\u00f6\u00f6 eesm\u00e4rgiks on osalemine kutsete s\u00fcsteemi rakendamisel ja arendamisel, kutsen\u00f5ukogude t\u00f6\u00f6 koordineerimine ning kutse&hellip;&nbsp;Read More &raquo;koordinaatorite koda","og_url":"https:\/\/kutsekoda.ee\/koordinaatorite-koda\/","og_site_name":"Kutsekoda","article_modified_time":"2025-03-06T12:10:59+00:00","og_image":[{"url":"http:\/\/kutsekoda.ee\/wp-content\/uploads\/2024\/10\/MTU-Koordinaatorite-Koda-valge-5.png","type":"","width":"","height":""}],"twitter_card":"summary_large_image","twitter_misc":{"Est. reading time":"2 minutes"},"schema":{"@context":"https:\/\/schema.org","@graph":[{"@type":"WebPage","@id":"https:\/\/kutsekoda.ee\/koordinaatorite-koda\/","url":"https:\/\/kutsekoda.ee\/koordinaatorite-koda\/","name":"koordinaatorite koda - Kutsekoda","isPartOf":{"@id":"https:\/\/kutsekoda.ee\/#website"},"primaryImageOfPage":{"@id":"https:\/\/kutsekoda.ee\/koordinaatorite-koda\/#primaryimage"},"image":{"@id":"https:\/\/kutsekoda.ee\/koordinaatorite-koda\/#primaryimage"},"thumbnailUrl":"http:\/\/kutsekoda.ee\/wp-content\/uploads\/2024\/10\/MTU-Koordinaatorite-Koda-valge-5.png","datePublished":"2024-10-03T06:25:17+00:00","dateModified":"2025-03-06T12:10:59+00:00","breadcrumb":{"@id":"https:\/\/kutsekoda.ee\/koordinaatorite-koda\/#breadcrumb"},"inLanguage":"en-US","potentialAction":[{"@type":"ReadAction","target":["https:\/\/kutsekoda.ee\/koordinaatorite-koda\/"]}]},{"@type":"ImageObject","inLanguage":"en-US","@id":"https:\/\/kutsekoda.ee\/koordinaatorite-koda\/#primaryimage","url":"http:\/\/kutsekoda.ee\/wp-content\/uploads\/2024\/10\/MTU-Koordinaatorite-Koda-valge-5.png","contentUrl":"http:\/\/kutsekoda.ee\/wp-content\/uploads\/2024\/10\/MTU-Koordinaatorite-Koda-valge-5.png"},{"@type":"BreadcrumbList","@id":"https:\/\/kutsekoda.ee\/koordinaatorite-koda\/#breadcrumb","itemListElement":[{"@type":"ListItem","position":1,"name":"Frontpage","item":"https:\/\/kutsekoda.ee\/en\/"},{"@type":"ListItem","position":2,"name":"koordinaatorite koda"}]},{"@type":"WebSite","@id":"https:\/\/kutsekoda.ee\/#website","url":"https:\/\/kutsekoda.ee\/","name":"Kutsekoda","description":"","potentialAction":[{"@type":"SearchAction","target":{"@type":"EntryPoint","urlTemplate":"https:\/\/kutsekoda.ee\/?s={search_term_string}"},"query-input":{"@type":"PropertyValueSpecification","valueRequired":true,"valueName":"search_term_string"}}],"inLanguage":"en-US"}]}},"publishpress_future_action":{"enabled":false,"date":"2026-04-17 03:57:58","action":"change-status","newStatus":"draft","terms":[],"taxonomy":"translation_priority","extraData":[]},"publishpress_future_workflow_manual_trigger":{"enabledWorkflows":[]},"_links":{"self":[{"href":"https:\/\/kutsekoda.ee\/en\/wp-json\/wp\/v2\/pages\/44993","targetHints":{"allow":["GET"]}}],"collection":[{"href":"https:\/\/kutsekoda.ee\/en\/wp-json\/wp\/v2\/pages"}],"about":[{"href":"https:\/\/kutsekoda.ee\/en\/wp-json\/wp\/v2\/types\/page"}],"author":[{"embeddable":true,"href":"https:\/\/kutsekoda.ee\/en\/wp-json\/wp\/v2\/users\/19"}],"replies":[{"embeddable":true,"href":"https:\/\/kutsekoda.ee\/en\/wp-json\/wp\/v2\/comments?post=44993"}],"version-history":[{"count":5,"href":"https:\/\/kutsekoda.ee\/en\/wp-json\/wp\/v2\/pages\/44993\/revisions"}],"predecessor-version":[{"id":47685,"href":"https:\/\/kutsekoda.ee\/en\/wp-json\/wp\/v2\/pages\/44993\/revisions\/47685"}],"wp:attachment":[{"href":"https:\/\/kutsekoda.ee\/en\/wp-json\/wp\/v2\/media?parent=44993"}],"curies":[{"name":"wp","href":"https:\/\/api.w.org\/{rel}","templated":true}]}}