{"id":51108,"date":"2025-12-03T14:09:36","date_gmt":"2025-12-03T12:09:36","guid":{"rendered":"https:\/\/kutsekoda.ee\/?page_id=51108"},"modified":"2026-03-18T16:59:44","modified_gmt":"2026-03-18T14:59:44","slug":"kompetentsuse-mudel","status":"publish","type":"page","link":"https:\/\/kutsekoda.ee\/en\/kompetentsuse-mudel\/","title":{"rendered":"Kompetentsuse mudel"},"content":{"rendered":"\t\t<div data-elementor-type=\"wp-page\" data-elementor-id=\"51108\" class=\"elementor elementor-51108\">\n\t\t\t\t\t\t<section class=\"elementor-section elementor-top-section elementor-element elementor-element-6a4727b elementor-section-boxed elementor-section-height-default elementor-section-height-default\" data-id=\"6a4727b\" data-element_type=\"section\" data-e-type=\"section\">\n\t\t\t\t\t\t<div class=\"elementor-container elementor-column-gap-default\">\n\t\t\t\t\t<div class=\"elementor-column elementor-col-100 elementor-top-column elementor-element elementor-element-7dda523\" data-id=\"7dda523\" data-element_type=\"column\" data-e-type=\"column\">\n\t\t\t<div class=\"elementor-widget-wrap elementor-element-populated\">\n\t\t\t\t\t\t<div class=\"elementor-element elementor-element-60e9c53c elementor-widget elementor-widget-text-editor\" data-id=\"60e9c53c\" data-element_type=\"widget\" data-e-type=\"widget\" data-widget_type=\"text-editor.default\">\n\t\t\t\t<div class=\"elementor-widget-container\">\n\t\t\t\t\t\t\t\t\t<p><span data-olk-copy-source=\"MessageBody\"><strong>Kompetentsuse kontseptuaalne mudel (KKM)<\/strong> pakub terviklikku raamistikku, mis aitab m\u00f5testada, mida kompetentsus elukestvas \u00f5ppes ja t\u00f6\u00f6turul t\u00e4hendab, ning selgitab, kuidas see eri olukordades v\u00e4ljendub ja on hinnatav.<\/span><\/p>\t\t\t\t\t\t\t\t<\/div>\n\t\t\t\t<\/div>\n\t\t\t\t<div class=\"elementor-element elementor-element-e489a18 elementor-widget elementor-widget-video\" data-id=\"e489a18\" data-element_type=\"widget\" data-e-type=\"widget\" data-settings=\"{&quot;youtube_url&quot;:&quot;https:\\\/\\\/www.youtube.com\\\/watch?v=xVDVrMxNy04&quot;,&quot;show_image_overlay&quot;:&quot;yes&quot;,&quot;image_overlay&quot;:{&quot;url&quot;:&quot;https:\\\/\\\/kutsekoda.ee\\\/wp-content\\\/uploads\\\/2026\\\/03\\\/Aimi-kompetentsiraamistik.jpg&quot;,&quot;id&quot;:52287,&quot;size&quot;:&quot;&quot;,&quot;alt&quot;:&quot;Kompetentsiraamistik&quot;,&quot;source&quot;:&quot;library&quot;},&quot;video_type&quot;:&quot;youtube&quot;,&quot;controls&quot;:&quot;yes&quot;}\" data-widget_type=\"video.default\">\n\t\t\t\t<div class=\"elementor-widget-container\">\n\t\t\t\t\t\t\t<div class=\"elementor-wrapper elementor-open-inline\">\n\t\t\t<div class=\"elementor-video\"><\/div>\t\t\t\t<div class=\"elementor-custom-embed-image-overlay\" style=\"background-image: url(https:\/\/kutsekoda.ee\/wp-content\/uploads\/2026\/03\/Aimi-kompetentsiraamistik.jpg);\">\n\t\t\t\t\t\t\t\t\t\t\t\t\t\t\t\t<div class=\"elementor-custom-embed-play\" role=\"button\" aria-label=\"Play Video about Kompetentsiraamistik\" tabindex=\"0\">\n\t\t\t\t\t\t\t<i aria-hidden=\"true\" class=\"eicon-play\"><\/i>\t\t\t\t\t\t<\/div>\n\t\t\t\t\t\t\t\t\t<\/div>\n\t\t\t\t\t<\/div>\n\t\t\t\t\t\t<\/div>\n\t\t\t\t<\/div>\n\t\t\t\t\t<\/div>\n\t\t<\/div>\n\t\t\t\t\t<\/div>\n\t\t<\/section>\n\t\t\t\t<section class=\"elementor-section elementor-top-section elementor-element elementor-element-1eb5771 elementor-section-boxed elementor-section-height-default elementor-section-height-default\" data-id=\"1eb5771\" data-element_type=\"section\" data-e-type=\"section\">\n\t\t\t\t\t\t<div class=\"elementor-container elementor-column-gap-default\">\n\t\t\t\t\t<div class=\"elementor-column elementor-col-100 elementor-top-column elementor-element elementor-element-10dfb52\" data-id=\"10dfb52\" data-element_type=\"column\" data-e-type=\"column\">\n\t\t\t<div class=\"elementor-widget-wrap elementor-element-populated\">\n\t\t\t\t\t\t<div class=\"elementor-element elementor-element-5a4c3ea elementor-widget elementor-widget-spacer\" data-id=\"5a4c3ea\" data-element_type=\"widget\" data-e-type=\"widget\" data-widget_type=\"spacer.default\">\n\t\t\t\t<div class=\"elementor-widget-container\">\n\t\t\t\t\t\t\t<div class=\"elementor-spacer\">\n\t\t\t<div class=\"elementor-spacer-inner\"><\/div>\n\t\t<\/div>\n\t\t\t\t\t\t<\/div>\n\t\t\t\t<\/div>\n\t\t\t\t\t<\/div>\n\t\t<\/div>\n\t\t\t\t\t<\/div>\n\t\t<\/section>\n\t\t\t\t<section class=\"elementor-section elementor-top-section elementor-element elementor-element-2c71ddd elementor-section-boxed elementor-section-height-default elementor-section-height-default\" data-id=\"2c71ddd\" data-element_type=\"section\" data-e-type=\"section\">\n\t\t\t\t\t\t<div class=\"elementor-container elementor-column-gap-default\">\n\t\t\t\t\t<div class=\"elementor-column elementor-col-100 elementor-top-column elementor-element elementor-element-4d76dfb\" data-id=\"4d76dfb\" data-element_type=\"column\" data-e-type=\"column\">\n\t\t\t<div class=\"elementor-widget-wrap elementor-element-populated\">\n\t\t\t\t\t\t<div class=\"elementor-element elementor-element-e4648ac elementor-widget elementor-widget-text-editor\" data-id=\"e4648ac\" data-element_type=\"widget\" data-e-type=\"widget\" data-widget_type=\"text-editor.default\">\n\t\t\t\t<div class=\"elementor-widget-container\">\n\t\t\t\t\t\t\t\t\t<p><span data-teams=\"true\"><strong>Kompetentsuse kontseptuaalse mudeli kokkuv\u00f5tlik teemaleht<\/strong><\/span><\/p>\t\t\t\t\t\t\t\t<\/div>\n\t\t\t\t<\/div>\n\t\t\t\t<div class=\"elementor-element elementor-element-4f89001 elementor-widget elementor-widget-image\" data-id=\"4f89001\" data-element_type=\"widget\" data-e-type=\"widget\" data-widget_type=\"image.default\">\n\t\t\t\t<div class=\"elementor-widget-container\">\n\t\t\t\t\t\t\t\t\t\t\t\t\t\t\t\t<a href=\"https:\/\/kutsekoda.ee\/wp-content\/uploads\/2026\/02\/KontKompM_06.11.25_2_Page_1.jpg\" data-elementor-open-lightbox=\"yes\" data-elementor-lightbox-title=\"KontKompM_06.11.25_2_Page_1\" data-e-action-hash=\"#elementor-action%3Aaction%3Dlightbox%26settings%3DeyJpZCI6NTE4NTYsInVybCI6Imh0dHBzOlwvXC9rdXRzZWtvZGEuZWVcL3dwLWNvbnRlbnRcL3VwbG9hZHNcLzIwMjZcLzAyXC9Lb250S29tcE1fMDYuMTEuMjVfMl9QYWdlXzEuanBnIn0%3D\" rel=\"lightbox-0\">\n\t\t\t\t\t\t\t<img fetchpriority=\"high\" decoding=\"async\" width=\"724\" height=\"1024\" src=\"https:\/\/kutsekoda.ee\/wp-content\/uploads\/2026\/02\/KontKompM_06.11.25_2_Page_1-724x1024.jpg\" class=\"attachment-large size-large wp-image-51856\" alt=\"\" srcset=\"https:\/\/kutsekoda.ee\/wp-content\/uploads\/2026\/02\/KontKompM_06.11.25_2_Page_1-724x1024.jpg 724w, https:\/\/kutsekoda.ee\/wp-content\/uploads\/2026\/02\/KontKompM_06.11.25_2_Page_1-212x300.jpg 212w, https:\/\/kutsekoda.ee\/wp-content\/uploads\/2026\/02\/KontKompM_06.11.25_2_Page_1-768x1086.jpg 768w, https:\/\/kutsekoda.ee\/wp-content\/uploads\/2026\/02\/KontKompM_06.11.25_2_Page_1-1086x1536.jpg 1086w, https:\/\/kutsekoda.ee\/wp-content\/uploads\/2026\/02\/KontKompM_06.11.25_2_Page_1-1448x2048.jpg 1448w, https:\/\/kutsekoda.ee\/wp-content\/uploads\/2026\/02\/KontKompM_06.11.25_2_Page_1-17x24.jpg 17w, https:\/\/kutsekoda.ee\/wp-content\/uploads\/2026\/02\/KontKompM_06.11.25_2_Page_1-25x36.jpg 25w, https:\/\/kutsekoda.ee\/wp-content\/uploads\/2026\/02\/KontKompM_06.11.25_2_Page_1-34x48.jpg 34w, https:\/\/kutsekoda.ee\/wp-content\/uploads\/2026\/02\/KontKompM_06.11.25_2_Page_1.jpg 1654w\" sizes=\"(max-width: 724px) 100vw, 724px\" \/>\t\t\t\t\t\t\t\t<\/a>\n\t\t\t\t\t\t\t\t\t\t\t\t\t\t\t<\/div>\n\t\t\t\t<\/div>\n\t\t\t\t<div class=\"elementor-element elementor-element-1501f6a elementor-widget elementor-widget-image\" data-id=\"1501f6a\" data-element_type=\"widget\" data-e-type=\"widget\" data-widget_type=\"image.default\">\n\t\t\t\t<div class=\"elementor-widget-container\">\n\t\t\t\t\t\t\t\t\t\t\t\t\t\t\t\t<a href=\"https:\/\/kutsekoda.ee\/wp-content\/uploads\/2026\/02\/KontKompM_06.11.25_2_Page_2.jpg\" data-elementor-open-lightbox=\"yes\" data-elementor-lightbox-title=\"KontKompM_06.11.25_2_Page_2\" data-e-action-hash=\"#elementor-action%3Aaction%3Dlightbox%26settings%3DeyJpZCI6NTE4NTksInVybCI6Imh0dHBzOlwvXC9rdXRzZWtvZGEuZWVcL3dwLWNvbnRlbnRcL3VwbG9hZHNcLzIwMjZcLzAyXC9Lb250S29tcE1fMDYuMTEuMjVfMl9QYWdlXzIuanBnIn0%3D\" rel=\"lightbox-1\">\n\t\t\t\t\t\t\t<img decoding=\"async\" width=\"724\" height=\"1024\" src=\"https:\/\/kutsekoda.ee\/wp-content\/uploads\/2026\/02\/KontKompM_06.11.25_2_Page_2-724x1024.jpg\" class=\"attachment-large size-large wp-image-51859\" alt=\"\" srcset=\"https:\/\/kutsekoda.ee\/wp-content\/uploads\/2026\/02\/KontKompM_06.11.25_2_Page_2-724x1024.jpg 724w, https:\/\/kutsekoda.ee\/wp-content\/uploads\/2026\/02\/KontKompM_06.11.25_2_Page_2-212x300.jpg 212w, https:\/\/kutsekoda.ee\/wp-content\/uploads\/2026\/02\/KontKompM_06.11.25_2_Page_2-768x1086.jpg 768w, https:\/\/kutsekoda.ee\/wp-content\/uploads\/2026\/02\/KontKompM_06.11.25_2_Page_2-1086x1536.jpg 1086w, https:\/\/kutsekoda.ee\/wp-content\/uploads\/2026\/02\/KontKompM_06.11.25_2_Page_2-1448x2048.jpg 1448w, https:\/\/kutsekoda.ee\/wp-content\/uploads\/2026\/02\/KontKompM_06.11.25_2_Page_2-17x24.jpg 17w, https:\/\/kutsekoda.ee\/wp-content\/uploads\/2026\/02\/KontKompM_06.11.25_2_Page_2-25x36.jpg 25w, https:\/\/kutsekoda.ee\/wp-content\/uploads\/2026\/02\/KontKompM_06.11.25_2_Page_2-34x48.jpg 34w, https:\/\/kutsekoda.ee\/wp-content\/uploads\/2026\/02\/KontKompM_06.11.25_2_Page_2.jpg 1654w\" sizes=\"(max-width: 724px) 100vw, 724px\" \/>\t\t\t\t\t\t\t\t<\/a>\n\t\t\t\t\t\t\t\t\t\t\t\t\t\t\t<\/div>\n\t\t\t\t<\/div>\n\t\t\t\t\t<\/div>\n\t\t<\/div>\n\t\t\t\t\t<\/div>\n\t\t<\/section>\n\t\t\t\t<section class=\"elementor-section elementor-top-section elementor-element elementor-element-eb0440e elementor-section-boxed elementor-section-height-default elementor-section-height-default\" data-id=\"eb0440e\" data-element_type=\"section\" data-e-type=\"section\">\n\t\t\t\t\t\t<div class=\"elementor-container elementor-column-gap-default\">\n\t\t\t\t\t<div class=\"elementor-column elementor-col-100 elementor-top-column elementor-element elementor-element-3e1ea5c\" data-id=\"3e1ea5c\" data-element_type=\"column\" data-e-type=\"column\">\n\t\t\t<div class=\"elementor-widget-wrap elementor-element-populated\">\n\t\t\t\t\t\t<div class=\"elementor-element elementor-element-c8eee35 elementor-button-info elementor-widget elementor-widget-button\" data-id=\"c8eee35\" data-element_type=\"widget\" data-e-type=\"widget\" data-widget_type=\"button.default\">\n\t\t\t\t<div class=\"elementor-widget-container\">\n\t\t\t\t\t\t\t\t\t<div class=\"elementor-button-wrapper\">\n\t\t\t\t\t<a class=\"elementor-button elementor-button-link elementor-size-sm\" href=\"https:\/\/kutsekoda.ee\/wp-content\/uploads\/2025\/12\/KontKompM_06.11.25_2.pdf\" target=\"_blank\">\n\t\t\t\t\t\t<span class=\"elementor-button-content-wrapper\">\n\t\t\t\t\t\t<span class=\"elementor-button-icon\">\n\t\t\t\t<i aria-hidden=\"true\" class=\"fas fa-file-download\"><\/i>\t\t\t<\/span>\n\t\t\t\t\t\t\t\t\t<span class=\"elementor-button-text\">Lae alla teemalehe PDF fail<\/span>\n\t\t\t\t\t<\/span>\n\t\t\t\t\t<\/a>\n\t\t\t\t<\/div>\n\t\t\t\t\t\t\t\t<\/div>\n\t\t\t\t<\/div>\n\t\t\t\t\t<\/div>\n\t\t<\/div>\n\t\t\t\t\t<\/div>\n\t\t<\/section>\n\t\t\t\t<section class=\"elementor-section elementor-top-section elementor-element elementor-element-c9bb6a7 elementor-section-boxed elementor-section-height-default elementor-section-height-default\" data-id=\"c9bb6a7\" data-element_type=\"section\" data-e-type=\"section\">\n\t\t\t\t\t\t<div class=\"elementor-container elementor-column-gap-default\">\n\t\t\t\t\t<div class=\"elementor-column elementor-col-100 elementor-top-column elementor-element elementor-element-c0341a8\" data-id=\"c0341a8\" data-element_type=\"column\" data-e-type=\"column\">\n\t\t\t<div class=\"elementor-widget-wrap elementor-element-populated\">\n\t\t\t\t\t\t<div class=\"elementor-element elementor-element-5720d4f elementor-widget elementor-widget-spacer\" data-id=\"5720d4f\" data-element_type=\"widget\" data-e-type=\"widget\" data-widget_type=\"spacer.default\">\n\t\t\t\t<div class=\"elementor-widget-container\">\n\t\t\t\t\t\t\t<div class=\"elementor-spacer\">\n\t\t\t<div class=\"elementor-spacer-inner\"><\/div>\n\t\t<\/div>\n\t\t\t\t\t\t<\/div>\n\t\t\t\t<\/div>\n\t\t\t\t\t<\/div>\n\t\t<\/div>\n\t\t\t\t\t<\/div>\n\t\t<\/section>\n\t\t\t\t<\/div>\n\t\t","protected":false},"excerpt":{"rendered":"<p>Kompetentsuse kontseptuaalne mudel (KKM) pakub terviklikku raamistikku, mis aitab m\u00f5testada, mida kompetentsus elukestvas \u00f5ppes ja t\u00f6\u00f6turul t\u00e4hendab, ning selgitab, kuidas see eri olukordades v\u00e4ljendub ja on hinnatav. https:\/\/www.youtube.com\/watch?v=xVDVrMxNy04 Kompetentsuse kontseptuaalse&hellip;&nbsp;<a href=\"https:\/\/kutsekoda.ee\/en\/kompetentsuse-mudel\/\" class=\"\" rel=\"bookmark\">Read More &raquo;<span class=\"screen-reader-text\">Kompetentsuse mudel<\/span><\/a><\/p>\n","protected":false},"author":21,"featured_media":0,"parent":0,"menu_order":0,"comment_status":"closed","ping_status":"closed","template":"","meta":{"inline_featured_image":false,"neve_meta_sidebar":"","neve_meta_container":"","neve_meta_enable_content_width":"","neve_meta_content_width":0,"neve_meta_title_alignment":"","neve_meta_author_avatar":"","neve_post_elements_order":"","neve_meta_disable_header":"","neve_meta_disable_footer":"","neve_meta_disable_title":"","_themeisle_gutenberg_block_has_review":false,"_FSMCFIC_featured_image_caption":"","_FSMCFIC_featured_image_nocaption":"","_FSMCFIC_featured_image_hide":"","footnotes":""},"class_list":["post-51108","page","type-page","status-publish","hentry"],"yoast_head":"<!-- This site is optimized with the Yoast SEO plugin v27.2 - https:\/\/yoast.com\/product\/yoast-seo-wordpress\/ -->\n<title>Kompetentsuse mudel - Kutsekoda<\/title>\n<meta name=\"robots\" content=\"index, follow, max-snippet:-1, max-image-preview:large, max-video-preview:-1\" \/>\n<link rel=\"canonical\" href=\"https:\/\/kutsekoda.ee\/kompetentsuse-mudel\/\" \/>\n<meta property=\"og:locale\" content=\"en_US\" \/>\n<meta property=\"og:type\" content=\"article\" \/>\n<meta property=\"og:title\" content=\"Kompetentsuse mudel - Kutsekoda\" \/>\n<meta property=\"og:description\" content=\"Kompetentsuse kontseptuaalne mudel (KKM) pakub terviklikku raamistikku, mis aitab m\u00f5testada, mida kompetentsus elukestvas \u00f5ppes ja t\u00f6\u00f6turul t\u00e4hendab, ning selgitab, kuidas see eri olukordades v\u00e4ljendub ja on hinnatav. https:\/\/www.youtube.com\/watch?v=xVDVrMxNy04 Kompetentsuse kontseptuaalse&hellip;&nbsp;Read More &raquo;Kompetentsuse mudel\" \/>\n<meta property=\"og:url\" content=\"https:\/\/kutsekoda.ee\/kompetentsuse-mudel\/\" \/>\n<meta property=\"og:site_name\" content=\"Kutsekoda\" \/>\n<meta property=\"article:modified_time\" content=\"2026-03-18T14:59:44+00:00\" \/>\n<meta property=\"og:image\" content=\"https:\/\/kutsekoda.ee\/wp-content\/uploads\/2026\/02\/KontKompM_06.11.25_2_Page_1.jpg\" \/>\n\t<meta property=\"og:image:width\" content=\"1654\" \/>\n\t<meta property=\"og:image:height\" content=\"2339\" \/>\n\t<meta property=\"og:image:type\" content=\"image\/jpeg\" \/>\n<meta name=\"twitter:card\" content=\"summary_large_image\" \/>\n<meta name=\"twitter:label1\" content=\"Est. reading time\" \/>\n\t<meta name=\"twitter:data1\" content=\"1 minute\" \/>\n<script type=\"application\/ld+json\" class=\"yoast-schema-graph\">{\"@context\":\"https:\/\/schema.org\",\"@graph\":[{\"@type\":\"WebPage\",\"@id\":\"https:\/\/kutsekoda.ee\/kompetentsuse-mudel\/\",\"url\":\"https:\/\/kutsekoda.ee\/kompetentsuse-mudel\/\",\"name\":\"Kompetentsuse mudel - Kutsekoda\",\"isPartOf\":{\"@id\":\"https:\/\/kutsekoda.ee\/#website\"},\"primaryImageOfPage\":{\"@id\":\"https:\/\/kutsekoda.ee\/kompetentsuse-mudel\/#primaryimage\"},\"image\":{\"@id\":\"https:\/\/kutsekoda.ee\/kompetentsuse-mudel\/#primaryimage\"},\"thumbnailUrl\":\"https:\/\/kutsekoda.ee\/wp-content\/uploads\/2026\/02\/KontKompM_06.11.25_2_Page_1-724x1024.jpg\",\"datePublished\":\"2025-12-03T12:09:36+00:00\",\"dateModified\":\"2026-03-18T14:59:44+00:00\",\"breadcrumb\":{\"@id\":\"https:\/\/kutsekoda.ee\/kompetentsuse-mudel\/#breadcrumb\"},\"inLanguage\":\"en-US\",\"potentialAction\":[{\"@type\":\"ReadAction\",\"target\":[\"https:\/\/kutsekoda.ee\/kompetentsuse-mudel\/\"]}]},{\"@type\":\"ImageObject\",\"inLanguage\":\"en-US\",\"@id\":\"https:\/\/kutsekoda.ee\/kompetentsuse-mudel\/#primaryimage\",\"url\":\"https:\/\/kutsekoda.ee\/wp-content\/uploads\/2026\/02\/KontKompM_06.11.25_2_Page_1-724x1024.jpg\",\"contentUrl\":\"https:\/\/kutsekoda.ee\/wp-content\/uploads\/2026\/02\/KontKompM_06.11.25_2_Page_1-724x1024.jpg\"},{\"@type\":\"BreadcrumbList\",\"@id\":\"https:\/\/kutsekoda.ee\/kompetentsuse-mudel\/#breadcrumb\",\"itemListElement\":[{\"@type\":\"ListItem\",\"position\":1,\"name\":\"Frontpage\",\"item\":\"https:\/\/kutsekoda.ee\/en\/\"},{\"@type\":\"ListItem\",\"position\":2,\"name\":\"Kompetentsuse mudel\"}]},{\"@type\":\"WebSite\",\"@id\":\"https:\/\/kutsekoda.ee\/#website\",\"url\":\"https:\/\/kutsekoda.ee\/\",\"name\":\"Kutsekoda\",\"description\":\"\",\"potentialAction\":[{\"@type\":\"SearchAction\",\"target\":{\"@type\":\"EntryPoint\",\"urlTemplate\":\"https:\/\/kutsekoda.ee\/?s={search_term_string}\"},\"query-input\":{\"@type\":\"PropertyValueSpecification\",\"valueRequired\":true,\"valueName\":\"search_term_string\"}}],\"inLanguage\":\"en-US\"}]}<\/script>\n<!-- \/ Yoast SEO plugin. -->","yoast_head_json":{"title":"Kompetentsuse mudel - Kutsekoda","robots":{"index":"index","follow":"follow","max-snippet":"max-snippet:-1","max-image-preview":"max-image-preview:large","max-video-preview":"max-video-preview:-1"},"canonical":"https:\/\/kutsekoda.ee\/kompetentsuse-mudel\/","og_locale":"en_US","og_type":"article","og_title":"Kompetentsuse mudel - Kutsekoda","og_description":"Kompetentsuse kontseptuaalne mudel (KKM) pakub terviklikku raamistikku, mis aitab m\u00f5testada, mida kompetentsus elukestvas \u00f5ppes ja t\u00f6\u00f6turul t\u00e4hendab, ning selgitab, kuidas see eri olukordades v\u00e4ljendub ja on hinnatav. https:\/\/www.youtube.com\/watch?v=xVDVrMxNy04 Kompetentsuse kontseptuaalse&hellip;&nbsp;Read More &raquo;Kompetentsuse mudel","og_url":"https:\/\/kutsekoda.ee\/kompetentsuse-mudel\/","og_site_name":"Kutsekoda","article_modified_time":"2026-03-18T14:59:44+00:00","og_image":[{"width":1654,"height":2339,"url":"https:\/\/kutsekoda.ee\/wp-content\/uploads\/2026\/02\/KontKompM_06.11.25_2_Page_1.jpg","type":"image\/jpeg"}],"twitter_card":"summary_large_image","twitter_misc":{"Est. reading time":"1 minute"},"schema":{"@context":"https:\/\/schema.org","@graph":[{"@type":"WebPage","@id":"https:\/\/kutsekoda.ee\/kompetentsuse-mudel\/","url":"https:\/\/kutsekoda.ee\/kompetentsuse-mudel\/","name":"Kompetentsuse mudel - Kutsekoda","isPartOf":{"@id":"https:\/\/kutsekoda.ee\/#website"},"primaryImageOfPage":{"@id":"https:\/\/kutsekoda.ee\/kompetentsuse-mudel\/#primaryimage"},"image":{"@id":"https:\/\/kutsekoda.ee\/kompetentsuse-mudel\/#primaryimage"},"thumbnailUrl":"https:\/\/kutsekoda.ee\/wp-content\/uploads\/2026\/02\/KontKompM_06.11.25_2_Page_1-724x1024.jpg","datePublished":"2025-12-03T12:09:36+00:00","dateModified":"2026-03-18T14:59:44+00:00","breadcrumb":{"@id":"https:\/\/kutsekoda.ee\/kompetentsuse-mudel\/#breadcrumb"},"inLanguage":"en-US","potentialAction":[{"@type":"ReadAction","target":["https:\/\/kutsekoda.ee\/kompetentsuse-mudel\/"]}]},{"@type":"ImageObject","inLanguage":"en-US","@id":"https:\/\/kutsekoda.ee\/kompetentsuse-mudel\/#primaryimage","url":"https:\/\/kutsekoda.ee\/wp-content\/uploads\/2026\/02\/KontKompM_06.11.25_2_Page_1-724x1024.jpg","contentUrl":"https:\/\/kutsekoda.ee\/wp-content\/uploads\/2026\/02\/KontKompM_06.11.25_2_Page_1-724x1024.jpg"},{"@type":"BreadcrumbList","@id":"https:\/\/kutsekoda.ee\/kompetentsuse-mudel\/#breadcrumb","itemListElement":[{"@type":"ListItem","position":1,"name":"Frontpage","item":"https:\/\/kutsekoda.ee\/en\/"},{"@type":"ListItem","position":2,"name":"Kompetentsuse mudel"}]},{"@type":"WebSite","@id":"https:\/\/kutsekoda.ee\/#website","url":"https:\/\/kutsekoda.ee\/","name":"Kutsekoda","description":"","potentialAction":[{"@type":"SearchAction","target":{"@type":"EntryPoint","urlTemplate":"https:\/\/kutsekoda.ee\/?s={search_term_string}"},"query-input":{"@type":"PropertyValueSpecification","valueRequired":true,"valueName":"search_term_string"}}],"inLanguage":"en-US"}]}},"publishpress_future_action":{"enabled":false,"date":"2026-04-17 02:29:43","action":"change-status","newStatus":"draft","terms":[],"taxonomy":"translation_priority","extraData":[]},"publishpress_future_workflow_manual_trigger":{"enabledWorkflows":[]},"_links":{"self":[{"href":"https:\/\/kutsekoda.ee\/en\/wp-json\/wp\/v2\/pages\/51108","targetHints":{"allow":["GET"]}}],"collection":[{"href":"https:\/\/kutsekoda.ee\/en\/wp-json\/wp\/v2\/pages"}],"about":[{"href":"https:\/\/kutsekoda.ee\/en\/wp-json\/wp\/v2\/types\/page"}],"author":[{"embeddable":true,"href":"https:\/\/kutsekoda.ee\/en\/wp-json\/wp\/v2\/users\/21"}],"replies":[{"embeddable":true,"href":"https:\/\/kutsekoda.ee\/en\/wp-json\/wp\/v2\/comments?post=51108"}],"version-history":[{"count":5,"href":"https:\/\/kutsekoda.ee\/en\/wp-json\/wp\/v2\/pages\/51108\/revisions"}],"predecessor-version":[{"id":52292,"href":"https:\/\/kutsekoda.ee\/en\/wp-json\/wp\/v2\/pages\/51108\/revisions\/52292"}],"wp:attachment":[{"href":"https:\/\/kutsekoda.ee\/en\/wp-json\/wp\/v2\/media?parent=51108"}],"curies":[{"name":"wp","href":"https:\/\/api.w.org\/{rel}","templated":true}]}}