{"id":70,"date":"2018-05-08T08:27:26","date_gmt":"2018-05-08T08:27:26","guid":{"rendered":"https:\/\/kutsekoda-wp.loc.piksel.ee\/?page_id=70"},"modified":"2023-11-28T14:34:57","modified_gmt":"2023-11-28T12:34:57","slug":"kutsestandardid","status":"publish","type":"page","link":"https:\/\/kutsekoda.ee\/en\/kutsestandardid\/","title":{"rendered":"Kutsestandard"},"content":{"rendered":"\n<p class=\"has-neve-link-color-color has-text-color has-medium-font-size\">Kutsestandard on dokument, mis <strong>kirjeldab kutsetegevust<\/strong> ning koolil\u00f5petaja ja t\u00f6\u00f6taja vastaval kutsel tegutsemiseks <strong>vajalikke oskusi<\/strong> ning <strong>teadmiste ja hoiakute kogumit<\/strong>.<\/p>\n\n\n\n<hr class=\"wp-block-separator has-text-color has-alpha-channel-opacity has-background is-style-dots\" style=\"background-color:#f8d823;color:#f8d823\"\/>\n\n\n\n<div class=\"wp-block-columns is-layout-flex wp-container-core-columns-is-layout-9d6595d7 wp-block-columns-is-layout-flex\">\n<div class=\"wp-block-column is-layout-flow wp-block-column-is-layout-flow\">\n<div class=\"wp-block-columns three-box is-layout-flex wp-container-core-columns-is-layout-9d6595d7 wp-block-columns-is-layout-flex\">\n<div class=\"wp-block-column white-box has-background is-layout-flow wp-block-column-is-layout-flow\" style=\"background-color:#005a8c\">\n<div style=\"height:10px\" aria-hidden=\"true\" class=\"wp-block-spacer\"><\/div>\n\n\n\n<p class=\"has-text-align-center\"><a href=\"https:\/\/www.kutseregister.ee\/et\/standardid\/?\" target=\"_blank\" rel=\"noreferrer noopener\"><strong> <\/strong>Vaata kutsestandardeid<\/a><\/p>\n\n\n\n<div style=\"height:10px\" aria-hidden=\"true\" class=\"wp-block-spacer\"><\/div>\n<\/div>\n<\/div>\n<\/div>\n\n\n\n<div class=\"wp-block-column is-layout-flow wp-block-column-is-layout-flow\"><\/div>\n\n\n\n<div class=\"wp-block-column is-layout-flow wp-block-column-is-layout-flow\"><\/div>\n<\/div>\n\n\n\n<h2 class=\"wp-block-heading has-neve-link-color-color has-text-color\" style=\"font-size:25px;font-style:normal;font-weight:200\">Milleks on kutsestandardit vaja?<\/h2>\n\n\n\n<p><strong>Kutsestandard<\/strong><\/p>\n\n\n\n<ul class=\"wp-block-list\">\n<li>on alus t\u00f6\u00f6turu n\u00f5udmistele vastavate \u00f5ppekavade ja koolitusprogrammide koostamisel;<\/li>\n\n\n\n<li>on alus kompetentsuse hindamisel;<\/li>\n\n\n\n<li>aitab t\u00f6\u00f6andjat ametite kirjeldamisel-tutvustamisel, t\u00f6\u00f6tajate v\u00e4rbamisel, ametijuhendite koostamisel, t\u00f6\u00f6tajate kutsen\u00f5uete m\u00e4\u00e4ramisel, koolituste plaanimisel;<\/li>\n\n\n\n<li>aitab t\u00f6\u00f6tajat, kes soovib saada selgust olemasolevates ja puuduvates oskustes, andes v\u00f5imaluse plaanida oma arengut ja karj\u00e4\u00e4ri ning luues aluse elukestavale \u00f5ppimisele;<\/li>\n\n\n\n<li>annab koolitajale, \u00f5ppurile, lapsevanemale, n\u00f5ustajale ja teistele teavet selle kohta, millist t\u00f6\u00f6tajat t\u00f6\u00f6turul vajatakse;<\/li>\n\n\n\n<li>on alus kutsetunnistuste rahvusvahelisel v\u00f5rdlemisel.<\/li>\n<\/ul>\n\n\n\n<h2 class=\"wp-block-heading has-neve-link-color-color has-text-color\" style=\"font-size:25px;font-style:normal;font-weight:200\">Kutsestandardi koostamine<\/h2>\n\n\n\n<p>Otsuse kutsestandardi koostamise v\u00f5i uuendamise vajaduse kohta teeb <a href=\"https:\/\/www.kutseregister.ee\/et\/noukogud\/?\" target=\"_blank\" rel=\"noreferrer noopener\">kutsen\u00f5ukogu<\/a>. Ettepaneku kutsestandardi koostamiseks v\u00f5ib esitada <a href=\"https:\/\/www.kutseregister.ee\/et\/kutset_andvad_organid\/?\">kutse andja <\/a>v\u00f5i muu vastava valdkonnaga seotud organisatsioon, ettev\u00f5te v\u00f5i asutus, samuti kutsen\u00f5ukogude esimeeste kogu.<\/p>\n\n\n\n<p>Kutsestandardi v\u00e4ljat\u00f6\u00f6tamise kinnitab <a href=\"http:\/\/kutsekoda.ee\/kutsesusteem\/\" target=\"_blank\" rel=\"noreferrer noopener\">kutsen\u00f5ukogude esimeeste kogu<\/a>.<\/p>\n\n\n\n<p>Kutsestandardid koostab kutsen\u00f5ukogu moodustatud t\u00f6\u00f6r\u00fchm. T\u00f6\u00f6r\u00fchmadesse kuuluvad vastava ala asjatundjad ehk t\u00f6\u00f6tajad, spetsialistid, juhid ja koolitajad. T\u00f6\u00f6r\u00fchmade t\u00f6\u00f6 korraldaja ja kutsestandardite vormistaja on Kutsekoda.<\/p>\n\n\n\n<div class=\"wp-block-columns is-layout-flex wp-container-core-columns-is-layout-9d6595d7 wp-block-columns-is-layout-flex\">\n<div class=\"wp-block-column is-layout-flow wp-block-column-is-layout-flow\">\n<p class=\"has-neve-link-color-color has-text-color\" style=\"font-size:17px\"><strong>Kutsestandard peab vastama j\u00e4rgmistele tingimustele:<\/strong><\/p>\n\n\n\n<ul class=\"wp-block-list\">\n<li>on koostatud t\u00f6\u00f6 funktsionaalsest anal\u00fc\u00fcsist l\u00e4htuvalt, arvestades kokkuleppeid kutsete laiap\u00f5hjalisuse v\u00f5i kitsuse kohta;<\/li>\n\n\n\n<li>kirjeldab oodatavaid kompetentse vaadeldavate ja hinnatavatena;<\/li>\n\n\n\n<li>m\u00e4\u00e4rab isiku kompetentsuse hindamise viisid;<\/li>\n\n\n\n<li>m\u00e4\u00e4rab vastava kutse kvalifikatsioonitaseme<a href=\"http:\/\/kutsekoda.ee\/eesti-kvalifikatsiooniraamistik\/\" target=\"_blank\" rel=\"noreferrer noopener\"> Eesti kvalifikatsiooniraamistikus (EKR)<\/a>.<\/li>\n<\/ul>\n<\/div>\n\n\n\n<div class=\"wp-block-column is-layout-flow wp-block-column-is-layout-flow\">\n<figure class=\"wp-block-image size-large is-resized\"><a href=\"http:\/\/kutsekoda.ee\/eesti-kvalifikatsiooniraamistik\/\"><img fetchpriority=\"high\" decoding=\"async\" src=\"http:\/\/kutsekoda.ee\/wp-content\/uploads\/2023\/11\/EKR_pildike-veebi-1024x775.png\" alt=\"\" class=\"wp-image-40705\" width=\"442\" height=\"334\" srcset=\"https:\/\/kutsekoda.ee\/wp-content\/uploads\/2023\/11\/EKR_pildike-veebi-1024x775.png 1024w, https:\/\/kutsekoda.ee\/wp-content\/uploads\/2023\/11\/EKR_pildike-veebi-300x227.png 300w, https:\/\/kutsekoda.ee\/wp-content\/uploads\/2023\/11\/EKR_pildike-veebi-768x581.png 768w, https:\/\/kutsekoda.ee\/wp-content\/uploads\/2023\/11\/EKR_pildike-veebi-24x18.png 24w, https:\/\/kutsekoda.ee\/wp-content\/uploads\/2023\/11\/EKR_pildike-veebi-36x27.png 36w, https:\/\/kutsekoda.ee\/wp-content\/uploads\/2023\/11\/EKR_pildike-veebi-48x36.png 48w, https:\/\/kutsekoda.ee\/wp-content\/uploads\/2023\/11\/EKR_pildike-veebi.png 1189w\" sizes=\"(max-width: 442px) 100vw, 442px\" \/><\/a><\/figure>\n<\/div>\n<\/div>\n\n\n\n<h1 class=\"wp-block-heading\">Vaata lisaks<\/h1>\n\n\n\n<figure class=\"wp-block-table is-style-stripes has-medium-font-size\"><table class=\"has-neve-link-color-color has-nv-site-bg-background-color has-text-color has-background\"><tbody><tr><td><a href=\"http:\/\/kutsekoda.ee\/juhendid-ja-kasiraamatud\/\" target=\"_blank\" rel=\"noreferrer noopener\"><strong>Kutsestandardi koostamise juhend ja abimaterjalid &gt;<\/strong><\/a><\/td><td><strong><a href=\"http:\/\/kutsekoda.ee\/kutsestandardid-arvamuskusitlusel\/\">Kutsestandardite arvamusk\u00fcsitlused &gt;<\/a><\/strong><\/td><td><a href=\"https:\/\/www.kutseregister.ee\/standardid\/viimati-kinnitatud-kutsestandardid\/?\" target=\"_blank\" rel=\"noreferrer noopener\"><strong>Viimati kinnitatud kutsestandardid &gt;<\/strong><\/a><\/td><\/tr><\/tbody><\/table><\/figure>\n","protected":false},"excerpt":{"rendered":"<p>Kutsestandard on dokument, mis kirjeldab kutsetegevust ning koolil\u00f5petaja ja t\u00f6\u00f6taja vastaval kutsel tegutsemiseks vajalikke oskusi ning teadmiste ja hoiakute kogumit. Vaata kutsestandardeid Milleks on kutsestandardit vaja? Kutsestandard Kutsestandardi koostamine Otsuse&hellip;&nbsp;<a href=\"https:\/\/kutsekoda.ee\/en\/kutsestandardid\/\" class=\"\" rel=\"bookmark\">Read More &raquo;<span class=\"screen-reader-text\">Kutsestandard<\/span><\/a><\/p>\n","protected":false},"author":1,"featured_media":0,"parent":0,"menu_order":0,"comment_status":"closed","ping_status":"closed","template":"","meta":{"inline_featured_image":false,"neve_meta_sidebar":"","neve_meta_container":"","neve_meta_enable_content_width":"","neve_meta_content_width":0,"neve_meta_title_alignment":"","neve_meta_author_avatar":"","neve_post_elements_order":"","neve_meta_disable_header":"","neve_meta_disable_footer":"","neve_meta_disable_title":"","_themeisle_gutenberg_block_has_review":false,"_FSMCFIC_featured_image_caption":"","_FSMCFIC_featured_image_nocaption":"","_FSMCFIC_featured_image_hide":"","footnotes":""},"class_list":["post-70","page","type-page","status-publish","hentry"],"yoast_head":"<!-- This site is optimized with the Yoast SEO plugin v27.2 - https:\/\/yoast.com\/product\/yoast-seo-wordpress\/ -->\n<title>Kutsestandard - Kutsekoda<\/title>\n<meta name=\"robots\" content=\"index, follow, max-snippet:-1, max-image-preview:large, max-video-preview:-1\" \/>\n<link rel=\"canonical\" href=\"https:\/\/kutsekoda.ee\/kutsestandardid\/\" \/>\n<meta property=\"og:locale\" content=\"en_US\" \/>\n<meta property=\"og:type\" content=\"article\" \/>\n<meta property=\"og:title\" content=\"Kutsestandard - Kutsekoda\" \/>\n<meta property=\"og:description\" content=\"Kutsestandard on dokument, mis kirjeldab kutsetegevust ning koolil\u00f5petaja ja t\u00f6\u00f6taja vastaval kutsel tegutsemiseks vajalikke oskusi ning teadmiste ja hoiakute kogumit. Vaata kutsestandardeid Milleks on kutsestandardit vaja? Kutsestandard Kutsestandardi koostamine Otsuse&hellip;&nbsp;Read More &raquo;Kutsestandard\" \/>\n<meta property=\"og:url\" content=\"https:\/\/kutsekoda.ee\/kutsestandardid\/\" \/>\n<meta property=\"og:site_name\" content=\"Kutsekoda\" \/>\n<meta property=\"article:modified_time\" content=\"2023-11-28T12:34:57+00:00\" \/>\n<meta property=\"og:image\" content=\"http:\/\/kutsekoda.ee\/wp-content\/uploads\/2023\/11\/EKR_pildike-veebi-1024x775.png\" \/>\n<meta name=\"twitter:card\" content=\"summary_large_image\" \/>\n<meta name=\"twitter:label1\" content=\"Est. reading time\" \/>\n\t<meta name=\"twitter:data1\" content=\"2 minutes\" \/>\n<script type=\"application\/ld+json\" class=\"yoast-schema-graph\">{\"@context\":\"https:\/\/schema.org\",\"@graph\":[{\"@type\":\"WebPage\",\"@id\":\"https:\/\/kutsekoda.ee\/kutsestandardid\/\",\"url\":\"https:\/\/kutsekoda.ee\/kutsestandardid\/\",\"name\":\"Kutsestandard - Kutsekoda\",\"isPartOf\":{\"@id\":\"https:\/\/kutsekoda.ee\/#website\"},\"primaryImageOfPage\":{\"@id\":\"https:\/\/kutsekoda.ee\/kutsestandardid\/#primaryimage\"},\"image\":{\"@id\":\"https:\/\/kutsekoda.ee\/kutsestandardid\/#primaryimage\"},\"thumbnailUrl\":\"http:\/\/kutsekoda.ee\/wp-content\/uploads\/2023\/11\/EKR_pildike-veebi-1024x775.png\",\"datePublished\":\"2018-05-08T08:27:26+00:00\",\"dateModified\":\"2023-11-28T12:34:57+00:00\",\"breadcrumb\":{\"@id\":\"https:\/\/kutsekoda.ee\/kutsestandardid\/#breadcrumb\"},\"inLanguage\":\"en-US\",\"potentialAction\":[{\"@type\":\"ReadAction\",\"target\":[\"https:\/\/kutsekoda.ee\/kutsestandardid\/\"]}]},{\"@type\":\"ImageObject\",\"inLanguage\":\"en-US\",\"@id\":\"https:\/\/kutsekoda.ee\/kutsestandardid\/#primaryimage\",\"url\":\"http:\/\/kutsekoda.ee\/wp-content\/uploads\/2023\/11\/EKR_pildike-veebi-1024x775.png\",\"contentUrl\":\"http:\/\/kutsekoda.ee\/wp-content\/uploads\/2023\/11\/EKR_pildike-veebi-1024x775.png\"},{\"@type\":\"BreadcrumbList\",\"@id\":\"https:\/\/kutsekoda.ee\/kutsestandardid\/#breadcrumb\",\"itemListElement\":[{\"@type\":\"ListItem\",\"position\":1,\"name\":\"Frontpage\",\"item\":\"https:\/\/kutsekoda.ee\/en\/\"},{\"@type\":\"ListItem\",\"position\":2,\"name\":\"Kutsestandard\"}]},{\"@type\":\"WebSite\",\"@id\":\"https:\/\/kutsekoda.ee\/#website\",\"url\":\"https:\/\/kutsekoda.ee\/\",\"name\":\"Kutsekoda\",\"description\":\"\",\"potentialAction\":[{\"@type\":\"SearchAction\",\"target\":{\"@type\":\"EntryPoint\",\"urlTemplate\":\"https:\/\/kutsekoda.ee\/?s={search_term_string}\"},\"query-input\":{\"@type\":\"PropertyValueSpecification\",\"valueRequired\":true,\"valueName\":\"search_term_string\"}}],\"inLanguage\":\"en-US\"}]}<\/script>\n<!-- \/ Yoast SEO plugin. -->","yoast_head_json":{"title":"Kutsestandard - Kutsekoda","robots":{"index":"index","follow":"follow","max-snippet":"max-snippet:-1","max-image-preview":"max-image-preview:large","max-video-preview":"max-video-preview:-1"},"canonical":"https:\/\/kutsekoda.ee\/kutsestandardid\/","og_locale":"en_US","og_type":"article","og_title":"Kutsestandard - Kutsekoda","og_description":"Kutsestandard on dokument, mis kirjeldab kutsetegevust ning koolil\u00f5petaja ja t\u00f6\u00f6taja vastaval kutsel tegutsemiseks vajalikke oskusi ning teadmiste ja hoiakute kogumit. Vaata kutsestandardeid Milleks on kutsestandardit vaja? Kutsestandard Kutsestandardi koostamine Otsuse&hellip;&nbsp;Read More &raquo;Kutsestandard","og_url":"https:\/\/kutsekoda.ee\/kutsestandardid\/","og_site_name":"Kutsekoda","article_modified_time":"2023-11-28T12:34:57+00:00","og_image":[{"url":"http:\/\/kutsekoda.ee\/wp-content\/uploads\/2023\/11\/EKR_pildike-veebi-1024x775.png","type":"","width":"","height":""}],"twitter_card":"summary_large_image","twitter_misc":{"Est. reading time":"2 minutes"},"schema":{"@context":"https:\/\/schema.org","@graph":[{"@type":"WebPage","@id":"https:\/\/kutsekoda.ee\/kutsestandardid\/","url":"https:\/\/kutsekoda.ee\/kutsestandardid\/","name":"Kutsestandard - Kutsekoda","isPartOf":{"@id":"https:\/\/kutsekoda.ee\/#website"},"primaryImageOfPage":{"@id":"https:\/\/kutsekoda.ee\/kutsestandardid\/#primaryimage"},"image":{"@id":"https:\/\/kutsekoda.ee\/kutsestandardid\/#primaryimage"},"thumbnailUrl":"http:\/\/kutsekoda.ee\/wp-content\/uploads\/2023\/11\/EKR_pildike-veebi-1024x775.png","datePublished":"2018-05-08T08:27:26+00:00","dateModified":"2023-11-28T12:34:57+00:00","breadcrumb":{"@id":"https:\/\/kutsekoda.ee\/kutsestandardid\/#breadcrumb"},"inLanguage":"en-US","potentialAction":[{"@type":"ReadAction","target":["https:\/\/kutsekoda.ee\/kutsestandardid\/"]}]},{"@type":"ImageObject","inLanguage":"en-US","@id":"https:\/\/kutsekoda.ee\/kutsestandardid\/#primaryimage","url":"http:\/\/kutsekoda.ee\/wp-content\/uploads\/2023\/11\/EKR_pildike-veebi-1024x775.png","contentUrl":"http:\/\/kutsekoda.ee\/wp-content\/uploads\/2023\/11\/EKR_pildike-veebi-1024x775.png"},{"@type":"BreadcrumbList","@id":"https:\/\/kutsekoda.ee\/kutsestandardid\/#breadcrumb","itemListElement":[{"@type":"ListItem","position":1,"name":"Frontpage","item":"https:\/\/kutsekoda.ee\/en\/"},{"@type":"ListItem","position":2,"name":"Kutsestandard"}]},{"@type":"WebSite","@id":"https:\/\/kutsekoda.ee\/#website","url":"https:\/\/kutsekoda.ee\/","name":"Kutsekoda","description":"","potentialAction":[{"@type":"SearchAction","target":{"@type":"EntryPoint","urlTemplate":"https:\/\/kutsekoda.ee\/?s={search_term_string}"},"query-input":{"@type":"PropertyValueSpecification","valueRequired":true,"valueName":"search_term_string"}}],"inLanguage":"en-US"}]}},"publishpress_future_action":{"enabled":false,"date":"2026-04-17 08:31:24","action":"change-status","newStatus":"draft","terms":[],"taxonomy":"translation_priority","extraData":[]},"publishpress_future_workflow_manual_trigger":{"enabledWorkflows":[]},"_links":{"self":[{"href":"https:\/\/kutsekoda.ee\/en\/wp-json\/wp\/v2\/pages\/70","targetHints":{"allow":["GET"]}}],"collection":[{"href":"https:\/\/kutsekoda.ee\/en\/wp-json\/wp\/v2\/pages"}],"about":[{"href":"https:\/\/kutsekoda.ee\/en\/wp-json\/wp\/v2\/types\/page"}],"author":[{"embeddable":true,"href":"https:\/\/kutsekoda.ee\/en\/wp-json\/wp\/v2\/users\/1"}],"replies":[{"embeddable":true,"href":"https:\/\/kutsekoda.ee\/en\/wp-json\/wp\/v2\/comments?post=70"}],"version-history":[{"count":5,"href":"https:\/\/kutsekoda.ee\/en\/wp-json\/wp\/v2\/pages\/70\/revisions"}],"predecessor-version":[{"id":40827,"href":"https:\/\/kutsekoda.ee\/en\/wp-json\/wp\/v2\/pages\/70\/revisions\/40827"}],"wp:attachment":[{"href":"https:\/\/kutsekoda.ee\/en\/wp-json\/wp\/v2\/media?parent=70"}],"curies":[{"name":"wp","href":"https:\/\/api.w.org\/{rel}","templated":true}]}}