{"id":72,"date":"2018-05-08T08:27:26","date_gmt":"2018-05-08T08:27:26","guid":{"rendered":"https:\/\/kutsekoda-wp.loc.piksel.ee\/?page_id=72"},"modified":"2024-11-14T12:46:06","modified_gmt":"2024-11-14T10:46:06","slug":"kutsetunnistus","status":"publish","type":"page","link":"https:\/\/kutsekoda.ee\/en\/kutsetunnistus\/","title":{"rendered":"Kutse omandamine v\u00e4ljaspool \u00f5ppeasutust"},"content":{"rendered":"\n<div class=\"wp-block-columns is-layout-flex wp-container-core-columns-is-layout-9d6595d7 wp-block-columns-is-layout-flex\">\n<div class=\"wp-block-column is-layout-flow wp-block-column-is-layout-flow\">\n<p>Kutse omandamist t\u00f5endab kutsetunnistus.<\/p>\n\n\n\n<p>Kutsetunnistus ei ole alati t\u00f6\u00f6tamise eeltingimus, kuid <a href=\"http:\/\/kutsekoda.ee\/reguleeritud-kutsed\/\">teatud ametikohtadel<\/a> on see seadusega n\u00f5utav.<\/p>\n\n\n\n<p>Kui sinu ametikohal ei ole kutsetunnistus seadusega n\u00f5utud, tasub siiski selle omandamise peale m\u00f5elda, kuna <strong>kutsetunnistus aitab<\/strong>:<\/p>\n\n\n\n<ul class=\"wp-block-list\">\n<li>t\u00f5endada, et sul on olemas k\u00f5ik vastavas kutsestandardis kirjeldatud oskused ja teadmised ning t\u00f6\u00f6andja ei pea neid kontrollima;<\/li>\n\n\n\n<li>suurendada l\u00e4bil\u00f6\u00f6giv\u00f5imet t\u00f6\u00f6turul;<\/li>\n\n\n\n<li>saada selgust olemasolevates ja puuduvates oskustes;<\/li>\n\n\n\n<li>plaanida karj\u00e4\u00e4ri ja arengut;<\/li>\n\n\n\n<li>hinnata ja valida sobivaid koolitusi.<\/li>\n<\/ul>\n\n\n\n<div class=\"wp-block-buttons is-layout-flex wp-block-buttons-is-layout-flex\">\n<div class=\"wp-block-button is-style-primary\"><a class=\"wp-block-button__link wp-element-button\" href=\"https:\/\/www.kutseregister.ee\/et\/standardid\/standardid_top2\/?\" target=\"_blank\" rel=\"noreferrer noopener\">Vaata kutsestandardeid<\/a><\/div>\n<\/div>\n<\/div>\n\n\n\n<div class=\"wp-block-column is-layout-flow wp-block-column-is-layout-flow\">\n<figure class=\"wp-block-image size-full\"><img fetchpriority=\"high\" decoding=\"async\" width=\"907\" height=\"845\" src=\"http:\/\/kutsekoda.ee\/wp-content\/uploads\/2023\/11\/Kutse-taotlemine_veeb.png\" alt=\"\" class=\"wp-image-40812\" srcset=\"https:\/\/kutsekoda.ee\/wp-content\/uploads\/2023\/11\/Kutse-taotlemine_veeb.png 907w, https:\/\/kutsekoda.ee\/wp-content\/uploads\/2023\/11\/Kutse-taotlemine_veeb-300x279.png 300w, https:\/\/kutsekoda.ee\/wp-content\/uploads\/2023\/11\/Kutse-taotlemine_veeb-768x716.png 768w, https:\/\/kutsekoda.ee\/wp-content\/uploads\/2023\/11\/Kutse-taotlemine_veeb-24x22.png 24w, https:\/\/kutsekoda.ee\/wp-content\/uploads\/2023\/11\/Kutse-taotlemine_veeb-36x34.png 36w, https:\/\/kutsekoda.ee\/wp-content\/uploads\/2023\/11\/Kutse-taotlemine_veeb-48x45.png 48w\" sizes=\"(max-width: 907px) 100vw, 907px\" \/><\/figure>\n<\/div>\n<\/div>\n\n\n\n<hr class=\"wp-block-separator has-text-color has-alpha-channel-opacity has-background is-style-dots\" style=\"background-color:#f8d823;color:#f8d823\"\/>\n\n\n\n<h2 class=\"wp-block-heading\" style=\"font-size:25px;font-style:normal;font-weight:200\">Sammud kutsetunnistuse saamiseks<\/h2>\n\n\n\n<div id=\"wp-block-themeisle-blocks-accordion-61ecd81e\" class=\"wp-block-themeisle-blocks-accordion exclusive icon-first  is-style-default\">\n<details class=\"wp-block-themeisle-blocks-accordion-item\"><summary class=\"wp-block-themeisle-blocks-accordion-item__title\"><div><strong>1. Eneseanal\u00fc\u00fcs ja kutsestandardiga tutvumine<\/strong><\/div><\/summary><div class=\"wp-block-themeisle-blocks-accordion-item__content\">\n<ul class=\"wp-block-list\">\n<li>Uuri sind huvitava kutsestandardi olemasolu <a href=\"https:\/\/www.kutseregister.ee\/et\/standardid\/standardid_top2\/?\" target=\"_blank\" rel=\"noreferrer noopener\"><strong>kutseregistrist &gt;<\/strong><\/a><\/li>\n\n\n\n<li>Tutvu kutsestandardiga ja hinda, millised teadmised-oskused on sul olemas ning mida peaks kutseoskusn\u00f5uete v\u00f5rdluses juurde \u00f5ppima.<\/li>\n\n\n\n<li>Hinda ka varasemate \u00f5pingute v\u00f5i t\u00f6\u00f6kogemuse k\u00e4igus omandatut, kui see v\u00f5iks kutseoskusn\u00f5uetega sobida. <a href=\"https:\/\/hm.ee\/v%C3%B5ta\" target=\"_blank\" rel=\"noreferrer noopener\">Vt V\u00d5TA &gt;<\/a><\/li>\n<\/ul>\n\n\n\n<p> <\/p>\n<\/div><\/details>\n\n\n\n<details class=\"wp-block-themeisle-blocks-accordion-item\"><summary class=\"wp-block-themeisle-blocks-accordion-item__title\"><div><strong>2. Kutse andmise sammude ja reeglitega tutvumine<\/strong><\/div><\/summary><div class=\"wp-block-themeisle-blocks-accordion-item__content\">\n<p>M\u00f5ni kutsestandard on loodud \u00fcksnes sisendiks \u00f5ppekavale ning kutse andmist ja kutsetunnistuste v\u00e4ljastamist ei peeta valdkonnas otstarbekaks.<\/p>\n\n\n\n<ul class=\"wp-block-list\">\n<li>Leia <a href=\"https:\/\/www.kutseregister.ee\/et\/kutset_andvad_organid\/?\" target=\"_blank\" rel=\"noreferrer noopener\"><strong>kutse andja &gt;<\/strong><\/a><\/li>\n\n\n\n<li>Leidnud kutse andja, tutvu selle veebisaidil p\u00f5hjalikult asjakohase teabega ja vajaduse korral k\u00fcsi lisa. <\/li>\n\n\n\n<li>Edasi toimi kutse andja kehtestatud korra j\u00e4rgi, mh t\u00e4ida avaldus, komplekteeri vajalikud dokumendid ning esita need \u00f5igel ajal kutse andjale.<\/li>\n<\/ul>\n<\/div><\/details>\n\n\n\n<details class=\"wp-block-themeisle-blocks-accordion-item\"><summary class=\"wp-block-themeisle-blocks-accordion-item__title\"><div><strong>3. Taotluse hindamine ja kutseeksam<\/strong><\/div><\/summary><div class=\"wp-block-themeisle-blocks-accordion-item__content\">\n<p>Kutseoskuste hindamine toimub eri kutsete puhul erinevalt. Sinu oskuste ja teadmiste hindamiseks v\u00f5ib kutse andja kasutada n\u00e4iteks j\u00e4rgmisi meetodeid:<\/p>\n\n\n\n<ul class=\"wp-block-list\">\n<li>hinnata su portfooliot ehk \u00f5pi- v\u00f5i t\u00f6\u00f6mappi;<\/li>\n\n\n\n<li>teha sinuga intervjuu;<\/li>\n\n\n\n<li>k\u00fcsida su t\u00f6\u00f6andjalt iseloomustust ja t\u00f6\u00f6\u00fclesannete kirjeldust;<\/li>\n\n\n\n<li>vaadelda ja hinnata su oskusi t\u00f6\u00f6kohal;<\/li>\n\n\n\n<li>k\u00fcsida su t\u00e4iendus- v\u00f5i lisakoolituse tunnistust;<\/li>\n\n\n\n<li>korraldada sulle kutseeksam.<\/li>\n<\/ul>\n\n\n\n<p>L\u00f5pliku otsuse kutse andmise kohta teeb <a href=\"http:\/\/kutsekoda.ee\/kutsesusteem\/\" target=\"_blank\" rel=\"noreferrer noopener\">kutsekomisjon<\/a>.<\/p>\n<\/div><\/details>\n\n\n\n<details class=\"wp-block-themeisle-blocks-accordion-item\"><summary class=\"wp-block-themeisle-blocks-accordion-item__title\"><div><strong>4. Otsus ja tagasiside<\/strong><\/div><\/summary><div class=\"wp-block-themeisle-blocks-accordion-item__content\">\n<div class=\"wp-block-columns is-layout-flex wp-container-core-columns-is-layout-9d6595d7 wp-block-columns-is-layout-flex\">\n<div class=\"wp-block-column is-layout-flow wp-block-column-is-layout-flow\">\n<p>Positiivse tulemuse korral v\u00e4ljastatakse sulle <a href=\"https:\/\/www.kutseregister.ee\/kutsed\/avalik_kutsetunnistused\/?\" target=\"_blank\" rel=\"noreferrer noopener\">kutsetunnistus<\/a> (vt blanketi n\u00e4idist -&gt;), mis t\u00f5endab, et sinu oskused ja teadmised vastavad taotletud kutsele.<\/p>\n\n\n\n<p>Kutsetunnistus kantakse kutseregistrisse ning registriandmed on n\u00e4htavad ka portaali <a href=\"http:\/\/www.eesti.ee\" target=\"_blank\" rel=\"noreferrer noopener\">www.eesti.ee<\/a> kodaniku vaates.<\/p>\n\n\n\n<p>Kui soovid, et sinu kutsetunnistus oleks tunnustatud ka teistes Euroopa Liidu riikides, saad kutseregistrist v\u00e4lja printida kutsetunnistuse <a href=\"https:\/\/www.kutseregister.ee\/et\/Kutsetunnistuse_lisad\/?\" target=\"_blank\" rel=\"noreferrer noopener\">ingliskeelse lisa<\/a>. Kui sa loetelust \u00f5iget lisa ei leia, v\u00f5ta \u00fchendust <a href=\"http:\/\/kutsekoda.ee\/europassi-keskus\/\" target=\"_blank\" rel=\"noreferrer noopener\">Europassi keskusega<\/a>.<\/p>\n\n\n\n<p>Taotlejal on \u00f5igus saada mistahes otsuse korral tagasisidet ja teavet. Mitterahuldava otsuse puhul on taotlejal \u00f5igus otsus vaidlustada. Apelleerimise kord on kindlaks m\u00e4\u00e4ratud vastava kutse andmise korras.<\/p>\n<\/div>\n\n\n\n<div class=\"wp-block-column is-layout-flow wp-block-column-is-layout-flow\">\n<p class=\"has-text-align-center\"><img decoding=\"async\" width=\"212\" height=\"300\" src=\"http:\/\/kutsekoda.ee\/wp-content\/uploads\/2023\/05\/Tunnistuse-blankett_scan-212x300.jpg\" alt=\"kutsetunnistuse n\u00e4ide\"><\/p>\n<\/div>\n<\/div>\n<\/div><\/details>\n<\/div>\n\n\n\n<hr class=\"wp-block-separator has-text-color has-alpha-channel-opacity has-background is-style-dots\" style=\"background-color:#f8d823;color:#f8d823\"\/>\n\n\n\n<h1 class=\"wp-block-heading\">Vaata lisaks<\/h1>\n\n\n\n<div class=\"wp-block-columns is-layout-flex wp-container-core-columns-is-layout-9d6595d7 wp-block-columns-is-layout-flex\">\n<div class=\"wp-block-column is-layout-flow wp-block-column-is-layout-flow\">\n<p class=\"has-neve-link-color-color has-text-color has-medium-font-size\"><a href=\"http:\/\/kutsekoda.ee\/kutse-andmise-tasu\/\" target=\"_blank\" rel=\"noreferrer noopener\">Kutse andmise tasu<\/a><\/p>\n\n\n\n<p style=\"font-size:14px\">Siit leiad, kuidas kalkuleeritakse tasu ja mis puhul kaetakse kutse andmisega seotud kulud.<\/p>\n<\/div>\n\n\n\n<div class=\"wp-block-column is-layout-flow wp-block-column-is-layout-flow\">\n<p class=\"has-neve-link-color-color has-text-color has-medium-font-size\"><a href=\"http:\/\/kutsekoda.ee\/osakutse\/\" target=\"_blank\" rel=\"noreferrer noopener\">Osakutse ja selle taotlemine<\/a><\/p>\n\n\n\n<p style=\"font-size:14px\">Siit leiad, kuidas taotleda osakutset.<\/p>\n<\/div>\n\n\n\n<div class=\"wp-block-column is-layout-flow wp-block-column-is-layout-flow\">\n<p class=\"has-neve-link-color-color has-text-color has-medium-font-size\"><a href=\"http:\/\/kutsekoda.ee\/reguleeritud-kutsed\/\" target=\"_blank\" rel=\"noreferrer noopener\">Reguleeritud kutsed<\/a><\/p>\n\n\n\n<p style=\"font-size:14px\">Vaata siit, millistes ametites t\u00f6\u00f6tamiseks on seadusest tulenevalt vaja kutsetunnistust.<\/p>\n<\/div>\n<\/div>\n\n\n\n<div class=\"wp-block-columns is-layout-flex wp-container-core-columns-is-layout-9d6595d7 wp-block-columns-is-layout-flex\">\n<div class=\"wp-block-column is-layout-flow wp-block-column-is-layout-flow\">\n<p class=\"has-neve-link-color-color has-text-color has-medium-font-size\">Kutse taast\u00f5endamine<\/p>\n\n\n\n<p style=\"font-size:14px\">Suur osa kutseid on t\u00e4htajalised. Kutse taast\u00f5endamiseks on \u00fcldjuhul tarvis k\u00e4ia t\u00e4ienduskoolitusel ja esitada t\u00f6\u00f6kogemuse suurenemise kohta t\u00f5endusmaterjali. Selleks tuleb p\u00f6\u00f6rduda enne kutsetunnistuse aegumise t\u00e4htaega <a href=\"https:\/\/www.kutseregister.ee\/et\/kutset_andvad_organid\/?\" target=\"_blank\" rel=\"noreferrer noopener\">kutse andja<\/a> poole.<\/p>\n<\/div>\n\n\n\n<div class=\"wp-block-column is-layout-flow wp-block-column-is-layout-flow\">\n<p class=\"has-neve-link-color-color has-text-color has-medium-font-size\"><\/p>\n<\/div>\n\n\n\n<div class=\"wp-block-column is-layout-flow wp-block-column-is-layout-flow\"><\/div>\n<\/div>\n","protected":false},"excerpt":{"rendered":"<p>Kutse omandamist t\u00f5endab kutsetunnistus. Kutsetunnistus ei ole alati t\u00f6\u00f6tamise eeltingimus, kuid teatud ametikohtadel on see seadusega n\u00f5utav. Kui sinu ametikohal ei ole kutsetunnistus seadusega n\u00f5utud, tasub siiski selle omandamise peale&hellip;&nbsp;<a href=\"https:\/\/kutsekoda.ee\/en\/kutsetunnistus\/\" class=\"\" rel=\"bookmark\">Read More &raquo;<span class=\"screen-reader-text\">Kutse omandamine v\u00e4ljaspool \u00f5ppeasutust<\/span><\/a><\/p>\n","protected":false},"author":1,"featured_media":0,"parent":0,"menu_order":0,"comment_status":"closed","ping_status":"closed","template":"","meta":{"inline_featured_image":false,"neve_meta_sidebar":"","neve_meta_container":"","neve_meta_enable_content_width":"","neve_meta_content_width":0,"neve_meta_title_alignment":"","neve_meta_author_avatar":"","neve_post_elements_order":"","neve_meta_disable_header":"","neve_meta_disable_footer":"","neve_meta_disable_title":"","_themeisle_gutenberg_block_has_review":false,"_FSMCFIC_featured_image_caption":"","_FSMCFIC_featured_image_nocaption":"","_FSMCFIC_featured_image_hide":"","footnotes":""},"class_list":["post-72","page","type-page","status-publish","hentry"],"yoast_head":"<!-- This site is optimized with the Yoast SEO plugin v27.2 - https:\/\/yoast.com\/product\/yoast-seo-wordpress\/ -->\n<title>Kutse omandamine v\u00e4ljaspool \u00f5ppeasutust - Kutsekoda<\/title>\n<meta name=\"robots\" content=\"index, follow, max-snippet:-1, max-image-preview:large, max-video-preview:-1\" \/>\n<link rel=\"canonical\" href=\"https:\/\/kutsekoda.ee\/kutsetunnistus\/\" \/>\n<meta property=\"og:locale\" content=\"en_US\" \/>\n<meta property=\"og:type\" content=\"article\" \/>\n<meta property=\"og:title\" content=\"Kutse omandamine v\u00e4ljaspool \u00f5ppeasutust - Kutsekoda\" \/>\n<meta property=\"og:description\" content=\"Kutse omandamist t\u00f5endab kutsetunnistus. Kutsetunnistus ei ole alati t\u00f6\u00f6tamise eeltingimus, kuid teatud ametikohtadel on see seadusega n\u00f5utav. Kui sinu ametikohal ei ole kutsetunnistus seadusega n\u00f5utud, tasub siiski selle omandamise peale&hellip;&nbsp;Read More &raquo;Kutse omandamine v\u00e4ljaspool \u00f5ppeasutust\" \/>\n<meta property=\"og:url\" content=\"https:\/\/kutsekoda.ee\/kutsetunnistus\/\" \/>\n<meta property=\"og:site_name\" content=\"Kutsekoda\" \/>\n<meta property=\"article:modified_time\" content=\"2024-11-14T10:46:06+00:00\" \/>\n<meta property=\"og:image\" content=\"http:\/\/kutsekoda.ee\/wp-content\/uploads\/2023\/11\/Kutse-taotlemine_veeb.png\" \/>\n<meta name=\"twitter:card\" content=\"summary_large_image\" \/>\n<meta name=\"twitter:label1\" content=\"Est. reading time\" \/>\n\t<meta name=\"twitter:data1\" content=\"3 minutes\" \/>\n<script type=\"application\/ld+json\" class=\"yoast-schema-graph\">{\"@context\":\"https:\/\/schema.org\",\"@graph\":[{\"@type\":\"WebPage\",\"@id\":\"https:\/\/kutsekoda.ee\/kutsetunnistus\/\",\"url\":\"https:\/\/kutsekoda.ee\/kutsetunnistus\/\",\"name\":\"Kutse omandamine v\u00e4ljaspool \u00f5ppeasutust - Kutsekoda\",\"isPartOf\":{\"@id\":\"https:\/\/kutsekoda.ee\/#website\"},\"primaryImageOfPage\":{\"@id\":\"https:\/\/kutsekoda.ee\/kutsetunnistus\/#primaryimage\"},\"image\":{\"@id\":\"https:\/\/kutsekoda.ee\/kutsetunnistus\/#primaryimage\"},\"thumbnailUrl\":\"http:\/\/kutsekoda.ee\/wp-content\/uploads\/2023\/11\/Kutse-taotlemine_veeb.png\",\"datePublished\":\"2018-05-08T08:27:26+00:00\",\"dateModified\":\"2024-11-14T10:46:06+00:00\",\"breadcrumb\":{\"@id\":\"https:\/\/kutsekoda.ee\/kutsetunnistus\/#breadcrumb\"},\"inLanguage\":\"en-US\",\"potentialAction\":[{\"@type\":\"ReadAction\",\"target\":[\"https:\/\/kutsekoda.ee\/kutsetunnistus\/\"]}]},{\"@type\":\"ImageObject\",\"inLanguage\":\"en-US\",\"@id\":\"https:\/\/kutsekoda.ee\/kutsetunnistus\/#primaryimage\",\"url\":\"http:\/\/kutsekoda.ee\/wp-content\/uploads\/2023\/11\/Kutse-taotlemine_veeb.png\",\"contentUrl\":\"http:\/\/kutsekoda.ee\/wp-content\/uploads\/2023\/11\/Kutse-taotlemine_veeb.png\"},{\"@type\":\"BreadcrumbList\",\"@id\":\"https:\/\/kutsekoda.ee\/kutsetunnistus\/#breadcrumb\",\"itemListElement\":[{\"@type\":\"ListItem\",\"position\":1,\"name\":\"Frontpage\",\"item\":\"https:\/\/kutsekoda.ee\/en\/\"},{\"@type\":\"ListItem\",\"position\":2,\"name\":\"Kutse omandamine v\u00e4ljaspool \u00f5ppeasutust\"}]},{\"@type\":\"WebSite\",\"@id\":\"https:\/\/kutsekoda.ee\/#website\",\"url\":\"https:\/\/kutsekoda.ee\/\",\"name\":\"Kutsekoda\",\"description\":\"\",\"potentialAction\":[{\"@type\":\"SearchAction\",\"target\":{\"@type\":\"EntryPoint\",\"urlTemplate\":\"https:\/\/kutsekoda.ee\/?s={search_term_string}\"},\"query-input\":{\"@type\":\"PropertyValueSpecification\",\"valueRequired\":true,\"valueName\":\"search_term_string\"}}],\"inLanguage\":\"en-US\"}]}<\/script>\n<!-- \/ Yoast SEO plugin. -->","yoast_head_json":{"title":"Kutse omandamine v\u00e4ljaspool \u00f5ppeasutust - Kutsekoda","robots":{"index":"index","follow":"follow","max-snippet":"max-snippet:-1","max-image-preview":"max-image-preview:large","max-video-preview":"max-video-preview:-1"},"canonical":"https:\/\/kutsekoda.ee\/kutsetunnistus\/","og_locale":"en_US","og_type":"article","og_title":"Kutse omandamine v\u00e4ljaspool \u00f5ppeasutust - Kutsekoda","og_description":"Kutse omandamist t\u00f5endab kutsetunnistus. Kutsetunnistus ei ole alati t\u00f6\u00f6tamise eeltingimus, kuid teatud ametikohtadel on see seadusega n\u00f5utav. Kui sinu ametikohal ei ole kutsetunnistus seadusega n\u00f5utud, tasub siiski selle omandamise peale&hellip;&nbsp;Read More &raquo;Kutse omandamine v\u00e4ljaspool \u00f5ppeasutust","og_url":"https:\/\/kutsekoda.ee\/kutsetunnistus\/","og_site_name":"Kutsekoda","article_modified_time":"2024-11-14T10:46:06+00:00","og_image":[{"url":"http:\/\/kutsekoda.ee\/wp-content\/uploads\/2023\/11\/Kutse-taotlemine_veeb.png","type":"","width":"","height":""}],"twitter_card":"summary_large_image","twitter_misc":{"Est. reading time":"3 minutes"},"schema":{"@context":"https:\/\/schema.org","@graph":[{"@type":"WebPage","@id":"https:\/\/kutsekoda.ee\/kutsetunnistus\/","url":"https:\/\/kutsekoda.ee\/kutsetunnistus\/","name":"Kutse omandamine v\u00e4ljaspool \u00f5ppeasutust - Kutsekoda","isPartOf":{"@id":"https:\/\/kutsekoda.ee\/#website"},"primaryImageOfPage":{"@id":"https:\/\/kutsekoda.ee\/kutsetunnistus\/#primaryimage"},"image":{"@id":"https:\/\/kutsekoda.ee\/kutsetunnistus\/#primaryimage"},"thumbnailUrl":"http:\/\/kutsekoda.ee\/wp-content\/uploads\/2023\/11\/Kutse-taotlemine_veeb.png","datePublished":"2018-05-08T08:27:26+00:00","dateModified":"2024-11-14T10:46:06+00:00","breadcrumb":{"@id":"https:\/\/kutsekoda.ee\/kutsetunnistus\/#breadcrumb"},"inLanguage":"en-US","potentialAction":[{"@type":"ReadAction","target":["https:\/\/kutsekoda.ee\/kutsetunnistus\/"]}]},{"@type":"ImageObject","inLanguage":"en-US","@id":"https:\/\/kutsekoda.ee\/kutsetunnistus\/#primaryimage","url":"http:\/\/kutsekoda.ee\/wp-content\/uploads\/2023\/11\/Kutse-taotlemine_veeb.png","contentUrl":"http:\/\/kutsekoda.ee\/wp-content\/uploads\/2023\/11\/Kutse-taotlemine_veeb.png"},{"@type":"BreadcrumbList","@id":"https:\/\/kutsekoda.ee\/kutsetunnistus\/#breadcrumb","itemListElement":[{"@type":"ListItem","position":1,"name":"Frontpage","item":"https:\/\/kutsekoda.ee\/en\/"},{"@type":"ListItem","position":2,"name":"Kutse omandamine v\u00e4ljaspool \u00f5ppeasutust"}]},{"@type":"WebSite","@id":"https:\/\/kutsekoda.ee\/#website","url":"https:\/\/kutsekoda.ee\/","name":"Kutsekoda","description":"","potentialAction":[{"@type":"SearchAction","target":{"@type":"EntryPoint","urlTemplate":"https:\/\/kutsekoda.ee\/?s={search_term_string}"},"query-input":{"@type":"PropertyValueSpecification","valueRequired":true,"valueName":"search_term_string"}}],"inLanguage":"en-US"}]}},"publishpress_future_action":{"enabled":false,"date":"2026-04-22 04:15:37","action":"change-status","newStatus":"draft","terms":[],"taxonomy":"translation_priority","extraData":[]},"publishpress_future_workflow_manual_trigger":{"enabledWorkflows":[]},"_links":{"self":[{"href":"https:\/\/kutsekoda.ee\/en\/wp-json\/wp\/v2\/pages\/72","targetHints":{"allow":["GET"]}}],"collection":[{"href":"https:\/\/kutsekoda.ee\/en\/wp-json\/wp\/v2\/pages"}],"about":[{"href":"https:\/\/kutsekoda.ee\/en\/wp-json\/wp\/v2\/types\/page"}],"author":[{"embeddable":true,"href":"https:\/\/kutsekoda.ee\/en\/wp-json\/wp\/v2\/users\/1"}],"replies":[{"embeddable":true,"href":"https:\/\/kutsekoda.ee\/en\/wp-json\/wp\/v2\/comments?post=72"}],"version-history":[{"count":5,"href":"https:\/\/kutsekoda.ee\/en\/wp-json\/wp\/v2\/pages\/72\/revisions"}],"predecessor-version":[{"id":40895,"href":"https:\/\/kutsekoda.ee\/en\/wp-json\/wp\/v2\/pages\/72\/revisions\/40895"}],"wp:attachment":[{"href":"https:\/\/kutsekoda.ee\/en\/wp-json\/wp\/v2\/media?parent=72"}],"curies":[{"name":"wp","href":"https:\/\/api.w.org\/{rel}","templated":true}]}}