{"id":106,"date":"2018-05-08T09:14:57","date_gmt":"2018-05-08T09:14:57","guid":{"rendered":"https:\/\/kutsekoda-wp.loc.piksel.ee\/?page_id=106"},"modified":"2023-11-28T15:02:58","modified_gmt":"2023-11-28T13:02:58","slug":"osakutse","status":"publish","type":"page","link":"https:\/\/kutsekoda.ee\/ru\/osakutse\/","title":{"rendered":"Osakutse ja selle tunnistuse taotlemine"},"content":{"rendered":"\n<div class=\"wp-block-columns is-layout-flex wp-container-core-columns-is-layout-9d6595d7 wp-block-columns-is-layout-flex\">\n<div class=\"wp-block-column is-layout-flow wp-block-column-is-layout-flow\">\n<p>Lisaks kutsele on v\u00f5imalik taotleda kutsest v\u00e4iksemat osa ehk osakutset. Osakutse koosneb <strong>v\u00e4hemalt \u00fchest kompetentsist<\/strong>. Kui on rohkem kui \u00fcks kompetents, saab osakutse oma kutsenimetuse ja taseme. Ainult \u00fchest kompetentsist koosneva osakutse korral kantakse osakutse tunnistusele kompetentsi nimetus ja tase.<\/p>\n\n\n\n<p>Osakutset on v\u00f5imalik taotleda, kui <strong>kutsestandardis on vastav osakutse m\u00e4\u00e4ratud<\/strong>. \u00dches kutsestandardis v\u00f5ib olla mitu osakutset ning kompetentsid, millest need koosnevad, v\u00f5ivad kattuda.<\/p>\n\n\n\n<p>Osakutse tunnistuse taotlemine k\u00e4ib sama moodi kui <a href=\"http:\/\/kutsekoda.ee\/kutsetunnistus\/\" target=\"_blank\" rel=\"noreferrer noopener\">kutse taotlemine<\/a>. Kutse andja v\u00e4ljastab osakutse tunnistuse peale vastava(te) kompetentsi(de) hindamist.<\/p>\n\n\n\n<p>Osakutse tunnistusel (vt blanketi n\u00e4idist -&gt;) on kirjas kompetentsi v\u00f5i osakutse nimetus ja tase (vajaduse korral spetsialiseerumine). Osakutse tunnistuste vormistamine ja v\u00e4ljastamine toimub kutsetunnistuste v\u00e4ljastamise korra alusel.<\/p>\n<\/div>\n\n\n\n<div class=\"wp-block-column is-layout-flow wp-block-column-is-layout-flow\">\n<p class=\"has-text-align-center\"> <figure class=\"wp-block-image\"><img decoding=\"async\" title=\"Osakutsetunnistus veebi\" src=\"http:\/\/kutsekoda.ee\/wp-content\/uploads\/elementor\/thumbs\/Osakutsetunnistus-veebi-nyae83airdv0fc15oievi7q4lcf0vfe4c8k0bo0scm.jpg\" alt=\"Osakutsetunnistus\"><\/figure> <\/p>\n<\/div>\n<\/div>\n\n\n\n<p><\/p>\n","protected":false},"excerpt":{"rendered":"<p>Lisaks kutsele on v\u00f5imalik taotleda kutsest v\u00e4iksemat osa ehk osakutset. Osakutse koosneb v\u00e4hemalt \u00fchest kompetentsist. Kui on rohkem kui \u00fcks kompetents, saab osakutse oma kutsenimetuse ja taseme. Ainult \u00fchest kompetentsist&hellip;&nbsp;<a href=\"https:\/\/kutsekoda.ee\/ru\/osakutse\/\" class=\"\" rel=\"bookmark\">\u041f\u043e\u0434\u0440\u043e\u0431\u043d\u0435\u0435 &raquo;<span class=\"screen-reader-text\">Osakutse ja selle tunnistuse taotlemine<\/span><\/a><\/p>\n","protected":false},"author":1,"featured_media":0,"parent":0,"menu_order":0,"comment_status":"closed","ping_status":"closed","template":"","meta":{"inline_featured_image":false,"neve_meta_sidebar":"","neve_meta_container":"","neve_meta_enable_content_width":"","neve_meta_content_width":0,"neve_meta_title_alignment":"","neve_meta_author_avatar":"","neve_post_elements_order":"","neve_meta_disable_header":"","neve_meta_disable_footer":"","neve_meta_disable_title":"","_themeisle_gutenberg_block_has_review":false,"_FSMCFIC_featured_image_caption":"","_FSMCFIC_featured_image_nocaption":"","_FSMCFIC_featured_image_hide":"","footnotes":""},"class_list":["post-106","page","type-page","status-publish","hentry"],"yoast_head":"<!-- This site is optimized with the Yoast SEO plugin v27.2 - https:\/\/yoast.com\/product\/yoast-seo-wordpress\/ -->\n<title>Osakutse ja selle tunnistuse taotlemine - Kutsekoda<\/title>\n<meta name=\"robots\" content=\"index, follow, max-snippet:-1, max-image-preview:large, max-video-preview:-1\" \/>\n<link rel=\"canonical\" href=\"https:\/\/kutsekoda.ee\/osakutse\/\" \/>\n<meta property=\"og:locale\" content=\"ru_RU\" \/>\n<meta property=\"og:type\" content=\"article\" \/>\n<meta property=\"og:title\" content=\"Osakutse ja selle tunnistuse taotlemine - Kutsekoda\" \/>\n<meta property=\"og:description\" content=\"Lisaks kutsele on v\u00f5imalik taotleda kutsest v\u00e4iksemat osa ehk osakutset. Osakutse koosneb v\u00e4hemalt \u00fchest kompetentsist. Kui on rohkem kui \u00fcks kompetents, saab osakutse oma kutsenimetuse ja taseme. Ainult \u00fchest kompetentsist&hellip;&nbsp;\u041f\u043e\u0434\u0440\u043e\u0431\u043d\u0435\u0435 &raquo;Osakutse ja selle tunnistuse taotlemine\" \/>\n<meta property=\"og:url\" content=\"https:\/\/kutsekoda.ee\/osakutse\/\" \/>\n<meta property=\"og:site_name\" content=\"Kutsekoda\" \/>\n<meta property=\"article:modified_time\" content=\"2023-11-28T13:02:58+00:00\" \/>\n<meta property=\"og:image\" content=\"http:\/\/kutsekoda.ee\/wp-content\/uploads\/elementor\/thumbs\/Osakutsetunnistus-veebi-nyae83airdv0fc15oievi7q4lcf0vfe4c8k0bo0scm.jpg\" \/>\n<meta name=\"twitter:card\" content=\"summary_large_image\" \/>\n<meta name=\"twitter:label1\" content=\"\u041f\u0440\u0438\u043c\u0435\u0440\u043d\u043e\u0435 \u0432\u0440\u0435\u043c\u044f \u0434\u043b\u044f \u0447\u0442\u0435\u043d\u0438\u044f\" \/>\n\t<meta name=\"twitter:data1\" content=\"1 \u043c\u0438\u043d\u0443\u0442\u0430\" \/>\n<script type=\"application\/ld+json\" class=\"yoast-schema-graph\">{\"@context\":\"https:\/\/schema.org\",\"@graph\":[{\"@type\":\"WebPage\",\"@id\":\"https:\/\/kutsekoda.ee\/osakutse\/\",\"url\":\"https:\/\/kutsekoda.ee\/osakutse\/\",\"name\":\"Osakutse ja selle tunnistuse taotlemine - Kutsekoda\",\"isPartOf\":{\"@id\":\"https:\/\/kutsekoda.ee\/#website\"},\"primaryImageOfPage\":{\"@id\":\"https:\/\/kutsekoda.ee\/osakutse\/#primaryimage\"},\"image\":{\"@id\":\"https:\/\/kutsekoda.ee\/osakutse\/#primaryimage\"},\"thumbnailUrl\":\"http:\/\/kutsekoda.ee\/wp-content\/uploads\/elementor\/thumbs\/Osakutsetunnistus-veebi-nyae83airdv0fc15oievi7q4lcf0vfe4c8k0bo0scm.jpg\",\"datePublished\":\"2018-05-08T09:14:57+00:00\",\"dateModified\":\"2023-11-28T13:02:58+00:00\",\"breadcrumb\":{\"@id\":\"https:\/\/kutsekoda.ee\/osakutse\/#breadcrumb\"},\"inLanguage\":\"ru-RU\",\"potentialAction\":[{\"@type\":\"ReadAction\",\"target\":[\"https:\/\/kutsekoda.ee\/osakutse\/\"]}]},{\"@type\":\"ImageObject\",\"inLanguage\":\"ru-RU\",\"@id\":\"https:\/\/kutsekoda.ee\/osakutse\/#primaryimage\",\"url\":\"http:\/\/kutsekoda.ee\/wp-content\/uploads\/elementor\/thumbs\/Osakutsetunnistus-veebi-nyae83airdv0fc15oievi7q4lcf0vfe4c8k0bo0scm.jpg\",\"contentUrl\":\"http:\/\/kutsekoda.ee\/wp-content\/uploads\/elementor\/thumbs\/Osakutsetunnistus-veebi-nyae83airdv0fc15oievi7q4lcf0vfe4c8k0bo0scm.jpg\"},{\"@type\":\"BreadcrumbList\",\"@id\":\"https:\/\/kutsekoda.ee\/osakutse\/#breadcrumb\",\"itemListElement\":[{\"@type\":\"ListItem\",\"position\":1,\"name\":\"Esileht\",\"item\":\"https:\/\/kutsekoda.ee\/ru\/\"},{\"@type\":\"ListItem\",\"position\":2,\"name\":\"Osakutse ja selle tunnistuse taotlemine\"}]},{\"@type\":\"WebSite\",\"@id\":\"https:\/\/kutsekoda.ee\/#website\",\"url\":\"https:\/\/kutsekoda.ee\/\",\"name\":\"Kutsekoda\",\"description\":\"\",\"potentialAction\":[{\"@type\":\"SearchAction\",\"target\":{\"@type\":\"EntryPoint\",\"urlTemplate\":\"https:\/\/kutsekoda.ee\/?s={search_term_string}\"},\"query-input\":{\"@type\":\"PropertyValueSpecification\",\"valueRequired\":true,\"valueName\":\"search_term_string\"}}],\"inLanguage\":\"ru-RU\"}]}<\/script>\n<!-- \/ Yoast SEO plugin. -->","yoast_head_json":{"title":"Osakutse ja selle tunnistuse taotlemine - Kutsekoda","robots":{"index":"index","follow":"follow","max-snippet":"max-snippet:-1","max-image-preview":"max-image-preview:large","max-video-preview":"max-video-preview:-1"},"canonical":"https:\/\/kutsekoda.ee\/osakutse\/","og_locale":"ru_RU","og_type":"article","og_title":"Osakutse ja selle tunnistuse taotlemine - Kutsekoda","og_description":"Lisaks kutsele on v\u00f5imalik taotleda kutsest v\u00e4iksemat osa ehk osakutset. Osakutse koosneb v\u00e4hemalt \u00fchest kompetentsist. Kui on rohkem kui \u00fcks kompetents, saab osakutse oma kutsenimetuse ja taseme. Ainult \u00fchest kompetentsist&hellip;&nbsp;\u041f\u043e\u0434\u0440\u043e\u0431\u043d\u0435\u0435 &raquo;Osakutse ja selle tunnistuse taotlemine","og_url":"https:\/\/kutsekoda.ee\/osakutse\/","og_site_name":"Kutsekoda","article_modified_time":"2023-11-28T13:02:58+00:00","og_image":[{"url":"http:\/\/kutsekoda.ee\/wp-content\/uploads\/elementor\/thumbs\/Osakutsetunnistus-veebi-nyae83airdv0fc15oievi7q4lcf0vfe4c8k0bo0scm.jpg","type":"","width":"","height":""}],"twitter_card":"summary_large_image","twitter_misc":{"\u041f\u0440\u0438\u043c\u0435\u0440\u043d\u043e\u0435 \u0432\u0440\u0435\u043c\u044f \u0434\u043b\u044f \u0447\u0442\u0435\u043d\u0438\u044f":"1 \u043c\u0438\u043d\u0443\u0442\u0430"},"schema":{"@context":"https:\/\/schema.org","@graph":[{"@type":"WebPage","@id":"https:\/\/kutsekoda.ee\/osakutse\/","url":"https:\/\/kutsekoda.ee\/osakutse\/","name":"Osakutse ja selle tunnistuse taotlemine - Kutsekoda","isPartOf":{"@id":"https:\/\/kutsekoda.ee\/#website"},"primaryImageOfPage":{"@id":"https:\/\/kutsekoda.ee\/osakutse\/#primaryimage"},"image":{"@id":"https:\/\/kutsekoda.ee\/osakutse\/#primaryimage"},"thumbnailUrl":"http:\/\/kutsekoda.ee\/wp-content\/uploads\/elementor\/thumbs\/Osakutsetunnistus-veebi-nyae83airdv0fc15oievi7q4lcf0vfe4c8k0bo0scm.jpg","datePublished":"2018-05-08T09:14:57+00:00","dateModified":"2023-11-28T13:02:58+00:00","breadcrumb":{"@id":"https:\/\/kutsekoda.ee\/osakutse\/#breadcrumb"},"inLanguage":"ru-RU","potentialAction":[{"@type":"ReadAction","target":["https:\/\/kutsekoda.ee\/osakutse\/"]}]},{"@type":"ImageObject","inLanguage":"ru-RU","@id":"https:\/\/kutsekoda.ee\/osakutse\/#primaryimage","url":"http:\/\/kutsekoda.ee\/wp-content\/uploads\/elementor\/thumbs\/Osakutsetunnistus-veebi-nyae83airdv0fc15oievi7q4lcf0vfe4c8k0bo0scm.jpg","contentUrl":"http:\/\/kutsekoda.ee\/wp-content\/uploads\/elementor\/thumbs\/Osakutsetunnistus-veebi-nyae83airdv0fc15oievi7q4lcf0vfe4c8k0bo0scm.jpg"},{"@type":"BreadcrumbList","@id":"https:\/\/kutsekoda.ee\/osakutse\/#breadcrumb","itemListElement":[{"@type":"ListItem","position":1,"name":"Esileht","item":"https:\/\/kutsekoda.ee\/ru\/"},{"@type":"ListItem","position":2,"name":"Osakutse ja selle tunnistuse taotlemine"}]},{"@type":"WebSite","@id":"https:\/\/kutsekoda.ee\/#website","url":"https:\/\/kutsekoda.ee\/","name":"Kutsekoda","description":"","potentialAction":[{"@type":"SearchAction","target":{"@type":"EntryPoint","urlTemplate":"https:\/\/kutsekoda.ee\/?s={search_term_string}"},"query-input":{"@type":"PropertyValueSpecification","valueRequired":true,"valueName":"search_term_string"}}],"inLanguage":"ru-RU"}]}},"publishpress_future_action":{"enabled":false,"date":"2026-04-22 04:31:10","action":"change-status","newStatus":"draft","terms":[],"taxonomy":"translation_priority","extraData":[]},"publishpress_future_workflow_manual_trigger":{"enabledWorkflows":[]},"_links":{"self":[{"href":"https:\/\/kutsekoda.ee\/ru\/wp-json\/wp\/v2\/pages\/106","targetHints":{"allow":["GET"]}}],"collection":[{"href":"https:\/\/kutsekoda.ee\/ru\/wp-json\/wp\/v2\/pages"}],"about":[{"href":"https:\/\/kutsekoda.ee\/ru\/wp-json\/wp\/v2\/types\/page"}],"author":[{"embeddable":true,"href":"https:\/\/kutsekoda.ee\/ru\/wp-json\/wp\/v2\/users\/1"}],"replies":[{"embeddable":true,"href":"https:\/\/kutsekoda.ee\/ru\/wp-json\/wp\/v2\/comments?post=106"}],"version-history":[{"count":5,"href":"https:\/\/kutsekoda.ee\/ru\/wp-json\/wp\/v2\/pages\/106\/revisions"}],"predecessor-version":[{"id":40834,"href":"https:\/\/kutsekoda.ee\/ru\/wp-json\/wp\/v2\/pages\/106\/revisions\/40834"}],"wp:attachment":[{"href":"https:\/\/kutsekoda.ee\/ru\/wp-json\/wp\/v2\/media?parent=106"}],"curies":[{"name":"wp","href":"https:\/\/api.w.org\/{rel}","templated":true}]}}