{"id":12134,"date":"2018-12-19T10:39:12","date_gmt":"2018-12-19T08:39:12","guid":{"rendered":"https:\/\/kutsekoda-wp.loc.piksel.ee\/?page_id=12134"},"modified":"2022-02-02T17:19:15","modified_gmt":"2022-02-02T15:19:15","slug":"auraha","status":"publish","type":"page","link":"https:\/\/kutsekoda.ee\/ru\/auraha\/","title":{"rendered":"Kutsekoja auraha"},"content":{"rendered":"<p>Kutsekoja auraha on austus- ja tunnustusavaldus pikaajalistele ja aktiivsetele koost\u00f6\u00f6partneritele ning inimestele, kes on m\u00e4nginud olulist rolli Kutsekoja v\u00f5i kutses\u00fcsteemi kujunemisel.<\/p>\n<p>Auraha andmise <strong>eesm\u00e4rk<\/strong> on:<\/p>\n<ul>\n<li>motiveerida inimesi panustama kutsealase tegevuse arengusse,<\/li>\n<li>t\u00f5sta esile neid, kelle tegevust kutses\u00fcsteemi arendamisel saab seada eeskujuks,<\/li>\n<li>t\u00f5sta kutses\u00fcsteemi usaldusv\u00e4\u00e4rsust ja mainet.<\/li>\n<\/ul>\n<p>Kutsekoja auraha asutati 2018. aastal.<\/p>\n<ul>\n<li><strong style=\"font-size: inherit;\"><a href=\"http:\/\/kutsekoda.ee\/kutsekoja-auraha-statuut\/\" target=\"_blank\" rel=\"noopener\">Kutsekoja auraha statuut<\/a><\/strong><\/li>\n<\/ul>\n<h3>Auraha laureaadid 2021<\/h3>\n<ul>\n<li><strong>Ago Tuuling<\/strong>, Teenistujate Ametiliitude Keskorganisatsioon TALO<\/li>\n<li><strong>Jaanus Lass<\/strong>, Eesti Biomeditsiinitehnika ja Meditsiinif\u00fc\u00fcsika \u00dchingu juhatuse liige<\/li>\n<li><strong>J\u00fcri J\u00f5ema<\/strong>, Eesti Infotehnoloogia ja Telekommunikatsiooni Liidu n\u00f5unik<\/li>\n<li><strong>Katrin Kerem<\/strong>, Kutsekoja juhatuse liige<\/li>\n<li><strong>K\u00fclli All<\/strong>, Haridus- ja Teadusministeeriumi oskuste ja kutsepoliitika valdkonna juht<\/li>\n<li><strong>Lembit Vali<\/strong>, Eesti Elektroenergeetika Seltsi juhatuse liige<\/li>\n<li><strong>Mare Johandi<\/strong>, Kutsekoda, kutsen\u00f5ukogu koordinaator<\/li>\n<li><strong>Mait Palts<\/strong>, Eesti Kaubandus- ja T\u00f6\u00f6stuskoja peadirektor<\/li>\n<li><strong>Mario Lambing<\/strong>, Majandus- ja Kommunikatsiooniministeeriumi strateegilise planeerimise peaanal\u00fc\u00fctik<\/li>\n<li><span style=\"font-size: inherit;\"><strong>\u00dclle Parbo<\/strong>, k<\/span>utsehariduse ja kutses\u00fcsteemi ekspert<\/li>\n<\/ul>\n<h3>Auraha laureaadid 2018<\/h3>\n<ul>\n<li><strong>Ants Sild<\/strong> (infotehnoloogia valdkond)<\/li>\n<li><strong>Heiki Meos<\/strong> (inseneeria valdkond)<\/li>\n<li><strong>Helge Alt (<\/strong>puhastusteeninduse valdkond)<\/li>\n<li><strong>Indrek Peterson<\/strong> (ehituse valdkond)<\/li>\n<li><strong>J\u00fcri Kr\u00f6\u00f6nstr\u00f6m<\/strong> (kinnisvara korrashoiu valdkond)<\/li>\n<li><strong>Marika Merilai<\/strong> (kaubanduse valdkond)<\/li>\n<li><strong>Margus Pedaste<\/strong> (hariduse valdkond)<\/li>\n<li><strong>Olav Aarna<\/strong> (kutses\u00fcsteemi ideoloogiline eestvedaja)<\/li>\n<li><strong>Toomas T\u00f5nise<\/strong> (spordi valdkond)<\/li>\n<\/ul>\n\n\n<div class=\"wp-block-image\"><figure class=\"alignleft size-large\"><img fetchpriority=\"high\" decoding=\"async\" width=\"1024\" height=\"683\" src=\"http:\/\/kutsekoda.ee\/wp-content\/uploads\/2021\/11\/DSC1232-1024x683.jpg\" alt=\"auraha\" class=\"wp-image-17106\" srcset=\"https:\/\/kutsekoda.ee\/wp-content\/uploads\/2021\/11\/DSC1232-1024x683.jpg 1024w, https:\/\/kutsekoda.ee\/wp-content\/uploads\/2021\/11\/DSC1232-300x200.jpg 300w, https:\/\/kutsekoda.ee\/wp-content\/uploads\/2021\/11\/DSC1232-768x512.jpg 768w, https:\/\/kutsekoda.ee\/wp-content\/uploads\/2021\/11\/DSC1232-1536x1024.jpg 1536w, https:\/\/kutsekoda.ee\/wp-content\/uploads\/2021\/11\/DSC1232-2048x1365.jpg 2048w\" sizes=\"(max-width: 1024px) 100vw, 1024px\" \/><figcaption><em>Auraha laureaadid 2021: (vasakult) Ago Tuuling, Mare Johandi, Mario Lambing, J\u00fcri J\u00f5ema, \u00dclle Parbo<\/em><\/figcaption><\/figure><\/div>\n\n\n\n<p><\/p>\n","protected":false},"excerpt":{"rendered":"<p>Kutsekoja auraha on austus- ja tunnustusavaldus pikaajalistele ja aktiivsetele koost\u00f6\u00f6partneritele ning inimestele, kes on m\u00e4nginud olulist rolli Kutsekoja v\u00f5i kutses\u00fcsteemi kujunemisel. Auraha andmise eesm\u00e4rk on: motiveerida inimesi panustama kutsealase tegevuse&hellip;&nbsp;<a href=\"https:\/\/kutsekoda.ee\/ru\/auraha\/\" class=\"\" rel=\"bookmark\">\u041f\u043e\u0434\u0440\u043e\u0431\u043d\u0435\u0435 &raquo;<span class=\"screen-reader-text\">Kutsekoja auraha<\/span><\/a><\/p>\n","protected":false},"author":1,"featured_media":0,"parent":0,"menu_order":0,"comment_status":"closed","ping_status":"closed","template":"","meta":{"inline_featured_image":false,"neve_meta_sidebar":"","neve_meta_container":"","neve_meta_enable_content_width":"","neve_meta_content_width":0,"neve_meta_title_alignment":"","neve_meta_author_avatar":"","neve_post_elements_order":"","neve_meta_disable_header":"","neve_meta_disable_footer":"","neve_meta_disable_title":"","_themeisle_gutenberg_block_has_review":false,"_FSMCFIC_featured_image_caption":"","_FSMCFIC_featured_image_nocaption":"","_FSMCFIC_featured_image_hide":"","footnotes":""},"class_list":["post-12134","page","type-page","status-publish","hentry"],"yoast_head":"<!-- This site is optimized with the Yoast SEO plugin v27.2 - https:\/\/yoast.com\/product\/yoast-seo-wordpress\/ -->\n<title>Kutsekoja auraha - Kutsekoda<\/title>\n<meta name=\"robots\" content=\"index, follow, max-snippet:-1, max-image-preview:large, max-video-preview:-1\" \/>\n<link rel=\"canonical\" href=\"https:\/\/kutsekoda.ee\/auraha\/\" \/>\n<meta property=\"og:locale\" content=\"ru_RU\" \/>\n<meta property=\"og:type\" content=\"article\" \/>\n<meta property=\"og:title\" content=\"Kutsekoja auraha - Kutsekoda\" \/>\n<meta property=\"og:description\" content=\"Kutsekoja auraha on austus- ja tunnustusavaldus pikaajalistele ja aktiivsetele koost\u00f6\u00f6partneritele ning inimestele, kes on m\u00e4nginud olulist rolli Kutsekoja v\u00f5i kutses\u00fcsteemi kujunemisel. Auraha andmise eesm\u00e4rk on: motiveerida inimesi panustama kutsealase tegevuse&hellip;&nbsp;\u041f\u043e\u0434\u0440\u043e\u0431\u043d\u0435\u0435 &raquo;Kutsekoja auraha\" \/>\n<meta property=\"og:url\" content=\"https:\/\/kutsekoda.ee\/auraha\/\" \/>\n<meta property=\"og:site_name\" content=\"Kutsekoda\" \/>\n<meta property=\"article:modified_time\" content=\"2022-02-02T15:19:15+00:00\" \/>\n<meta property=\"og:image\" content=\"http:\/\/kutsekoda.ee\/wp-content\/uploads\/2021\/11\/DSC1232-1024x683.jpg\" \/>\n<meta name=\"twitter:card\" content=\"summary_large_image\" \/>\n<meta name=\"twitter:label1\" content=\"\u041f\u0440\u0438\u043c\u0435\u0440\u043d\u043e\u0435 \u0432\u0440\u0435\u043c\u044f \u0434\u043b\u044f \u0447\u0442\u0435\u043d\u0438\u044f\" \/>\n\t<meta name=\"twitter:data1\" content=\"1 \u043c\u0438\u043d\u0443\u0442\u0430\" \/>\n<script type=\"application\/ld+json\" class=\"yoast-schema-graph\">{\"@context\":\"https:\/\/schema.org\",\"@graph\":[{\"@type\":\"WebPage\",\"@id\":\"https:\/\/kutsekoda.ee\/auraha\/\",\"url\":\"https:\/\/kutsekoda.ee\/auraha\/\",\"name\":\"Kutsekoja auraha - Kutsekoda\",\"isPartOf\":{\"@id\":\"https:\/\/kutsekoda.ee\/#website\"},\"primaryImageOfPage\":{\"@id\":\"https:\/\/kutsekoda.ee\/auraha\/#primaryimage\"},\"image\":{\"@id\":\"https:\/\/kutsekoda.ee\/auraha\/#primaryimage\"},\"thumbnailUrl\":\"http:\/\/kutsekoda.ee\/wp-content\/uploads\/2021\/11\/DSC1232-1024x683.jpg\",\"datePublished\":\"2018-12-19T08:39:12+00:00\",\"dateModified\":\"2022-02-02T15:19:15+00:00\",\"breadcrumb\":{\"@id\":\"https:\/\/kutsekoda.ee\/auraha\/#breadcrumb\"},\"inLanguage\":\"ru-RU\",\"potentialAction\":[{\"@type\":\"ReadAction\",\"target\":[\"https:\/\/kutsekoda.ee\/auraha\/\"]}]},{\"@type\":\"ImageObject\",\"inLanguage\":\"ru-RU\",\"@id\":\"https:\/\/kutsekoda.ee\/auraha\/#primaryimage\",\"url\":\"http:\/\/kutsekoda.ee\/wp-content\/uploads\/2021\/11\/DSC1232-1024x683.jpg\",\"contentUrl\":\"http:\/\/kutsekoda.ee\/wp-content\/uploads\/2021\/11\/DSC1232-1024x683.jpg\"},{\"@type\":\"BreadcrumbList\",\"@id\":\"https:\/\/kutsekoda.ee\/auraha\/#breadcrumb\",\"itemListElement\":[{\"@type\":\"ListItem\",\"position\":1,\"name\":\"Esileht\",\"item\":\"https:\/\/kutsekoda.ee\/ru\/\"},{\"@type\":\"ListItem\",\"position\":2,\"name\":\"Kutsekoja auraha\"}]},{\"@type\":\"WebSite\",\"@id\":\"https:\/\/kutsekoda.ee\/#website\",\"url\":\"https:\/\/kutsekoda.ee\/\",\"name\":\"Kutsekoda\",\"description\":\"\",\"potentialAction\":[{\"@type\":\"SearchAction\",\"target\":{\"@type\":\"EntryPoint\",\"urlTemplate\":\"https:\/\/kutsekoda.ee\/?s={search_term_string}\"},\"query-input\":{\"@type\":\"PropertyValueSpecification\",\"valueRequired\":true,\"valueName\":\"search_term_string\"}}],\"inLanguage\":\"ru-RU\"}]}<\/script>\n<!-- \/ Yoast SEO plugin. -->","yoast_head_json":{"title":"Kutsekoja auraha - Kutsekoda","robots":{"index":"index","follow":"follow","max-snippet":"max-snippet:-1","max-image-preview":"max-image-preview:large","max-video-preview":"max-video-preview:-1"},"canonical":"https:\/\/kutsekoda.ee\/auraha\/","og_locale":"ru_RU","og_type":"article","og_title":"Kutsekoja auraha - Kutsekoda","og_description":"Kutsekoja auraha on austus- ja tunnustusavaldus pikaajalistele ja aktiivsetele koost\u00f6\u00f6partneritele ning inimestele, kes on m\u00e4nginud olulist rolli Kutsekoja v\u00f5i kutses\u00fcsteemi kujunemisel. Auraha andmise eesm\u00e4rk on: motiveerida inimesi panustama kutsealase tegevuse&hellip;&nbsp;\u041f\u043e\u0434\u0440\u043e\u0431\u043d\u0435\u0435 &raquo;Kutsekoja auraha","og_url":"https:\/\/kutsekoda.ee\/auraha\/","og_site_name":"Kutsekoda","article_modified_time":"2022-02-02T15:19:15+00:00","og_image":[{"url":"http:\/\/kutsekoda.ee\/wp-content\/uploads\/2021\/11\/DSC1232-1024x683.jpg","type":"","width":"","height":""}],"twitter_card":"summary_large_image","twitter_misc":{"\u041f\u0440\u0438\u043c\u0435\u0440\u043d\u043e\u0435 \u0432\u0440\u0435\u043c\u044f \u0434\u043b\u044f \u0447\u0442\u0435\u043d\u0438\u044f":"1 \u043c\u0438\u043d\u0443\u0442\u0430"},"schema":{"@context":"https:\/\/schema.org","@graph":[{"@type":"WebPage","@id":"https:\/\/kutsekoda.ee\/auraha\/","url":"https:\/\/kutsekoda.ee\/auraha\/","name":"Kutsekoja auraha - Kutsekoda","isPartOf":{"@id":"https:\/\/kutsekoda.ee\/#website"},"primaryImageOfPage":{"@id":"https:\/\/kutsekoda.ee\/auraha\/#primaryimage"},"image":{"@id":"https:\/\/kutsekoda.ee\/auraha\/#primaryimage"},"thumbnailUrl":"http:\/\/kutsekoda.ee\/wp-content\/uploads\/2021\/11\/DSC1232-1024x683.jpg","datePublished":"2018-12-19T08:39:12+00:00","dateModified":"2022-02-02T15:19:15+00:00","breadcrumb":{"@id":"https:\/\/kutsekoda.ee\/auraha\/#breadcrumb"},"inLanguage":"ru-RU","potentialAction":[{"@type":"ReadAction","target":["https:\/\/kutsekoda.ee\/auraha\/"]}]},{"@type":"ImageObject","inLanguage":"ru-RU","@id":"https:\/\/kutsekoda.ee\/auraha\/#primaryimage","url":"http:\/\/kutsekoda.ee\/wp-content\/uploads\/2021\/11\/DSC1232-1024x683.jpg","contentUrl":"http:\/\/kutsekoda.ee\/wp-content\/uploads\/2021\/11\/DSC1232-1024x683.jpg"},{"@type":"BreadcrumbList","@id":"https:\/\/kutsekoda.ee\/auraha\/#breadcrumb","itemListElement":[{"@type":"ListItem","position":1,"name":"Esileht","item":"https:\/\/kutsekoda.ee\/ru\/"},{"@type":"ListItem","position":2,"name":"Kutsekoja auraha"}]},{"@type":"WebSite","@id":"https:\/\/kutsekoda.ee\/#website","url":"https:\/\/kutsekoda.ee\/","name":"Kutsekoda","description":"","potentialAction":[{"@type":"SearchAction","target":{"@type":"EntryPoint","urlTemplate":"https:\/\/kutsekoda.ee\/?s={search_term_string}"},"query-input":{"@type":"PropertyValueSpecification","valueRequired":true,"valueName":"search_term_string"}}],"inLanguage":"ru-RU"}]}},"publishpress_future_action":{"enabled":false,"date":"2026-04-17 17:20:48","action":"change-status","newStatus":"draft","terms":[],"taxonomy":"translation_priority","extraData":[]},"publishpress_future_workflow_manual_trigger":{"enabledWorkflows":[]},"_links":{"self":[{"href":"https:\/\/kutsekoda.ee\/ru\/wp-json\/wp\/v2\/pages\/12134","targetHints":{"allow":["GET"]}}],"collection":[{"href":"https:\/\/kutsekoda.ee\/ru\/wp-json\/wp\/v2\/pages"}],"about":[{"href":"https:\/\/kutsekoda.ee\/ru\/wp-json\/wp\/v2\/types\/page"}],"author":[{"embeddable":true,"href":"https:\/\/kutsekoda.ee\/ru\/wp-json\/wp\/v2\/users\/1"}],"replies":[{"embeddable":true,"href":"https:\/\/kutsekoda.ee\/ru\/wp-json\/wp\/v2\/comments?post=12134"}],"version-history":[{"count":5,"href":"https:\/\/kutsekoda.ee\/ru\/wp-json\/wp\/v2\/pages\/12134\/revisions"}],"predecessor-version":[{"id":18315,"href":"https:\/\/kutsekoda.ee\/ru\/wp-json\/wp\/v2\/pages\/12134\/revisions\/18315"}],"wp:attachment":[{"href":"https:\/\/kutsekoda.ee\/ru\/wp-json\/wp\/v2\/media?parent=12134"}],"curies":[{"name":"wp","href":"https:\/\/api.w.org\/{rel}","templated":true}]}}