{"id":1648,"date":"2018-05-30T13:50:57","date_gmt":"2018-05-30T11:50:57","guid":{"rendered":"https:\/\/kutsekoda-wp.loc.piksel.ee\/?page_id=1648"},"modified":"2025-08-11T14:55:34","modified_gmt":"2025-08-11T12:55:34","slug":"kutse-andja-juhend","status":"publish","type":"page","link":"https:\/\/kutsekoda.ee\/ru\/kutse-andja-juhend\/","title":{"rendered":"Kutse andja avalikul konkursil osalemise juhend"},"content":{"rendered":"<h2>Taustateave<\/h2>\n<p>Kutse andjana tegutsemise \u00f5iguse taotleja on vastava kutsetegevuse valdkonnaga vahetult seotud ja aktiivselt tegutsev ning registreeritud<br \/>\n\u2022 t\u00f6\u00f6tajate, t\u00f6\u00f6andjate, kutse- v\u00f5i eriala\u00fchendus,<br \/>\n\u2022 juriidiline isik,<br \/>\n\u2022 riigiasutus.<\/p>\n<h3>Konkursi v\u00e4ljakuulutamise p\u00f5hjused<\/h3>\n<p>\u2022 Tegutseva kutse andja (KA) volituste l\u00f5ppemiseni on j\u00e4\u00e4nud v\u00e4hem kui aasta.<br \/>\n\u2022 Vastaval kutsel, kutsetasemel, kutsealal v\u00f5i vastavas kutsetegevuse valdkonnas ei ole KA-d.<br \/>\n\u2022 Vastaval kutsealal v\u00f5i kutsetegevuse valdkonnas on KA, aga tal ei ole \u00f5igust anda k\u00f5ikide vastava kutseala v\u00f5i kutsetegevuse valdkonna kutseid.<br \/>\n\u2022 Vastaval kutsealal v\u00f5i kutsetegevuse valdkonnas on KA, aga ta ei soovi k\u00f5iki vastava kutseala v\u00f5i kutsetegevuse valdkonna kutseid anda.<br \/>\n\u2022 KA soovib l\u00f5petada tegutsemise KA-na.<br \/>\n\u2022 KA ei t\u00e4ida oma \u00fclesandeid.<br \/>\n\u2022 KA kutse andmise \u00f5igus on kehtetuks tunnistatud.<br \/>\n\u2022 V\u00e4lja on kuulutatud KA pankrot.<br \/>\n\u2022 Algatatud on KA l\u00f5petamine.<\/p>\n<h3>Konkursiteate avaldamine<\/h3>\n<p>Konkursiteade on leitav<br \/>\n\u2022 t\u00e4ies mahus Kutsekoja veebilehel;<br \/>\n\u2022 l\u00fchendatult <a href=\"http:\/\/www.ametlikudteadaanded.ee\">Ametlikes Teadaannetes<\/a> (<a href=\"http:\/\/www.ametlikudteadaanded.ee\">www.ametlikudteadaanded.ee<\/a>) \u2013 konkursiteates m\u00e4rgitakse kutse, kutseala v\u00f5i kutsetegevuse valdkond, milles KA-na tegutsemise \u00f5igus antakse ja KA-na tegutsemise \u00f5iguse periood, konkursil osalemise taotluse esitamise t\u00e4htaeg, koht ja viis ning viide Kutsekoja veebilehele, kus on avaldatud kogu konkursiteate sisu;<br \/>\n\u2022 v\u00f5imalusel ka teadaolevate vastava kutsetegevusega seotud teabekanalite kaudu.<\/p>\n<h2>Avalikul konkursil osalemiseks<\/h2>\n<p><strong>1. Koosta ja esita vajalikud dokumendid.<\/strong><\/p>\n<p><strong>Koosta <a style=\"font-size: inherit;\" href=\"https:\/\/kutsekoda.ee\/wp-content\/uploads\/2025\/08\/Taotlus-kutse-andja-valimise-avalikul-konkursil-osalemiseks-1.docx\" target=\"_blank\" rel=\"noopener\">taotlus<\/a>,<\/strong><span style=\"font-size: inherit;\"> sealhulgas ka<\/span><strong><span style=\"font-size: inherit;\">:<\/span><\/strong><\/p>\n<p>\u2022 eneseanal\u00fc\u00fcs;<br \/>\n\u2022 kinnitus kutse andmise korraldamiseks vajalike vahendite ja v\u00f5imaluste kohta (kutse- ja hindamiskomisjoni tegevuseks vajalike ruumide, sisustuse jm vara olemasolu v\u00f5i nende kasutamise v\u00f5imalus);<br \/>\n\u2022 andmed kutse andmisega seotud dokumentide t\u00f6\u00f6tlemise ja s\u00e4ilitamise v\u00f5imaluse kohta (koosk\u00f5las isikuandmete kaitse seadusega);<br \/>\n\u2022 kutse andmisega seotud tegevuse korraldamiseks m\u00e4\u00e4ratud isiku nimi ja kontaktandmed;<br \/>\n\u2022 kutse andmise korraldamise \u00fcldine tegevuskava j\u00e4rgmise 5 aasta kohta.<\/p>\n<p><strong>Esita konkursil osalejale esitatavatele tingimustele vastavust t\u00f5endavad dokumendid:<\/strong><\/p>\n<p>a) p\u00f5hikiri v\u00f5i p\u00f5him\u00e4\u00e4rus,<br \/>\nb) viimase majandusaasta kinnitatud aruanne,<br \/>\nc) Maksu- ja Tolliameti t\u00f5end ajatamata maksuv\u00f5lgnevuste puudumise kohta,<br \/>\nd) <a href=\"http:\/\/kutsekoda.ee\/wp-content\/uploads\/2022\/03\/Kutse_andmise_kord_03.2022.dotx\">kutse andmise kord<\/a>,<br \/>\ne) <a href=\"http:\/\/kutsekoda.ee\/wp-content\/uploads\/2020\/05\/Kutse-andmise-ja-taast\u00f5endamise-kulude-kalkulatsioon_04.2020_.xlsx\">kutse andmise ja taast\u00f5endamise tasu kalkulatsioon<\/a>,<br \/>\nf)<a href=\"http:\/\/kutsekoda.ee\/wp-content\/uploads\/2019\/11\/Kutse%C3%B5ppe-taseme%C3%B5ppe-%C3%B5pilase-kutseeksami-l%C3%A4biviimisega-seotud-kulude-kalk_03.01.2019.xlsx\"> kutse\u00f5ppe taseme\u00f5ppe \u00f5pilase kutseeksami l\u00e4biviimisega seotud kulude kalkulatsioon<\/a> v\u00f5i <a href=\"http:\/\/kutsekoda.ee\/wp-content\/uploads\/2019\/11\/Kutse-andmise-kulude-kalk-koos-kutsekomisjoni-kuluga_11.2019.xlsx\">kutse andmise kulude kalkulatsioon, kui sama eksamit korraldatakse nii kutse\u00f5ppe l\u00f5petajatele kui t\u00f6\u00f6maailma taotlejatele<\/a>,<br \/>\ng) <a href=\"http:\/\/kutsekoda.ee\/wp-content\/uploads\/2019\/KS\/KA_konkurss\/Kutsekomisjoni-liikme-nimetamine.docx\">institutsioonide ja isikute n\u00f5usolek kutsekomisjoni t\u00f6\u00f6s osalemiseks<\/a>.<\/p>\n<div>\n<p><strong>Esita v\u00e4ljav\u00f5te kutsekomisjoni protokollist kutse andmise korra ja kalkulatsiooni koosk\u00f5lastamise kohta.<\/strong><\/p>\n<p><strong>Esita kutseala v\u00f5i kutsetegevuse valdkonna erip\u00e4rast tulenevad t\u00e4iendavad dokumendid<\/strong>, kui kutsen\u00f5ukogu on otsustanud nende esitamise vajaduse ja need on nimetatud avaliku konkursi teates.<\/p>\n<p><strong>Esita taotlus ja dokumendid Kutsekojale<\/strong><br \/>\n\u2022 eelistatult elektroonilisel kujul ja digitaalallkirjastatult (aadressile kutsekoda@kutsekoda.ee) v\u00f5i<br \/>\n\u2022 paberkandjal (aadressile SA Kutsekoda, Mustam\u00e4e tee 16, 10617 Tallinn), kuid koos andmekandjaga, kus on samad dokumendid ka elektroonilisel kujul. Konkursil osalejal on \u00f5igus igal ajal taotlus tagasi v\u00f5tta. Konkursil osalejal on \u00f5igus taotluses muudatusi teha kuni taotluste esitamise t\u00e4htaja saabumiseni.<\/p>\n<\/div>\n<p><strong>2. Oota konkursi tulemust<\/strong><\/p>\n<p>Kutsekoda vaatab t\u00e4htaegselt saabunud taotlused ja dokumendid l\u00e4bi 10 t\u00f6\u00f6p\u00e4eva jooksul ning teavitab konkursil osalejat 3 t\u00f6\u00f6p\u00e4eva jooksul taotluse ja dokumentide edastamisest kutsen\u00f5ukogule v\u00f5i taotluse rahuldamata j\u00e4tmisest puuduste t\u00f5ttu esitatud dokumentides.<\/p>\n<p>Konkursi v\u00f5itja otsustamiseks on kutsen\u00f5ukogul aega 2 kuud arvates konkursil osalemise taotluste esitamise t\u00e4htajast v\u00f5i taotluste hindamiseks moodustatud ekspertkomisjoni kaasamisel 3 kuud arvates konkursil osalemise taotluste esitamise t\u00e4htajast.<\/p>\n<p>Kutsen\u00f5ukogu otsuse tegemisest 3 t\u00f6\u00f6p\u00e4eva jooksul saadab Kutsekoda k\u00f5ikidele konkursil osalenutele teate konkursi v\u00f5itja kohta.<\/p>\n<p>Konkursi v\u00f5itja kantakse KA-na kutseregistrisse konkursiteates m\u00e4rgitud perioodiks, kuid mitte kauemaks kui 5 aastaks. Kutseregistrisse kandmisel m\u00e4rgitakse kutsestandarditest tulenevad kutsed ja kutsetasemed, mille suhtes on KA-l \u00f5igus kutseid anda.<\/p>\n<p>Isikul, kes leiab, et tema \u00f5igusi on konkursi korraldamisel rikutud v\u00f5i vabadusi piiratud, <strong>on \u00f5igus konkursi korraldamist vaidlustada <\/strong>halduskohtus halduskohtumenetluse seadustikus s\u00e4testatud tingimustel ja korras v\u00f5i esitades kutseasutuse kaudu vaide haridus- ja teadusministrile haldusmenetluse seadusega s\u00e4testatud korras.<\/p>\n","protected":false},"excerpt":{"rendered":"<p>Taustateave Kutse andjana tegutsemise \u00f5iguse taotleja on vastava kutsetegevuse valdkonnaga vahetult seotud ja aktiivselt tegutsev ning registreeritud \u2022 t\u00f6\u00f6tajate, t\u00f6\u00f6andjate, kutse- v\u00f5i eriala\u00fchendus, \u2022 juriidiline isik, \u2022 riigiasutus. Konkursi v\u00e4ljakuulutamise&hellip;&nbsp;<a href=\"https:\/\/kutsekoda.ee\/ru\/kutse-andja-juhend\/\" class=\"\" rel=\"bookmark\">\u041f\u043e\u0434\u0440\u043e\u0431\u043d\u0435\u0435 &raquo;<span class=\"screen-reader-text\">Kutse andja avalikul konkursil osalemise juhend<\/span><\/a><\/p>\n","protected":false},"author":1,"featured_media":0,"parent":0,"menu_order":0,"comment_status":"closed","ping_status":"closed","template":"","meta":{"inline_featured_image":false,"neve_meta_sidebar":"","neve_meta_container":"","neve_meta_enable_content_width":"","neve_meta_content_width":0,"neve_meta_title_alignment":"","neve_meta_author_avatar":"","neve_post_elements_order":"","neve_meta_disable_header":"","neve_meta_disable_footer":"","neve_meta_disable_title":"","_themeisle_gutenberg_block_has_review":false,"_FSMCFIC_featured_image_caption":"","_FSMCFIC_featured_image_nocaption":"","_FSMCFIC_featured_image_hide":"","footnotes":""},"class_list":["post-1648","page","type-page","status-publish","hentry"],"yoast_head":"<!-- This site is optimized with the Yoast SEO plugin v27.2 - https:\/\/yoast.com\/product\/yoast-seo-wordpress\/ -->\n<title>Kutse andja avalikul konkursil osalemise juhend - Kutsekoda<\/title>\n<meta name=\"description\" content=\"Kutse andja avalikul konkursil osalemise juhend\" \/>\n<meta name=\"robots\" content=\"index, follow, max-snippet:-1, max-image-preview:large, max-video-preview:-1\" \/>\n<link rel=\"canonical\" href=\"https:\/\/kutsekoda.ee\/kutse-andja-juhend\/\" \/>\n<meta property=\"og:locale\" content=\"ru_RU\" \/>\n<meta property=\"og:type\" content=\"article\" \/>\n<meta property=\"og:title\" content=\"Kutse andja avalikul konkursil osalemise juhend - Kutsekoda\" \/>\n<meta property=\"og:description\" content=\"Kutse andja avalikul konkursil osalemise juhend\" \/>\n<meta property=\"og:url\" content=\"https:\/\/kutsekoda.ee\/kutse-andja-juhend\/\" \/>\n<meta property=\"og:site_name\" content=\"Kutsekoda\" \/>\n<meta property=\"article:modified_time\" content=\"2025-08-11T12:55:34+00:00\" \/>\n<meta name=\"twitter:card\" content=\"summary_large_image\" \/>\n<meta name=\"twitter:label1\" content=\"\u041f\u0440\u0438\u043c\u0435\u0440\u043d\u043e\u0435 \u0432\u0440\u0435\u043c\u044f \u0434\u043b\u044f \u0447\u0442\u0435\u043d\u0438\u044f\" \/>\n\t<meta name=\"twitter:data1\" content=\"4 \u043c\u0438\u043d\u0443\u0442\u044b\" \/>\n<script type=\"application\/ld+json\" class=\"yoast-schema-graph\">{\"@context\":\"https:\/\/schema.org\",\"@graph\":[{\"@type\":\"WebPage\",\"@id\":\"https:\/\/kutsekoda.ee\/kutse-andja-juhend\/\",\"url\":\"https:\/\/kutsekoda.ee\/kutse-andja-juhend\/\",\"name\":\"Kutse andja avalikul konkursil osalemise juhend - Kutsekoda\",\"isPartOf\":{\"@id\":\"https:\/\/kutsekoda.ee\/#website\"},\"datePublished\":\"2018-05-30T11:50:57+00:00\",\"dateModified\":\"2025-08-11T12:55:34+00:00\",\"description\":\"Kutse andja avalikul konkursil osalemise juhend\",\"breadcrumb\":{\"@id\":\"https:\/\/kutsekoda.ee\/kutse-andja-juhend\/#breadcrumb\"},\"inLanguage\":\"ru-RU\",\"potentialAction\":[{\"@type\":\"ReadAction\",\"target\":[\"https:\/\/kutsekoda.ee\/kutse-andja-juhend\/\"]}]},{\"@type\":\"BreadcrumbList\",\"@id\":\"https:\/\/kutsekoda.ee\/kutse-andja-juhend\/#breadcrumb\",\"itemListElement\":[{\"@type\":\"ListItem\",\"position\":1,\"name\":\"Esileht\",\"item\":\"https:\/\/kutsekoda.ee\/ru\/\"},{\"@type\":\"ListItem\",\"position\":2,\"name\":\"Kutse andja avalikul konkursil osalemise juhend\"}]},{\"@type\":\"WebSite\",\"@id\":\"https:\/\/kutsekoda.ee\/#website\",\"url\":\"https:\/\/kutsekoda.ee\/\",\"name\":\"Kutsekoda\",\"description\":\"\",\"potentialAction\":[{\"@type\":\"SearchAction\",\"target\":{\"@type\":\"EntryPoint\",\"urlTemplate\":\"https:\/\/kutsekoda.ee\/?s={search_term_string}\"},\"query-input\":{\"@type\":\"PropertyValueSpecification\",\"valueRequired\":true,\"valueName\":\"search_term_string\"}}],\"inLanguage\":\"ru-RU\"}]}<\/script>\n<!-- \/ Yoast SEO plugin. -->","yoast_head_json":{"title":"Kutse andja avalikul konkursil osalemise juhend - Kutsekoda","description":"Kutse andja avalikul konkursil osalemise juhend","robots":{"index":"index","follow":"follow","max-snippet":"max-snippet:-1","max-image-preview":"max-image-preview:large","max-video-preview":"max-video-preview:-1"},"canonical":"https:\/\/kutsekoda.ee\/kutse-andja-juhend\/","og_locale":"ru_RU","og_type":"article","og_title":"Kutse andja avalikul konkursil osalemise juhend - Kutsekoda","og_description":"Kutse andja avalikul konkursil osalemise juhend","og_url":"https:\/\/kutsekoda.ee\/kutse-andja-juhend\/","og_site_name":"Kutsekoda","article_modified_time":"2025-08-11T12:55:34+00:00","twitter_card":"summary_large_image","twitter_misc":{"\u041f\u0440\u0438\u043c\u0435\u0440\u043d\u043e\u0435 \u0432\u0440\u0435\u043c\u044f \u0434\u043b\u044f \u0447\u0442\u0435\u043d\u0438\u044f":"4 \u043c\u0438\u043d\u0443\u0442\u044b"},"schema":{"@context":"https:\/\/schema.org","@graph":[{"@type":"WebPage","@id":"https:\/\/kutsekoda.ee\/kutse-andja-juhend\/","url":"https:\/\/kutsekoda.ee\/kutse-andja-juhend\/","name":"Kutse andja avalikul konkursil osalemise juhend - Kutsekoda","isPartOf":{"@id":"https:\/\/kutsekoda.ee\/#website"},"datePublished":"2018-05-30T11:50:57+00:00","dateModified":"2025-08-11T12:55:34+00:00","description":"Kutse andja avalikul konkursil osalemise juhend","breadcrumb":{"@id":"https:\/\/kutsekoda.ee\/kutse-andja-juhend\/#breadcrumb"},"inLanguage":"ru-RU","potentialAction":[{"@type":"ReadAction","target":["https:\/\/kutsekoda.ee\/kutse-andja-juhend\/"]}]},{"@type":"BreadcrumbList","@id":"https:\/\/kutsekoda.ee\/kutse-andja-juhend\/#breadcrumb","itemListElement":[{"@type":"ListItem","position":1,"name":"Esileht","item":"https:\/\/kutsekoda.ee\/ru\/"},{"@type":"ListItem","position":2,"name":"Kutse andja avalikul konkursil osalemise juhend"}]},{"@type":"WebSite","@id":"https:\/\/kutsekoda.ee\/#website","url":"https:\/\/kutsekoda.ee\/","name":"Kutsekoda","description":"","potentialAction":[{"@type":"SearchAction","target":{"@type":"EntryPoint","urlTemplate":"https:\/\/kutsekoda.ee\/?s={search_term_string}"},"query-input":{"@type":"PropertyValueSpecification","valueRequired":true,"valueName":"search_term_string"}}],"inLanguage":"ru-RU"}]}},"publishpress_future_action":{"enabled":false,"date":"2026-04-22 01:17:30","action":"change-status","newStatus":"draft","terms":[],"taxonomy":"translation_priority","extraData":[]},"publishpress_future_workflow_manual_trigger":{"enabledWorkflows":[]},"_links":{"self":[{"href":"https:\/\/kutsekoda.ee\/ru\/wp-json\/wp\/v2\/pages\/1648","targetHints":{"allow":["GET"]}}],"collection":[{"href":"https:\/\/kutsekoda.ee\/ru\/wp-json\/wp\/v2\/pages"}],"about":[{"href":"https:\/\/kutsekoda.ee\/ru\/wp-json\/wp\/v2\/types\/page"}],"author":[{"embeddable":true,"href":"https:\/\/kutsekoda.ee\/ru\/wp-json\/wp\/v2\/users\/1"}],"replies":[{"embeddable":true,"href":"https:\/\/kutsekoda.ee\/ru\/wp-json\/wp\/v2\/comments?post=1648"}],"version-history":[{"count":5,"href":"https:\/\/kutsekoda.ee\/ru\/wp-json\/wp\/v2\/pages\/1648\/revisions"}],"predecessor-version":[{"id":49350,"href":"https:\/\/kutsekoda.ee\/ru\/wp-json\/wp\/v2\/pages\/1648\/revisions\/49350"}],"wp:attachment":[{"href":"https:\/\/kutsekoda.ee\/ru\/wp-json\/wp\/v2\/media?parent=1648"}],"curies":[{"name":"wp","href":"https:\/\/api.w.org\/{rel}","templated":true}]}}