{"id":166,"date":"2018-05-08T10:05:01","date_gmt":"2018-05-08T10:05:01","guid":{"rendered":"https:\/\/kutsekoda-wp.loc.piksel.ee\/?page_id=166"},"modified":"2023-01-06T12:43:07","modified_gmt":"2023-01-06T10:43:07","slug":"epale","status":"publish","type":"page","link":"https:\/\/kutsekoda.ee\/ru\/epale\/","title":{"rendered":"EPALE"},"content":{"rendered":"\t\t<div data-elementor-type=\"wp-post\" data-elementor-id=\"166\" class=\"elementor elementor-166\">\n\t\t\t\t\t\t<section class=\"elementor-section elementor-top-section elementor-element elementor-element-9b855f0 elementor-section-boxed elementor-section-height-default elementor-section-height-default\" data-id=\"9b855f0\" data-element_type=\"section\" data-e-type=\"section\">\n\t\t\t\t\t\t<div class=\"elementor-container elementor-column-gap-default\">\n\t\t\t\t\t<div class=\"elementor-column elementor-col-100 elementor-top-column elementor-element elementor-element-4b05b2a\" data-id=\"4b05b2a\" data-element_type=\"column\" data-e-type=\"column\">\n\t\t\t<div class=\"elementor-widget-wrap elementor-element-populated\">\n\t\t\t\t\t\t<div class=\"elementor-element elementor-element-3452e77 elementor-widget elementor-widget-text-editor\" data-id=\"3452e77\" data-element_type=\"widget\" data-e-type=\"widget\" data-widget_type=\"text-editor.default\">\n\t\t\t\t<div class=\"elementor-widget-container\">\n\t\t\t\t\t\t\t\t\t<p><a href=\"https:\/\/epale.ec.europa.eu\/et\" target=\"_blank\" rel=\"noopener\">EPALE<\/a> on rahvusvaheline t\u00e4iskasvanuhariduse<strong> veebikeskkond<\/strong> (Electronic Platform for Adult Learning in Europe), mis on loodud k\u00f5igile, kes pakuvad t\u00e4iskasvanu\u00f5pet.<\/p>\n<p>EPALE-s on<\/p>\n<div>\n<ul>\n<li>kasulikke materjale,&nbsp;<\/li>\n<li>kogemus- ja arvamuslugusid,&nbsp;<\/li>\n<li>s\u00fcndmuste kalender,&nbsp;<\/li>\n<li>t\u00f6\u00f6riistu,&nbsp;<\/li>\n<li>avatud ligip\u00e4\u00e4suga kursuseid ja \u00f5ppevara k\u00f5igile, kes <strong>loovad t\u00e4iskasvanutele \u00f5ppimisv\u00f5imalusi<\/strong>.&nbsp;<\/li>\n<\/ul>\n<\/div>\n<p>Lisaks pakub EPALE veebikeskkond koolitajaile v\u00f5imaluse olla n\u00e4htav ning <strong>leida endale partnereid<\/strong> nii Eestis kui kogu Euroopas.<\/p>\n<p>T\u00e4iskasvanute <strong>koolitajate, \u00f5ppej\u00f5udude<\/strong> ja teiste k\u00f5rval on EPALE kasulik ka neile, kes <strong>vastutavad<\/strong> oma organisatsioonis <strong>\u00f5ppimisv\u00f5imaluste loomise eest<\/strong>, ehk t\u00e4idavad n\u00e4iteks koolitusjuhi v\u00f5i arengupartneri \u00fclesandeid.<\/p>\n<p>Veebikeskkond on lisaks eesti keelele veel 29 eri keeles. Veebi on loonud Euroopa Komisjon.<\/p>\n<p><strong>EPALE Eesti keskus<\/strong> tegutseb Kutsekojas.<\/p>\n<p>EPALE tegemistega saad kursis olla&nbsp;<\/p>\n<ul>\n<li>tellides nende <a href=\"https:\/\/europa.us17.list-manage.com\/subscribe?u=3af9b16e0f823a10f4fcec673&amp;id=5228e3652c\">uudiskirja<\/a>,<\/li>\n<li>liitudes nende kogukonnaga <a href=\"https:\/\/www.facebook.com\/EPALE.ET\" target=\"_blank\" rel=\"noopener\">Facebookis<\/a>.<\/li>\n<\/ul>\n<p><strong>Kontakt <\/strong><\/p>\n<ul>\n<li><a href=\"https:\/\/epale.ec.europa.eu\/et\" target=\"_blank\" rel=\"noopener\">ec.europa.eu\/epale\/et<\/a><\/li>\n<li>E-post: <a href=\"mailto:EPALE@kutsekoda.ee\">EPALE@kutsekoda.ee<\/a><\/li>\n<\/ul>\t\t\t\t\t\t\t\t<\/div>\n\t\t\t\t<\/div>\n\t\t\t\t\t<\/div>\n\t\t<\/div>\n\t\t\t\t\t<\/div>\n\t\t<\/section>\n\t\t\t\t<section class=\"elementor-section elementor-top-section elementor-element elementor-element-16c4225 animated-slow elementor-section-boxed elementor-section-height-default elementor-section-height-default elementor-invisible\" data-id=\"16c4225\" data-element_type=\"section\" data-e-type=\"section\" data-settings=\"{&quot;animation&quot;:&quot;fadeIn&quot;,&quot;animation_delay&quot;:300}\">\n\t\t\t\t\t\t<div class=\"elementor-container elementor-column-gap-default\">\n\t\t\t\t\t<div class=\"elementor-column elementor-col-100 elementor-top-column elementor-element elementor-element-7c8e0c7\" data-id=\"7c8e0c7\" data-element_type=\"column\" data-e-type=\"column\">\n\t\t\t<div class=\"elementor-widget-wrap elementor-element-populated\">\n\t\t\t\t\t\t<div class=\"elementor-element elementor-element-12366a7 elementor-widget elementor-widget-image\" data-id=\"12366a7\" data-element_type=\"widget\" data-e-type=\"widget\" data-widget_type=\"image.default\">\n\t\t\t\t<div class=\"elementor-widget-container\">\n\t\t\t\t\t\t\t\t\t\t\t\t\t\t\t\t<a href=\"http:\/\/kutsekoda.ee\/wp-content\/uploads\/2023\/01\/EPALE-banner.png\" data-elementor-open-lightbox=\"yes\" data-elementor-lightbox-title=\"EPALE b\u00e4nner\" data-e-action-hash=\"#elementor-action%3Aaction%3Dlightbox%26settings%3DeyJpZCI6MjA4MTQsInVybCI6Imh0dHBzOlwvXC9rdXRzZWtvZGEuZWVcL3dwLWNvbnRlbnRcL3VwbG9hZHNcLzIwMjNcLzAxXC9FUEFMRS1iYW5uZXIucG5nIn0%3D\" rel=\"lightbox-0\">\n\t\t\t\t\t\t\t<img fetchpriority=\"high\" decoding=\"async\" width=\"820\" height=\"312\" src=\"https:\/\/kutsekoda.ee\/wp-content\/uploads\/2023\/01\/EPALE-banner.png\" class=\"attachment-full size-full wp-image-20814\" alt=\"\" srcset=\"https:\/\/kutsekoda.ee\/wp-content\/uploads\/2023\/01\/EPALE-banner.png 820w, https:\/\/kutsekoda.ee\/wp-content\/uploads\/2023\/01\/EPALE-banner-300x114.png 300w, https:\/\/kutsekoda.ee\/wp-content\/uploads\/2023\/01\/EPALE-banner-768x292.png 768w\" sizes=\"(max-width: 820px) 100vw, 820px\" \/>\t\t\t\t\t\t\t\t<\/a>\n\t\t\t\t\t\t\t\t\t\t\t\t\t\t\t<\/div>\n\t\t\t\t<\/div>\n\t\t\t\t\t<\/div>\n\t\t<\/div>\n\t\t\t\t\t<\/div>\n\t\t<\/section>\n\t\t\t\t<section class=\"elementor-section elementor-top-section elementor-element elementor-element-30062a0 elementor-section-boxed elementor-section-height-default elementor-section-height-default\" data-id=\"30062a0\" data-element_type=\"section\" data-e-type=\"section\">\n\t\t\t\t\t\t<div class=\"elementor-container elementor-column-gap-default\">\n\t\t\t\t\t<div class=\"elementor-column elementor-col-100 elementor-top-column elementor-element elementor-element-4f2da9a\" data-id=\"4f2da9a\" data-element_type=\"column\" data-e-type=\"column\">\n\t\t\t<div class=\"elementor-widget-wrap elementor-element-populated\">\n\t\t\t\t\t\t<div class=\"elementor-element elementor-element-4ba0256 elementor-widget elementor-widget-text-editor\" data-id=\"4ba0256\" data-element_type=\"widget\" data-e-type=\"widget\" data-widget_type=\"text-editor.default\">\n\t\t\t\t<div class=\"elementor-widget-container\">\n\t\t\t\t\t\t\t\t\t<h2><strong>Koolitusjuhi veebikursus &nbsp;<\/strong><\/h2>\n<p>Kutsekojas asuva EPALE Eesti tellimusel valmis 2022. a kevadel koolitusjuhi k\u00e4siraamatu veebikursus. Leiad selle aadressilt <a href=\"http:\/\/kutsekoda.ee\/kasiraamat\/#\/\">http:\/\/kutsekoda.ee\/kasiraamat\/#\/<\/a>.&nbsp;<\/p>\n<p>Veebikursuse koostamisel osalesid <strong>valdkonna tunnustatud tegijad<\/strong>, kes oma pikaajalisele praktikale ja kogemustele toetudes annavad \u00f5ppematerjalis <strong>\u00fclevaate koolitusprotsessist kui tervikust<\/strong>, sh erinevatest organisatsioonisisestest koolitus- ja arendustegevustest.<\/p>\n<p>Veebikursus on kasulik k\u00f5igile, kes oma t\u00f6\u00f6s puutuvad kokku <strong>koolitus- ja arendustegevusega organisatsioonis<\/strong>.<\/p>\n<p><strong>Veebikursuse teemad v\u00f5imaldavad: <\/strong><\/p>\n<ul>\n<li>anal\u00fc\u00fcsida, kuidas organisatsioonid \u00f5pivad;<\/li>\n<li>m\u00f5ista, kuidas toetada arendusprotsesse organisatsioonis;<\/li>\n<li>saada \u00fclevaate erinevatest inimeste arendamise v\u00f5imalustest organisatsioonis;<\/li>\n<li>\u00f5ppida planeerima koolitus- ja arendustegevusi;<\/li>\n<li>hinnata koolitus- ja arendustegevuste tulemuslikkust.<\/li>\n<\/ul>\n<p>Veebikursus on loodud \u201eKoolitusjuhi k\u00e4siraamatu\u201c sisu baasil ja selle eesm\u00e4rk on&nbsp; toetada k\u00e4siraamatu teemade omandamist interaktiivses vormis.<\/p>\n<p>Kogu veebikursuse l\u00e4bimine v\u00f5tab aega umbes 4\u20136 tundi.<\/p><p>Koolitusjuhi k\u00e4siraamatu leiad&nbsp;<a href=\"https:\/\/epale.ec.europa.eu\/et\/resource-centre\/content\/koolitusjuhi-kasiraamat\" style=\"background-color: rgb(255, 255, 255);\">SIIT<\/a>.<br><\/p>\t\t\t\t\t\t\t\t<\/div>\n\t\t\t\t<\/div>\n\t\t\t\t\t<\/div>\n\t\t<\/div>\n\t\t\t\t\t<\/div>\n\t\t<\/section>\n\t\t\t\t<section class=\"elementor-section elementor-top-section elementor-element elementor-element-8c73bbc elementor-section-boxed elementor-section-height-default elementor-section-height-default\" data-id=\"8c73bbc\" data-element_type=\"section\" data-e-type=\"section\">\n\t\t\t\t\t\t<div class=\"elementor-container elementor-column-gap-default\">\n\t\t\t\t\t<div class=\"elementor-column elementor-col-100 elementor-top-column elementor-element elementor-element-99019b2\" data-id=\"99019b2\" data-element_type=\"column\" data-e-type=\"column\">\n\t\t\t<div class=\"elementor-widget-wrap elementor-element-populated\">\n\t\t\t\t\t\t\t<\/div>\n\t\t<\/div>\n\t\t\t\t\t<\/div>\n\t\t<\/section>\n\t\t\t\t<\/div>\n\t\t","protected":false},"excerpt":{"rendered":"<p>EPALE on rahvusvaheline t\u00e4iskasvanuhariduse veebikeskkond (Electronic Platform for Adult Learning in Europe), mis on loodud k\u00f5igile, kes pakuvad t\u00e4iskasvanu\u00f5pet. EPALE-s on kasulikke materjale,&nbsp; kogemus- ja arvamuslugusid,&nbsp; s\u00fcndmuste kalender,&nbsp; t\u00f6\u00f6riistu,&nbsp; avatud&hellip;&nbsp;<a href=\"https:\/\/kutsekoda.ee\/ru\/epale\/\" class=\"\" rel=\"bookmark\">\u041f\u043e\u0434\u0440\u043e\u0431\u043d\u0435\u0435 &raquo;<span class=\"screen-reader-text\">EPALE<\/span><\/a><\/p>\n","protected":false},"author":1,"featured_media":0,"parent":0,"menu_order":0,"comment_status":"closed","ping_status":"closed","template":"","meta":{"inline_featured_image":false,"neve_meta_sidebar":"","neve_meta_container":"","neve_meta_enable_content_width":"","neve_meta_content_width":0,"neve_meta_title_alignment":"","neve_meta_author_avatar":"","neve_post_elements_order":"","neve_meta_disable_header":"","neve_meta_disable_footer":"","neve_meta_disable_title":"","_themeisle_gutenberg_block_has_review":false,"_FSMCFIC_featured_image_caption":"","_FSMCFIC_featured_image_nocaption":"","_FSMCFIC_featured_image_hide":"","footnotes":""},"class_list":["post-166","page","type-page","status-publish","hentry"],"yoast_head":"<!-- This site is optimized with the Yoast SEO plugin v27.2 - https:\/\/yoast.com\/product\/yoast-seo-wordpress\/ -->\n<title>EPALE - Kutsekoda<\/title>\n<meta name=\"robots\" content=\"index, follow, max-snippet:-1, max-image-preview:large, max-video-preview:-1\" \/>\n<link rel=\"canonical\" href=\"https:\/\/kutsekoda.ee\/epale\/\" \/>\n<meta property=\"og:locale\" content=\"ru_RU\" \/>\n<meta property=\"og:type\" content=\"article\" \/>\n<meta property=\"og:title\" content=\"EPALE - Kutsekoda\" \/>\n<meta property=\"og:description\" content=\"EPALE on rahvusvaheline t\u00e4iskasvanuhariduse veebikeskkond (Electronic Platform for Adult Learning in Europe), mis on loodud k\u00f5igile, kes pakuvad t\u00e4iskasvanu\u00f5pet. EPALE-s on kasulikke materjale,&nbsp; kogemus- ja arvamuslugusid,&nbsp; s\u00fcndmuste kalender,&nbsp; t\u00f6\u00f6riistu,&nbsp; avatud&hellip;&nbsp;\u041f\u043e\u0434\u0440\u043e\u0431\u043d\u0435\u0435 &raquo;EPALE\" \/>\n<meta property=\"og:url\" content=\"https:\/\/kutsekoda.ee\/epale\/\" \/>\n<meta property=\"og:site_name\" content=\"Kutsekoda\" \/>\n<meta property=\"article:modified_time\" content=\"2023-01-06T10:43:07+00:00\" \/>\n<meta property=\"og:image\" content=\"http:\/\/kutsekoda.ee\/wp-content\/uploads\/2023\/01\/EPALE-banner.png\" \/>\n<meta name=\"twitter:card\" content=\"summary_large_image\" \/>\n<meta name=\"twitter:label1\" content=\"\u041f\u0440\u0438\u043c\u0435\u0440\u043d\u043e\u0435 \u0432\u0440\u0435\u043c\u044f \u0434\u043b\u044f \u0447\u0442\u0435\u043d\u0438\u044f\" \/>\n\t<meta name=\"twitter:data1\" content=\"2 \u043c\u0438\u043d\u0443\u0442\u044b\" \/>\n<script type=\"application\/ld+json\" class=\"yoast-schema-graph\">{\"@context\":\"https:\/\/schema.org\",\"@graph\":[{\"@type\":\"WebPage\",\"@id\":\"https:\/\/kutsekoda.ee\/epale\/\",\"url\":\"https:\/\/kutsekoda.ee\/epale\/\",\"name\":\"EPALE - Kutsekoda\",\"isPartOf\":{\"@id\":\"https:\/\/kutsekoda.ee\/#website\"},\"primaryImageOfPage\":{\"@id\":\"https:\/\/kutsekoda.ee\/epale\/#primaryimage\"},\"image\":{\"@id\":\"https:\/\/kutsekoda.ee\/epale\/#primaryimage\"},\"thumbnailUrl\":\"http:\/\/kutsekoda.ee\/wp-content\/uploads\/2023\/01\/EPALE-banner.png\",\"datePublished\":\"2018-05-08T10:05:01+00:00\",\"dateModified\":\"2023-01-06T10:43:07+00:00\",\"breadcrumb\":{\"@id\":\"https:\/\/kutsekoda.ee\/epale\/#breadcrumb\"},\"inLanguage\":\"ru-RU\",\"potentialAction\":[{\"@type\":\"ReadAction\",\"target\":[\"https:\/\/kutsekoda.ee\/epale\/\"]}]},{\"@type\":\"ImageObject\",\"inLanguage\":\"ru-RU\",\"@id\":\"https:\/\/kutsekoda.ee\/epale\/#primaryimage\",\"url\":\"http:\/\/kutsekoda.ee\/wp-content\/uploads\/2023\/01\/EPALE-banner.png\",\"contentUrl\":\"http:\/\/kutsekoda.ee\/wp-content\/uploads\/2023\/01\/EPALE-banner.png\"},{\"@type\":\"BreadcrumbList\",\"@id\":\"https:\/\/kutsekoda.ee\/epale\/#breadcrumb\",\"itemListElement\":[{\"@type\":\"ListItem\",\"position\":1,\"name\":\"Esileht\",\"item\":\"https:\/\/kutsekoda.ee\/ru\/\"},{\"@type\":\"ListItem\",\"position\":2,\"name\":\"EPALE\"}]},{\"@type\":\"WebSite\",\"@id\":\"https:\/\/kutsekoda.ee\/#website\",\"url\":\"https:\/\/kutsekoda.ee\/\",\"name\":\"Kutsekoda\",\"description\":\"\",\"potentialAction\":[{\"@type\":\"SearchAction\",\"target\":{\"@type\":\"EntryPoint\",\"urlTemplate\":\"https:\/\/kutsekoda.ee\/?s={search_term_string}\"},\"query-input\":{\"@type\":\"PropertyValueSpecification\",\"valueRequired\":true,\"valueName\":\"search_term_string\"}}],\"inLanguage\":\"ru-RU\"}]}<\/script>\n<!-- \/ Yoast SEO plugin. -->","yoast_head_json":{"title":"EPALE - Kutsekoda","robots":{"index":"index","follow":"follow","max-snippet":"max-snippet:-1","max-image-preview":"max-image-preview:large","max-video-preview":"max-video-preview:-1"},"canonical":"https:\/\/kutsekoda.ee\/epale\/","og_locale":"ru_RU","og_type":"article","og_title":"EPALE - Kutsekoda","og_description":"EPALE on rahvusvaheline t\u00e4iskasvanuhariduse veebikeskkond (Electronic Platform for Adult Learning in Europe), mis on loodud k\u00f5igile, kes pakuvad t\u00e4iskasvanu\u00f5pet. EPALE-s on kasulikke materjale,&nbsp; kogemus- ja arvamuslugusid,&nbsp; s\u00fcndmuste kalender,&nbsp; t\u00f6\u00f6riistu,&nbsp; avatud&hellip;&nbsp;\u041f\u043e\u0434\u0440\u043e\u0431\u043d\u0435\u0435 &raquo;EPALE","og_url":"https:\/\/kutsekoda.ee\/epale\/","og_site_name":"Kutsekoda","article_modified_time":"2023-01-06T10:43:07+00:00","og_image":[{"url":"http:\/\/kutsekoda.ee\/wp-content\/uploads\/2023\/01\/EPALE-banner.png","type":"","width":"","height":""}],"twitter_card":"summary_large_image","twitter_misc":{"\u041f\u0440\u0438\u043c\u0435\u0440\u043d\u043e\u0435 \u0432\u0440\u0435\u043c\u044f \u0434\u043b\u044f \u0447\u0442\u0435\u043d\u0438\u044f":"2 \u043c\u0438\u043d\u0443\u0442\u044b"},"schema":{"@context":"https:\/\/schema.org","@graph":[{"@type":"WebPage","@id":"https:\/\/kutsekoda.ee\/epale\/","url":"https:\/\/kutsekoda.ee\/epale\/","name":"EPALE - Kutsekoda","isPartOf":{"@id":"https:\/\/kutsekoda.ee\/#website"},"primaryImageOfPage":{"@id":"https:\/\/kutsekoda.ee\/epale\/#primaryimage"},"image":{"@id":"https:\/\/kutsekoda.ee\/epale\/#primaryimage"},"thumbnailUrl":"http:\/\/kutsekoda.ee\/wp-content\/uploads\/2023\/01\/EPALE-banner.png","datePublished":"2018-05-08T10:05:01+00:00","dateModified":"2023-01-06T10:43:07+00:00","breadcrumb":{"@id":"https:\/\/kutsekoda.ee\/epale\/#breadcrumb"},"inLanguage":"ru-RU","potentialAction":[{"@type":"ReadAction","target":["https:\/\/kutsekoda.ee\/epale\/"]}]},{"@type":"ImageObject","inLanguage":"ru-RU","@id":"https:\/\/kutsekoda.ee\/epale\/#primaryimage","url":"http:\/\/kutsekoda.ee\/wp-content\/uploads\/2023\/01\/EPALE-banner.png","contentUrl":"http:\/\/kutsekoda.ee\/wp-content\/uploads\/2023\/01\/EPALE-banner.png"},{"@type":"BreadcrumbList","@id":"https:\/\/kutsekoda.ee\/epale\/#breadcrumb","itemListElement":[{"@type":"ListItem","position":1,"name":"Esileht","item":"https:\/\/kutsekoda.ee\/ru\/"},{"@type":"ListItem","position":2,"name":"EPALE"}]},{"@type":"WebSite","@id":"https:\/\/kutsekoda.ee\/#website","url":"https:\/\/kutsekoda.ee\/","name":"Kutsekoda","description":"","potentialAction":[{"@type":"SearchAction","target":{"@type":"EntryPoint","urlTemplate":"https:\/\/kutsekoda.ee\/?s={search_term_string}"},"query-input":{"@type":"PropertyValueSpecification","valueRequired":true,"valueName":"search_term_string"}}],"inLanguage":"ru-RU"}]}},"publishpress_future_action":{"enabled":false,"date":"2026-04-15 20:35:19","action":"change-status","newStatus":"draft","terms":[],"taxonomy":"translation_priority","extraData":[]},"publishpress_future_workflow_manual_trigger":{"enabledWorkflows":[]},"_links":{"self":[{"href":"https:\/\/kutsekoda.ee\/ru\/wp-json\/wp\/v2\/pages\/166","targetHints":{"allow":["GET"]}}],"collection":[{"href":"https:\/\/kutsekoda.ee\/ru\/wp-json\/wp\/v2\/pages"}],"about":[{"href":"https:\/\/kutsekoda.ee\/ru\/wp-json\/wp\/v2\/types\/page"}],"author":[{"embeddable":true,"href":"https:\/\/kutsekoda.ee\/ru\/wp-json\/wp\/v2\/users\/1"}],"replies":[{"embeddable":true,"href":"https:\/\/kutsekoda.ee\/ru\/wp-json\/wp\/v2\/comments?post=166"}],"version-history":[{"count":5,"href":"https:\/\/kutsekoda.ee\/ru\/wp-json\/wp\/v2\/pages\/166\/revisions"}],"predecessor-version":[{"id":49433,"href":"https:\/\/kutsekoda.ee\/ru\/wp-json\/wp\/v2\/pages\/166\/revisions\/49433"}],"wp:attachment":[{"href":"https:\/\/kutsekoda.ee\/ru\/wp-json\/wp\/v2\/media?parent=166"}],"curies":[{"name":"wp","href":"https:\/\/api.w.org\/{rel}","templated":true}]}}