{"id":18308,"date":"2022-02-02T17:10:55","date_gmt":"2022-02-02T15:10:55","guid":{"rendered":"http:\/\/kutsekoda.ee\/?page_id=18308"},"modified":"2022-02-02T17:11:46","modified_gmt":"2022-02-02T15:11:46","slug":"kutsekoja-auraha-statuut","status":"publish","type":"page","link":"https:\/\/kutsekoda.ee\/ru\/kutsekoja-auraha-statuut\/","title":{"rendered":"Kutsekoja auraha statuut"},"content":{"rendered":"\n<div class=\"wp-block-image\"><figure class=\"alignright size-medium\"><img fetchpriority=\"high\" decoding=\"async\" width=\"300\" height=\"200\" src=\"http:\/\/kutsekoda.ee\/wp-content\/uploads\/2021\/11\/DSC1232-300x200.jpg\" alt=\"auraha\" class=\"wp-image-17106\" srcset=\"https:\/\/kutsekoda.ee\/wp-content\/uploads\/2021\/11\/DSC1232-300x200.jpg 300w, https:\/\/kutsekoda.ee\/wp-content\/uploads\/2021\/11\/DSC1232-1024x683.jpg 1024w, https:\/\/kutsekoda.ee\/wp-content\/uploads\/2021\/11\/DSC1232-768x512.jpg 768w, https:\/\/kutsekoda.ee\/wp-content\/uploads\/2021\/11\/DSC1232-1536x1024.jpg 1536w, https:\/\/kutsekoda.ee\/wp-content\/uploads\/2021\/11\/DSC1232-2048x1365.jpg 2048w\" sizes=\"(max-width: 300px) 100vw, 300px\" \/><figcaption>Auraha laureaadid 2021<\/figcaption><\/figure><\/div>\n\n\n\n<p>Kutsekoja auraha statuut on asutatud 2018. aastal seoses kutses\u00fcsteemi 20. aastap\u00e4evaga. <\/p>\n\n\n\n<p>Auraha on austus- ja tunnustusavaldus inimestele, kes on m\u00e4nginud olulist rolli Kutsekoja v\u00f5i kutses\u00fcsteemi kujunemisel ning kelle isiklikke saavutusi kutses\u00fcsteemi arendamisel saab seada eeskujuks.<\/p>\n\n\n\n<h4 class=\"wp-block-heading\">Auraha andmise eesm\u00e4rk<\/h4>\n\n\n\n<ul class=\"wp-block-list\"><li>Motiveerida inimesi panustama kutsealase tegevuse arengusse.<\/li><li>T\u00f5sta esile neid, kelle tegevust kutses\u00fcsteemi arendamisel saab seada eeskujuks.<\/li><li>T\u00f5sta kutses\u00fcsteemi usaldusv\u00e4\u00e4rsust ja mainet.<\/li><\/ul>\n\n\n\n<h4 class=\"wp-block-heading\">Auraha kirjeldus<\/h4>\n\n\n\n<p>Auraha on h\u00f5bedast (proov 925) oks\u00fcdeeritud m\u00fcnt diameetriga 4 cm. Esik\u00fcljel on<br>Kutsekoja logo ning tagak\u00fcljel kavaleri nimi ja v\u00e4ljaandmise aasta.<\/p>\n\n\n\n<h4 class=\"wp-block-heading\">Auraha andmise kord<\/h4>\n\n\n\n<p>Aurahade v\u00e4ljaandmine toimub iga viie aasta j\u00e4rel v\u00f5i seoses Kutsekojale olulise s\u00fcndmusega.<br>\u00dchel aastal valitakse v\u00e4lja kuni 10 auraha kavaleri.<\/p>\n\n\n\n<p>Auraha saajate kandidaate v\u00f5ivad esitada k\u00f5ik Kutsekoja t\u00f6\u00f6tajad. Auraha andmise otsustab<br>Kutsekoja juhatuse kokku kutsutud 7-liikmeline komisjon h\u00e4\u00e4letamise teel. Igal<br>komisjoni liikmel on \u00fcks h\u00e4\u00e4l ja valituks osutumiseks on vajalik v\u00e4hemalt viis poolth\u00e4\u00e4lt.<\/p>\n\n\n\n<p>Auraha antakse \u00fcle Kutsekoja juhatuse liikme poolt Kutsekoja aastap\u00e4eva\u00fcritusel. Koos<br>aurahaga antakse \u00fcle ka seda t\u00f5endav tunnistus.<\/p>\n\n\n\n<h4 class=\"wp-block-heading\">L\u00f5pps\u00e4tted<\/h4>\n\n\n\n<ul class=\"wp-block-list\"><li>Auraha saanute nimed avaldatakse Kutsekoda kodulehel.<\/li><li>Samale inimesele auraha korduvalt ei anta.<\/li><li>Auraha selle h\u00e4vimise, rikkumise ja\/v\u00f5i kaotamise korral ei asendata.<\/li><\/ul>\n","protected":false},"excerpt":{"rendered":"<p>Kutsekoja auraha statuut on asutatud 2018. aastal seoses kutses\u00fcsteemi 20. aastap\u00e4evaga. Auraha on austus- ja tunnustusavaldus inimestele, kes on m\u00e4nginud olulist rolli Kutsekoja v\u00f5i kutses\u00fcsteemi kujunemisel ning kelle isiklikke saavutusi&hellip;&nbsp;<a href=\"https:\/\/kutsekoda.ee\/ru\/kutsekoja-auraha-statuut\/\" class=\"\" rel=\"bookmark\">\u041f\u043e\u0434\u0440\u043e\u0431\u043d\u0435\u0435 &raquo;<span class=\"screen-reader-text\">Kutsekoja auraha statuut<\/span><\/a><\/p>\n","protected":false},"author":11,"featured_media":0,"parent":0,"menu_order":0,"comment_status":"closed","ping_status":"closed","template":"","meta":{"inline_featured_image":false,"neve_meta_sidebar":"","neve_meta_container":"","neve_meta_enable_content_width":"","neve_meta_content_width":0,"neve_meta_title_alignment":"","neve_meta_author_avatar":"","neve_post_elements_order":"","neve_meta_disable_header":"","neve_meta_disable_footer":"","neve_meta_disable_title":"","_themeisle_gutenberg_block_has_review":false,"_FSMCFIC_featured_image_caption":"","_FSMCFIC_featured_image_nocaption":"","_FSMCFIC_featured_image_hide":"","footnotes":""},"class_list":["post-18308","page","type-page","status-publish","hentry"],"yoast_head":"<!-- This site is optimized with the Yoast SEO plugin v27.2 - https:\/\/yoast.com\/product\/yoast-seo-wordpress\/ -->\n<title>Kutsekoja auraha statuut - Kutsekoda<\/title>\n<meta name=\"robots\" content=\"index, follow, max-snippet:-1, max-image-preview:large, max-video-preview:-1\" \/>\n<link rel=\"canonical\" href=\"https:\/\/kutsekoda.ee\/kutsekoja-auraha-statuut\/\" \/>\n<meta property=\"og:locale\" content=\"ru_RU\" \/>\n<meta property=\"og:type\" content=\"article\" \/>\n<meta property=\"og:title\" content=\"Kutsekoja auraha statuut - Kutsekoda\" \/>\n<meta property=\"og:description\" content=\"Kutsekoja auraha statuut on asutatud 2018. aastal seoses kutses\u00fcsteemi 20. aastap\u00e4evaga. Auraha on austus- ja tunnustusavaldus inimestele, kes on m\u00e4nginud olulist rolli Kutsekoja v\u00f5i kutses\u00fcsteemi kujunemisel ning kelle isiklikke saavutusi&hellip;&nbsp;\u041f\u043e\u0434\u0440\u043e\u0431\u043d\u0435\u0435 &raquo;Kutsekoja auraha statuut\" \/>\n<meta property=\"og:url\" content=\"https:\/\/kutsekoda.ee\/kutsekoja-auraha-statuut\/\" \/>\n<meta property=\"og:site_name\" content=\"Kutsekoda\" \/>\n<meta property=\"article:modified_time\" content=\"2022-02-02T15:11:46+00:00\" \/>\n<meta property=\"og:image\" content=\"http:\/\/kutsekoda.ee\/wp-content\/uploads\/2021\/11\/DSC1232-300x200.jpg\" \/>\n<meta name=\"twitter:card\" content=\"summary_large_image\" \/>\n<meta name=\"twitter:label1\" content=\"\u041f\u0440\u0438\u043c\u0435\u0440\u043d\u043e\u0435 \u0432\u0440\u0435\u043c\u044f \u0434\u043b\u044f \u0447\u0442\u0435\u043d\u0438\u044f\" \/>\n\t<meta name=\"twitter:data1\" content=\"1 \u043c\u0438\u043d\u0443\u0442\u0430\" \/>\n<script type=\"application\/ld+json\" class=\"yoast-schema-graph\">{\"@context\":\"https:\/\/schema.org\",\"@graph\":[{\"@type\":\"WebPage\",\"@id\":\"https:\/\/kutsekoda.ee\/kutsekoja-auraha-statuut\/\",\"url\":\"https:\/\/kutsekoda.ee\/kutsekoja-auraha-statuut\/\",\"name\":\"Kutsekoja auraha statuut - Kutsekoda\",\"isPartOf\":{\"@id\":\"https:\/\/kutsekoda.ee\/#website\"},\"primaryImageOfPage\":{\"@id\":\"https:\/\/kutsekoda.ee\/kutsekoja-auraha-statuut\/#primaryimage\"},\"image\":{\"@id\":\"https:\/\/kutsekoda.ee\/kutsekoja-auraha-statuut\/#primaryimage\"},\"thumbnailUrl\":\"http:\/\/kutsekoda.ee\/wp-content\/uploads\/2021\/11\/DSC1232-300x200.jpg\",\"datePublished\":\"2022-02-02T15:10:55+00:00\",\"dateModified\":\"2022-02-02T15:11:46+00:00\",\"breadcrumb\":{\"@id\":\"https:\/\/kutsekoda.ee\/kutsekoja-auraha-statuut\/#breadcrumb\"},\"inLanguage\":\"ru-RU\",\"potentialAction\":[{\"@type\":\"ReadAction\",\"target\":[\"https:\/\/kutsekoda.ee\/kutsekoja-auraha-statuut\/\"]}]},{\"@type\":\"ImageObject\",\"inLanguage\":\"ru-RU\",\"@id\":\"https:\/\/kutsekoda.ee\/kutsekoja-auraha-statuut\/#primaryimage\",\"url\":\"http:\/\/kutsekoda.ee\/wp-content\/uploads\/2021\/11\/DSC1232-300x200.jpg\",\"contentUrl\":\"http:\/\/kutsekoda.ee\/wp-content\/uploads\/2021\/11\/DSC1232-300x200.jpg\"},{\"@type\":\"BreadcrumbList\",\"@id\":\"https:\/\/kutsekoda.ee\/kutsekoja-auraha-statuut\/#breadcrumb\",\"itemListElement\":[{\"@type\":\"ListItem\",\"position\":1,\"name\":\"Esileht\",\"item\":\"https:\/\/kutsekoda.ee\/ru\/\"},{\"@type\":\"ListItem\",\"position\":2,\"name\":\"Kutsekoja auraha statuut\"}]},{\"@type\":\"WebSite\",\"@id\":\"https:\/\/kutsekoda.ee\/#website\",\"url\":\"https:\/\/kutsekoda.ee\/\",\"name\":\"Kutsekoda\",\"description\":\"\",\"potentialAction\":[{\"@type\":\"SearchAction\",\"target\":{\"@type\":\"EntryPoint\",\"urlTemplate\":\"https:\/\/kutsekoda.ee\/?s={search_term_string}\"},\"query-input\":{\"@type\":\"PropertyValueSpecification\",\"valueRequired\":true,\"valueName\":\"search_term_string\"}}],\"inLanguage\":\"ru-RU\"}]}<\/script>\n<!-- \/ Yoast SEO plugin. -->","yoast_head_json":{"title":"Kutsekoja auraha statuut - Kutsekoda","robots":{"index":"index","follow":"follow","max-snippet":"max-snippet:-1","max-image-preview":"max-image-preview:large","max-video-preview":"max-video-preview:-1"},"canonical":"https:\/\/kutsekoda.ee\/kutsekoja-auraha-statuut\/","og_locale":"ru_RU","og_type":"article","og_title":"Kutsekoja auraha statuut - Kutsekoda","og_description":"Kutsekoja auraha statuut on asutatud 2018. aastal seoses kutses\u00fcsteemi 20. aastap\u00e4evaga. Auraha on austus- ja tunnustusavaldus inimestele, kes on m\u00e4nginud olulist rolli Kutsekoja v\u00f5i kutses\u00fcsteemi kujunemisel ning kelle isiklikke saavutusi&hellip;&nbsp;\u041f\u043e\u0434\u0440\u043e\u0431\u043d\u0435\u0435 &raquo;Kutsekoja auraha statuut","og_url":"https:\/\/kutsekoda.ee\/kutsekoja-auraha-statuut\/","og_site_name":"Kutsekoda","article_modified_time":"2022-02-02T15:11:46+00:00","og_image":[{"url":"http:\/\/kutsekoda.ee\/wp-content\/uploads\/2021\/11\/DSC1232-300x200.jpg","type":"","width":"","height":""}],"twitter_card":"summary_large_image","twitter_misc":{"\u041f\u0440\u0438\u043c\u0435\u0440\u043d\u043e\u0435 \u0432\u0440\u0435\u043c\u044f \u0434\u043b\u044f \u0447\u0442\u0435\u043d\u0438\u044f":"1 \u043c\u0438\u043d\u0443\u0442\u0430"},"schema":{"@context":"https:\/\/schema.org","@graph":[{"@type":"WebPage","@id":"https:\/\/kutsekoda.ee\/kutsekoja-auraha-statuut\/","url":"https:\/\/kutsekoda.ee\/kutsekoja-auraha-statuut\/","name":"Kutsekoja auraha statuut - Kutsekoda","isPartOf":{"@id":"https:\/\/kutsekoda.ee\/#website"},"primaryImageOfPage":{"@id":"https:\/\/kutsekoda.ee\/kutsekoja-auraha-statuut\/#primaryimage"},"image":{"@id":"https:\/\/kutsekoda.ee\/kutsekoja-auraha-statuut\/#primaryimage"},"thumbnailUrl":"http:\/\/kutsekoda.ee\/wp-content\/uploads\/2021\/11\/DSC1232-300x200.jpg","datePublished":"2022-02-02T15:10:55+00:00","dateModified":"2022-02-02T15:11:46+00:00","breadcrumb":{"@id":"https:\/\/kutsekoda.ee\/kutsekoja-auraha-statuut\/#breadcrumb"},"inLanguage":"ru-RU","potentialAction":[{"@type":"ReadAction","target":["https:\/\/kutsekoda.ee\/kutsekoja-auraha-statuut\/"]}]},{"@type":"ImageObject","inLanguage":"ru-RU","@id":"https:\/\/kutsekoda.ee\/kutsekoja-auraha-statuut\/#primaryimage","url":"http:\/\/kutsekoda.ee\/wp-content\/uploads\/2021\/11\/DSC1232-300x200.jpg","contentUrl":"http:\/\/kutsekoda.ee\/wp-content\/uploads\/2021\/11\/DSC1232-300x200.jpg"},{"@type":"BreadcrumbList","@id":"https:\/\/kutsekoda.ee\/kutsekoja-auraha-statuut\/#breadcrumb","itemListElement":[{"@type":"ListItem","position":1,"name":"Esileht","item":"https:\/\/kutsekoda.ee\/ru\/"},{"@type":"ListItem","position":2,"name":"Kutsekoja auraha statuut"}]},{"@type":"WebSite","@id":"https:\/\/kutsekoda.ee\/#website","url":"https:\/\/kutsekoda.ee\/","name":"Kutsekoda","description":"","potentialAction":[{"@type":"SearchAction","target":{"@type":"EntryPoint","urlTemplate":"https:\/\/kutsekoda.ee\/?s={search_term_string}"},"query-input":{"@type":"PropertyValueSpecification","valueRequired":true,"valueName":"search_term_string"}}],"inLanguage":"ru-RU"}]}},"publishpress_future_action":{"enabled":false,"date":"2026-04-17 18:39:06","action":"change-status","newStatus":"draft","terms":[],"taxonomy":"translation_priority","extraData":[]},"publishpress_future_workflow_manual_trigger":{"enabledWorkflows":[]},"_links":{"self":[{"href":"https:\/\/kutsekoda.ee\/ru\/wp-json\/wp\/v2\/pages\/18308","targetHints":{"allow":["GET"]}}],"collection":[{"href":"https:\/\/kutsekoda.ee\/ru\/wp-json\/wp\/v2\/pages"}],"about":[{"href":"https:\/\/kutsekoda.ee\/ru\/wp-json\/wp\/v2\/types\/page"}],"author":[{"embeddable":true,"href":"https:\/\/kutsekoda.ee\/ru\/wp-json\/wp\/v2\/users\/11"}],"replies":[{"embeddable":true,"href":"https:\/\/kutsekoda.ee\/ru\/wp-json\/wp\/v2\/comments?post=18308"}],"version-history":[{"count":1,"href":"https:\/\/kutsekoda.ee\/ru\/wp-json\/wp\/v2\/pages\/18308\/revisions"}],"predecessor-version":[{"id":18309,"href":"https:\/\/kutsekoda.ee\/ru\/wp-json\/wp\/v2\/pages\/18308\/revisions\/18309"}],"wp:attachment":[{"href":"https:\/\/kutsekoda.ee\/ru\/wp-json\/wp\/v2\/media?parent=18308"}],"curies":[{"name":"wp","href":"https:\/\/api.w.org\/{rel}","templated":true}]}}