{"id":40631,"date":"2023-11-06T11:31:30","date_gmt":"2023-11-06T09:31:30","guid":{"rendered":"http:\/\/kutsekoda.ee\/?page_id=40631"},"modified":"2024-01-03T11:38:45","modified_gmt":"2024-01-03T09:38:45","slug":"kutse-andjate-mottekoda-aitah","status":"publish","type":"page","link":"https:\/\/kutsekoda.ee\/ru\/kutse-andjate-mottekoda-aitah\/","title":{"rendered":"Ait\u00e4h!"},"content":{"rendered":"\n<p>Oled registreerunud kutse andjate m\u00f5ttekoja kohtumisele.<\/p>\n\n\n\n<p>Osalemisinfo saadetakse meilile.<\/p>\n\n\n\n<p>Kohtumist ei salvestata ja seda j\u00e4rele vaadata ei saa.<\/p>\n","protected":false},"excerpt":{"rendered":"<p>Oled registreerunud kutse andjate m\u00f5ttekoja kohtumisele. Osalemisinfo saadetakse meilile. Kohtumist ei salvestata ja seda j\u00e4rele vaadata ei saa.<\/p>\n","protected":false},"author":14,"featured_media":0,"parent":0,"menu_order":0,"comment_status":"closed","ping_status":"closed","template":"","meta":{"inline_featured_image":false,"neve_meta_sidebar":"","neve_meta_container":"","neve_meta_enable_content_width":"","neve_meta_content_width":0,"neve_meta_title_alignment":"","neve_meta_author_avatar":"","neve_post_elements_order":"","neve_meta_disable_header":"","neve_meta_disable_footer":"","neve_meta_disable_title":"","_themeisle_gutenberg_block_has_review":false,"_FSMCFIC_featured_image_caption":"","_FSMCFIC_featured_image_nocaption":"","_FSMCFIC_featured_image_hide":"","footnotes":""},"class_list":["post-40631","page","type-page","status-publish","hentry"],"yoast_head":"<!-- This site is optimized with the Yoast SEO plugin v27.5 - https:\/\/yoast.com\/product\/yoast-seo-wordpress\/ -->\n<title>Ait\u00e4h! - Kutsekoda<\/title>\n<meta name=\"robots\" content=\"index, follow, max-snippet:-1, max-image-preview:large, max-video-preview:-1\" \/>\n<link rel=\"canonical\" href=\"https:\/\/kutsekoda.ee\/kutse-andjate-mottekoda-aitah\/\" \/>\n<meta property=\"og:locale\" content=\"ru_RU\" \/>\n<meta property=\"og:type\" content=\"article\" \/>\n<meta property=\"og:title\" content=\"Ait\u00e4h! - Kutsekoda\" \/>\n<meta property=\"og:description\" content=\"Oled registreerunud kutse andjate m\u00f5ttekoja kohtumisele. Osalemisinfo saadetakse meilile. Kohtumist ei salvestata ja seda j\u00e4rele vaadata ei saa.\" \/>\n<meta property=\"og:url\" content=\"https:\/\/kutsekoda.ee\/kutse-andjate-mottekoda-aitah\/\" \/>\n<meta property=\"og:site_name\" content=\"Kutsekoda\" \/>\n<meta property=\"article:modified_time\" content=\"2024-01-03T09:38:45+00:00\" \/>\n<meta name=\"twitter:card\" content=\"summary_large_image\" \/>\n<meta name=\"twitter:label1\" content=\"\u041f\u0440\u0438\u043c\u0435\u0440\u043d\u043e\u0435 \u0432\u0440\u0435\u043c\u044f \u0434\u043b\u044f \u0447\u0442\u0435\u043d\u0438\u044f\" \/>\n\t<meta name=\"twitter:data1\" content=\"1 \u043c\u0438\u043d\u0443\u0442\u0430\" \/>\n<script type=\"application\/ld+json\" class=\"yoast-schema-graph\">{\"@context\":\"https:\\\/\\\/schema.org\",\"@graph\":[{\"@type\":\"WebPage\",\"@id\":\"https:\\\/\\\/kutsekoda.ee\\\/kutse-andjate-mottekoda-aitah\\\/\",\"url\":\"https:\\\/\\\/kutsekoda.ee\\\/kutse-andjate-mottekoda-aitah\\\/\",\"name\":\"Ait\u00e4h! - Kutsekoda\",\"isPartOf\":{\"@id\":\"https:\\\/\\\/kutsekoda.ee\\\/#website\"},\"datePublished\":\"2023-11-06T09:31:30+00:00\",\"dateModified\":\"2024-01-03T09:38:45+00:00\",\"breadcrumb\":{\"@id\":\"https:\\\/\\\/kutsekoda.ee\\\/kutse-andjate-mottekoda-aitah\\\/#breadcrumb\"},\"inLanguage\":\"ru-RU\",\"potentialAction\":[{\"@type\":\"ReadAction\",\"target\":[\"https:\\\/\\\/kutsekoda.ee\\\/kutse-andjate-mottekoda-aitah\\\/\"]}]},{\"@type\":\"BreadcrumbList\",\"@id\":\"https:\\\/\\\/kutsekoda.ee\\\/kutse-andjate-mottekoda-aitah\\\/#breadcrumb\",\"itemListElement\":[{\"@type\":\"ListItem\",\"position\":1,\"name\":\"Esileht\",\"item\":\"https:\\\/\\\/kutsekoda.ee\\\/ru\\\/\"},{\"@type\":\"ListItem\",\"position\":2,\"name\":\"Ait\u00e4h!\"}]},{\"@type\":\"WebSite\",\"@id\":\"https:\\\/\\\/kutsekoda.ee\\\/#website\",\"url\":\"https:\\\/\\\/kutsekoda.ee\\\/\",\"name\":\"Kutsekoda\",\"description\":\"\",\"publisher\":{\"@id\":\"https:\\\/\\\/kutsekoda.ee\\\/#organization\"},\"potentialAction\":[{\"@type\":\"SearchAction\",\"target\":{\"@type\":\"EntryPoint\",\"urlTemplate\":\"https:\\\/\\\/kutsekoda.ee\\\/?s={search_term_string}\"},\"query-input\":{\"@type\":\"PropertyValueSpecification\",\"valueRequired\":true,\"valueName\":\"search_term_string\"}}],\"inLanguage\":\"ru-RU\"},{\"@type\":\"Organization\",\"@id\":\"https:\\\/\\\/kutsekoda.ee\\\/#organization\",\"name\":\"Sihtasutus Kutsekoda\",\"url\":\"https:\\\/\\\/kutsekoda.ee\\\/\",\"logo\":{\"@type\":\"ImageObject\",\"inLanguage\":\"ru-RU\",\"@id\":\"https:\\\/\\\/kutsekoda.ee\\\/#\\\/schema\\\/logo\\\/image\\\/\",\"url\":\"https:\\\/\\\/kutsekoda.ee\\\/wp-content\\\/uploads\\\/2023\\\/02\\\/cropped-kutsekoda-logo-et-1.png\",\"contentUrl\":\"https:\\\/\\\/kutsekoda.ee\\\/wp-content\\\/uploads\\\/2023\\\/02\\\/cropped-kutsekoda-logo-et-1.png\",\"width\":200,\"height\":72,\"caption\":\"Sihtasutus Kutsekoda\"},\"image\":{\"@id\":\"https:\\\/\\\/kutsekoda.ee\\\/#\\\/schema\\\/logo\\\/image\\\/\"}}]}<\/script>\n<!-- \/ Yoast SEO plugin. -->","yoast_head_json":{"title":"Ait\u00e4h! - Kutsekoda","robots":{"index":"index","follow":"follow","max-snippet":"max-snippet:-1","max-image-preview":"max-image-preview:large","max-video-preview":"max-video-preview:-1"},"canonical":"https:\/\/kutsekoda.ee\/kutse-andjate-mottekoda-aitah\/","og_locale":"ru_RU","og_type":"article","og_title":"Ait\u00e4h! - Kutsekoda","og_description":"Oled registreerunud kutse andjate m\u00f5ttekoja kohtumisele. Osalemisinfo saadetakse meilile. Kohtumist ei salvestata ja seda j\u00e4rele vaadata ei saa.","og_url":"https:\/\/kutsekoda.ee\/kutse-andjate-mottekoda-aitah\/","og_site_name":"Kutsekoda","article_modified_time":"2024-01-03T09:38:45+00:00","twitter_card":"summary_large_image","twitter_misc":{"\u041f\u0440\u0438\u043c\u0435\u0440\u043d\u043e\u0435 \u0432\u0440\u0435\u043c\u044f \u0434\u043b\u044f \u0447\u0442\u0435\u043d\u0438\u044f":"1 \u043c\u0438\u043d\u0443\u0442\u0430"},"schema":{"@context":"https:\/\/schema.org","@graph":[{"@type":"WebPage","@id":"https:\/\/kutsekoda.ee\/kutse-andjate-mottekoda-aitah\/","url":"https:\/\/kutsekoda.ee\/kutse-andjate-mottekoda-aitah\/","name":"Ait\u00e4h! - Kutsekoda","isPartOf":{"@id":"https:\/\/kutsekoda.ee\/#website"},"datePublished":"2023-11-06T09:31:30+00:00","dateModified":"2024-01-03T09:38:45+00:00","breadcrumb":{"@id":"https:\/\/kutsekoda.ee\/kutse-andjate-mottekoda-aitah\/#breadcrumb"},"inLanguage":"ru-RU","potentialAction":[{"@type":"ReadAction","target":["https:\/\/kutsekoda.ee\/kutse-andjate-mottekoda-aitah\/"]}]},{"@type":"BreadcrumbList","@id":"https:\/\/kutsekoda.ee\/kutse-andjate-mottekoda-aitah\/#breadcrumb","itemListElement":[{"@type":"ListItem","position":1,"name":"Esileht","item":"https:\/\/kutsekoda.ee\/ru\/"},{"@type":"ListItem","position":2,"name":"Ait\u00e4h!"}]},{"@type":"WebSite","@id":"https:\/\/kutsekoda.ee\/#website","url":"https:\/\/kutsekoda.ee\/","name":"Kutsekoda","description":"","publisher":{"@id":"https:\/\/kutsekoda.ee\/#organization"},"potentialAction":[{"@type":"SearchAction","target":{"@type":"EntryPoint","urlTemplate":"https:\/\/kutsekoda.ee\/?s={search_term_string}"},"query-input":{"@type":"PropertyValueSpecification","valueRequired":true,"valueName":"search_term_string"}}],"inLanguage":"ru-RU"},{"@type":"Organization","@id":"https:\/\/kutsekoda.ee\/#organization","name":"Sihtasutus Kutsekoda","url":"https:\/\/kutsekoda.ee\/","logo":{"@type":"ImageObject","inLanguage":"ru-RU","@id":"https:\/\/kutsekoda.ee\/#\/schema\/logo\/image\/","url":"https:\/\/kutsekoda.ee\/wp-content\/uploads\/2023\/02\/cropped-kutsekoda-logo-et-1.png","contentUrl":"https:\/\/kutsekoda.ee\/wp-content\/uploads\/2023\/02\/cropped-kutsekoda-logo-et-1.png","width":200,"height":72,"caption":"Sihtasutus Kutsekoda"},"image":{"@id":"https:\/\/kutsekoda.ee\/#\/schema\/logo\/image\/"}}]}},"publishpress_future_action":{"enabled":false,"date":"2026-05-06 07:59:11","action":"change-status","newStatus":"draft","terms":[],"taxonomy":"translation_priority","extraData":[]},"publishpress_future_workflow_manual_trigger":{"enabledWorkflows":[]},"_links":{"self":[{"href":"https:\/\/kutsekoda.ee\/ru\/wp-json\/wp\/v2\/pages\/40631","targetHints":{"allow":["GET"]}}],"collection":[{"href":"https:\/\/kutsekoda.ee\/ru\/wp-json\/wp\/v2\/pages"}],"about":[{"href":"https:\/\/kutsekoda.ee\/ru\/wp-json\/wp\/v2\/types\/page"}],"author":[{"embeddable":true,"href":"https:\/\/kutsekoda.ee\/ru\/wp-json\/wp\/v2\/users\/14"}],"replies":[{"embeddable":true,"href":"https:\/\/kutsekoda.ee\/ru\/wp-json\/wp\/v2\/comments?post=40631"}],"version-history":[{"count":4,"href":"https:\/\/kutsekoda.ee\/ru\/wp-json\/wp\/v2\/pages\/40631\/revisions"}],"predecessor-version":[{"id":41247,"href":"https:\/\/kutsekoda.ee\/ru\/wp-json\/wp\/v2\/pages\/40631\/revisions\/41247"}],"wp:attachment":[{"href":"https:\/\/kutsekoda.ee\/ru\/wp-json\/wp\/v2\/media?parent=40631"}],"curies":[{"name":"wp","href":"https:\/\/api.w.org\/{rel}","templated":true}]}}