{"id":42268,"date":"2024-03-20T14:58:40","date_gmt":"2024-03-20T12:58:40","guid":{"rendered":"http:\/\/kutsekoda.ee\/?page_id=42268"},"modified":"2025-10-28T15:54:04","modified_gmt":"2025-10-28T13:54:04","slug":"koolitused-kutse-andjatele","status":"publish","type":"page","link":"https:\/\/kutsekoda.ee\/ru\/koolitused-kutse-andjatele\/","title":{"rendered":"Koolitused ja seminarid kutse andjatele"},"content":{"rendered":"\n<p>Seminar <strong>\u201eKuidas koostada kvaliteetseid \u00fclesandeid? Teoreetilised alused ja praktilised t\u00f6\u00f6riistad\u201c<\/strong> on suunatud eelk\u00f5ige hindajatele. See annab \u00fclevaate test\u00fclesannete koostamise p\u00f5hit\u00f5dedest, \u00fclesannete t\u00fc\u00fcpide erip\u00e4radest ning nende tugevustest ja n\u00f5rkustest. Osalejad \u00f5pivad m\u00f5istma statistika ja eeltestimise olulisust kvaliteetsete \u00fclesannete loomisel.<\/p>\n\n\n\n<ul class=\"wp-block-list\">\n<li>Asukoht: Kutsekoja punane tuba (Mustam\u00e4e tee 16, B-sissep\u00e4\u00e4s, 3. korrus) <\/li>\n\n\n\n<li>Aeg: 19. v\u00f5i 27. novembril kell 10&#8212;16 <\/li>\n\n\n\n<li>Seminar on tasuta ning sisaldab l\u00f5unasuppi<\/li>\n<\/ul>\n\n\n\n<p>Igal seminaril saab osaleda kuni 20 inimest. Kohtade t\u00e4itudes saab registreeruda ootenimekirja. Vabanenud kohast teavitame hiljemalt kolm p\u00e4eva enne seminari. Suure huvi korral kordame seminari uuel aastal. <\/p>\n\n\n\n<div class=\"wp-block-columns is-layout-flex wp-container-core-columns-is-layout-9d6595d7 wp-block-columns-is-layout-flex\">\n<div class=\"wp-block-column is-layout-flow wp-block-column-is-layout-flow\">\n<h2 class=\"wp-block-heading\">Koolituse kava<\/h2>\n\n\n\n<ul class=\"wp-block-list\">\n<li>Hindamise alused <\/li>\n\n\n\n<li>\u00dclesannete koostamise p\u00f5hit\u00f5ed &#8212; \u00fclesande konstruktsioon, m\u00f5\u00f5detavad oskused, usaldusv\u00e4\u00e4rsus, m\u00f5ju, lahendamist m\u00f5jutavad faktorid<\/li>\n\n\n\n<li>Erinevad \u00fclesandet\u00fc\u00fcbid, nende eelised ja puudused<\/li>\n\n\n\n<li>\u00dclesannete skoorimise p\u00f5him\u00f5tted<\/li>\n\n\n\n<li>\u00dclesannete kvaliteedi m\u00f5\u00f5tmine ja anal\u00fc\u00fcsimine<\/li>\n\n\n\n<li>N\u00e4idis\u00fclesannete anal\u00fc\u00fcs<\/li>\n<\/ul>\n<\/div>\n\n\n\n<div class=\"wp-block-column is-vertically-aligned-center is-layout-flow wp-block-column-is-layout-flow\">\n<h2 class=\"wp-block-heading\">L\u00f5una 45 minutit kell 12.30<\/h2>\n<\/div>\n<\/div>\n\n\n\n<hr class=\"wp-block-separator has-alpha-channel-opacity\"\/>\n\n\n\n<p class=\"has-text-align-center has-nv-c-2-color has-text-color has-link-color wp-elements-1f7f3983b533491033ed4001cb583872\">Vali \u00fcks kuup\u00e4ev. Kui sobival kuup\u00e4eval enam kohti ei ole, lisa end ootej\u00e4rjekorda.<br>Juhul, kui pead osalemise t\u00fchistama, palun m\u00e4rku anda aadressil <a href=\"mailto:silja.madison@kutsekoda.ee\">silja.madison@kutsekoda.ee<\/a>.<\/p>\n\n\n\n<div class=\"forminator-guttenberg\"><div class=\"forminator-ui forminator-custom-form forminator-custom-form-42873 forminator-design--default  forminator_ajax\" data-forminator-render=\"0\" data-form=\"forminator-module-42873\" data-uid=\"69f44ce67eaa9\"><br\/><\/div><form\n\t\t\t\tid=\"forminator-module-42873\"\n\t\t\t\tclass=\"forminator-ui forminator-custom-form forminator-custom-form-42873 forminator-design--default  forminator_ajax\"\n\t\t\t\tmethod=\"post\"\n\t\t\t\tdata-forminator-render=\"0\"\n\t\t\t\tdata-form-id=\"42873\"\n\t\t\t\t data-color-option=\"default\" data-design=\"default\" data-grid=\"open\" style=\"display: none;\"\n\t\t\t\tdata-uid=\"69f44ce67eaa9\"\n\t\t\t><div role=\"alert\" aria-live=\"polite\" class=\"forminator-response-message forminator-error\" aria-hidden=\"true\"><\/div><div class=\"forminator-row\"><div id=\"name-1\" class=\"forminator-field-name forminator-col forminator-col-12 \"><div class=\"forminator-field\"><label for=\"forminator-field-name-1_69f44ce67eaa9\" id=\"forminator-field-name-1_69f44ce67eaa9-label\" class=\"forminator-label\">Nimi <span class=\"forminator-required\">*<\/span><\/label><input type=\"text\" name=\"name-1\" value=\"\" placeholder=\"\" id=\"forminator-field-name-1_69f44ce67eaa9\" class=\"forminator-input forminator-name--field\" aria-required=\"true\" autocomplete=\"name\" \/><\/div><\/div><\/div><div class=\"forminator-row\"><div id=\"name-2\" class=\"forminator-field-name forminator-col forminator-col-12 \"><div class=\"forminator-field\"><label for=\"forminator-field-name-2_69f44ce67eaa9\" id=\"forminator-field-name-2_69f44ce67eaa9-label\" class=\"forminator-label\">Organisatsioon <span class=\"forminator-required\">*<\/span><\/label><input type=\"text\" name=\"name-2\" value=\"\" placeholder=\"\" id=\"forminator-field-name-2_69f44ce67eaa9\" class=\"forminator-input forminator-name--field\" aria-required=\"true\" autocomplete=\"name\" \/><\/div><\/div><\/div><div class=\"forminator-row\"><div id=\"email-1\" class=\"forminator-field-email forminator-col forminator-col-12 \"><div class=\"forminator-field\"><label for=\"forminator-field-email-1_69f44ce67eaa9\" id=\"forminator-field-email-1_69f44ce67eaa9-label\" class=\"forminator-label\">Meiliaadress <span class=\"forminator-required\">*<\/span><\/label><input type=\"email\" name=\"email-1\" value=\"\" placeholder=\"\" id=\"forminator-field-email-1_69f44ce67eaa9\" class=\"forminator-input forminator-email--field\" data-required=\"1\" aria-required=\"true\" autocomplete=\"email\" \/><\/div><\/div><\/div><div class=\"forminator-row\"><div id=\"name-4\" class=\"forminator-field-name forminator-col forminator-col-12 \"><div class=\"forminator-field\"><label for=\"forminator-field-name-4_69f44ce67eaa9\" id=\"forminator-field-name-4_69f44ce67eaa9-label\" class=\"forminator-label\">Toidutalumatus<\/label><input type=\"text\" name=\"name-4\" value=\"\" placeholder=\"\" id=\"forminator-field-name-4_69f44ce67eaa9\" class=\"forminator-input forminator-name--field\" aria-required=\"false\" autocomplete=\"name\" \/><\/div><\/div><\/div><div class=\"forminator-row\"><div id=\"select-1\" class=\"forminator-field-select forminator-col forminator-col-6 \"><div class=\"forminator-field\"><label for=\"forminator-form-42873__field--select-1_69f44ce67eaa9\" id=\"forminator-form-42873__field--select-1_69f44ce67eaa9-label\" class=\"forminator-label\">19.11<\/label><select  id=\"forminator-form-42873__field--select-1_69f44ce67eaa9\" class=\"forminator-select--field forminator-select2 forminator-select2-multiple\" data-required=\"\" name=\"select-1\" data-default-value=\"\" data-hidden-behavior=\"zero\" data-placeholder=\"Vali\" data-search=\"false\" data-search-placeholder=\"Vali\" data-checkbox=\"false\" data-allow-clear=\"false\" aria-labelledby=\"forminator-form-42873__field--select-1_69f44ce67eaa9-label\"><option value=\"\"  >Vali<\/option><option value=\"1\"  data-calculation=\"0\">Osalen<\/option><option value=\"2\"  data-calculation=\"0\">Ootenimekirja<\/option><\/select><\/div><\/div><div id=\"select-2\" class=\"forminator-field-select forminator-col forminator-col-6 \"><div class=\"forminator-field\"><label for=\"forminator-form-42873__field--select-2_69f44ce67eaa9\" id=\"forminator-form-42873__field--select-2_69f44ce67eaa9-label\" class=\"forminator-label\">27.11<\/label><select  id=\"forminator-form-42873__field--select-2_69f44ce67eaa9\" class=\"forminator-select--field forminator-select2 forminator-select2-multiple\" data-required=\"\" name=\"select-2\" data-default-value=\"\" data-hidden-behavior=\"zero\" data-placeholder=\"Vali\" data-search=\"false\" data-search-placeholder=\"Vali\" data-checkbox=\"false\" data-allow-clear=\"false\" aria-labelledby=\"forminator-form-42873__field--select-2_69f44ce67eaa9-label\"><option value=\"\"  >Vali<\/option><option value=\"1\"  data-calculation=\"0\">Osalen<\/option><option value=\"2\"  data-calculation=\"0\">Ootenimekirja<\/option><\/select><\/div><\/div><\/div><div class=\"forminator-row\"><div id=\"radio-1\" class=\"forminator-field-radio forminator-col forminator-col-6 \"><div role=\"radiogroup\" class=\"forminator-field\" aria-labelledby=\"forminator-radiogroup-radio-1-69f44ce67eaa9-label\"><span id=\"forminator-radiogroup-radio-1-69f44ce67eaa9-label\" class=\"forminator-label\">Soovin koolitusel osalemise t\u00f5endamiseks tunnistust<\/span><label id=\"forminator-field-radio-1-label-1\" for=\"forminator-field-radio-1-1-69f44ce67eaa9\" class=\"forminator-radio\" title=\"Jah\"><input type=\"radio\" name=\"radio-1\" value=\"one\" id=\"forminator-field-radio-1-1-69f44ce67eaa9\" aria-labelledby=\"forminator-field-radio-1-label-1\" data-calculation=\"0\"   data-hidden-behavior=\"zero\"\/><span class=\"forminator-radio-bullet\" aria-hidden=\"true\"><\/span><span class=\"forminator-radio-label\">Jah<\/span><\/label><label id=\"forminator-field-radio-1-label-2\" for=\"forminator-field-radio-1-2-69f44ce67eaa9\" class=\"forminator-radio\" title=\"Ei\"><input type=\"radio\" name=\"radio-1\" value=\"two\" id=\"forminator-field-radio-1-2-69f44ce67eaa9\" aria-labelledby=\"forminator-field-radio-1-label-2\" data-calculation=\"0\"   data-hidden-behavior=\"zero\"\/><span class=\"forminator-radio-bullet\" aria-hidden=\"true\"><\/span><span class=\"forminator-radio-label\">Ei<\/span><\/label><\/div><\/div><div id=\"name-3\" class=\"forminator-field-name forminator-col forminator-col-6 \"><div class=\"forminator-field\"><label for=\"forminator-field-name-3_69f44ce67eaa9\" id=\"forminator-field-name-3_69f44ce67eaa9-label\" class=\"forminator-label\">Sisesta isikukood<\/label><input type=\"text\" name=\"name-3\" value=\"\" placeholder=\"\" id=\"forminator-field-name-3_69f44ce67eaa9\" class=\"forminator-input forminator-name--field\" aria-required=\"false\" autocomplete=\"name\" aria-describedby=\"forminator-field-name-3_69f44ce67eaa9-description\" \/><span id=\"forminator-field-name-3_69f44ce67eaa9-description\" class=\"forminator-description\">SA Kutsekoda k\u00fcsib k\u00e4esoleva koolituse l\u00e4bimise tunnistuse v\u00e4ljastamiseks Teie ees- ja perekonnanime ning isikukoodi. Andmed edastatakse koolituse l\u00e4biviijale. Andmeid ei avalikustata ega edastata kolmandatele isikutele. Andmed kustutatakse 3 kuud peale koolituse l\u00f5ppu.\u00a0<\/span><\/div><\/div><\/div><input type=\"hidden\" name=\"referer_url\" value=\"\" \/><div class=\"forminator-row forminator-row-last\"><div class=\"forminator-col\"><div class=\"forminator-field\"><button class=\"forminator-button forminator-button-submit\">Saada vastus<\/button><\/div><\/div><\/div><input type=\"hidden\" id=\"forminator_nonce\" name=\"forminator_nonce\" value=\"98201804c9\" \/><input type=\"hidden\" name=\"_wp_http_referer\" value=\"\/ru\/wp-json\/wp\/v2\/pages\/42268\" \/><input type=\"hidden\" name=\"form_id\" value=\"42873\"><input type=\"hidden\" name=\"page_id\" value=\"42268\"><input type=\"hidden\" name=\"form_type\" value=\"default\"><input type=\"hidden\" name=\"current_url\" value=\"https:\/\/kutsekoda.ee\/ru\/koolitused-kutse-andjatele\/\"><input type=\"hidden\" name=\"render_id\" value=\"0\"><input type=\"hidden\" name=\"action\" value=\"forminator_submit_form_custom-forms\"><\/form><\/div>\n","protected":false},"excerpt":{"rendered":"<p>Seminar \u201eKuidas koostada kvaliteetseid \u00fclesandeid? Teoreetilised alused ja praktilised t\u00f6\u00f6riistad\u201c on suunatud eelk\u00f5ige hindajatele. See annab \u00fclevaate test\u00fclesannete koostamise p\u00f5hit\u00f5dedest, \u00fclesannete t\u00fc\u00fcpide erip\u00e4radest ning nende tugevustest ja n\u00f5rkustest. Osalejad \u00f5pivad&hellip;&nbsp;<a href=\"https:\/\/kutsekoda.ee\/ru\/koolitused-kutse-andjatele\/\" class=\"\" rel=\"bookmark\">\u041f\u043e\u0434\u0440\u043e\u0431\u043d\u0435\u0435 &raquo;<span class=\"screen-reader-text\">Koolitused ja seminarid kutse andjatele<\/span><\/a><\/p>\n","protected":false},"author":19,"featured_media":0,"parent":0,"menu_order":0,"comment_status":"closed","ping_status":"closed","template":"","meta":{"inline_featured_image":false,"neve_meta_sidebar":"","neve_meta_container":"","neve_meta_enable_content_width":"","neve_meta_content_width":0,"neve_meta_title_alignment":"","neve_meta_author_avatar":"","neve_post_elements_order":"","neve_meta_disable_header":"","neve_meta_disable_footer":"","neve_meta_disable_title":"","_themeisle_gutenberg_block_has_review":false,"_FSMCFIC_featured_image_caption":"","_FSMCFIC_featured_image_nocaption":"","_FSMCFIC_featured_image_hide":"","footnotes":""},"class_list":["post-42268","page","type-page","status-publish","hentry"],"yoast_head":"<!-- This site is optimized with the Yoast SEO plugin v27.5 - https:\/\/yoast.com\/product\/yoast-seo-wordpress\/ -->\n<title>Koolitused ja seminarid kutse andjatele - Kutsekoda<\/title>\n<meta name=\"robots\" content=\"index, follow, max-snippet:-1, max-image-preview:large, max-video-preview:-1\" \/>\n<link rel=\"canonical\" href=\"https:\/\/kutsekoda.ee\/koolitused-kutse-andjatele\/\" \/>\n<meta property=\"og:locale\" content=\"ru_RU\" \/>\n<meta property=\"og:type\" content=\"article\" \/>\n<meta property=\"og:title\" content=\"Koolitused ja seminarid kutse andjatele - Kutsekoda\" \/>\n<meta property=\"og:description\" content=\"Seminar \u201eKuidas koostada kvaliteetseid \u00fclesandeid? Teoreetilised alused ja praktilised t\u00f6\u00f6riistad\u201c on suunatud eelk\u00f5ige hindajatele. See annab \u00fclevaate test\u00fclesannete koostamise p\u00f5hit\u00f5dedest, \u00fclesannete t\u00fc\u00fcpide erip\u00e4radest ning nende tugevustest ja n\u00f5rkustest. Osalejad \u00f5pivad&hellip;&nbsp;\u041f\u043e\u0434\u0440\u043e\u0431\u043d\u0435\u0435 &raquo;Koolitused ja seminarid kutse andjatele\" \/>\n<meta property=\"og:url\" content=\"https:\/\/kutsekoda.ee\/koolitused-kutse-andjatele\/\" \/>\n<meta property=\"og:site_name\" content=\"Kutsekoda\" \/>\n<meta property=\"article:modified_time\" content=\"2025-10-28T13:54:04+00:00\" \/>\n<meta name=\"twitter:card\" content=\"summary_large_image\" \/>\n<meta name=\"twitter:label1\" content=\"\u041f\u0440\u0438\u043c\u0435\u0440\u043d\u043e\u0435 \u0432\u0440\u0435\u043c\u044f \u0434\u043b\u044f \u0447\u0442\u0435\u043d\u0438\u044f\" \/>\n\t<meta name=\"twitter:data1\" content=\"1 \u043c\u0438\u043d\u0443\u0442\u0430\" \/>\n<script type=\"application\/ld+json\" class=\"yoast-schema-graph\">{\"@context\":\"https:\\\/\\\/schema.org\",\"@graph\":[{\"@type\":\"WebPage\",\"@id\":\"https:\\\/\\\/kutsekoda.ee\\\/koolitused-kutse-andjatele\\\/\",\"url\":\"https:\\\/\\\/kutsekoda.ee\\\/koolitused-kutse-andjatele\\\/\",\"name\":\"Koolitused ja seminarid kutse andjatele - Kutsekoda\",\"isPartOf\":{\"@id\":\"https:\\\/\\\/kutsekoda.ee\\\/#website\"},\"datePublished\":\"2024-03-20T12:58:40+00:00\",\"dateModified\":\"2025-10-28T13:54:04+00:00\",\"breadcrumb\":{\"@id\":\"https:\\\/\\\/kutsekoda.ee\\\/koolitused-kutse-andjatele\\\/#breadcrumb\"},\"inLanguage\":\"ru-RU\",\"potentialAction\":[{\"@type\":\"ReadAction\",\"target\":[\"https:\\\/\\\/kutsekoda.ee\\\/koolitused-kutse-andjatele\\\/\"]}]},{\"@type\":\"BreadcrumbList\",\"@id\":\"https:\\\/\\\/kutsekoda.ee\\\/koolitused-kutse-andjatele\\\/#breadcrumb\",\"itemListElement\":[{\"@type\":\"ListItem\",\"position\":1,\"name\":\"Esileht\",\"item\":\"https:\\\/\\\/kutsekoda.ee\\\/ru\\\/\"},{\"@type\":\"ListItem\",\"position\":2,\"name\":\"Koolitused ja seminarid kutse andjatele\"}]},{\"@type\":\"WebSite\",\"@id\":\"https:\\\/\\\/kutsekoda.ee\\\/#website\",\"url\":\"https:\\\/\\\/kutsekoda.ee\\\/\",\"name\":\"Kutsekoda\",\"description\":\"\",\"publisher\":{\"@id\":\"https:\\\/\\\/kutsekoda.ee\\\/#organization\"},\"potentialAction\":[{\"@type\":\"SearchAction\",\"target\":{\"@type\":\"EntryPoint\",\"urlTemplate\":\"https:\\\/\\\/kutsekoda.ee\\\/?s={search_term_string}\"},\"query-input\":{\"@type\":\"PropertyValueSpecification\",\"valueRequired\":true,\"valueName\":\"search_term_string\"}}],\"inLanguage\":\"ru-RU\"},{\"@type\":\"Organization\",\"@id\":\"https:\\\/\\\/kutsekoda.ee\\\/#organization\",\"name\":\"Sihtasutus Kutsekoda\",\"url\":\"https:\\\/\\\/kutsekoda.ee\\\/\",\"logo\":{\"@type\":\"ImageObject\",\"inLanguage\":\"ru-RU\",\"@id\":\"https:\\\/\\\/kutsekoda.ee\\\/#\\\/schema\\\/logo\\\/image\\\/\",\"url\":\"https:\\\/\\\/kutsekoda.ee\\\/wp-content\\\/uploads\\\/2023\\\/02\\\/cropped-kutsekoda-logo-et-1.png\",\"contentUrl\":\"https:\\\/\\\/kutsekoda.ee\\\/wp-content\\\/uploads\\\/2023\\\/02\\\/cropped-kutsekoda-logo-et-1.png\",\"width\":200,\"height\":72,\"caption\":\"Sihtasutus Kutsekoda\"},\"image\":{\"@id\":\"https:\\\/\\\/kutsekoda.ee\\\/#\\\/schema\\\/logo\\\/image\\\/\"}}]}<\/script>\n<!-- \/ Yoast SEO plugin. -->","yoast_head_json":{"title":"Koolitused ja seminarid kutse andjatele - Kutsekoda","robots":{"index":"index","follow":"follow","max-snippet":"max-snippet:-1","max-image-preview":"max-image-preview:large","max-video-preview":"max-video-preview:-1"},"canonical":"https:\/\/kutsekoda.ee\/koolitused-kutse-andjatele\/","og_locale":"ru_RU","og_type":"article","og_title":"Koolitused ja seminarid kutse andjatele - Kutsekoda","og_description":"Seminar \u201eKuidas koostada kvaliteetseid \u00fclesandeid? Teoreetilised alused ja praktilised t\u00f6\u00f6riistad\u201c on suunatud eelk\u00f5ige hindajatele. See annab \u00fclevaate test\u00fclesannete koostamise p\u00f5hit\u00f5dedest, \u00fclesannete t\u00fc\u00fcpide erip\u00e4radest ning nende tugevustest ja n\u00f5rkustest. Osalejad \u00f5pivad&hellip;&nbsp;\u041f\u043e\u0434\u0440\u043e\u0431\u043d\u0435\u0435 &raquo;Koolitused ja seminarid kutse andjatele","og_url":"https:\/\/kutsekoda.ee\/koolitused-kutse-andjatele\/","og_site_name":"Kutsekoda","article_modified_time":"2025-10-28T13:54:04+00:00","twitter_card":"summary_large_image","twitter_misc":{"\u041f\u0440\u0438\u043c\u0435\u0440\u043d\u043e\u0435 \u0432\u0440\u0435\u043c\u044f \u0434\u043b\u044f \u0447\u0442\u0435\u043d\u0438\u044f":"1 \u043c\u0438\u043d\u0443\u0442\u0430"},"schema":{"@context":"https:\/\/schema.org","@graph":[{"@type":"WebPage","@id":"https:\/\/kutsekoda.ee\/koolitused-kutse-andjatele\/","url":"https:\/\/kutsekoda.ee\/koolitused-kutse-andjatele\/","name":"Koolitused ja seminarid kutse andjatele - Kutsekoda","isPartOf":{"@id":"https:\/\/kutsekoda.ee\/#website"},"datePublished":"2024-03-20T12:58:40+00:00","dateModified":"2025-10-28T13:54:04+00:00","breadcrumb":{"@id":"https:\/\/kutsekoda.ee\/koolitused-kutse-andjatele\/#breadcrumb"},"inLanguage":"ru-RU","potentialAction":[{"@type":"ReadAction","target":["https:\/\/kutsekoda.ee\/koolitused-kutse-andjatele\/"]}]},{"@type":"BreadcrumbList","@id":"https:\/\/kutsekoda.ee\/koolitused-kutse-andjatele\/#breadcrumb","itemListElement":[{"@type":"ListItem","position":1,"name":"Esileht","item":"https:\/\/kutsekoda.ee\/ru\/"},{"@type":"ListItem","position":2,"name":"Koolitused ja seminarid kutse andjatele"}]},{"@type":"WebSite","@id":"https:\/\/kutsekoda.ee\/#website","url":"https:\/\/kutsekoda.ee\/","name":"Kutsekoda","description":"","publisher":{"@id":"https:\/\/kutsekoda.ee\/#organization"},"potentialAction":[{"@type":"SearchAction","target":{"@type":"EntryPoint","urlTemplate":"https:\/\/kutsekoda.ee\/?s={search_term_string}"},"query-input":{"@type":"PropertyValueSpecification","valueRequired":true,"valueName":"search_term_string"}}],"inLanguage":"ru-RU"},{"@type":"Organization","@id":"https:\/\/kutsekoda.ee\/#organization","name":"Sihtasutus Kutsekoda","url":"https:\/\/kutsekoda.ee\/","logo":{"@type":"ImageObject","inLanguage":"ru-RU","@id":"https:\/\/kutsekoda.ee\/#\/schema\/logo\/image\/","url":"https:\/\/kutsekoda.ee\/wp-content\/uploads\/2023\/02\/cropped-kutsekoda-logo-et-1.png","contentUrl":"https:\/\/kutsekoda.ee\/wp-content\/uploads\/2023\/02\/cropped-kutsekoda-logo-et-1.png","width":200,"height":72,"caption":"Sihtasutus Kutsekoda"},"image":{"@id":"https:\/\/kutsekoda.ee\/#\/schema\/logo\/image\/"}}]}},"publishpress_future_action":{"enabled":false,"date":"2026-05-08 08:49:10","action":"change-status","newStatus":"draft","terms":[],"taxonomy":"translation_priority","extraData":[]},"publishpress_future_workflow_manual_trigger":{"enabledWorkflows":[]},"_links":{"self":[{"href":"https:\/\/kutsekoda.ee\/ru\/wp-json\/wp\/v2\/pages\/42268","targetHints":{"allow":["GET"]}}],"collection":[{"href":"https:\/\/kutsekoda.ee\/ru\/wp-json\/wp\/v2\/pages"}],"about":[{"href":"https:\/\/kutsekoda.ee\/ru\/wp-json\/wp\/v2\/types\/page"}],"author":[{"embeddable":true,"href":"https:\/\/kutsekoda.ee\/ru\/wp-json\/wp\/v2\/users\/19"}],"replies":[{"embeddable":true,"href":"https:\/\/kutsekoda.ee\/ru\/wp-json\/wp\/v2\/comments?post=42268"}],"version-history":[{"count":5,"href":"https:\/\/kutsekoda.ee\/ru\/wp-json\/wp\/v2\/pages\/42268\/revisions"}],"predecessor-version":[{"id":50712,"href":"https:\/\/kutsekoda.ee\/ru\/wp-json\/wp\/v2\/pages\/42268\/revisions\/50712"}],"wp:attachment":[{"href":"https:\/\/kutsekoda.ee\/ru\/wp-json\/wp\/v2\/media?parent=42268"}],"curies":[{"name":"wp","href":"https:\/\/api.w.org\/{rel}","templated":true}]}}