{"id":42639,"date":"2024-04-02T07:18:38","date_gmt":"2024-04-02T05:18:38","guid":{"rendered":"http:\/\/kutsekoda.ee\/?page_id=42639"},"modified":"2024-10-16T13:21:51","modified_gmt":"2024-10-16T11:21:51","slug":"mottekoja-valjasoit","status":"publish","type":"page","link":"https:\/\/kutsekoda.ee\/ru\/mottekoja-valjasoit\/","title":{"rendered":"M\u00f5ttekoja v\u00e4ljas\u00f5it"},"content":{"rendered":"\n<p>Viime m\u00f5ttekoja veebist v\u00e4lja, et kutse andjad v\u00f5iksid p\u00e4riselt kohtuda nii meie kui ka teiste kutse andjatega. Kahep\u00e4evane koosviibimine toimub 10.-11. oktoobril <a href=\"http:\/\/www.nelijarve.ee\/\" target=\"_blank\" rel=\"noreferrer noopener\">Nelij\u00e4rve Puhkekeskuses<\/a>.<\/p>\n\n\n\n<p>Korraldusliku poole eest vastutab Kutsekoda, kuid kutse andjatelt, kes asuvad Eesti erinevates nurkades, ootame iseseisvat kohalej\u00f5udmist. Kasulikku infot selle kohta leiab <a href=\"http:\/\/www.nelijarve.ee\/kontakt\/asukoht\/\" target=\"_blank\" rel=\"noreferrer noopener\">SIIT<\/a>. Muu hulgas saame rongiga Aegviidu peatusesse saabujatele autoga vastu tulla. Kuna s\u00f5iduplaanid aga muutuvad veel, siis uurime k\u00f5igi kohaletulemise plaane s\u00fcndmuse l\u00e4henedes.<\/p>\n\n\n\n<p>Kohtade arv on piiratud ning osaleda saab kuni kaks kutse andja esindajat. Registreeruma peab iga osaleja eraldi. Palume organisatsiooni sees osalejad koosk\u00f5lastada, et v\u00e4ltida \u00fcleregistreerimist ja v\u00f5imalikku segadust. Registreerida saab kuni 18. septembrini. Kui osalejate nimekirja lisamise valik puudub, saab end registreerida ootenimekirja. <\/p>\n\n\n\n<p>T\u00fchistamistest palume esimesel v\u00f5imalusel teavitada meiliaadressil <a href=\"mailto:silja.madison@kutsekoda.ee\">silja.madison@kutsekoda.ee<\/a>, kuid hiljemalt 30. septembril. Vabanev koht antakse ootenimekirjas olijale registreerimise j\u00e4rjekorra alusel ning koha saajat teavitatakse meili teel. <\/p>\n\n\n\n<p>Tagatud on k\u00f5ik s\u00f6\u00f6gikorrad ning majutus kahekohalises toas. Tubadesse jaotamisel l\u00e4htutakse eelk\u00f5ige soost, seej\u00e4rel kas osalejad on sama kutse andja esindajad. <\/p>\n\n\n\n<hr class=\"wp-block-separator has-alpha-channel-opacity\"\/>\n\n\n\n<p>Kahe p\u00e4eva jooksul toimub viis m\u00f5ttetuba, mida markeerivad m\u00e4rks\u00f5nad: haldusorgan, dokumendihaldus, andmekaitse, kutse andmise kord, hindamisstandardid, kutse andmine, kutses\u00fcsteemi reform, hindamiskomisjoni ettepanek, kutsekomisjoni protokoll, vaie, vaide lahendamine, vaideotsus. K\u00f5igele sellele l\u00e4heneme v\u00e4ga p\u00f5nevas v\u00f5tmes.<\/p>\n\n\n\n<div class=\"wp-block-columns is-layout-flex wp-container-core-columns-is-layout-9d6595d7 wp-block-columns-is-layout-flex\">\n<div class=\"wp-block-column is-layout-flow wp-block-column-is-layout-flow\">\n<p><strong>Neljap\u00e4ev, 10. oktoober<\/strong><\/p>\n\n\n\n<p>10:00 Saabumine ja tervituskohv<br>10:30 M\u00f5ttetuba &#8212; osa 1<br>12:30 L\u00f5unas\u00f6\u00f6k, tubadesse kolimine<br>13:15 M\u00f5ttetuba &#8212; osa 2<br>14:45 Paus<br>15:00-16:30 M\u00f5ttetuba  &#8212; osa 3<br>17:00 Matk giidiga<br>19:00 \u00d5htus\u00f6\u00f6k<br>Saun ja vaba aeg<\/p>\n<\/div>\n\n\n\n<div class=\"wp-block-column is-layout-flow wp-block-column-is-layout-flow\">\n<p><strong>Reede, 11. ooktoober<\/strong><\/p>\n\n\n\n<p>Hommikus\u00f6\u00f6k<br>10:00 M\u00f5ttetuba  &#8212; osa 4<br>11:30 Kohvipaus<br>11:50 M\u00f5ttetuba  &#8212; osa 5<br>13:20 L\u00f5pus\u00f5nad<br>13:30 Orienteeruv p\u00e4eva l\u00f5pp<\/p>\n<\/div>\n<\/div>\n\n\n\n<div class=\"wp-block-columns is-layout-flex wp-container-core-columns-is-layout-9d6595d7 wp-block-columns-is-layout-flex\">\n<div class=\"wp-block-column is-layout-flow wp-block-column-is-layout-flow\">\n<h2 class=\"wp-block-heading\">Osalen<\/h2>\n\n\n<p><div class=\"forminator-ui forminator-custom-form forminator-custom-form-42641 forminator-design--default  forminator_ajax\" data-forminator-render=\"0\" data-form=\"forminator-module-42641\" data-uid=\"69f3cf1eefc44\"><br\/><\/div><form\n\t\t\t\tid=\"forminator-module-42641\"\n\t\t\t\tclass=\"forminator-ui forminator-custom-form forminator-custom-form-42641 forminator-design--default  forminator_ajax\"\n\t\t\t\tmethod=\"post\"\n\t\t\t\tdata-forminator-render=\"0\"\n\t\t\t\tdata-form-id=\"42641\"\n\t\t\t\t data-color-option=\"default\" data-design=\"default\" data-grid=\"open\" style=\"display: none;\"\n\t\t\t\tdata-uid=\"69f3cf1eefc44\"\n\t\t\t><div role=\"alert\" aria-live=\"polite\" class=\"forminator-response-message forminator-error\" aria-hidden=\"true\"><\/div><div class=\"forminator-row\"><div id=\"name-2\" class=\"forminator-field-name forminator-col forminator-col-12 \"><div class=\"forminator-field\"><label for=\"forminator-field-name-2_69f3cf1eefc44\" id=\"forminator-field-name-2_69f3cf1eefc44-label\" class=\"forminator-label\">Organisatsioon <span class=\"forminator-required\">*<\/span><\/label><input type=\"text\" name=\"name-2\" value=\"\" placeholder=\"Palun kirjuta organisatsiooni nimi v\u00e4lja\" id=\"forminator-field-name-2_69f3cf1eefc44\" class=\"forminator-input forminator-name--field\" aria-required=\"true\" autocomplete=\"name\" \/><\/div><\/div><\/div><div class=\"forminator-row\"><div id=\"name-3\" class=\"forminator-field-name forminator-col forminator-col-6 \"><div class=\"forminator-field\"><label for=\"forminator-field-name-3_69f3cf1eefc44\" id=\"forminator-field-name-3_69f3cf1eefc44-label\" class=\"forminator-label\">Ees- ja perekonnanimi <span class=\"forminator-required\">*<\/span><\/label><input type=\"text\" name=\"name-3\" value=\"\" placeholder=\"\" id=\"forminator-field-name-3_69f3cf1eefc44\" class=\"forminator-input forminator-name--field\" aria-required=\"true\" autocomplete=\"name\" \/><\/div><\/div><div id=\"email-1\" class=\"forminator-field-email forminator-col forminator-col-6 \"><div class=\"forminator-field\"><label for=\"forminator-field-email-1_69f3cf1eefc44\" id=\"forminator-field-email-1_69f3cf1eefc44-label\" class=\"forminator-label\">Meiliaadress <span class=\"forminator-required\">*<\/span><\/label><input type=\"email\" name=\"email-1\" value=\"\" placeholder=\"\" id=\"forminator-field-email-1_69f3cf1eefc44\" class=\"forminator-input forminator-email--field\" data-required=\"1\" aria-required=\"true\" autocomplete=\"email\" \/><\/div><\/div><\/div><div class=\"forminator-row\"><div id=\"select-1\" class=\"forminator-field-select forminator-col forminator-col-12 \"><div class=\"forminator-field\"><label for=\"forminator-form-42641__field--select-1_69f3cf1eefc44\" id=\"forminator-form-42641__field--select-1_69f3cf1eefc44-label\" class=\"forminator-label\">Lisada<\/label><select  id=\"forminator-form-42641__field--select-1_69f3cf1eefc44\" class=\"forminator-select--field forminator-select2 forminator-select2-multiple\" data-required=\"\" name=\"select-1\" data-default-value=\"\" data-hidden-behavior=\"zero\" data-placeholder=\"\" data-search=\"false\" data-search-placeholder=\"\" data-checkbox=\"false\" data-allow-clear=\"false\" aria-labelledby=\"forminator-form-42641__field--select-1_69f3cf1eefc44-label\"><option value=\"Osalejate nimekirja\"  data-calculation=\"0\">Osalejate nimekirja<\/option><option value=\"Ootenimekirja\"  data-calculation=\"0\">Ootenimekirja<\/option><\/select><\/div><\/div><\/div><div class=\"forminator-row\"><div id=\"name-5\" class=\"forminator-field-name forminator-col forminator-col-12 \"><div class=\"forminator-field\"><label for=\"forminator-field-name-5_69f3cf1eefc44\" id=\"forminator-field-name-5_69f3cf1eefc44-label\" class=\"forminator-label\">Toidutalumatus<\/label><input type=\"text\" name=\"name-5\" value=\"\" placeholder=\"nt, gluteenitalumatus\" id=\"forminator-field-name-5_69f3cf1eefc44\" class=\"forminator-input forminator-name--field\" aria-required=\"false\" autocomplete=\"name\" \/><\/div><\/div><\/div><div class=\"forminator-row\"><div id=\"checkbox-1\" class=\"forminator-field-checkbox forminator-col forminator-col-12 \"><div role=\"group\" class=\"forminator-field\" aria-labelledby=\"forminator-checkbox-group-forminator-field-checkbox-1-69f3cf1eefc44-label\"><span id=\"forminator-checkbox-group-forminator-field-checkbox-1-69f3cf1eefc44-label\" class=\"forminator-label\">Tee linnuke, kui sa EI SOOVI majutust<\/span><label id=\"forminator-field-checkbox-1-1-69f3cf1eefc44-label\" for=\"forminator-field-checkbox-1-1-69f3cf1eefc44\" class=\"forminator-checkbox\" title=\"Kinnitan\"><input type=\"checkbox\" name=\"checkbox-1[]\" value=\"one\" id=\"forminator-field-checkbox-1-1-69f3cf1eefc44\" aria-labelledby=\"forminator-field-checkbox-1-1-69f3cf1eefc44-label\" data-calculation=\"0\"   data-hidden-behavior=\"zero\"\/><span class=\"forminator-checkbox-box\" aria-hidden=\"true\"><\/span><span class=\"forminator-checkbox-label\">Kinnitan<\/span><\/label><\/div><\/div><\/div><input type=\"hidden\" name=\"referer_url\" value=\"\" \/><div class=\"forminator-row forminator-row-last\"><div class=\"forminator-col\"><div class=\"forminator-field\"><button class=\"forminator-button forminator-button-submit\">Saada<\/button><\/div><\/div><\/div><input type=\"hidden\" id=\"forminator_nonce\" name=\"forminator_nonce\" value=\"d5bd4c5fa8\" \/><input type=\"hidden\" name=\"_wp_http_referer\" value=\"\/ru\/wp-json\/wp\/v2\/pages\/42639\" \/><input type=\"hidden\" name=\"form_id\" value=\"42641\"><input type=\"hidden\" name=\"page_id\" value=\"42639\"><input type=\"hidden\" name=\"form_type\" value=\"default\"><input type=\"hidden\" name=\"current_url\" value=\"https:\/\/kutsekoda.ee\/ru\/mottekoja-valjasoit\/\"><input type=\"hidden\" name=\"render_id\" value=\"0\"><input type=\"hidden\" name=\"action\" value=\"forminator_submit_form_custom-forms\"><\/form><\/p>\n<\/div>\n\n\n\n<div class=\"wp-block-column is-layout-flow wp-block-column-is-layout-flow\">\n<h2 class=\"wp-block-heading\">Ei osale (vasta soovi korral)<\/h2>\n\n\n<p><div class=\"forminator-ui forminator-custom-form forminator-custom-form-44235 forminator-design--default  forminator_ajax\" data-forminator-render=\"0\" data-form=\"forminator-module-44235\" data-uid=\"69f3cf1ef159f\"><br\/><\/div><form\n\t\t\t\tid=\"forminator-module-44235\"\n\t\t\t\tclass=\"forminator-ui forminator-custom-form forminator-custom-form-44235 forminator-design--default  forminator_ajax\"\n\t\t\t\tmethod=\"post\"\n\t\t\t\tdata-forminator-render=\"0\"\n\t\t\t\tdata-form-id=\"44235\"\n\t\t\t\t data-color-option=\"default\" data-design=\"default\" data-grid=\"open\" style=\"display: none;\"\n\t\t\t\tdata-uid=\"69f3cf1ef159f\"\n\t\t\t><div role=\"alert\" aria-live=\"polite\" class=\"forminator-response-message forminator-error\" aria-hidden=\"true\"><\/div><div class=\"forminator-row\"><div id=\"name-1\" class=\"forminator-field-name forminator-col forminator-col-12 \"><div class=\"forminator-field\"><label for=\"forminator-field-name-1_69f3cf1ef159f\" id=\"forminator-field-name-1_69f3cf1ef159f-label\" class=\"forminator-label\">Nimi v\u00f5i organisatsioon<\/label><input type=\"text\" name=\"name-1\" value=\"\" placeholder=\"\" id=\"forminator-field-name-1_69f3cf1ef159f\" class=\"forminator-input forminator-name--field\" aria-required=\"false\" autocomplete=\"name\" \/><\/div><\/div><\/div><div class=\"forminator-row\"><div id=\"textarea-1\" class=\"forminator-field-textarea forminator-col forminator-col-12 \"><div class=\"forminator-field\"><label for=\"forminator-field-textarea-1_69f3cf1ef159f\" id=\"forminator-field-textarea-1_69f3cf1ef159f-label\" class=\"forminator-label\">Ei osale, sest&#8230;<\/label><textarea name=\"textarea-1\" placeholder=\"Kirjelda vabas vormis\" id=\"forminator-field-textarea-1_69f3cf1ef159f\" class=\"forminator-textarea\" rows=\"6\" style=\"--forminator-textarea-min-height:140px;\" ><\/textarea><\/div><\/div><\/div><input type=\"hidden\" name=\"referer_url\" value=\"\" \/><div class=\"forminator-row forminator-row-last\"><div class=\"forminator-col\"><div class=\"forminator-field\"><button class=\"forminator-button forminator-button-submit\">Saada<\/button><\/div><\/div><\/div><input type=\"hidden\" id=\"forminator_nonce\" name=\"forminator_nonce\" value=\"4f1d7331aa\" \/><input type=\"hidden\" name=\"_wp_http_referer\" value=\"\/ru\/wp-json\/wp\/v2\/pages\/42639\" \/><input type=\"hidden\" name=\"form_id\" value=\"44235\"><input type=\"hidden\" name=\"page_id\" value=\"42639\"><input type=\"hidden\" name=\"form_type\" value=\"default\"><input type=\"hidden\" name=\"current_url\" value=\"https:\/\/kutsekoda.ee\/ru\/mottekoja-valjasoit\/\"><input type=\"hidden\" name=\"render_id\" value=\"0\"><input type=\"hidden\" name=\"action\" value=\"forminator_submit_form_custom-forms\"><\/form><\/p>\n<\/div>\n<\/div>\n\n\n\n<p><\/p>\n","protected":false},"excerpt":{"rendered":"<p>Viime m\u00f5ttekoja veebist v\u00e4lja, et kutse andjad v\u00f5iksid p\u00e4riselt kohtuda nii meie kui ka teiste kutse andjatega. Kahep\u00e4evane koosviibimine toimub 10.-11. oktoobril Nelij\u00e4rve Puhkekeskuses. Korraldusliku poole eest vastutab Kutsekoda, kuid&hellip;&nbsp;<a href=\"https:\/\/kutsekoda.ee\/ru\/mottekoja-valjasoit\/\" class=\"\" rel=\"bookmark\">\u041f\u043e\u0434\u0440\u043e\u0431\u043d\u0435\u0435 &raquo;<span class=\"screen-reader-text\">M\u00f5ttekoja v\u00e4ljas\u00f5it<\/span><\/a><\/p>\n","protected":false},"author":19,"featured_media":0,"parent":0,"menu_order":0,"comment_status":"closed","ping_status":"closed","template":"","meta":{"inline_featured_image":false,"neve_meta_sidebar":"","neve_meta_container":"","neve_meta_enable_content_width":"","neve_meta_content_width":0,"neve_meta_title_alignment":"","neve_meta_author_avatar":"","neve_post_elements_order":"","neve_meta_disable_header":"","neve_meta_disable_footer":"","neve_meta_disable_title":"","_themeisle_gutenberg_block_has_review":false,"_FSMCFIC_featured_image_caption":"","_FSMCFIC_featured_image_nocaption":"","_FSMCFIC_featured_image_hide":"","footnotes":""},"class_list":["post-42639","page","type-page","status-publish","hentry"],"yoast_head":"<!-- This site is optimized with the Yoast SEO plugin v27.5 - https:\/\/yoast.com\/product\/yoast-seo-wordpress\/ -->\n<title>M\u00f5ttekoja v\u00e4ljas\u00f5it - Kutsekoda<\/title>\n<meta name=\"robots\" content=\"index, follow, max-snippet:-1, max-image-preview:large, max-video-preview:-1\" \/>\n<link rel=\"canonical\" href=\"https:\/\/kutsekoda.ee\/mottekoja-valjasoit\/\" \/>\n<meta property=\"og:locale\" content=\"ru_RU\" \/>\n<meta property=\"og:type\" content=\"article\" \/>\n<meta property=\"og:title\" content=\"M\u00f5ttekoja v\u00e4ljas\u00f5it - Kutsekoda\" \/>\n<meta property=\"og:description\" content=\"Viime m\u00f5ttekoja veebist v\u00e4lja, et kutse andjad v\u00f5iksid p\u00e4riselt kohtuda nii meie kui ka teiste kutse andjatega. Kahep\u00e4evane koosviibimine toimub 10.-11. oktoobril Nelij\u00e4rve Puhkekeskuses. Korraldusliku poole eest vastutab Kutsekoda, kuid&hellip;&nbsp;\u041f\u043e\u0434\u0440\u043e\u0431\u043d\u0435\u0435 &raquo;M\u00f5ttekoja v\u00e4ljas\u00f5it\" \/>\n<meta property=\"og:url\" content=\"https:\/\/kutsekoda.ee\/mottekoja-valjasoit\/\" \/>\n<meta property=\"og:site_name\" content=\"Kutsekoda\" \/>\n<meta property=\"article:modified_time\" content=\"2024-10-16T11:21:51+00:00\" \/>\n<meta name=\"twitter:card\" content=\"summary_large_image\" \/>\n<meta name=\"twitter:label1\" content=\"\u041f\u0440\u0438\u043c\u0435\u0440\u043d\u043e\u0435 \u0432\u0440\u0435\u043c\u044f \u0434\u043b\u044f \u0447\u0442\u0435\u043d\u0438\u044f\" \/>\n\t<meta name=\"twitter:data1\" content=\"2 \u043c\u0438\u043d\u0443\u0442\u044b\" \/>\n<script type=\"application\/ld+json\" class=\"yoast-schema-graph\">{\"@context\":\"https:\\\/\\\/schema.org\",\"@graph\":[{\"@type\":\"WebPage\",\"@id\":\"https:\\\/\\\/kutsekoda.ee\\\/mottekoja-valjasoit\\\/\",\"url\":\"https:\\\/\\\/kutsekoda.ee\\\/mottekoja-valjasoit\\\/\",\"name\":\"M\u00f5ttekoja v\u00e4ljas\u00f5it - Kutsekoda\",\"isPartOf\":{\"@id\":\"https:\\\/\\\/kutsekoda.ee\\\/#website\"},\"datePublished\":\"2024-04-02T05:18:38+00:00\",\"dateModified\":\"2024-10-16T11:21:51+00:00\",\"breadcrumb\":{\"@id\":\"https:\\\/\\\/kutsekoda.ee\\\/mottekoja-valjasoit\\\/#breadcrumb\"},\"inLanguage\":\"ru-RU\",\"potentialAction\":[{\"@type\":\"ReadAction\",\"target\":[\"https:\\\/\\\/kutsekoda.ee\\\/mottekoja-valjasoit\\\/\"]}]},{\"@type\":\"BreadcrumbList\",\"@id\":\"https:\\\/\\\/kutsekoda.ee\\\/mottekoja-valjasoit\\\/#breadcrumb\",\"itemListElement\":[{\"@type\":\"ListItem\",\"position\":1,\"name\":\"Esileht\",\"item\":\"https:\\\/\\\/kutsekoda.ee\\\/ru\\\/\"},{\"@type\":\"ListItem\",\"position\":2,\"name\":\"M\u00f5ttekoja v\u00e4ljas\u00f5it\"}]},{\"@type\":\"WebSite\",\"@id\":\"https:\\\/\\\/kutsekoda.ee\\\/#website\",\"url\":\"https:\\\/\\\/kutsekoda.ee\\\/\",\"name\":\"Kutsekoda\",\"description\":\"\",\"publisher\":{\"@id\":\"https:\\\/\\\/kutsekoda.ee\\\/#organization\"},\"potentialAction\":[{\"@type\":\"SearchAction\",\"target\":{\"@type\":\"EntryPoint\",\"urlTemplate\":\"https:\\\/\\\/kutsekoda.ee\\\/?s={search_term_string}\"},\"query-input\":{\"@type\":\"PropertyValueSpecification\",\"valueRequired\":true,\"valueName\":\"search_term_string\"}}],\"inLanguage\":\"ru-RU\"},{\"@type\":\"Organization\",\"@id\":\"https:\\\/\\\/kutsekoda.ee\\\/#organization\",\"name\":\"Sihtasutus Kutsekoda\",\"url\":\"https:\\\/\\\/kutsekoda.ee\\\/\",\"logo\":{\"@type\":\"ImageObject\",\"inLanguage\":\"ru-RU\",\"@id\":\"https:\\\/\\\/kutsekoda.ee\\\/#\\\/schema\\\/logo\\\/image\\\/\",\"url\":\"https:\\\/\\\/kutsekoda.ee\\\/wp-content\\\/uploads\\\/2023\\\/02\\\/cropped-kutsekoda-logo-et-1.png\",\"contentUrl\":\"https:\\\/\\\/kutsekoda.ee\\\/wp-content\\\/uploads\\\/2023\\\/02\\\/cropped-kutsekoda-logo-et-1.png\",\"width\":200,\"height\":72,\"caption\":\"Sihtasutus Kutsekoda\"},\"image\":{\"@id\":\"https:\\\/\\\/kutsekoda.ee\\\/#\\\/schema\\\/logo\\\/image\\\/\"}}]}<\/script>\n<!-- \/ Yoast SEO plugin. -->","yoast_head_json":{"title":"M\u00f5ttekoja v\u00e4ljas\u00f5it - Kutsekoda","robots":{"index":"index","follow":"follow","max-snippet":"max-snippet:-1","max-image-preview":"max-image-preview:large","max-video-preview":"max-video-preview:-1"},"canonical":"https:\/\/kutsekoda.ee\/mottekoja-valjasoit\/","og_locale":"ru_RU","og_type":"article","og_title":"M\u00f5ttekoja v\u00e4ljas\u00f5it - Kutsekoda","og_description":"Viime m\u00f5ttekoja veebist v\u00e4lja, et kutse andjad v\u00f5iksid p\u00e4riselt kohtuda nii meie kui ka teiste kutse andjatega. Kahep\u00e4evane koosviibimine toimub 10.-11. oktoobril Nelij\u00e4rve Puhkekeskuses. Korraldusliku poole eest vastutab Kutsekoda, kuid&hellip;&nbsp;\u041f\u043e\u0434\u0440\u043e\u0431\u043d\u0435\u0435 &raquo;M\u00f5ttekoja v\u00e4ljas\u00f5it","og_url":"https:\/\/kutsekoda.ee\/mottekoja-valjasoit\/","og_site_name":"Kutsekoda","article_modified_time":"2024-10-16T11:21:51+00:00","twitter_card":"summary_large_image","twitter_misc":{"\u041f\u0440\u0438\u043c\u0435\u0440\u043d\u043e\u0435 \u0432\u0440\u0435\u043c\u044f \u0434\u043b\u044f \u0447\u0442\u0435\u043d\u0438\u044f":"2 \u043c\u0438\u043d\u0443\u0442\u044b"},"schema":{"@context":"https:\/\/schema.org","@graph":[{"@type":"WebPage","@id":"https:\/\/kutsekoda.ee\/mottekoja-valjasoit\/","url":"https:\/\/kutsekoda.ee\/mottekoja-valjasoit\/","name":"M\u00f5ttekoja v\u00e4ljas\u00f5it - Kutsekoda","isPartOf":{"@id":"https:\/\/kutsekoda.ee\/#website"},"datePublished":"2024-04-02T05:18:38+00:00","dateModified":"2024-10-16T11:21:51+00:00","breadcrumb":{"@id":"https:\/\/kutsekoda.ee\/mottekoja-valjasoit\/#breadcrumb"},"inLanguage":"ru-RU","potentialAction":[{"@type":"ReadAction","target":["https:\/\/kutsekoda.ee\/mottekoja-valjasoit\/"]}]},{"@type":"BreadcrumbList","@id":"https:\/\/kutsekoda.ee\/mottekoja-valjasoit\/#breadcrumb","itemListElement":[{"@type":"ListItem","position":1,"name":"Esileht","item":"https:\/\/kutsekoda.ee\/ru\/"},{"@type":"ListItem","position":2,"name":"M\u00f5ttekoja v\u00e4ljas\u00f5it"}]},{"@type":"WebSite","@id":"https:\/\/kutsekoda.ee\/#website","url":"https:\/\/kutsekoda.ee\/","name":"Kutsekoda","description":"","publisher":{"@id":"https:\/\/kutsekoda.ee\/#organization"},"potentialAction":[{"@type":"SearchAction","target":{"@type":"EntryPoint","urlTemplate":"https:\/\/kutsekoda.ee\/?s={search_term_string}"},"query-input":{"@type":"PropertyValueSpecification","valueRequired":true,"valueName":"search_term_string"}}],"inLanguage":"ru-RU"},{"@type":"Organization","@id":"https:\/\/kutsekoda.ee\/#organization","name":"Sihtasutus Kutsekoda","url":"https:\/\/kutsekoda.ee\/","logo":{"@type":"ImageObject","inLanguage":"ru-RU","@id":"https:\/\/kutsekoda.ee\/#\/schema\/logo\/image\/","url":"https:\/\/kutsekoda.ee\/wp-content\/uploads\/2023\/02\/cropped-kutsekoda-logo-et-1.png","contentUrl":"https:\/\/kutsekoda.ee\/wp-content\/uploads\/2023\/02\/cropped-kutsekoda-logo-et-1.png","width":200,"height":72,"caption":"Sihtasutus Kutsekoda"},"image":{"@id":"https:\/\/kutsekoda.ee\/#\/schema\/logo\/image\/"}}]}},"publishpress_future_action":{"enabled":false,"date":"2026-05-07 23:52:31","action":"change-status","newStatus":"draft","terms":[],"taxonomy":"translation_priority","extraData":[]},"publishpress_future_workflow_manual_trigger":{"enabledWorkflows":[]},"_links":{"self":[{"href":"https:\/\/kutsekoda.ee\/ru\/wp-json\/wp\/v2\/pages\/42639","targetHints":{"allow":["GET"]}}],"collection":[{"href":"https:\/\/kutsekoda.ee\/ru\/wp-json\/wp\/v2\/pages"}],"about":[{"href":"https:\/\/kutsekoda.ee\/ru\/wp-json\/wp\/v2\/types\/page"}],"author":[{"embeddable":true,"href":"https:\/\/kutsekoda.ee\/ru\/wp-json\/wp\/v2\/users\/19"}],"replies":[{"embeddable":true,"href":"https:\/\/kutsekoda.ee\/ru\/wp-json\/wp\/v2\/comments?post=42639"}],"version-history":[{"count":5,"href":"https:\/\/kutsekoda.ee\/ru\/wp-json\/wp\/v2\/pages\/42639\/revisions"}],"predecessor-version":[{"id":45447,"href":"https:\/\/kutsekoda.ee\/ru\/wp-json\/wp\/v2\/pages\/42639\/revisions\/45447"}],"wp:attachment":[{"href":"https:\/\/kutsekoda.ee\/ru\/wp-json\/wp\/v2\/media?parent=42639"}],"curies":[{"name":"wp","href":"https:\/\/api.w.org\/{rel}","templated":true}]}}