{"id":435,"date":"2018-05-10T08:19:34","date_gmt":"2018-05-10T06:19:34","guid":{"rendered":"https:\/\/kutsekoda-wp.loc.piksel.ee\/?page_id=435"},"modified":"2024-04-22T14:46:20","modified_gmt":"2024-04-22T12:46:20","slug":"kk-tutvustus","status":"publish","type":"page","link":"https:\/\/kutsekoda.ee\/ru\/kk-tutvustus\/","title":{"rendered":"Kutsekoja tutvustus"},"content":{"rendered":"\n<h2 class=\"wp-block-heading has-neve-link-color-color has-text-color has-link-color wp-elements-7b5fad950356e796aba2aec6428e25fd\" style=\"font-size:25px;font-style:normal;font-weight:200;text-transform:none\">Kutsekoja missioon<\/h2>\n\n\n\n<ul class=\"has-neve-link-color-color has-nv-text-dark-bg-background-color has-text-color has-background has-link-color wp-block-list wp-elements-f0b00350294cbe4b6c0d03c43d64b79d\">\n<li style=\"font-size:20px\"><strong>Kutsekoda on erapooletu koost\u00f6\u00f6platvorm<\/strong>, kes selgitab v\u00e4lja, milliseid oskusi ja ameteid on vaja t\u00e4na ja tulevikus.<\/li>\n\n\n\n<li style=\"font-size:20px\">Kutsekoda t\u00f6\u00f6tab igap\u00e4evaselt selle nimel, et <strong>t\u00f6\u00f6turu tulevikuvajadused<\/strong> j\u00f5uaks \u00f5ppesse ning tooks kaasa tegelikke muutusi.<\/li>\n\n\n\n<li style=\"font-size:20px\">OSKA t\u00f6\u00f6j\u00f5u ja oskuste vajaduse uuringud ning kutsestandardid aitavad inimestel teha<strong> tarku karj\u00e4\u00e4rivalikuid<\/strong>. Kutsetunnistused aitavad valida <strong>oskajaid meistreid<\/strong>.&nbsp;<\/li>\n\n\n\n<li style=\"font-size:20px\">OSKA uuringud aitavad kujundada <strong>tulevikku vaatavat t\u00f6\u00f6- ja hariduspoliitikat<\/strong>.<\/li>\n<\/ul>\n\n\n\n<hr class=\"wp-block-separator has-text-color has-alpha-channel-opacity has-background is-style-dots\" style=\"background-color:#f8d823;color:#f8d823\"\/>\n\n\n\n<h2 class=\"wp-block-heading has-neve-link-color-color has-text-color has-link-color wp-elements-4926a98f46a869f6c5a689035aa1410e\" style=\"font-size:25px;font-style:normal;font-weight:200;text-transform:none\">Kutsekoja tegevus<\/h2>\n\n\n\n<div class=\"wp-block-columns is-layout-flex wp-container-core-columns-is-layout-9d6595d7 wp-block-columns-is-layout-flex\">\n<div class=\"wp-block-column is-layout-flow wp-block-column-is-layout-flow\">\n<p>Kutsekoda<strong>&nbsp;<\/strong>loodi 2001. aasta augustis, et j\u00e4tkata Eesti Kaubandus-T\u00f6\u00f6stuskoja poolt 1997. aastal alustatud kutses\u00fcsteemi loomist.&nbsp;<\/p>\n\n\n\n<p><strong>Kutsekoja asutajateks <\/strong>on Eesti Kaubandus-T\u00f6\u00f6stuskoda, Eesti T\u00f6\u00f6andjate Keskliit, Teenistujate Ametiliitude Organisatsioon TALO, Eesti Ameti\u00fchingute Keskliit ning Eesti Vabariik. Eesti Vabariigi nimel t\u00e4idab Kutsekoja asutaja\u00f5igusi Haridus- ja Teadusministeerium.&nbsp;<\/p>\n\n\n\n<p><a href=\"http:\/\/kutsekoda.ee\/noukogu\/\">Kutsekoja n\u00f5ukokku<\/a> kuulub lisaks asutajatele ka Sotsiaalministeeriumi ning Majandus- ja Kommunikatsiooniministeeriumi esindaja. Kutsekoda tegutseb Haridus- ja Teadusministeeriumiga s\u00f5lmitud <strong>halduslepingu alusel<\/strong>.<\/p>\n\n\n\n<p>Kutsekoda<strong> <\/strong>tegutseb vastavalt<strong>&nbsp;<\/strong><a href=\"https:\/\/www.riigiteataja.ee\/akt\/123032015261?leiaKehtiv\">kutseseadusele<\/a>.&nbsp;<\/p>\n<\/div>\n\n\n\n<div class=\"wp-block-column is-layout-flow wp-block-column-is-layout-flow\">\n<figure class=\"wp-block-image size-large\"><img fetchpriority=\"high\" decoding=\"async\" width=\"1024\" height=\"719\" src=\"http:\/\/kutsekoda.ee\/wp-content\/uploads\/2024\/04\/KK-uhispilt2-1-1024x719.png\" alt=\"\" class=\"wp-image-42969\" srcset=\"https:\/\/kutsekoda.ee\/wp-content\/uploads\/2024\/04\/KK-uhispilt2-1-1024x719.png 1024w, https:\/\/kutsekoda.ee\/wp-content\/uploads\/2024\/04\/KK-uhispilt2-1-300x211.png 300w, https:\/\/kutsekoda.ee\/wp-content\/uploads\/2024\/04\/KK-uhispilt2-1-768x539.png 768w, https:\/\/kutsekoda.ee\/wp-content\/uploads\/2024\/04\/KK-uhispilt2-1-24x17.png 24w, https:\/\/kutsekoda.ee\/wp-content\/uploads\/2024\/04\/KK-uhispilt2-1-36x25.png 36w, https:\/\/kutsekoda.ee\/wp-content\/uploads\/2024\/04\/KK-uhispilt2-1-48x34.png 48w, https:\/\/kutsekoda.ee\/wp-content\/uploads\/2024\/04\/KK-uhispilt2-1.png 1259w\" sizes=\"(max-width: 1024px) 100vw, 1024px\" \/><\/figure>\n<\/div>\n<\/div>\n\n\n\n<p>Kutsekoda korraldab kutsestandardite koostamist, koordineerib kutseeksamite korraldamist ning anal\u00fc\u00fcsib Eesti t\u00f6\u00f6j\u00f5u ja oskuste tulevikuvajadust. Selleks pakub Kutsekoda koost\u00f6\u00f6keskkonda t\u00f6\u00f6andjatele, spetsialistidele ja koolitajatele.<\/p>\n\n\n\n<p>Alates 1. maist 2005 t\u00f6\u00f6tab Kutsekoja juures\u00a0<a href=\"http:\/\/kutsekoda.ee\/europassi-keskus\/\" target=\"_blank\" rel=\"noreferrer noopener\">Europassi keskus<\/a> ja <a href=\"http:\/\/kutsekoda.ee\/?page_id=136&amp;lang=et\">EQF-i rakendamise koordinatsioonikeskus (NCP)<\/a>. Kutsekoda kureerib ka Euroopa t\u00e4iskasvanuhariduse veebikeskkonda\u00a0<a href=\"http:\/\/kutsekoda.ee\/?page_id=166&amp;lang=et\">EPALE<\/a>.<\/p>\n\n\n\n<hr class=\"wp-block-separator has-text-color has-alpha-channel-opacity has-background is-style-dots\" style=\"background-color:#f8d823;color:#f8d823\"\/>\n\n\n\n<h2 class=\"wp-block-heading has-neve-link-color-color has-text-color has-link-color wp-elements-1116791cd7f3b0b2249afe0322bac4f2\" style=\"font-size:25px;font-style:normal;font-weight:200;text-transform:none\">Kutsekoja tegevuse eesm\u00e4rgid<\/h2>\n\n\n\n<p>Kutsekoda aitab kaasa \u00fchtse ja korrastatud kutses\u00fcsteemi loomisele ja arendamisele. Loome eeldused Eesti t\u00f6\u00f6tajate kvalifikatsiooni v\u00f5rreldavuse ja teiste riikide poolt tunnustamise saavutamiseks. Aitame kaasa t\u00f5endusp\u00f5histe haridus-, t\u00f6\u00f6- ja r\u00e4ndepoliitiliste otsuste tegemisele.<\/p>\n\n\n\n<p><strong>Nende eesm\u00e4rkide saavutamiseks Kutsekoda:<\/strong><\/p>\n\n\n\n<ul class=\"wp-block-list\">\n<li>arendab ja rakendab <a href=\"http:\/\/kutsekoda.ee\/kutsesusteem\/\" target=\"_blank\" rel=\"noreferrer noopener\">kutses\u00fcsteemi<\/a>;<\/li>\n\n\n\n<li>korraldab ja koordineerib kutsen\u00f5ukogude tegevust ning kutsen\u00f5ukogude vahelist koost\u00f6\u00f6d;<\/li>\n\n\n\n<li>korraldab <a href=\"http:\/\/kutsekoda.ee\/kutsestandardid\/\" target=\"_blank\" rel=\"noreferrer noopener\">kutsestandardite<\/a> v\u00e4ljat\u00f6\u00f6tamist ja <a href=\"http:\/\/kutsekoda.ee\/valja-kuulutatud-avalikud-kutse-andja-konkursid\/\" target=\"_blank\" rel=\"noreferrer noopener\">kutse andjate avalikke konkursse<\/a>;<\/li>\n\n\n\n<li>korraldab j\u00e4relevalvet kutse andjate <a href=\"http:\/\/kutsekoda.ee\/kutse-andmine\/\" target=\"_blank\" rel=\"noreferrer noopener\">kutse andmise<\/a> tegevuse \u00fcle;<\/li>\n\n\n\n<li>peab volitatud t\u00f6\u00f6tlejana <a href=\"https:\/\/www.kutseregister.ee\/\" target=\"_blank\" rel=\"noreferrer noopener\">riiklikku kutseregistrit<\/a>;<\/li>\n\n\n\n<li>korraldab kutses\u00fcsteemi teemal n\u00f5ustamisi ja koolitusi;<\/li>\n\n\n\n<li>tutvustab Eesti kutses\u00fcsteemi nii riigi sees kui rahvusvaheliselt, luues eeldused <a href=\"http:\/\/kutsekoda.ee\/euroopa-kvalifikatsiooniraamistik-ja-selle-rakendamine-eestis\/\" target=\"_blank\" rel=\"noreferrer noopener\">kutsete vastastikuseks v\u00f5rdlemiseks<\/a>;<\/li>\n\n\n\n<li>anal\u00fc\u00fcsib Eesti majanduse arenguks vajalikku oskuste ja t\u00f6\u00f6j\u00f5u vajadust ning koostab <a href=\"https:\/\/uuringud.oska.kutsekoda.ee\/\" target=\"_blank\" rel=\"noreferrer noopener\">prognoose<\/a>;<\/li>\n\n\n\n<li>korraldab <a href=\"http:\/\/oska.kutsekoda.ee\/\" target=\"_blank\" rel=\"noreferrer noopener\">OSKA<\/a> koordinatsioonikogu ja eksperdikogude t\u00f6\u00f6d;<\/li>\n\n\n\n<li>t\u00e4idab muid kutseseaduses ja halduslepingus s\u00e4testatud \u00fclesandeid.<\/li>\n<\/ul>\n\n\n\n<hr class=\"wp-block-separator has-text-color has-alpha-channel-opacity has-background is-style-dots\" style=\"background-color:#f8d823;color:#f8d823\"\/>\n\n\n\n<p><strong><a href=\"http:\/\/kutsekoda.ee\/wp-content\/uploads\/2024\/04\/Kutsekoda_varv_SA.pdf\">Kutsekoja logo<\/a> (pdf)<\/strong><\/p>\n","protected":false},"excerpt":{"rendered":"<p>Kutsekoja missioon Kutsekoja tegevus Kutsekoda&nbsp;loodi 2001. aasta augustis, et j\u00e4tkata Eesti Kaubandus-T\u00f6\u00f6stuskoja poolt 1997. aastal alustatud kutses\u00fcsteemi loomist.&nbsp; Kutsekoja asutajateks on Eesti Kaubandus-T\u00f6\u00f6stuskoda, Eesti T\u00f6\u00f6andjate Keskliit, Teenistujate Ametiliitude Organisatsioon TALO,&hellip;&nbsp;<a href=\"https:\/\/kutsekoda.ee\/ru\/kk-tutvustus\/\" class=\"\" rel=\"bookmark\">\u041f\u043e\u0434\u0440\u043e\u0431\u043d\u0435\u0435 &raquo;<span class=\"screen-reader-text\">Kutsekoja tutvustus<\/span><\/a><\/p>\n","protected":false},"author":1,"featured_media":0,"parent":0,"menu_order":0,"comment_status":"closed","ping_status":"closed","template":"","meta":{"inline_featured_image":false,"neve_meta_sidebar":"","neve_meta_container":"","neve_meta_enable_content_width":"","neve_meta_content_width":0,"neve_meta_title_alignment":"","neve_meta_author_avatar":"","neve_post_elements_order":"","neve_meta_disable_header":"","neve_meta_disable_footer":"","neve_meta_disable_title":"","_themeisle_gutenberg_block_has_review":false,"_FSMCFIC_featured_image_caption":"","_FSMCFIC_featured_image_nocaption":"","_FSMCFIC_featured_image_hide":"","footnotes":""},"class_list":["post-435","page","type-page","status-publish","hentry"],"yoast_head":"<!-- This site is optimized with the Yoast SEO plugin v27.2 - https:\/\/yoast.com\/product\/yoast-seo-wordpress\/ -->\n<title>Kutsekoja tutvustus - Kutsekoda<\/title>\n<meta name=\"robots\" content=\"index, follow, max-snippet:-1, max-image-preview:large, max-video-preview:-1\" \/>\n<link rel=\"canonical\" href=\"https:\/\/kutsekoda.ee\/kk-tutvustus\/\" \/>\n<meta property=\"og:locale\" content=\"ru_RU\" \/>\n<meta property=\"og:type\" content=\"article\" \/>\n<meta property=\"og:title\" content=\"Kutsekoja tutvustus - Kutsekoda\" \/>\n<meta property=\"og:description\" content=\"Kutsekoja missioon Kutsekoja tegevus Kutsekoda&nbsp;loodi 2001. aasta augustis, et j\u00e4tkata Eesti Kaubandus-T\u00f6\u00f6stuskoja poolt 1997. aastal alustatud kutses\u00fcsteemi loomist.&nbsp; Kutsekoja asutajateks on Eesti Kaubandus-T\u00f6\u00f6stuskoda, Eesti T\u00f6\u00f6andjate Keskliit, Teenistujate Ametiliitude Organisatsioon TALO,&hellip;&nbsp;\u041f\u043e\u0434\u0440\u043e\u0431\u043d\u0435\u0435 &raquo;Kutsekoja tutvustus\" \/>\n<meta property=\"og:url\" content=\"https:\/\/kutsekoda.ee\/kk-tutvustus\/\" \/>\n<meta property=\"og:site_name\" content=\"Kutsekoda\" \/>\n<meta property=\"article:modified_time\" content=\"2024-04-22T12:46:20+00:00\" \/>\n<meta property=\"og:image\" content=\"http:\/\/kutsekoda.ee\/wp-content\/uploads\/2024\/04\/KK-uhispilt2-1-1024x719.png\" \/>\n<meta name=\"twitter:card\" content=\"summary_large_image\" \/>\n<meta name=\"twitter:label1\" content=\"\u041f\u0440\u0438\u043c\u0435\u0440\u043d\u043e\u0435 \u0432\u0440\u0435\u043c\u044f \u0434\u043b\u044f \u0447\u0442\u0435\u043d\u0438\u044f\" \/>\n\t<meta name=\"twitter:data1\" content=\"2 \u043c\u0438\u043d\u0443\u0442\u044b\" \/>\n<script type=\"application\/ld+json\" class=\"yoast-schema-graph\">{\"@context\":\"https:\/\/schema.org\",\"@graph\":[{\"@type\":\"WebPage\",\"@id\":\"https:\/\/kutsekoda.ee\/kk-tutvustus\/\",\"url\":\"https:\/\/kutsekoda.ee\/kk-tutvustus\/\",\"name\":\"Kutsekoja tutvustus - Kutsekoda\",\"isPartOf\":{\"@id\":\"https:\/\/kutsekoda.ee\/#website\"},\"primaryImageOfPage\":{\"@id\":\"https:\/\/kutsekoda.ee\/kk-tutvustus\/#primaryimage\"},\"image\":{\"@id\":\"https:\/\/kutsekoda.ee\/kk-tutvustus\/#primaryimage\"},\"thumbnailUrl\":\"http:\/\/kutsekoda.ee\/wp-content\/uploads\/2024\/04\/KK-uhispilt2-1-1024x719.png\",\"datePublished\":\"2018-05-10T06:19:34+00:00\",\"dateModified\":\"2024-04-22T12:46:20+00:00\",\"breadcrumb\":{\"@id\":\"https:\/\/kutsekoda.ee\/kk-tutvustus\/#breadcrumb\"},\"inLanguage\":\"ru-RU\",\"potentialAction\":[{\"@type\":\"ReadAction\",\"target\":[\"https:\/\/kutsekoda.ee\/kk-tutvustus\/\"]}]},{\"@type\":\"ImageObject\",\"inLanguage\":\"ru-RU\",\"@id\":\"https:\/\/kutsekoda.ee\/kk-tutvustus\/#primaryimage\",\"url\":\"http:\/\/kutsekoda.ee\/wp-content\/uploads\/2024\/04\/KK-uhispilt2-1-1024x719.png\",\"contentUrl\":\"http:\/\/kutsekoda.ee\/wp-content\/uploads\/2024\/04\/KK-uhispilt2-1-1024x719.png\"},{\"@type\":\"BreadcrumbList\",\"@id\":\"https:\/\/kutsekoda.ee\/kk-tutvustus\/#breadcrumb\",\"itemListElement\":[{\"@type\":\"ListItem\",\"position\":1,\"name\":\"Esileht\",\"item\":\"https:\/\/kutsekoda.ee\/ru\/\"},{\"@type\":\"ListItem\",\"position\":2,\"name\":\"Kutsekoja tutvustus\"}]},{\"@type\":\"WebSite\",\"@id\":\"https:\/\/kutsekoda.ee\/#website\",\"url\":\"https:\/\/kutsekoda.ee\/\",\"name\":\"Kutsekoda\",\"description\":\"\",\"potentialAction\":[{\"@type\":\"SearchAction\",\"target\":{\"@type\":\"EntryPoint\",\"urlTemplate\":\"https:\/\/kutsekoda.ee\/?s={search_term_string}\"},\"query-input\":{\"@type\":\"PropertyValueSpecification\",\"valueRequired\":true,\"valueName\":\"search_term_string\"}}],\"inLanguage\":\"ru-RU\"}]}<\/script>\n<!-- \/ Yoast SEO plugin. -->","yoast_head_json":{"title":"Kutsekoja tutvustus - Kutsekoda","robots":{"index":"index","follow":"follow","max-snippet":"max-snippet:-1","max-image-preview":"max-image-preview:large","max-video-preview":"max-video-preview:-1"},"canonical":"https:\/\/kutsekoda.ee\/kk-tutvustus\/","og_locale":"ru_RU","og_type":"article","og_title":"Kutsekoja tutvustus - Kutsekoda","og_description":"Kutsekoja missioon Kutsekoja tegevus Kutsekoda&nbsp;loodi 2001. aasta augustis, et j\u00e4tkata Eesti Kaubandus-T\u00f6\u00f6stuskoja poolt 1997. aastal alustatud kutses\u00fcsteemi loomist.&nbsp; Kutsekoja asutajateks on Eesti Kaubandus-T\u00f6\u00f6stuskoda, Eesti T\u00f6\u00f6andjate Keskliit, Teenistujate Ametiliitude Organisatsioon TALO,&hellip;&nbsp;\u041f\u043e\u0434\u0440\u043e\u0431\u043d\u0435\u0435 &raquo;Kutsekoja tutvustus","og_url":"https:\/\/kutsekoda.ee\/kk-tutvustus\/","og_site_name":"Kutsekoda","article_modified_time":"2024-04-22T12:46:20+00:00","og_image":[{"url":"http:\/\/kutsekoda.ee\/wp-content\/uploads\/2024\/04\/KK-uhispilt2-1-1024x719.png","type":"","width":"","height":""}],"twitter_card":"summary_large_image","twitter_misc":{"\u041f\u0440\u0438\u043c\u0435\u0440\u043d\u043e\u0435 \u0432\u0440\u0435\u043c\u044f \u0434\u043b\u044f \u0447\u0442\u0435\u043d\u0438\u044f":"2 \u043c\u0438\u043d\u0443\u0442\u044b"},"schema":{"@context":"https:\/\/schema.org","@graph":[{"@type":"WebPage","@id":"https:\/\/kutsekoda.ee\/kk-tutvustus\/","url":"https:\/\/kutsekoda.ee\/kk-tutvustus\/","name":"Kutsekoja tutvustus - Kutsekoda","isPartOf":{"@id":"https:\/\/kutsekoda.ee\/#website"},"primaryImageOfPage":{"@id":"https:\/\/kutsekoda.ee\/kk-tutvustus\/#primaryimage"},"image":{"@id":"https:\/\/kutsekoda.ee\/kk-tutvustus\/#primaryimage"},"thumbnailUrl":"http:\/\/kutsekoda.ee\/wp-content\/uploads\/2024\/04\/KK-uhispilt2-1-1024x719.png","datePublished":"2018-05-10T06:19:34+00:00","dateModified":"2024-04-22T12:46:20+00:00","breadcrumb":{"@id":"https:\/\/kutsekoda.ee\/kk-tutvustus\/#breadcrumb"},"inLanguage":"ru-RU","potentialAction":[{"@type":"ReadAction","target":["https:\/\/kutsekoda.ee\/kk-tutvustus\/"]}]},{"@type":"ImageObject","inLanguage":"ru-RU","@id":"https:\/\/kutsekoda.ee\/kk-tutvustus\/#primaryimage","url":"http:\/\/kutsekoda.ee\/wp-content\/uploads\/2024\/04\/KK-uhispilt2-1-1024x719.png","contentUrl":"http:\/\/kutsekoda.ee\/wp-content\/uploads\/2024\/04\/KK-uhispilt2-1-1024x719.png"},{"@type":"BreadcrumbList","@id":"https:\/\/kutsekoda.ee\/kk-tutvustus\/#breadcrumb","itemListElement":[{"@type":"ListItem","position":1,"name":"Esileht","item":"https:\/\/kutsekoda.ee\/ru\/"},{"@type":"ListItem","position":2,"name":"Kutsekoja tutvustus"}]},{"@type":"WebSite","@id":"https:\/\/kutsekoda.ee\/#website","url":"https:\/\/kutsekoda.ee\/","name":"Kutsekoda","description":"","potentialAction":[{"@type":"SearchAction","target":{"@type":"EntryPoint","urlTemplate":"https:\/\/kutsekoda.ee\/?s={search_term_string}"},"query-input":{"@type":"PropertyValueSpecification","valueRequired":true,"valueName":"search_term_string"}}],"inLanguage":"ru-RU"}]}},"publishpress_future_action":{"enabled":false,"date":"2026-04-23 21:50:01","action":"change-status","newStatus":"draft","terms":[],"taxonomy":"translation_priority","extraData":[]},"publishpress_future_workflow_manual_trigger":{"enabledWorkflows":[]},"_links":{"self":[{"href":"https:\/\/kutsekoda.ee\/ru\/wp-json\/wp\/v2\/pages\/435","targetHints":{"allow":["GET"]}}],"collection":[{"href":"https:\/\/kutsekoda.ee\/ru\/wp-json\/wp\/v2\/pages"}],"about":[{"href":"https:\/\/kutsekoda.ee\/ru\/wp-json\/wp\/v2\/types\/page"}],"author":[{"embeddable":true,"href":"https:\/\/kutsekoda.ee\/ru\/wp-json\/wp\/v2\/users\/1"}],"replies":[{"embeddable":true,"href":"https:\/\/kutsekoda.ee\/ru\/wp-json\/wp\/v2\/comments?post=435"}],"version-history":[{"count":5,"href":"https:\/\/kutsekoda.ee\/ru\/wp-json\/wp\/v2\/pages\/435\/revisions"}],"predecessor-version":[{"id":42985,"href":"https:\/\/kutsekoda.ee\/ru\/wp-json\/wp\/v2\/pages\/435\/revisions\/42985"}],"wp:attachment":[{"href":"https:\/\/kutsekoda.ee\/ru\/wp-json\/wp\/v2\/media?parent=435"}],"curies":[{"name":"wp","href":"https:\/\/api.w.org\/{rel}","templated":true}]}}