{"id":49492,"date":"2025-09-03T11:11:06","date_gmt":"2025-09-03T09:11:06","guid":{"rendered":"https:\/\/kutsekoda.ee\/?page_id=49492"},"modified":"2025-09-08T14:52:07","modified_gmt":"2025-09-08T12:52:07","slug":"uudiskirjad","status":"publish","type":"page","link":"https:\/\/kutsekoda.ee\/ru\/uudiskirjad\/","title":{"rendered":"Uudiskirjad"},"content":{"rendered":"\t\t<div data-elementor-type=\"wp-page\" data-elementor-id=\"49492\" class=\"elementor elementor-49492\">\n\t\t\t\t\t\t<section class=\"elementor-section elementor-top-section elementor-element elementor-element-5896ba0 elementor-section-boxed elementor-section-height-default elementor-section-height-default\" data-id=\"5896ba0\" data-element_type=\"section\" data-e-type=\"section\">\n\t\t\t\t\t\t<div class=\"elementor-container elementor-column-gap-default\">\n\t\t\t\t\t<div class=\"elementor-column elementor-col-66 elementor-top-column elementor-element elementor-element-eaceee5\" data-id=\"eaceee5\" data-element_type=\"column\" data-e-type=\"column\">\n\t\t\t<div class=\"elementor-widget-wrap elementor-element-populated\">\n\t\t\t\t\t\t<div class=\"elementor-element elementor-element-1c147858 elementor-widget elementor-widget-text-editor\" data-id=\"1c147858\" data-element_type=\"widget\" data-e-type=\"widget\" data-widget_type=\"text-editor.default\">\n\t\t\t\t<div class=\"elementor-widget-container\">\n\t\t\t\t\t\t\t\t\t<figure class=\"wp-block-image alignright is-resized\"><\/figure><p><strong>Kutsekoja uudiskiri<\/strong> \u2013 k\u00f5ikide Kutsekoja tegevussuundade (sh kutses\u00fcsteem, OSKA, Oskuste Kompass) uudised, s\u00fcndmuste info, \u00f5ppematerjalid ja kuulamissoovitused. \u00a0<em>Ilmub kord kuus.<\/em><\/p>\t\t\t\t\t\t\t\t<\/div>\n\t\t\t\t<\/div>\n\t\t\t\t<div class=\"elementor-element elementor-element-1711b19 elementor-widget elementor-widget-button\" data-id=\"1711b19\" data-element_type=\"widget\" data-e-type=\"widget\" data-widget_type=\"button.default\">\n\t\t\t\t<div class=\"elementor-widget-container\">\n\t\t\t\t\t\t\t\t\t<div class=\"elementor-button-wrapper\">\n\t\t\t\t\t<a class=\"elementor-button elementor-button-link elementor-size-sm\" href=\"https:\/\/kutsekoda.sendsmaily.net\/landing-pages\/8d7a5288-60ef-4786-87e8-6b7fdd6e766c\/html\/\">\n\t\t\t\t\t\t<span class=\"elementor-button-content-wrapper\">\n\t\t\t\t\t\t<span class=\"elementor-button-icon\">\n\t\t\t\t<i aria-hidden=\"true\" class=\"fas fa-external-link-alt\"><\/i>\t\t\t<\/span>\n\t\t\t\t\t\t\t\t\t<span class=\"elementor-button-text\">Liitu Kutsekoja uudiskirjaga<\/span>\n\t\t\t\t\t<\/span>\n\t\t\t\t\t<\/a>\n\t\t\t\t<\/div>\n\t\t\t\t\t\t\t\t<\/div>\n\t\t\t\t<\/div>\n\t\t\t\t<div class=\"elementor-element elementor-element-7816ba6 elementor-widget elementor-widget-spacer\" data-id=\"7816ba6\" data-element_type=\"widget\" data-e-type=\"widget\" data-widget_type=\"spacer.default\">\n\t\t\t\t<div class=\"elementor-widget-container\">\n\t\t\t\t\t\t\t<div class=\"elementor-spacer\">\n\t\t\t<div class=\"elementor-spacer-inner\"><\/div>\n\t\t<\/div>\n\t\t\t\t\t\t<\/div>\n\t\t\t\t<\/div>\n\t\t\t\t<div class=\"elementor-element elementor-element-4c3165f elementor-widget elementor-widget-text-editor\" data-id=\"4c3165f\" data-element_type=\"widget\" data-e-type=\"widget\" data-widget_type=\"text-editor.default\">\n\t\t\t\t<div class=\"elementor-widget-container\">\n\t\t\t\t\t\t\t\t\t<p><strong>Europassi uudiskiri<\/strong> \u2013 <a href=\"https:\/\/europass.europa.eu\/et\" target=\"_blank\" rel=\"noreferrer noopener\">Europassi keskkonna<\/a> uudised, teave tulevastest s\u00fcndmustest, praktilised soovitused t\u00f6\u00f6le v\u00f5i \u00f5ppima asumiseks. <em>Ilmub kord kvartalis<\/em>.<\/p>\n<p><\/p>\n<div class=\"wp-block-buttons\"><\/div>\t\t\t\t\t\t\t\t<\/div>\n\t\t\t\t<\/div>\n\t\t\t\t<div class=\"elementor-element elementor-element-af143c0 elementor-widget elementor-widget-button\" data-id=\"af143c0\" data-element_type=\"widget\" data-e-type=\"widget\" data-widget_type=\"button.default\">\n\t\t\t\t<div class=\"elementor-widget-container\">\n\t\t\t\t\t\t\t\t\t<div class=\"elementor-button-wrapper\">\n\t\t\t\t\t<a class=\"elementor-button elementor-button-link elementor-size-sm\" href=\"https:\/\/kutsekoda.sendsmaily.net\/landing-pages\/7e3ea8b4-d40b-465a-85a7-bf9c9eea11a2\/html\/\">\n\t\t\t\t\t\t<span class=\"elementor-button-content-wrapper\">\n\t\t\t\t\t\t<span class=\"elementor-button-icon\">\n\t\t\t\t<i aria-hidden=\"true\" class=\"fas fa-external-link-alt\"><\/i>\t\t\t<\/span>\n\t\t\t\t\t\t\t\t\t<span class=\"elementor-button-text\">Liitu Europassi uudiskirjaga<\/span>\n\t\t\t\t\t<\/span>\n\t\t\t\t\t<\/a>\n\t\t\t\t<\/div>\n\t\t\t\t\t\t\t\t<\/div>\n\t\t\t\t<\/div>\n\t\t\t\t<div class=\"elementor-element elementor-element-aa00447 elementor-widget elementor-widget-spacer\" data-id=\"aa00447\" data-element_type=\"widget\" data-e-type=\"widget\" data-widget_type=\"spacer.default\">\n\t\t\t\t<div class=\"elementor-widget-container\">\n\t\t\t\t\t\t\t<div class=\"elementor-spacer\">\n\t\t\t<div class=\"elementor-spacer-inner\"><\/div>\n\t\t<\/div>\n\t\t\t\t\t\t<\/div>\n\t\t\t\t<\/div>\n\t\t\t\t<div class=\"elementor-element elementor-element-d7154f4 elementor-widget elementor-widget-text-editor\" data-id=\"d7154f4\" data-element_type=\"widget\" data-e-type=\"widget\" data-widget_type=\"text-editor.default\">\n\t\t\t\t<div class=\"elementor-widget-container\">\n\t\t\t\t\t\t\t\t\t<p><strong>Euroopa T\u00e4iskasvanuhariduse veebikeskkonna EPALE Eesti keskuse uudiskiri<\/strong>\u00a0\u2013\u00a0<a href=\"https:\/\/epale.ec.europa.eu\/et\">EPALE Eesti keskuse ja veebikeskkonna<\/a>\u00a0uudised, teave tulevastest s\u00fcndmustest, \u00fclevaated avaldatud materjalidest. Uudiskiri ilmub keskmiselt 4 korda aastas.\u00a0<\/p>\t\t\t\t\t\t\t\t<\/div>\n\t\t\t\t<\/div>\n\t\t\t\t<div class=\"elementor-element elementor-element-e0bd94f elementor-widget elementor-widget-button\" data-id=\"e0bd94f\" data-element_type=\"widget\" data-e-type=\"widget\" data-widget_type=\"button.default\">\n\t\t\t\t<div class=\"elementor-widget-container\">\n\t\t\t\t\t\t\t\t\t<div class=\"elementor-button-wrapper\">\n\t\t\t\t\t<a class=\"elementor-button elementor-button-link elementor-size-sm\" href=\"https:\/\/europa.us17.list-manage.com\/subscribe?u=3af9b16e0f823a10f4fcec673&#038;id=5228e3652c\">\n\t\t\t\t\t\t<span class=\"elementor-button-content-wrapper\">\n\t\t\t\t\t\t<span class=\"elementor-button-icon\">\n\t\t\t\t<i aria-hidden=\"true\" class=\"fas fa-external-link-alt\"><\/i>\t\t\t<\/span>\n\t\t\t\t\t\t\t\t\t<span class=\"elementor-button-text\">Liitu EPALE uudiskirjaga<\/span>\n\t\t\t\t\t<\/span>\n\t\t\t\t\t<\/a>\n\t\t\t\t<\/div>\n\t\t\t\t\t\t\t\t<\/div>\n\t\t\t\t<\/div>\n\t\t\t\t<div class=\"elementor-element elementor-element-b6ee7e4 elementor-widget elementor-widget-text-editor\" data-id=\"b6ee7e4\" data-element_type=\"widget\" data-e-type=\"widget\" data-widget_type=\"text-editor.default\">\n\t\t\t\t<div class=\"elementor-widget-container\">\n\t\t\t\t\t\t\t\t\t<p>T\u00e4iendavalt igakuise \u00fcle-euroopalise EPALE uudiskirjaga liitumiseks registreeru EPALE keskkonna kasutajaks <a href=\"https:\/\/epale.ec.europa.eu\/et\">siin<\/a> ja luba riiklikul tugikeskusel endaga \u00fchendust v\u00f5tta.<\/p>\t\t\t\t\t\t\t\t<\/div>\n\t\t\t\t<\/div>\n\t\t\t\t\t<\/div>\n\t\t<\/div>\n\t\t\t\t<div class=\"elementor-column elementor-col-33 elementor-top-column elementor-element elementor-element-4388720\" data-id=\"4388720\" data-element_type=\"column\" data-e-type=\"column\">\n\t\t\t<div class=\"elementor-widget-wrap elementor-element-populated\">\n\t\t\t\t\t\t<div class=\"elementor-element elementor-element-fc3cc73 elementor-widget elementor-widget-image\" data-id=\"fc3cc73\" data-element_type=\"widget\" data-e-type=\"widget\" data-widget_type=\"image.default\">\n\t\t\t\t<div class=\"elementor-widget-container\">\n\t\t\t\t\t\t\t\t\t\t\t\t\t\t\t<img decoding=\"async\" width=\"150\" height=\"150\" src=\"https:\/\/kutsekoda.ee\/wp-content\/uploads\/2025\/09\/Untitled-design-6-150x150.png\" class=\"attachment-thumbnail size-thumbnail wp-image-49500\" alt=\"Uudiskirjad\" srcset=\"https:\/\/kutsekoda.ee\/wp-content\/uploads\/2025\/09\/Untitled-design-6-150x150.png 150w, https:\/\/kutsekoda.ee\/wp-content\/uploads\/2025\/09\/Untitled-design-6-24x24.png 24w, https:\/\/kutsekoda.ee\/wp-content\/uploads\/2025\/09\/Untitled-design-6-36x36.png 36w, https:\/\/kutsekoda.ee\/wp-content\/uploads\/2025\/09\/Untitled-design-6-48x48.png 48w, https:\/\/kutsekoda.ee\/wp-content\/uploads\/2025\/09\/Untitled-design-6.png 300w\" sizes=\"(max-width: 150px) 100vw, 150px\" \/>\t\t\t\t\t\t\t\t\t\t\t\t\t\t\t<\/div>\n\t\t\t\t<\/div>\n\t\t\t\t\t<\/div>\n\t\t<\/div>\n\t\t\t\t\t<\/div>\n\t\t<\/section>\n\t\t\t\t<section class=\"elementor-section elementor-top-section elementor-element elementor-element-15f4825 elementor-section-boxed elementor-section-height-default elementor-section-height-default\" data-id=\"15f4825\" data-element_type=\"section\" data-e-type=\"section\">\n\t\t\t\t\t\t<div class=\"elementor-container elementor-column-gap-default\">\n\t\t\t\t\t<div class=\"elementor-column elementor-col-100 elementor-top-column elementor-element elementor-element-da3097c\" data-id=\"da3097c\" data-element_type=\"column\" data-e-type=\"column\">\n\t\t\t<div class=\"elementor-widget-wrap elementor-element-populated\">\n\t\t\t\t\t\t<div class=\"elementor-element elementor-element-f9d2a32 elementor-widget elementor-widget-spacer\" data-id=\"f9d2a32\" data-element_type=\"widget\" data-e-type=\"widget\" data-widget_type=\"spacer.default\">\n\t\t\t\t<div class=\"elementor-widget-container\">\n\t\t\t\t\t\t\t<div class=\"elementor-spacer\">\n\t\t\t<div class=\"elementor-spacer-inner\"><\/div>\n\t\t<\/div>\n\t\t\t\t\t\t<\/div>\n\t\t\t\t<\/div>\n\t\t\t\t\t<\/div>\n\t\t<\/div>\n\t\t\t\t\t<\/div>\n\t\t<\/section>\n\t\t\t\t<\/div>\n\t\t","protected":false},"excerpt":{"rendered":"<p>Kutsekoja uudiskiri \u2013 k\u00f5ikide Kutsekoja tegevussuundade (sh kutses\u00fcsteem, OSKA, Oskuste Kompass) uudised, s\u00fcndmuste info, \u00f5ppematerjalid ja kuulamissoovitused. \u00a0Ilmub kord kuus. Liitu Kutsekoja uudiskirjaga Europassi uudiskiri \u2013 Europassi keskkonna uudised, teave&hellip;&nbsp;<a href=\"https:\/\/kutsekoda.ee\/ru\/uudiskirjad\/\" class=\"\" rel=\"bookmark\">\u041f\u043e\u0434\u0440\u043e\u0431\u043d\u0435\u0435 &raquo;<span class=\"screen-reader-text\">Uudiskirjad<\/span><\/a><\/p>\n","protected":false},"author":21,"featured_media":0,"parent":0,"menu_order":0,"comment_status":"closed","ping_status":"closed","template":"","meta":{"inline_featured_image":false,"neve_meta_sidebar":"","neve_meta_container":"","neve_meta_enable_content_width":"","neve_meta_content_width":0,"neve_meta_title_alignment":"","neve_meta_author_avatar":"","neve_post_elements_order":"","neve_meta_disable_header":"","neve_meta_disable_footer":"","neve_meta_disable_title":"","_themeisle_gutenberg_block_has_review":false,"_FSMCFIC_featured_image_caption":"","_FSMCFIC_featured_image_nocaption":"","_FSMCFIC_featured_image_hide":"","footnotes":""},"class_list":["post-49492","page","type-page","status-publish","hentry"],"yoast_head":"<!-- This site is optimized with the Yoast SEO plugin v27.2 - https:\/\/yoast.com\/product\/yoast-seo-wordpress\/ -->\n<title>Uudiskirjad - Kutsekoda<\/title>\n<meta name=\"robots\" content=\"index, follow, max-snippet:-1, max-image-preview:large, max-video-preview:-1\" \/>\n<link rel=\"canonical\" href=\"https:\/\/kutsekoda.ee\/uudiskirjad\/\" \/>\n<meta property=\"og:locale\" content=\"ru_RU\" \/>\n<meta property=\"og:type\" content=\"article\" \/>\n<meta property=\"og:title\" content=\"Uudiskirjad - Kutsekoda\" \/>\n<meta property=\"og:description\" content=\"Kutsekoja uudiskiri \u2013 k\u00f5ikide Kutsekoja tegevussuundade (sh kutses\u00fcsteem, OSKA, Oskuste Kompass) uudised, s\u00fcndmuste info, \u00f5ppematerjalid ja kuulamissoovitused. \u00a0Ilmub kord kuus. Liitu Kutsekoja uudiskirjaga Europassi uudiskiri \u2013 Europassi keskkonna uudised, teave&hellip;&nbsp;\u041f\u043e\u0434\u0440\u043e\u0431\u043d\u0435\u0435 &raquo;Uudiskirjad\" \/>\n<meta property=\"og:url\" content=\"https:\/\/kutsekoda.ee\/uudiskirjad\/\" \/>\n<meta property=\"og:site_name\" content=\"Kutsekoda\" \/>\n<meta property=\"article:modified_time\" content=\"2025-09-08T12:52:07+00:00\" \/>\n<meta property=\"og:image\" content=\"https:\/\/kutsekoda.ee\/wp-content\/uploads\/2025\/09\/Untitled-design-6.png\" \/>\n\t<meta property=\"og:image:width\" content=\"300\" \/>\n\t<meta property=\"og:image:height\" content=\"300\" \/>\n\t<meta property=\"og:image:type\" content=\"image\/png\" \/>\n<meta name=\"twitter:card\" content=\"summary_large_image\" \/>\n<meta name=\"twitter:label1\" content=\"\u041f\u0440\u0438\u043c\u0435\u0440\u043d\u043e\u0435 \u0432\u0440\u0435\u043c\u044f \u0434\u043b\u044f \u0447\u0442\u0435\u043d\u0438\u044f\" \/>\n\t<meta name=\"twitter:data1\" content=\"1 \u043c\u0438\u043d\u0443\u0442\u0430\" \/>\n<script type=\"application\/ld+json\" class=\"yoast-schema-graph\">{\"@context\":\"https:\/\/schema.org\",\"@graph\":[{\"@type\":\"WebPage\",\"@id\":\"https:\/\/kutsekoda.ee\/uudiskirjad\/\",\"url\":\"https:\/\/kutsekoda.ee\/uudiskirjad\/\",\"name\":\"Uudiskirjad - Kutsekoda\",\"isPartOf\":{\"@id\":\"https:\/\/kutsekoda.ee\/#website\"},\"primaryImageOfPage\":{\"@id\":\"https:\/\/kutsekoda.ee\/uudiskirjad\/#primaryimage\"},\"image\":{\"@id\":\"https:\/\/kutsekoda.ee\/uudiskirjad\/#primaryimage\"},\"thumbnailUrl\":\"https:\/\/kutsekoda.ee\/wp-content\/uploads\/2025\/09\/Untitled-design-6-150x150.png\",\"datePublished\":\"2025-09-03T09:11:06+00:00\",\"dateModified\":\"2025-09-08T12:52:07+00:00\",\"breadcrumb\":{\"@id\":\"https:\/\/kutsekoda.ee\/uudiskirjad\/#breadcrumb\"},\"inLanguage\":\"ru-RU\",\"potentialAction\":[{\"@type\":\"ReadAction\",\"target\":[\"https:\/\/kutsekoda.ee\/uudiskirjad\/\"]}]},{\"@type\":\"ImageObject\",\"inLanguage\":\"ru-RU\",\"@id\":\"https:\/\/kutsekoda.ee\/uudiskirjad\/#primaryimage\",\"url\":\"https:\/\/kutsekoda.ee\/wp-content\/uploads\/2025\/09\/Untitled-design-6-150x150.png\",\"contentUrl\":\"https:\/\/kutsekoda.ee\/wp-content\/uploads\/2025\/09\/Untitled-design-6-150x150.png\"},{\"@type\":\"BreadcrumbList\",\"@id\":\"https:\/\/kutsekoda.ee\/uudiskirjad\/#breadcrumb\",\"itemListElement\":[{\"@type\":\"ListItem\",\"position\":1,\"name\":\"Esileht\",\"item\":\"https:\/\/kutsekoda.ee\/ru\/\"},{\"@type\":\"ListItem\",\"position\":2,\"name\":\"Uudiskirjad\"}]},{\"@type\":\"WebSite\",\"@id\":\"https:\/\/kutsekoda.ee\/#website\",\"url\":\"https:\/\/kutsekoda.ee\/\",\"name\":\"Kutsekoda\",\"description\":\"\",\"potentialAction\":[{\"@type\":\"SearchAction\",\"target\":{\"@type\":\"EntryPoint\",\"urlTemplate\":\"https:\/\/kutsekoda.ee\/?s={search_term_string}\"},\"query-input\":{\"@type\":\"PropertyValueSpecification\",\"valueRequired\":true,\"valueName\":\"search_term_string\"}}],\"inLanguage\":\"ru-RU\"}]}<\/script>\n<!-- \/ Yoast SEO plugin. -->","yoast_head_json":{"title":"Uudiskirjad - Kutsekoda","robots":{"index":"index","follow":"follow","max-snippet":"max-snippet:-1","max-image-preview":"max-image-preview:large","max-video-preview":"max-video-preview:-1"},"canonical":"https:\/\/kutsekoda.ee\/uudiskirjad\/","og_locale":"ru_RU","og_type":"article","og_title":"Uudiskirjad - Kutsekoda","og_description":"Kutsekoja uudiskiri \u2013 k\u00f5ikide Kutsekoja tegevussuundade (sh kutses\u00fcsteem, OSKA, Oskuste Kompass) uudised, s\u00fcndmuste info, \u00f5ppematerjalid ja kuulamissoovitused. \u00a0Ilmub kord kuus. Liitu Kutsekoja uudiskirjaga Europassi uudiskiri \u2013 Europassi keskkonna uudised, teave&hellip;&nbsp;\u041f\u043e\u0434\u0440\u043e\u0431\u043d\u0435\u0435 &raquo;Uudiskirjad","og_url":"https:\/\/kutsekoda.ee\/uudiskirjad\/","og_site_name":"Kutsekoda","article_modified_time":"2025-09-08T12:52:07+00:00","og_image":[{"width":300,"height":300,"url":"https:\/\/kutsekoda.ee\/wp-content\/uploads\/2025\/09\/Untitled-design-6.png","type":"image\/png"}],"twitter_card":"summary_large_image","twitter_misc":{"\u041f\u0440\u0438\u043c\u0435\u0440\u043d\u043e\u0435 \u0432\u0440\u0435\u043c\u044f \u0434\u043b\u044f \u0447\u0442\u0435\u043d\u0438\u044f":"1 \u043c\u0438\u043d\u0443\u0442\u0430"},"schema":{"@context":"https:\/\/schema.org","@graph":[{"@type":"WebPage","@id":"https:\/\/kutsekoda.ee\/uudiskirjad\/","url":"https:\/\/kutsekoda.ee\/uudiskirjad\/","name":"Uudiskirjad - Kutsekoda","isPartOf":{"@id":"https:\/\/kutsekoda.ee\/#website"},"primaryImageOfPage":{"@id":"https:\/\/kutsekoda.ee\/uudiskirjad\/#primaryimage"},"image":{"@id":"https:\/\/kutsekoda.ee\/uudiskirjad\/#primaryimage"},"thumbnailUrl":"https:\/\/kutsekoda.ee\/wp-content\/uploads\/2025\/09\/Untitled-design-6-150x150.png","datePublished":"2025-09-03T09:11:06+00:00","dateModified":"2025-09-08T12:52:07+00:00","breadcrumb":{"@id":"https:\/\/kutsekoda.ee\/uudiskirjad\/#breadcrumb"},"inLanguage":"ru-RU","potentialAction":[{"@type":"ReadAction","target":["https:\/\/kutsekoda.ee\/uudiskirjad\/"]}]},{"@type":"ImageObject","inLanguage":"ru-RU","@id":"https:\/\/kutsekoda.ee\/uudiskirjad\/#primaryimage","url":"https:\/\/kutsekoda.ee\/wp-content\/uploads\/2025\/09\/Untitled-design-6-150x150.png","contentUrl":"https:\/\/kutsekoda.ee\/wp-content\/uploads\/2025\/09\/Untitled-design-6-150x150.png"},{"@type":"BreadcrumbList","@id":"https:\/\/kutsekoda.ee\/uudiskirjad\/#breadcrumb","itemListElement":[{"@type":"ListItem","position":1,"name":"Esileht","item":"https:\/\/kutsekoda.ee\/ru\/"},{"@type":"ListItem","position":2,"name":"Uudiskirjad"}]},{"@type":"WebSite","@id":"https:\/\/kutsekoda.ee\/#website","url":"https:\/\/kutsekoda.ee\/","name":"Kutsekoda","description":"","potentialAction":[{"@type":"SearchAction","target":{"@type":"EntryPoint","urlTemplate":"https:\/\/kutsekoda.ee\/?s={search_term_string}"},"query-input":{"@type":"PropertyValueSpecification","valueRequired":true,"valueName":"search_term_string"}}],"inLanguage":"ru-RU"}]}},"publishpress_future_action":{"enabled":false,"date":"2026-04-22 08:12:25","action":"change-status","newStatus":"draft","terms":[],"taxonomy":"translation_priority","extraData":[]},"publishpress_future_workflow_manual_trigger":{"enabledWorkflows":[]},"_links":{"self":[{"href":"https:\/\/kutsekoda.ee\/ru\/wp-json\/wp\/v2\/pages\/49492","targetHints":{"allow":["GET"]}}],"collection":[{"href":"https:\/\/kutsekoda.ee\/ru\/wp-json\/wp\/v2\/pages"}],"about":[{"href":"https:\/\/kutsekoda.ee\/ru\/wp-json\/wp\/v2\/types\/page"}],"author":[{"embeddable":true,"href":"https:\/\/kutsekoda.ee\/ru\/wp-json\/wp\/v2\/users\/21"}],"replies":[{"embeddable":true,"href":"https:\/\/kutsekoda.ee\/ru\/wp-json\/wp\/v2\/comments?post=49492"}],"version-history":[{"count":5,"href":"https:\/\/kutsekoda.ee\/ru\/wp-json\/wp\/v2\/pages\/49492\/revisions"}],"predecessor-version":[{"id":49769,"href":"https:\/\/kutsekoda.ee\/ru\/wp-json\/wp\/v2\/pages\/49492\/revisions\/49769"}],"wp:attachment":[{"href":"https:\/\/kutsekoda.ee\/ru\/wp-json\/wp\/v2\/media?parent=49492"}],"curies":[{"name":"wp","href":"https:\/\/api.w.org\/{rel}","templated":true}]}}