{"id":75,"date":"2018-05-08T08:27:26","date_gmt":"2018-05-08T08:27:26","guid":{"rendered":"https:\/\/kutsekoda-wp.loc.piksel.ee\/?page_id=75"},"modified":"2026-01-08T14:18:15","modified_gmt":"2026-01-08T12:18:15","slug":"dokumendipohjad-ja-vormid","status":"publish","type":"page","link":"https:\/\/kutsekoda.ee\/ru\/dokumendipohjad-ja-vormid\/","title":{"rendered":"Dokumendip\u00f5hjad ja vormid"},"content":{"rendered":"<h2>Dokumendip\u00f5hjad ja n\u00e4idised kutse andjale<\/h2>\n<ul>\n<li><a href=\"http:\/\/kutsekoda.ee\/kutse-andja-avalikul-konkursil-osalemise-dokumendid-ja-naidised\/\">Kutse andja avalikul konkursil osalemise dokumendid ja n\u00e4idised<\/a> &#8212; siit leiate kutse andja konkursil osalemiseks k\u00f5ik vajalikud dokumendin\u00e4idised ja juhendi.<\/li>\n<li><a href=\"http:\/\/kutsekoda.ee\/wp-content\/uploads\/2019\/KS\/Kutse-andja-\u00f5igusest-loobumine.docx\">Organisatsiooni taotlus kutse andja \u00f5igustest loobumiseks<\/a><\/li>\n<\/ul>\n<h2>Kutse andmise korra ja kalkulatsioonide vormid<\/h2>\n<ul>\n<li><a href=\"http:\/\/kutsekoda.ee\/wp-content\/uploads\/2022\/03\/Kutse_andmise_kord_03.2022.dotx\">Kutse andmise kord VORM<\/a><\/li>\n<li><a href=\"http:\/\/kutsekoda.ee\/wp-content\/uploads\/2020\/05\/Kutse-andmise-ja-taast\u00f5endamise-kulude-kalkulatsioon_04.2020_.xlsx\">Kutse andmise ja taast\u00f5endamise tasu kalkulatsioon VORM<\/a><\/li>\n<li><a href=\"http:\/\/kutsekoda.ee\/wp-content\/uploads\/2022\/08\/Korduseksami-tasu-vorm_05.2020.docx\">Korduseksami tasu VORM<\/a><\/li>\n<li><a href=\"http:\/\/kutsekoda.ee\/wp-content\/uploads\/2019\/11\/Kutse\u00f5ppe-taseme\u00f5ppe-\u00f5pilase-kutseeksami-l\u00e4biviimisega-seotud-kulude-kalk_03.01.2019.xlsx\">Kutse\u00f5ppe taseme\u00f5ppe \u00f5pilase kutseeksami l\u00e4biviimisega seotud kulude kalkulatsioon VORM<\/a><\/li>\n<li><a href=\"http:\/\/kutsekoda.ee\/wp-content\/uploads\/2019\/11\/Kutse-andmise-kulude-kalk-koos-kutsekomisjoni-kuluga_11.2019.xlsx\">Kutse andmise kulude kalkulatsioon, kui sama eksamit korraldatakse nii kutse\u00f5ppe l\u00f5petajatele kui t\u00f6\u00f6maailma taotlejatele VORM<\/a><\/li>\n<li><a href=\"http:\/\/kutsekoda.ee\/wp-content\/uploads\/2020\/04\/Kutse-andmise-tasu-muutmise-selgitus_04.2020.docx\">Kutse andmise tasu muutmise selgitus<\/a><\/li>\n<li><a href=\"http:\/\/kutsekoda.ee\/wp-content\/uploads\/2019\/KS\/aruande-p\u00f5hi.doc\">Kutse andmise korraldamise ja kutse andmisega seotud rahaliste vahendite kasutamise aruanne avaliku konkursiga \u00f5igused saanud kutse andjale<\/a>\u00a0(t\u00e4idetakse infos\u00fcsteemis)<\/li>\n<\/ul>\n<h2>Kutse\u00f5ppe taseme\u00f5ppe l\u00f5petajate kutseeksamitega seotud kulude katmise vormid<\/h2>\n<ul>\n<li><a href=\"http:\/\/kutsekoda.ee\/wp-content\/uploads\/2021\/04\/Taotlus-suuremahulise-eksamimaterjalide-uuendamise-kulude-katmiseks.docx\">Taotlus suuremahulise eksamimaterjalide uuendamise kulude katmiseks<\/a><\/li>\n<li><a href=\"http:\/\/kutsekoda.ee\/wp-content\/uploads\/2021\/04\/Taotlus-uue-kutse-eksamimaterjalide-tervikpaketi-valjatootamise-kulude-katmiseks.docx\">Taotlus uue kutse eksamimaterjalide tervikpaketi v\u00e4ljat\u00f6\u00f6tamise kulude katmiseks<\/a><\/li>\n<\/ul>\n<h2>Soovituslikud dokumendin\u00e4idised ja juhised kutse andjale<\/h2>\n<ul>\n<li><a href=\"http:\/\/kutsekoda.ee\/wp-content\/uploads\/2020\/04\/Kutsekomisjoni-t\u00f6\u00f6kord.docx\">Kutsekomisjoni t\u00f6\u00f6korra N\u00c4IDISP\u00d5HI<\/a><\/li>\n<li><a href=\"http:\/\/kutsekoda.ee\/wp-content\/uploads\/2019\/KS\/KA_konkurss\/Kutsekomisjoni-liikme-nimetamine.docx\">Kutsekomisjoni liikme nimetamise v\u00f5i vahetamise N\u00c4IDISP\u00d5HI<\/a><\/li>\n<li><a href=\"http:\/\/kutsekoda.ee\/wp-content\/uploads\/2019\/11\/Isikuandmete-t\u00f6\u00f6tlemise-tingimused_kutse-andja_aprill_2019.docx\">Isikuandmete t\u00f6\u00f6tlemise tingimused kutse andmisel<\/a><\/li>\n<li><a href=\"http:\/\/kutsekoda.ee\/wp-content\/uploads\/Hindamise-ulesehitamise-meelespea-kutse-andjale_2021.pdf\" target=\"_blank\" rel=\"noopener\">Hindamise \u00fclesehitamise meelespea kutse andjale<\/a><\/li>\n<li><a href=\"http:\/\/kutsekoda.ee\/wp-content\/uploads\/2021\/03\/Hindamisstandardi-koostamise-pohi.dotx\">Hindamisstandardi koostamise N\u00c4IDISP\u00d5HI<\/a><\/li>\n<li><a href=\"http:\/\/kutsekoda.ee\/wp-content\/uploads\/2025\/04\/Kutsekomisjoni-otsus_PUHAS.docx\">Kutsekomisjoni otsuse N\u00c4IDISP\u00d5HI<\/a><\/li>\n<li><a href=\"http:\/\/kutsekoda.ee\/wp-content\/uploads\/2025\/04\/Vaideotsus_PUHAS.docx\">Vaideotsuse N\u00c4IDISP\u00d5HI<\/a><\/li>\n<\/ul>\n<h2>\u00d5ppeasutuste kutse andja \u00f5iguse saamise taotluste vormid<\/h2>\n<ul>\n<li><a href=\"http:\/\/kutsekoda.ee\/wp-content\/uploads\/2019\/KS\/KA_konkurss\/Eeltaotlus-ilma-konkursita-kutse-andja-\u00f5iguste-saamiseks.docx\">Eeltaotlus ilma konkursita kutse andja \u00f5iguste saamiseks<\/a> &#8212; eeltaotlus on oluline Kutsekoja jaoks v\u00e4lja selgitamaks, kas soovitud kutsele on olemas kehtiv kutsestandard ja toimiv kutsekomisjon ning saab alustada kutse andja \u00f5iguse andmise protsessiga.<\/li>\n<li><a href=\"http:\/\/kutsekoda.ee\/wp-content\/uploads\/2019\/KS\/KA_konkurss\/Kutsekooli-taotluse-p\u00f5hi-17.docx\">Kutse\u00f5ppeasutuse taotlus kutse andja \u00f5iguse saamiseks<\/a><\/li>\n<li><a href=\"http:\/\/kutsekoda.ee\/wp-content\/uploads\/2019\/KS\/KA_konkurss\/K\u00f5rgkooli-taotluse-p\u00f5hi-17.docx\">K\u00f5rgkooli taotlus kutse andja \u00f5iguse saamiseks<\/a><\/li>\n<li><a href=\"http:\/\/kutsekoda.ee\/wp-content\/uploads\/2022\/03\/OK_ja_KS_vastavuse-v6rdlusanalyysi-vorm.docx\">\u00d5ppekava kutsestandardile vastavuse anal\u00fc\u00fcsi VORM<\/a><\/li>\n<\/ul>\n<h2>Kutsestandardi koostamise ja muutmise taotlemise vormid<\/h2>\n<ul>\n<li><a href=\"http:\/\/kutsekoda.ee\/wp-content\/uploads\/2021\/06\/Taotlus-kutsestandardi-algatamiseks.docx\" target=\"_blank\" rel=\"noopener\">Kutsestandardi koostamise ettepanek<\/a> &#8212; t\u00e4itke juhul, kui teil on soovitud kutsestandardile olemas selge rakenduskava ja juurde lisada valdkondlik k\u00fcsitlus v\u00f5i uuring ning t\u00f6\u00f6andjate eesm\u00e4rgip\u00e4rane toetus kutse v\u00e4lja t\u00f6\u00f6tamise vajalikkuse kohta.<\/li>\n<li><a href=\"http:\/\/kutsekoda.ee\/wp-content\/uploads\/2019\/KS\/ETTEPANEK-MUUDATUSE-TEGEMISEKS-KUTSESTANDARDIS.doc\">Kutsestandardi muutmise ettepaneku vorm<\/a> &#8212; t\u00e4itke juhul, kui teil ja arvestataval huvir\u00fchmal on konkreetseid ettepanekuid kehtiva kutsestandardi muutmiseks.<\/li>\n<\/ul>\n<h2>Kutsen\u00f5ukogu liikme nimetamise v\u00f5i muutmise avalduse vorm ning kodukord<\/h2>\n<ul>\n<li><a href=\"http:\/\/kutsekoda.ee\/wp-content\/uploads\/2019\/KS\/KN-liikme-vahetuse-P\u00d5HI.docx\">Kutsen\u00f5ukogus esindaja nimetamise v\u00f5i muutmise avalduse N\u00c4IDISP\u00d5HI<\/a><\/li>\n<li><a href=\"https:\/\/kutsekoda.ee\/wp-content\/uploads\/2026\/01\/5.-Lisa-1-Kutsenoukogu-kodukord.pdf\" target=\"_blank\" rel=\"noopener\">Kutsen\u00f5ukogu kodukord<\/a><\/li>\n<\/ul>\n\n\n<p><\/p>\n","protected":false},"excerpt":{"rendered":"<p>Dokumendip\u00f5hjad ja n\u00e4idised kutse andjale Kutse andja avalikul konkursil osalemise dokumendid ja n\u00e4idised &#8212; siit leiate kutse andja konkursil osalemiseks k\u00f5ik vajalikud dokumendin\u00e4idised ja juhendi. Organisatsiooni taotlus kutse andja \u00f5igustest&hellip;&nbsp;<a href=\"https:\/\/kutsekoda.ee\/ru\/dokumendipohjad-ja-vormid\/\" class=\"\" rel=\"bookmark\">\u041f\u043e\u0434\u0440\u043e\u0431\u043d\u0435\u0435 &raquo;<span class=\"screen-reader-text\">Dokumendip\u00f5hjad ja vormid<\/span><\/a><\/p>\n","protected":false},"author":1,"featured_media":0,"parent":0,"menu_order":0,"comment_status":"closed","ping_status":"closed","template":"","meta":{"inline_featured_image":false,"neve_meta_sidebar":"","neve_meta_container":"","neve_meta_enable_content_width":"","neve_meta_content_width":0,"neve_meta_title_alignment":"","neve_meta_author_avatar":"","neve_post_elements_order":"","neve_meta_disable_header":"","neve_meta_disable_footer":"","neve_meta_disable_title":"","_themeisle_gutenberg_block_has_review":false,"_FSMCFIC_featured_image_caption":"","_FSMCFIC_featured_image_nocaption":"","_FSMCFIC_featured_image_hide":"","footnotes":""},"class_list":["post-75","page","type-page","status-publish","hentry"],"yoast_head":"<!-- This site is optimized with the Yoast SEO plugin v27.2 - https:\/\/yoast.com\/product\/yoast-seo-wordpress\/ -->\n<title>Dokumendip\u00f5hjad ja vormid - Kutsekoda<\/title>\n<meta name=\"robots\" content=\"index, follow, max-snippet:-1, max-image-preview:large, max-video-preview:-1\" \/>\n<link rel=\"canonical\" href=\"https:\/\/kutsekoda.ee\/dokumendipohjad-ja-vormid\/\" \/>\n<meta property=\"og:locale\" content=\"ru_RU\" \/>\n<meta property=\"og:type\" content=\"article\" \/>\n<meta property=\"og:title\" content=\"Dokumendip\u00f5hjad ja vormid - Kutsekoda\" \/>\n<meta property=\"og:description\" content=\"Dokumendip\u00f5hjad ja n\u00e4idised kutse andjale Kutse andja avalikul konkursil osalemise dokumendid ja n\u00e4idised &#8212; siit leiate kutse andja konkursil osalemiseks k\u00f5ik vajalikud dokumendin\u00e4idised ja juhendi. Organisatsiooni taotlus kutse andja \u00f5igustest&hellip;&nbsp;\u041f\u043e\u0434\u0440\u043e\u0431\u043d\u0435\u0435 &raquo;Dokumendip\u00f5hjad ja vormid\" \/>\n<meta property=\"og:url\" content=\"https:\/\/kutsekoda.ee\/dokumendipohjad-ja-vormid\/\" \/>\n<meta property=\"og:site_name\" content=\"Kutsekoda\" \/>\n<meta property=\"article:modified_time\" content=\"2026-01-08T12:18:15+00:00\" \/>\n<meta name=\"twitter:card\" content=\"summary_large_image\" \/>\n<meta name=\"twitter:label1\" content=\"\u041f\u0440\u0438\u043c\u0435\u0440\u043d\u043e\u0435 \u0432\u0440\u0435\u043c\u044f \u0434\u043b\u044f \u0447\u0442\u0435\u043d\u0438\u044f\" \/>\n\t<meta name=\"twitter:data1\" content=\"2 \u043c\u0438\u043d\u0443\u0442\u044b\" \/>\n<script type=\"application\/ld+json\" class=\"yoast-schema-graph\">{\"@context\":\"https:\/\/schema.org\",\"@graph\":[{\"@type\":\"WebPage\",\"@id\":\"https:\/\/kutsekoda.ee\/dokumendipohjad-ja-vormid\/\",\"url\":\"https:\/\/kutsekoda.ee\/dokumendipohjad-ja-vormid\/\",\"name\":\"Dokumendip\u00f5hjad ja vormid - Kutsekoda\",\"isPartOf\":{\"@id\":\"https:\/\/kutsekoda.ee\/#website\"},\"datePublished\":\"2018-05-08T08:27:26+00:00\",\"dateModified\":\"2026-01-08T12:18:15+00:00\",\"breadcrumb\":{\"@id\":\"https:\/\/kutsekoda.ee\/dokumendipohjad-ja-vormid\/#breadcrumb\"},\"inLanguage\":\"ru-RU\",\"potentialAction\":[{\"@type\":\"ReadAction\",\"target\":[\"https:\/\/kutsekoda.ee\/dokumendipohjad-ja-vormid\/\"]}]},{\"@type\":\"BreadcrumbList\",\"@id\":\"https:\/\/kutsekoda.ee\/dokumendipohjad-ja-vormid\/#breadcrumb\",\"itemListElement\":[{\"@type\":\"ListItem\",\"position\":1,\"name\":\"Esileht\",\"item\":\"https:\/\/kutsekoda.ee\/ru\/\"},{\"@type\":\"ListItem\",\"position\":2,\"name\":\"Dokumendip\u00f5hjad ja vormid\"}]},{\"@type\":\"WebSite\",\"@id\":\"https:\/\/kutsekoda.ee\/#website\",\"url\":\"https:\/\/kutsekoda.ee\/\",\"name\":\"Kutsekoda\",\"description\":\"\",\"potentialAction\":[{\"@type\":\"SearchAction\",\"target\":{\"@type\":\"EntryPoint\",\"urlTemplate\":\"https:\/\/kutsekoda.ee\/?s={search_term_string}\"},\"query-input\":{\"@type\":\"PropertyValueSpecification\",\"valueRequired\":true,\"valueName\":\"search_term_string\"}}],\"inLanguage\":\"ru-RU\"}]}<\/script>\n<!-- \/ Yoast SEO plugin. -->","yoast_head_json":{"title":"Dokumendip\u00f5hjad ja vormid - Kutsekoda","robots":{"index":"index","follow":"follow","max-snippet":"max-snippet:-1","max-image-preview":"max-image-preview:large","max-video-preview":"max-video-preview:-1"},"canonical":"https:\/\/kutsekoda.ee\/dokumendipohjad-ja-vormid\/","og_locale":"ru_RU","og_type":"article","og_title":"Dokumendip\u00f5hjad ja vormid - Kutsekoda","og_description":"Dokumendip\u00f5hjad ja n\u00e4idised kutse andjale Kutse andja avalikul konkursil osalemise dokumendid ja n\u00e4idised &#8212; siit leiate kutse andja konkursil osalemiseks k\u00f5ik vajalikud dokumendin\u00e4idised ja juhendi. Organisatsiooni taotlus kutse andja \u00f5igustest&hellip;&nbsp;\u041f\u043e\u0434\u0440\u043e\u0431\u043d\u0435\u0435 &raquo;Dokumendip\u00f5hjad ja vormid","og_url":"https:\/\/kutsekoda.ee\/dokumendipohjad-ja-vormid\/","og_site_name":"Kutsekoda","article_modified_time":"2026-01-08T12:18:15+00:00","twitter_card":"summary_large_image","twitter_misc":{"\u041f\u0440\u0438\u043c\u0435\u0440\u043d\u043e\u0435 \u0432\u0440\u0435\u043c\u044f \u0434\u043b\u044f \u0447\u0442\u0435\u043d\u0438\u044f":"2 \u043c\u0438\u043d\u0443\u0442\u044b"},"schema":{"@context":"https:\/\/schema.org","@graph":[{"@type":"WebPage","@id":"https:\/\/kutsekoda.ee\/dokumendipohjad-ja-vormid\/","url":"https:\/\/kutsekoda.ee\/dokumendipohjad-ja-vormid\/","name":"Dokumendip\u00f5hjad ja vormid - Kutsekoda","isPartOf":{"@id":"https:\/\/kutsekoda.ee\/#website"},"datePublished":"2018-05-08T08:27:26+00:00","dateModified":"2026-01-08T12:18:15+00:00","breadcrumb":{"@id":"https:\/\/kutsekoda.ee\/dokumendipohjad-ja-vormid\/#breadcrumb"},"inLanguage":"ru-RU","potentialAction":[{"@type":"ReadAction","target":["https:\/\/kutsekoda.ee\/dokumendipohjad-ja-vormid\/"]}]},{"@type":"BreadcrumbList","@id":"https:\/\/kutsekoda.ee\/dokumendipohjad-ja-vormid\/#breadcrumb","itemListElement":[{"@type":"ListItem","position":1,"name":"Esileht","item":"https:\/\/kutsekoda.ee\/ru\/"},{"@type":"ListItem","position":2,"name":"Dokumendip\u00f5hjad ja vormid"}]},{"@type":"WebSite","@id":"https:\/\/kutsekoda.ee\/#website","url":"https:\/\/kutsekoda.ee\/","name":"Kutsekoda","description":"","potentialAction":[{"@type":"SearchAction","target":{"@type":"EntryPoint","urlTemplate":"https:\/\/kutsekoda.ee\/?s={search_term_string}"},"query-input":{"@type":"PropertyValueSpecification","valueRequired":true,"valueName":"search_term_string"}}],"inLanguage":"ru-RU"}]}},"publishpress_future_action":{"enabled":false,"date":"2026-04-17 02:56:09","action":"change-status","newStatus":"draft","terms":[],"taxonomy":"translation_priority","extraData":[]},"publishpress_future_workflow_manual_trigger":{"enabledWorkflows":[]},"_links":{"self":[{"href":"https:\/\/kutsekoda.ee\/ru\/wp-json\/wp\/v2\/pages\/75","targetHints":{"allow":["GET"]}}],"collection":[{"href":"https:\/\/kutsekoda.ee\/ru\/wp-json\/wp\/v2\/pages"}],"about":[{"href":"https:\/\/kutsekoda.ee\/ru\/wp-json\/wp\/v2\/types\/page"}],"author":[{"embeddable":true,"href":"https:\/\/kutsekoda.ee\/ru\/wp-json\/wp\/v2\/users\/1"}],"replies":[{"embeddable":true,"href":"https:\/\/kutsekoda.ee\/ru\/wp-json\/wp\/v2\/comments?post=75"}],"version-history":[{"count":5,"href":"https:\/\/kutsekoda.ee\/ru\/wp-json\/wp\/v2\/pages\/75\/revisions"}],"predecessor-version":[{"id":51528,"href":"https:\/\/kutsekoda.ee\/ru\/wp-json\/wp\/v2\/pages\/75\/revisions\/51528"}],"wp:attachment":[{"href":"https:\/\/kutsekoda.ee\/ru\/wp-json\/wp\/v2\/media?parent=75"}],"curies":[{"name":"wp","href":"https:\/\/api.w.org\/{rel}","templated":true}]}}