{"id":99,"date":"2018-05-08T09:14:56","date_gmt":"2018-05-08T09:14:56","guid":{"rendered":"https:\/\/kutsekoda-wp.loc.piksel.ee\/?page_id=99"},"modified":"2023-04-06T08:23:31","modified_gmt":"2023-04-06T06:23:31","slug":"kutse-andja-oiguste-taotlemine","status":"publish","type":"page","link":"https:\/\/kutsekoda.ee\/ru\/kutse-andja-oiguste-taotlemine\/","title":{"rendered":"Kutse andja \u00f5iguste taotlemine"},"content":{"rendered":"<div>T\u00f6\u00f6turul tegutsevatele t\u00f6\u00f6tajatele&nbsp;<strong>kutse andmise \u00f5iguse saamiseks tuleb&nbsp;osaleda Kutsekoja korraldatud avalikul konkursil<\/strong>. Kutse andjana v\u00f5ib tegutseda avalikul konkursil kutsen\u00f5ukogu otsusega v\u00f5itjaks kuulutatud ja kutseregistris sellekohast registreeringut omav juriidiline isik.<\/div>\n<div>&nbsp;<\/div>\n<div>Kutse andja registreerimisel m\u00e4\u00e4ratakse kutsestandarditest tulenevad kutsenimetused ja tasemed, mille suhtes on kutse andjal \u00f5igus kutseid anda. Konkursi korraldamise korra ja&nbsp;<a href=\"https:\/\/www.riigiteataja.ee\/akt\/12974050?leiaKehtiv\" target=\"_blank\" rel=\"noopener noreferrer\">kutseseaduses<\/a>&nbsp;nimetatud tingimustele vastavust t\u00f5endavate&nbsp;<a href=\"https:\/\/www.riigiteataja.ee\/akt\/13214816\">dokumentide loetelu kehtestab haridus- ja teadusminister m\u00e4\u00e4rusega<\/a>.<\/div>\n<div>&nbsp;<\/div>\n<div><strong>Kinnitatud peab olema kutse andmise aluseks olev&nbsp;<\/strong><a href=\"https:\/\/www.kutseregister.ee\/standardid\/?\"><strong>kutsestandard<\/strong><\/a>.<\/div>\n<div>&nbsp;<\/div>\n<div><strong>Vajalik on kutse andja \u00f5igusi taotlema asuva organisatsiooni valmisolek kutse andmisega tegelemiseks ja vastavus&nbsp;<\/strong><strong><a href=\"https:\/\/www.riigiteataja.ee\/akt\/12974050?leiaKehtiv\">kutseseaduses<\/a><\/strong><strong>&nbsp;\u00a711 lg 1 kehtestatud tingimustele:<\/strong><\/div>\n<ol>\n<li>kutse andja tegevuse hulka kuulub asjakohase kutsetegevuse arendamine;<\/li>\n<li>kutse andjal peavad olema vahendid ja v\u00f5imalused kutse andmise korraldamiseks;<\/li>\n<li>kutse andjal peab kutse andmiseks olema palgatud piisav arv vajaliku hariduse, v\u00e4lja\u00f5ppe ja kogemustega t\u00f6\u00f6tajaid ning moodustatud kutsekomisjon;<\/li>\n<li>kutse andja peab olema v\u00f5imeline tegutsema s\u00f5ltumatult, asjatundlikult, erapooletult ja kedagi diskrimineerimata.<\/li>\n<\/ol>\n<div>Kutse andjana tegutsemise \u00f5iguse saamiseks avalikul konkursil osalemiseks on kutse andja \u00f5igusi taotleda soovivale organisatsioonile v\u00e4lja t\u00f6\u00f6tatud eraldi&nbsp;<a href=\"http:\/\/kutsekoda.ee\/kutse-andja-juhend\/\" target=\"_blank\" rel=\"noopener noreferrer\">juhend<\/a>.<\/div>\n<div>&nbsp;<\/div>\n<div>Kutse andja \u00f5igusi taotleva organisatsiooni esindaja p\u00f5hjendab&nbsp;<a href=\"http:\/\/kutsekoda.ee\/kutsenoukogu\/\" target=\"_blank\" rel=\"noopener noreferrer\">kutsen\u00f5ukogule<\/a>&nbsp;kutse andmise vajalikkust antud valdkonnas ning tutvustab konkreetseid tegevusplaane. Kutsen\u00f5ukogu v\u00f5tab vastu otsuse kutse andja \u00f5iguste andmise kohta.<\/div>\n\n\n<div style=\"height:30px\" aria-hidden=\"true\" class=\"wp-block-spacer\"><\/div>\n","protected":false},"excerpt":{"rendered":"<p>T\u00f6\u00f6turul tegutsevatele t\u00f6\u00f6tajatele&nbsp;kutse andmise \u00f5iguse saamiseks tuleb&nbsp;osaleda Kutsekoja korraldatud avalikul konkursil. Kutse andjana v\u00f5ib tegutseda avalikul konkursil kutsen\u00f5ukogu otsusega v\u00f5itjaks kuulutatud ja kutseregistris sellekohast registreeringut omav juriidiline isik. &nbsp; Kutse&hellip;&nbsp;<a href=\"https:\/\/kutsekoda.ee\/ru\/kutse-andja-oiguste-taotlemine\/\" class=\"\" rel=\"bookmark\">\u041f\u043e\u0434\u0440\u043e\u0431\u043d\u0435\u0435 &raquo;<span class=\"screen-reader-text\">Kutse andja \u00f5iguste taotlemine<\/span><\/a><\/p>\n","protected":false},"author":1,"featured_media":0,"parent":0,"menu_order":0,"comment_status":"closed","ping_status":"closed","template":"","meta":{"inline_featured_image":false,"neve_meta_sidebar":"","neve_meta_container":"","neve_meta_enable_content_width":"","neve_meta_content_width":0,"neve_meta_title_alignment":"","neve_meta_author_avatar":"","neve_post_elements_order":"","neve_meta_disable_header":"","neve_meta_disable_footer":"","neve_meta_disable_title":"","_themeisle_gutenberg_block_has_review":false,"_FSMCFIC_featured_image_caption":"","_FSMCFIC_featured_image_nocaption":"","_FSMCFIC_featured_image_hide":"","footnotes":""},"class_list":["post-99","page","type-page","status-publish","hentry"],"yoast_head":"<!-- This site is optimized with the Yoast SEO plugin v27.2 - https:\/\/yoast.com\/product\/yoast-seo-wordpress\/ -->\n<title>Kutse andja \u00f5iguste taotlemine - Kutsekoda<\/title>\n<meta name=\"robots\" content=\"index, follow, max-snippet:-1, max-image-preview:large, max-video-preview:-1\" \/>\n<link rel=\"canonical\" href=\"https:\/\/kutsekoda.ee\/kutse-andja-oiguste-taotlemine\/\" \/>\n<meta property=\"og:locale\" content=\"ru_RU\" \/>\n<meta property=\"og:type\" content=\"article\" \/>\n<meta property=\"og:title\" content=\"Kutse andja \u00f5iguste taotlemine - Kutsekoda\" \/>\n<meta property=\"og:description\" content=\"T\u00f6\u00f6turul tegutsevatele t\u00f6\u00f6tajatele&nbsp;kutse andmise \u00f5iguse saamiseks tuleb&nbsp;osaleda Kutsekoja korraldatud avalikul konkursil. Kutse andjana v\u00f5ib tegutseda avalikul konkursil kutsen\u00f5ukogu otsusega v\u00f5itjaks kuulutatud ja kutseregistris sellekohast registreeringut omav juriidiline isik. &nbsp; Kutse&hellip;&nbsp;\u041f\u043e\u0434\u0440\u043e\u0431\u043d\u0435\u0435 &raquo;Kutse andja \u00f5iguste taotlemine\" \/>\n<meta property=\"og:url\" content=\"https:\/\/kutsekoda.ee\/kutse-andja-oiguste-taotlemine\/\" \/>\n<meta property=\"og:site_name\" content=\"Kutsekoda\" \/>\n<meta property=\"article:modified_time\" content=\"2023-04-06T06:23:31+00:00\" \/>\n<meta name=\"twitter:card\" content=\"summary_large_image\" \/>\n<meta name=\"twitter:label1\" content=\"\u041f\u0440\u0438\u043c\u0435\u0440\u043d\u043e\u0435 \u0432\u0440\u0435\u043c\u044f \u0434\u043b\u044f \u0447\u0442\u0435\u043d\u0438\u044f\" \/>\n\t<meta name=\"twitter:data1\" content=\"1 \u043c\u0438\u043d\u0443\u0442\u0430\" \/>\n<script type=\"application\/ld+json\" class=\"yoast-schema-graph\">{\"@context\":\"https:\/\/schema.org\",\"@graph\":[{\"@type\":\"WebPage\",\"@id\":\"https:\/\/kutsekoda.ee\/kutse-andja-oiguste-taotlemine\/\",\"url\":\"https:\/\/kutsekoda.ee\/kutse-andja-oiguste-taotlemine\/\",\"name\":\"Kutse andja \u00f5iguste taotlemine - Kutsekoda\",\"isPartOf\":{\"@id\":\"https:\/\/kutsekoda.ee\/#website\"},\"datePublished\":\"2018-05-08T09:14:56+00:00\",\"dateModified\":\"2023-04-06T06:23:31+00:00\",\"breadcrumb\":{\"@id\":\"https:\/\/kutsekoda.ee\/kutse-andja-oiguste-taotlemine\/#breadcrumb\"},\"inLanguage\":\"ru-RU\",\"potentialAction\":[{\"@type\":\"ReadAction\",\"target\":[\"https:\/\/kutsekoda.ee\/kutse-andja-oiguste-taotlemine\/\"]}]},{\"@type\":\"BreadcrumbList\",\"@id\":\"https:\/\/kutsekoda.ee\/kutse-andja-oiguste-taotlemine\/#breadcrumb\",\"itemListElement\":[{\"@type\":\"ListItem\",\"position\":1,\"name\":\"Esileht\",\"item\":\"https:\/\/kutsekoda.ee\/ru\/\"},{\"@type\":\"ListItem\",\"position\":2,\"name\":\"Kutse andja \u00f5iguste taotlemine\"}]},{\"@type\":\"WebSite\",\"@id\":\"https:\/\/kutsekoda.ee\/#website\",\"url\":\"https:\/\/kutsekoda.ee\/\",\"name\":\"Kutsekoda\",\"description\":\"\",\"potentialAction\":[{\"@type\":\"SearchAction\",\"target\":{\"@type\":\"EntryPoint\",\"urlTemplate\":\"https:\/\/kutsekoda.ee\/?s={search_term_string}\"},\"query-input\":{\"@type\":\"PropertyValueSpecification\",\"valueRequired\":true,\"valueName\":\"search_term_string\"}}],\"inLanguage\":\"ru-RU\"}]}<\/script>\n<!-- \/ Yoast SEO plugin. -->","yoast_head_json":{"title":"Kutse andja \u00f5iguste taotlemine - Kutsekoda","robots":{"index":"index","follow":"follow","max-snippet":"max-snippet:-1","max-image-preview":"max-image-preview:large","max-video-preview":"max-video-preview:-1"},"canonical":"https:\/\/kutsekoda.ee\/kutse-andja-oiguste-taotlemine\/","og_locale":"ru_RU","og_type":"article","og_title":"Kutse andja \u00f5iguste taotlemine - Kutsekoda","og_description":"T\u00f6\u00f6turul tegutsevatele t\u00f6\u00f6tajatele&nbsp;kutse andmise \u00f5iguse saamiseks tuleb&nbsp;osaleda Kutsekoja korraldatud avalikul konkursil. Kutse andjana v\u00f5ib tegutseda avalikul konkursil kutsen\u00f5ukogu otsusega v\u00f5itjaks kuulutatud ja kutseregistris sellekohast registreeringut omav juriidiline isik. &nbsp; Kutse&hellip;&nbsp;\u041f\u043e\u0434\u0440\u043e\u0431\u043d\u0435\u0435 &raquo;Kutse andja \u00f5iguste taotlemine","og_url":"https:\/\/kutsekoda.ee\/kutse-andja-oiguste-taotlemine\/","og_site_name":"Kutsekoda","article_modified_time":"2023-04-06T06:23:31+00:00","twitter_card":"summary_large_image","twitter_misc":{"\u041f\u0440\u0438\u043c\u0435\u0440\u043d\u043e\u0435 \u0432\u0440\u0435\u043c\u044f \u0434\u043b\u044f \u0447\u0442\u0435\u043d\u0438\u044f":"1 \u043c\u0438\u043d\u0443\u0442\u0430"},"schema":{"@context":"https:\/\/schema.org","@graph":[{"@type":"WebPage","@id":"https:\/\/kutsekoda.ee\/kutse-andja-oiguste-taotlemine\/","url":"https:\/\/kutsekoda.ee\/kutse-andja-oiguste-taotlemine\/","name":"Kutse andja \u00f5iguste taotlemine - Kutsekoda","isPartOf":{"@id":"https:\/\/kutsekoda.ee\/#website"},"datePublished":"2018-05-08T09:14:56+00:00","dateModified":"2023-04-06T06:23:31+00:00","breadcrumb":{"@id":"https:\/\/kutsekoda.ee\/kutse-andja-oiguste-taotlemine\/#breadcrumb"},"inLanguage":"ru-RU","potentialAction":[{"@type":"ReadAction","target":["https:\/\/kutsekoda.ee\/kutse-andja-oiguste-taotlemine\/"]}]},{"@type":"BreadcrumbList","@id":"https:\/\/kutsekoda.ee\/kutse-andja-oiguste-taotlemine\/#breadcrumb","itemListElement":[{"@type":"ListItem","position":1,"name":"Esileht","item":"https:\/\/kutsekoda.ee\/ru\/"},{"@type":"ListItem","position":2,"name":"Kutse andja \u00f5iguste taotlemine"}]},{"@type":"WebSite","@id":"https:\/\/kutsekoda.ee\/#website","url":"https:\/\/kutsekoda.ee\/","name":"Kutsekoda","description":"","potentialAction":[{"@type":"SearchAction","target":{"@type":"EntryPoint","urlTemplate":"https:\/\/kutsekoda.ee\/?s={search_term_string}"},"query-input":{"@type":"PropertyValueSpecification","valueRequired":true,"valueName":"search_term_string"}}],"inLanguage":"ru-RU"}]}},"publishpress_future_action":{"enabled":false,"date":"2026-04-22 06:43:05","action":"change-status","newStatus":"draft","terms":[],"taxonomy":"translation_priority","extraData":[]},"publishpress_future_workflow_manual_trigger":{"enabledWorkflows":[]},"_links":{"self":[{"href":"https:\/\/kutsekoda.ee\/ru\/wp-json\/wp\/v2\/pages\/99","targetHints":{"allow":["GET"]}}],"collection":[{"href":"https:\/\/kutsekoda.ee\/ru\/wp-json\/wp\/v2\/pages"}],"about":[{"href":"https:\/\/kutsekoda.ee\/ru\/wp-json\/wp\/v2\/types\/page"}],"author":[{"embeddable":true,"href":"https:\/\/kutsekoda.ee\/ru\/wp-json\/wp\/v2\/users\/1"}],"replies":[{"embeddable":true,"href":"https:\/\/kutsekoda.ee\/ru\/wp-json\/wp\/v2\/comments?post=99"}],"version-history":[{"count":5,"href":"https:\/\/kutsekoda.ee\/ru\/wp-json\/wp\/v2\/pages\/99\/revisions"}],"predecessor-version":[{"id":38647,"href":"https:\/\/kutsekoda.ee\/ru\/wp-json\/wp\/v2\/pages\/99\/revisions\/38647"}],"wp:attachment":[{"href":"https:\/\/kutsekoda.ee\/ru\/wp-json\/wp\/v2\/media?parent=99"}],"curies":[{"name":"wp","href":"https:\/\/api.w.org\/{rel}","templated":true}]}}